{"id":160149,"date":"2025-11-21T11:12:30","date_gmt":"2025-11-21T10:12:30","guid":{"rendered":"https:\/\/secureus.se\/?post_type=product&#038;p=160149"},"modified":"2026-04-23T12:59:34","modified_gmt":"2026-04-23T10:59:34","slug":"axis-q1971-e-varmekamera-for-utomhusbruk-35-mm-fast-objektiv-30-fps-ik10-vit","status":"publish","type":"product","link":"https:\/\/secureus.se\/fr\/axis-q1971-e-varmekamera-for-utomhusbruk-35-mm-fast-objektiv-30-fps-ik10-vit\/","title":{"rendered":"Cam\u00e9ra thermique ext\u00e9rieure AXIS Q1971-E, objectif fixe 35 mm, 30 images\/s, IK10, blanche"},"content":{"rendered":"<h1>Cam\u00e9ra thermique ext\u00e9rieure AXIS Q1971-E, objectif fixe 35 mm, 30 images\/s, IK10, blanche<\/h1>\n<div class=\"ds-message _63c77b1\">\n<div class=\"ds-markdown\">\n<p class=\"ds-markdown-paragraph\">L&#039;AXIS Q1971-E est une cam\u00e9ra thermique avanc\u00e9e con\u00e7ue pour une d\u00e9tection et une v\u00e9rification fiables 24h\/24 et 7j\/7, quelles que soient les conditions de luminosit\u00e9 et m\u00e9t\u00e9orologiques.<\/p>\n<p class=\"ds-markdown-paragraph\">Dot\u00e9e d&#039;un objectif fixe de 35 mm, la cam\u00e9ra offre un champ de vision horizontal de 10,5\u00b0 optimal pour la surveillance \u00e0 longue port\u00e9e, avec une distance de mise au point minimale de 31,3 m\u00e8tres.<\/p>\n<p class=\"ds-markdown-paragraph\">La cam\u00e9ra est bas\u00e9e sur un capteur microbolom\u00e8tre non refroidi de 384\u00d7288 pixels et d&#039;une sensibilit\u00e9 exceptionnelle (NETD &lt;20 mK) qui permet la d\u00e9tection m\u00eame dans des sc\u00e9narios \u00e0 faible contraste.<\/p>\n<p class=\"ds-markdown-paragraph\">Le capteur thermique fonctionne dans la plage spectrale de 8 \u00e0 14 \u00b5m, garantissant des performances fiables dans toutes les conditions.<\/p>\n<p class=\"ds-markdown-paragraph\">Avec le processeur ARTPEC-8 et une unit\u00e9 de traitement d\u00e9di\u00e9e \u00e0 l&#039;apprentissage profond (DLPU), la cam\u00e9ra permet une analyse intelligente bas\u00e9e sur l&#039;IA directement dans l&#039;appareil.<\/p>\n<p class=\"ds-markdown-paragraph\">Il prend en charge AXIS Perimeter Defender pour une protection p\u00e9rim\u00e9trique am\u00e9lior\u00e9e et comprend plusieurs fonctionnalit\u00e9s d&#039;analyse int\u00e9gr\u00e9es telles que AXIS Motion Guard, AXIS Fence Guard et AXIS Loitering Guard.<\/p>\n<p class=\"ds-markdown-paragraph\">La cam\u00e9ra offre des flux vid\u00e9o flexibles jusqu&#039;\u00e0 30 images par seconde et prend en charge la compression H.264 et H.265 avec la technologie Axis Zipstream pour une utilisation optimis\u00e9e de la bande passante.<\/p>\n<p class=\"ds-markdown-paragraph\">Gr\u00e2ce \u00e0 la stabilisation \u00e9lectronique de l&#039;image et aux multiples palettes de couleurs thermiques, l&#039;utilisateur peut personnaliser la qualit\u00e9 d&#039;image en fonction de ses besoins sp\u00e9cifiques.<\/p>\n<p class=\"ds-markdown-paragraph\">Gr\u00e2ce \u00e0 sa protection robuste IP66\/IP67 et IK10, la cam\u00e9ra peut r\u00e9sister aux conditions m\u00e9t\u00e9orologiques difficiles et aux contraintes physiques.<\/p>\n<p class=\"ds-markdown-paragraph\">Les fonctionnalit\u00e9s de cybers\u00e9curit\u00e9 int\u00e9gr\u00e9es comprennent Axis Edge Vault avec un stockage de cl\u00e9s certifi\u00e9 FIPS 140-2 niveau 2 pour une authentification s\u00e9curis\u00e9e des appareils et une protection des donn\u00e9es.<\/p>\n<p class=\"ds-markdown-paragraph\"><strong>Principales caract\u00e9ristiques techniques :<\/strong><\/p>\n<ul>\n<li>\n<p class=\"ds-markdown-paragraph\">Capteur thermique\u00a0: 384\u00a0\u00d7\u00a0288 pixels, plage spectrale de 8 \u00e0 14\u00a0\u00b5m<\/p>\n<\/li>\n<li>\n<p class=\"ds-markdown-paragraph\">Objectif fixe de 35 mm avec un champ de vision horizontal de 10,5\u00b0<\/p>\n<\/li>\n<li>\n<p class=\"ds-markdown-paragraph\">Sensibilit\u00e9 : NETD &lt; 20 mK \u00e0 25 \u00b0C, F1.14<\/p>\n<\/li>\n<li>\n<p class=\"ds-markdown-paragraph\">Processeur ARTPEC-8 avec unit\u00e9 de traitement d&#039;apprentissage profond<\/p>\n<\/li>\n<li>\n<p class=\"ds-markdown-paragraph\">Prise en charge d&#039;AXIS Perimeter Defender et des analyses tierces<\/p>\n<\/li>\n<li>\n<p class=\"ds-markdown-paragraph\">Protection IP66\/IP67 et IK10 pour une utilisation en ext\u00e9rieur<\/p>\n<\/li>\n<li>\n<p class=\"ds-markdown-paragraph\">Coffre-fort Axis Edge avec certification FIPS 140-2 niveau 2<\/p>\n<\/li>\n<li>\n<p class=\"ds-markdown-paragraph\">Prise en charge des formats H.264\/H.265 gr\u00e2ce \u00e0 la technologie Axis Zipstream<\/p>\n<\/li>\n<li>\n<p class=\"ds-markdown-paragraph\">Alimentation PoE (IEEE 802.3af\/at) et 12-28 V CC<\/p>\n<\/li>\n<li>\n<p class=\"ds-markdown-paragraph\">Garantie de 5 ans<\/p>\n<\/li>\n<\/ul>\n<p class=\"ds-markdown-paragraph\">L&#039;AXIS Q1971-E est la solution ultime pour les applications de s\u00e9curit\u00e9 critiques o\u00f9 une d\u00e9tection fiable quelles que soient les conditions de luminosit\u00e9 et m\u00e9t\u00e9orologiques est essentielle, comme la protection p\u00e9rim\u00e9trique, les installations industrielles et la protection des infrastructures.<\/p>\n<\/div>\n<\/div>","protected":false},"excerpt":{"rendered":"<p>L&#039;AXIS Q1971-E est une cam\u00e9ra thermique robuste dot\u00e9e d&#039;un objectif de 35 mm pour une d\u00e9tection thermique avanc\u00e9e.<\/p>\n<p>Ind\u00e9pendant de la lumi\u00e8re et des conditions m\u00e9t\u00e9orologiques, avec analyse par IA et protection IP66\/IP67.<\/p>\n<p>Id\u00e9al pour la protection p\u00e9rim\u00e9trique et les zones de s\u00e9curit\u00e9.<\/p>","protected":false},"featured_media":160147,"template":"","meta":{"_acf_changed":false},"product_brand":[],"product_cat":[4955],"product_tag":[],"class_list":{"0":"post-160149","1":"product","2":"type-product","3":"status-publish","4":"has-post-thumbnail","6":"product_cat-axis-varmekameror","7":"pa_brands-axis","8":"pa_farg-vit","9":"tm-no-options","11":"first","12":"onbackorder","13":"sale","14":"taxable","15":"shipping-taxable","16":"purchasable","17":"product-type-simple"},"acf":[],"_links":{"self":[{"href":"https:\/\/secureus.se\/fr\/wp-json\/wp\/v2\/product\/160149","targetHints":{"allow":["GET"]}}],"collection":[{"href":"https:\/\/secureus.se\/fr\/wp-json\/wp\/v2\/product"}],"about":[{"href":"https:\/\/secureus.se\/fr\/wp-json\/wp\/v2\/types\/product"}],"wp:featuredmedia":[{"embeddable":true,"href":"https:\/\/secureus.se\/fr\/wp-json\/wp\/v2\/media\/160147"}],"wp:attachment":[{"href":"https:\/\/secureus.se\/fr\/wp-json\/wp\/v2\/media?parent=160149"}],"wp:term":[{"taxonomy":"product_brand","embeddable":true,"href":"https:\/\/secureus.se\/fr\/wp-json\/wp\/v2\/product_brand?post=160149"},{"taxonomy":"product_cat","embeddable":true,"href":"https:\/\/secureus.se\/fr\/wp-json\/wp\/v2\/product_cat?post=160149"},{"taxonomy":"product_tag","embeddable":true,"href":"https:\/\/secureus.se\/fr\/wp-json\/wp\/v2\/product_tag?post=160149"}],"curies":[{"name":"wp","href":"https:\/\/api.w.org\/{rel}","templated":true}]}}