{"id":160161,"date":"2025-11-21T11:12:30","date_gmt":"2025-11-21T10:12:30","guid":{"rendered":"https:\/\/secureus.se\/?post_type=product&#038;p=160161"},"modified":"2026-04-01T12:13:56","modified_gmt":"2026-04-01T10:13:56","slug":"axis-q1971-e-varmekamera-for-utomhusbruk-13-mm-fast-objektiv-30-fps-ik10-vit","status":"publish","type":"product","link":"https:\/\/secureus.se\/fr\/axis-q1971-e-varmekamera-for-utomhusbruk-13-mm-fast-objektiv-30-fps-ik10-vit\/","title":{"rendered":"Cam\u00e9ra thermique ext\u00e9rieure AXIS Q1971-E, objectif fixe 13 mm, 30 images\/s, IK10, blanche"},"content":{"rendered":"<h1>Cam\u00e9ra thermique ext\u00e9rieure AXIS Q1971-E, objectif fixe 13 mm, 30 images\/s, IK10, blanche<\/h1>\n<p class=\"ds-markdown-paragraph\">La cam\u00e9ra thermique AXIS Q1971-E avec objectif de 13 mm est une cam\u00e9ra thermique avanc\u00e9e qui \u00e9limine la d\u00e9pendance \u00e0 la lumi\u00e8re du jour et \u00e0 l&#039;imagerie visuelle pour offrir une d\u00e9tection et une v\u00e9rification exceptionnelles 24 heures sur 24.<\/p>\n<p class=\"ds-markdown-paragraph\">Il est particuli\u00e8rement adapt\u00e9 \u00e0 la protection p\u00e9rim\u00e9trique dans les environnements ext\u00e9rieurs critiques, o\u00f9 sa conception robuste et sans halog\u00e8ne r\u00e9siste aux conditions difficiles et offre des performances constantes m\u00eame en cas de brouillard, de fum\u00e9e, de chutes de neige ou d&#039;obscurit\u00e9 totale.<\/p>\n<p class=\"ds-markdown-paragraph\"><strong>Performances techniques avec un objectif de 13 mm<\/strong><br \/>\nCette variante du Q1971-E est \u00e9quip\u00e9e d&#039;une lentille fixe athermique de 13 mm avec une luminosit\u00e9 de F1.0.<\/p>\n<p class=\"ds-markdown-paragraph\">L&#039;objectif offre un champ de vision horizontal de 29\u00b0 et un champ de vision vertical de 22\u00b0, ce qui le rend id\u00e9al pour la surveillance de zones moyennement grandes telles que les quais de chargement, les passages de portail ou des secteurs sp\u00e9cifiques d&#039;une grande zone.<\/p>\n<p class=\"ds-markdown-paragraph\">La distance minimale de mise au point de 4,7 m\u00e8tres garantit une d\u00e9tection pr\u00e9cise m\u00eame \u00e0 courte distance. Au c\u0153ur de la cam\u00e9ra se trouve un capteur microbolom\u00e8tre non refroidi de 384 \u00d7 288 pixels \u00e0 tr\u00e8s haute sensibilit\u00e9 (NETD &lt; 20 mK), qui assure des images thermiques claires et d\u00e9taill\u00e9es pour d\u00e9tecter la pr\u00e9sence et l&#039;activit\u00e9 avec une grande pr\u00e9cision.<\/p>\n<p class=\"ds-markdown-paragraph\"><strong>Analyses bas\u00e9es sur l&#039;IA et surveillance proactive<\/strong><br \/>\nAvec un puissant syst\u00e8me sur puce ARTPEC-8 et une unit\u00e9 de traitement d&#039;apprentissage profond (DLPU) d\u00e9di\u00e9e, le Q1971-E est un appareil intelligent qui prend en charge l&#039;analyse avanc\u00e9e.<\/p>\n<p class=\"ds-markdown-paragraph\">Il est livr\u00e9 avec des syst\u00e8mes d&#039;analyse int\u00e9gr\u00e9s tels que AXIS Video Motion Detection, AXIS Fence Guard et AXIS Loitering Guard.<\/p>\n<p class=\"ds-markdown-paragraph\">Pour une protection suppl\u00e9mentaire, le puissant syst\u00e8me d&#039;analyse IA AXIS Perimeter Defender peut \u00eatre activ\u00e9, permettant une classification pr\u00e9cise et une d\u00e9tection pr\u00e9coce des intrus.<\/p>\n<p class=\"ds-markdown-paragraph\">La plateforme prend \u00e9galement en charge les analystes tiers via AXIS Camera Application Platform (ACAP), offrant des possibilit\u00e9s de personnalisation infinies.<\/p>\n<p class=\"ds-markdown-paragraph\"><strong>Cybers\u00e9curit\u00e9 de pointe avec Axis Edge Vault<\/strong><br \/>\nDans le monde connect\u00e9 d&#039;aujourd&#039;hui, la cybers\u00e9curit\u00e9 est essentielle. L&#039;AXIS Q1971-E int\u00e8gre la plateforme de s\u00e9curit\u00e9 mat\u00e9rielle Axis Edge Vault.<\/p>\n<p class=\"ds-markdown-paragraph\">Cette plateforme prot\u00e8ge l&#039;identit\u00e9 et l&#039;int\u00e9grit\u00e9 de l&#039;appareil gr\u00e2ce \u00e0 des fonctionnalit\u00e9s telles que le d\u00e9marrage s\u00e9curis\u00e9 et un magasin de cl\u00e9s s\u00e9curis\u00e9 certifi\u00e9 FIPS 140-2 niveau 2.<\/p>\n<p class=\"ds-markdown-paragraph\">Elle propose \u00e9galement une \u00ab vid\u00e9o sign\u00e9e \u00bb, qui garantit que les preuves vid\u00e9o n&#039;ont pas \u00e9t\u00e9 falsifi\u00e9es et peuvent \u00eatre rattach\u00e9es \u00e0 cette cam\u00e9ra en particulier.<\/p>\n<p class=\"ds-markdown-paragraph\"><strong>Construction robuste et int\u00e9gration facile<\/strong><br \/>\nLa cam\u00e9ra est con\u00e7ue pour \u00eatre durable gr\u00e2ce \u00e0 un bo\u00eetier en aluminium et en polycarbonate conforme aux normes de protection IP66\/IP67, IK10 et NEMA 4X.<\/p>\n<p class=\"ds-markdown-paragraph\">Il r\u00e9siste \u00e0 des temp\u00e9ratures de -40 \u00b0C \u00e0 60 \u00b0C et \u00e0 l&#039;humidit\u00e9 avec condensation. Pour une int\u00e9gration et une utilisation simplifi\u00e9es, il prend en charge un large \u00e9ventail de protocoles r\u00e9seau, les profils ONVIF (G, M, S, T) et l&#039;API VAPIX.<\/p>\n<p class=\"ds-markdown-paragraph\">Les ports d&#039;entr\u00e9e\/sortie permettent de connecter directement \u00e0 la cam\u00e9ra des \u00e9quipements externes tels que des sir\u00e8nes ou des feux pour une intervention imm\u00e9diate. Elle est aliment\u00e9e par PoE (IEEE 802.3af\/at) ou par une tension continue de 12 \u00e0 28 V, offrant ainsi une grande flexibilit\u00e9 d&#039;installation.<\/p>\n<p class=\"ds-markdown-paragraph\"><strong>Images et flux vid\u00e9o<\/strong><br \/>\nBien que la r\u00e9solution native du capteur soit de 384\u00d7288, elle peut \u00eatre \u00e9tendue jusqu&#039;\u00e0 768\u00d7576 pour une meilleure nettet\u00e9 visuelle.<\/p>\n<p class=\"ds-markdown-paragraph\">La cam\u00e9ra prend en charge la vid\u00e9o jusqu&#039;\u00e0 30 images par seconde et plusieurs flux en H.264, H.265 et Motion JPEG.<\/p>\n<p class=\"ds-markdown-paragraph\">La technologie Axis Zipstream r\u00e9duit les besoins en bande passante et en stockage de 50 % en moyenne sans sacrifier les informations importantes sur le plan m\u00e9dico-l\u00e9gal.<\/p>\n<p class=\"ds-markdown-paragraph\">En conclusion, la cam\u00e9ra AXIS Q1971-E avec objectif de 13 mm est un excellent choix pour les besoins sp\u00e9cifiques de surveillance qui requi\u00e8rent un \u00e9quilibre entre la zone de couverture et le niveau de d\u00e9tail.<\/p>\n<p class=\"ds-markdown-paragraph\">Sa combinaison in\u00e9gal\u00e9e de d\u00e9tection thermique, de capacit\u00e9s d&#039;IA, de cybers\u00e9curit\u00e9 robuste et de construction fiable en fait un choix de premier ordre pour la protection proactive des installations et des infrastructures.<\/p>\n<p class=\"ds-markdown-paragraph\"><strong>Caract\u00e9ristiques principales du mod\u00e8le 13 mm\u00a0:<\/strong><\/p>\n<ul>\n<li>\n<p class=\"ds-markdown-paragraph\"><strong>Capteur:<\/strong>\u00a0Microbolom\u00e8tre non refroidi, 384\u00d7288 pixels<\/p>\n<\/li>\n<li>\n<p class=\"ds-markdown-paragraph\"><strong>Objectif:<\/strong>\u00a0Objectif fixe de 13 mm, ouverture f\/1,0, champ de vision horizontal de 29\u00b0.<\/p>\n<\/li>\n<li>\n<p class=\"ds-markdown-paragraph\"><strong>Sensibilit\u00e9 (NETD) :<\/strong>\u00a0&lt;20 mK<\/p>\n<\/li>\n<li>\n<p class=\"ds-markdown-paragraph\"><strong>Traitement d&#039;images\u00a0:<\/strong>\u00a0Syst\u00e8me sur puce ARTPEC-8 avec DLPU (IA)<\/p>\n<\/li>\n<li>\n<p class=\"ds-markdown-paragraph\"><strong>Analyste:<\/strong>\u00a0Inclut\/prend en charge AXIS Perimeter Defender<\/p>\n<\/li>\n<li>\n<p class=\"ds-markdown-paragraph\"><strong>Cybers\u00e9curit\u00e9 :<\/strong>\u00a0Coffre-fort Axis Edge (FIPS 140-2 Niveau 2)<\/p>\n<\/li>\n<li>\n<p class=\"ds-markdown-paragraph\"><strong>Classe de protection\u00a0:<\/strong>\u00a0IP66\/IP67, IK10, NEMA 4X<\/p>\n<\/li>\n<li>\n<p class=\"ds-markdown-paragraph\"><strong>Alimentation\u00a0:<\/strong>\u00a0PoE (IEEE 802.3af\/at) ou 12-28 V CC<\/p>\n<\/li>\n<li>\n<p class=\"ds-markdown-paragraph\"><strong>Garantie:<\/strong>\u00a0Garantie de 5 ans<\/p>\n<\/li>\n<\/ul>","protected":false},"excerpt":{"rendered":"<p>L&#039;AXIS Q1971-E est une cam\u00e9ra thermique robuste dot\u00e9e d&#039;un objectif fixe de 13 mm, con\u00e7ue pour une d\u00e9tection et une v\u00e9rification fiables 24 heures sur 24, quelles que soient les conditions de luminosit\u00e9 et m\u00e9t\u00e9orologiques.<\/p>\n<p>Il est id\u00e9al pour les applications exigeantes de protection p\u00e9rim\u00e9trique et offre d&#039;excellentes performances m\u00eame dans des environnements \u00e0 faible contraste.<\/p>\n<p>La cam\u00e9ra offre un objectif athermique de 13 mm avec un champ de vision horizontal de 29\u00b0, id\u00e9al pour la surveillance de zones moyennement grandes \u00e0 des distances moyennes.<\/p>","protected":false},"featured_media":160158,"template":"","meta":{"_acf_changed":false},"product_brand":[],"product_cat":[4955],"product_tag":[],"class_list":{"0":"post-160161","1":"product","2":"type-product","3":"status-publish","4":"has-post-thumbnail","6":"product_cat-axis-varmekameror","7":"pa_brands-axis","8":"pa_farg-vit","9":"tm-no-options","11":"first","12":"instock","13":"sale","14":"taxable","15":"shipping-taxable","16":"purchasable","17":"product-type-simple"},"acf":[],"_links":{"self":[{"href":"https:\/\/secureus.se\/fr\/wp-json\/wp\/v2\/product\/160161","targetHints":{"allow":["GET"]}}],"collection":[{"href":"https:\/\/secureus.se\/fr\/wp-json\/wp\/v2\/product"}],"about":[{"href":"https:\/\/secureus.se\/fr\/wp-json\/wp\/v2\/types\/product"}],"wp:featuredmedia":[{"embeddable":true,"href":"https:\/\/secureus.se\/fr\/wp-json\/wp\/v2\/media\/160158"}],"wp:attachment":[{"href":"https:\/\/secureus.se\/fr\/wp-json\/wp\/v2\/media?parent=160161"}],"wp:term":[{"taxonomy":"product_brand","embeddable":true,"href":"https:\/\/secureus.se\/fr\/wp-json\/wp\/v2\/product_brand?post=160161"},{"taxonomy":"product_cat","embeddable":true,"href":"https:\/\/secureus.se\/fr\/wp-json\/wp\/v2\/product_cat?post=160161"},{"taxonomy":"product_tag","embeddable":true,"href":"https:\/\/secureus.se\/fr\/wp-json\/wp\/v2\/product_tag?post=160161"}],"curies":[{"name":"wp","href":"https:\/\/api.w.org\/{rel}","templated":true}]}}