{"id":160166,"date":"2025-11-21T11:12:30","date_gmt":"2025-11-21T10:12:30","guid":{"rendered":"https:\/\/secureus.se\/?post_type=product&#038;p=160166"},"modified":"2026-04-09T11:18:29","modified_gmt":"2026-04-09T09:18:29","slug":"axis-t8120-1-port-midspan-15w","status":"publish","type":"product","link":"https:\/\/secureus.se\/fr\/axis-t8120-1-port-midspan-15w\/","title":{"rendered":"AXIS T8120 Amplificateur interm\u00e9diaire monoport, 15 W"},"content":{"rendered":"<h1>AXIS T8120 Amplificateur interm\u00e9diaire monoport, 15 W<\/h1>\n<p class=\"ds-markdown-paragraph\">L&#039;AXIS T8120 Midspan 15 W \u00e0 1 port est une solution efficace et \u00e9conomique pour alimenter un seul p\u00e9riph\u00e9rique r\u00e9seau avec Power over Ethernet (PoE).<\/p>\n<p class=\"ds-markdown-paragraph\">Il est particuli\u00e8rement adapt\u00e9 aux petites installations ou en compl\u00e9ment des r\u00e9seaux existants dont les commutateurs ne disposent pas de la fonctionnalit\u00e9 PoE int\u00e9gr\u00e9e.<\/p>\n<p class=\"ds-markdown-paragraph\"><strong>Solution PoE efficace pour une installation simplifi\u00e9e<\/strong><br \/>\nL&#039;AXIS T8120 \u00e9limine le besoin de tirer des c\u00e2bles \u00e9lectriques s\u00e9par\u00e9s vers votre \u00e9quipement r\u00e9seau.<\/p>\n<p class=\"ds-markdown-paragraph\">En combinant donn\u00e9es et alimentation dans un seul c\u00e2ble Ethernet standard (cat\u00e9gorie 5 ou sup\u00e9rieure), vous pouvez facilement placer les cam\u00e9ras \u00e0 des emplacements optimaux, quelle que soit la proximit\u00e9 des prises de courant.<\/p>\n<p class=\"ds-markdown-paragraph\">Cela permet de r\u00e9aliser des \u00e9conomies importantes sur les mat\u00e9riaux et la main-d&#039;\u0153uvre. L&#039;appareil est enti\u00e8rement pr\u00eat \u00e0 l&#039;emploi, sans aucune configuration.<\/p>\n<p class=\"ds-markdown-paragraph\">Il d\u00e9tecte automatiquement le p\u00e9riph\u00e9rique compatible PoE connect\u00e9 et commence \u00e0 fournir de l&#039;\u00e9nergie.<\/p>\n<p class=\"ds-markdown-paragraph\"><strong>performances techniques et compatibilit\u00e9<\/strong><br \/>\nCe midspan est enti\u00e8rement conforme \u00e0 la norme IEEE 802.3af (PoE) et fournit une tension de sortie de 48 V CC avec une puissance maximale de 15,4 W par port \u2013 suffisante pour la plupart des cam\u00e9ras IP fixes, des encodeurs vid\u00e9o et des appareils similaires.<\/p>\n<p class=\"ds-markdown-paragraph\">Il prend \u00e9galement en charge l&#039;Ethernet Gigabit (10\/100\/1000 Mbps), garantissant ainsi que la bande passante des donn\u00e9es pour la vid\u00e9o haute d\u00e9finition n&#039;est pas affect\u00e9e.<\/p>\n<p class=\"ds-markdown-paragraph\">Pour assurer la compatibilit\u00e9 avec les appareils plus anciens, il int\u00e8gre \u00e9galement un algorithme de r\u00e9trocompatibilit\u00e9 pr\u00e9-standard. La connexion par c\u00e2ble s&#039;effectue via un port RJ-45 blind\u00e9.<\/p>\n<p class=\"ds-markdown-paragraph\"><strong>Conception et durabilit\u00e9<\/strong><br \/>\nL&#039;AXIS T8120 poss\u00e8de un design tr\u00e8s compact avec des dimensions de 33 x 53 x 81 mm et ne p\u00e8se que 450 grammes.<\/p>\n<p class=\"ds-markdown-paragraph\">Sa petite taille, associ\u00e9e \u00e0 de multiples options de montage (mur, \u00e9tag\u00e8re ou rail DIN avec accessoires), la rend extr\u00eamement polyvalente et facile \u00e0 int\u00e9grer dans n&#039;importe quel espace.<\/p>\n<p class=\"ds-markdown-paragraph\">Un indicateur LED permet de v\u00e9rifier visuellement l&#039;alimentation et la transmission des donn\u00e9es. L&#039;appareil est con\u00e7u pour fonctionner dans une plage de temp\u00e9ratures de 0 \u00b0C \u00e0 40 \u00b0C et une humidit\u00e9 relative de 10 \u00e0 90 % (sans condensation).<\/p>\n<p class=\"ds-markdown-paragraph\"><strong>S\u00e9curit\u00e9 et homologations<\/strong><br \/>\nL&#039;AXIS T8120 est fabriqu\u00e9 selon des normes de qualit\u00e9 et de s\u00e9curit\u00e9 \u00e9lev\u00e9es. Il b\u00e9n\u00e9ficie des homologations n\u00e9cessaires, notamment FCC, CE, UL et TUV, garantissant un fonctionnement s\u00fbr et fiable en milieu commercial.<\/p>\n<p class=\"ds-markdown-paragraph\"><strong>R\u00e9sum\u00e9<\/strong><br \/>\nLe Midspan AXIS T8120 \u00e0 1 port est la solution id\u00e9ale pour alimenter rapidement, facilement et \u00e0 moindre co\u00fbt un seul appareil PoE.<\/p>\n<p class=\"ds-markdown-paragraph\">Sa fiabilit\u00e9, sa facilit\u00e9 d&#039;installation et son format compact en font un excellent choix pour \u00e9tendre votre r\u00e9seau sans avoir \u00e0 investir dans un nouveau commutateur.<\/p>\n<p class=\"ds-markdown-paragraph\">Que vous installiez une nouvelle cam\u00e9ra ou que vous d\u00e9placiez une cam\u00e9ra existante, cette entretoise vous offre la flexibilit\u00e9 dont vous avez besoin.<\/p>\n<p class=\"ds-markdown-paragraph\"><strong>Caract\u00e9ristiques principales :<\/strong><\/p>\n<ul>\n<li>\n<p class=\"ds-markdown-paragraph\"><strong>Taper:<\/strong>\u00a0Injecteur PoE \u00e0 1 port (Midspan)<\/p>\n<\/li>\n<li>\n<p class=\"ds-markdown-paragraph\"><strong>Norme PoE\u00a0:<\/strong>\u00a0IEEE 802.3af (PoE)<\/p>\n<\/li>\n<li>\n<p class=\"ds-markdown-paragraph\"><strong>Puissance de sortie maximale\u00a0:<\/strong>\u00a015,4 W par port<\/p>\n<\/li>\n<li>\n<p class=\"ds-markdown-paragraph\"><strong>Mouvement des donn\u00e9es :<\/strong>\u00a010\/100\/1000 Mbps (Gigabit)<\/p>\n<\/li>\n<li>\n<p class=\"ds-markdown-paragraph\"><strong>Tension d&#039;entr\u00e9e :<\/strong>\u00a0100-240 V CA<\/p>\n<\/li>\n<li>\n<p class=\"ds-markdown-paragraph\"><strong>Montage:<\/strong>\u00a0Fixation murale, \u00e9tag\u00e8re, rail DIN (accessoire)<\/p>\n<\/li>\n<li>\n<p class=\"ds-markdown-paragraph\"><strong>Temp\u00e9rature de fonctionnement :<\/strong>\u00a00\u00b0C \u00e0 40\u00b0C<\/p>\n<\/li>\n<\/ul>\n<div class=\"sc-bczRLJ fySwpa\">\n<div class=\"sc-bczRLJ kEeNDb\"><\/div>\n<\/div>","protected":false},"excerpt":{"rendered":"<p>L&#039;AXIS T8120 Midspan 15 W est un injecteur PoE compact et fiable \u00e0 1 port qui fournit de l&#039;alimentation et des donn\u00e9es \u00e0 un p\u00e9riph\u00e9rique r\u00e9seau via un seul c\u00e2ble Ethernet.<\/p>\n<p>Il est compatible avec la norme IEEE 802.3af et peut fournir jusqu&#039;\u00e0 15,4 W, ce qui le rend id\u00e9al pour la plupart des cam\u00e9ras r\u00e9seau Axis de base et autres appareils compatibles PoE.<\/p>","protected":false},"featured_media":160165,"template":"","meta":{"_acf_changed":false},"product_brand":[],"product_cat":[4951],"product_tag":[],"class_list":{"0":"post-160166","1":"product","2":"type-product","3":"status-publish","4":"has-post-thumbnail","6":"product_cat-axis-natverksuttag-poe","7":"pa_brands-axis","8":"tm-no-options","10":"first","11":"onbackorder","12":"sale","13":"taxable","14":"shipping-taxable","15":"purchasable","16":"product-type-simple"},"acf":[],"_links":{"self":[{"href":"https:\/\/secureus.se\/fr\/wp-json\/wp\/v2\/product\/160166","targetHints":{"allow":["GET"]}}],"collection":[{"href":"https:\/\/secureus.se\/fr\/wp-json\/wp\/v2\/product"}],"about":[{"href":"https:\/\/secureus.se\/fr\/wp-json\/wp\/v2\/types\/product"}],"wp:featuredmedia":[{"embeddable":true,"href":"https:\/\/secureus.se\/fr\/wp-json\/wp\/v2\/media\/160165"}],"wp:attachment":[{"href":"https:\/\/secureus.se\/fr\/wp-json\/wp\/v2\/media?parent=160166"}],"wp:term":[{"taxonomy":"product_brand","embeddable":true,"href":"https:\/\/secureus.se\/fr\/wp-json\/wp\/v2\/product_brand?post=160166"},{"taxonomy":"product_cat","embeddable":true,"href":"https:\/\/secureus.se\/fr\/wp-json\/wp\/v2\/product_cat?post=160166"},{"taxonomy":"product_tag","embeddable":true,"href":"https:\/\/secureus.se\/fr\/wp-json\/wp\/v2\/product_tag?post=160166"}],"curies":[{"name":"wp","href":"https:\/\/api.w.org\/{rel}","templated":true}]}}