{"id":160168,"date":"2025-11-21T11:12:31","date_gmt":"2025-11-21T10:12:31","guid":{"rendered":"https:\/\/secureus.se\/?post_type=product&#038;p=160168"},"modified":"2026-04-23T12:59:19","modified_gmt":"2026-04-23T10:59:19","slug":"axis-t8134-midspan-for-hogeffektsenheter-60w-100-240v-ac","status":"publish","type":"product","link":"https:\/\/secureus.se\/fr\/axis-t8134-midspan-for-hogeffektsenheter-60w-100-240v-ac\/","title":{"rendered":"AXIS T8134 Midspan pour appareils haute puissance, 60 W, 100-240 V CA"},"content":{"rendered":"<h1>AXIS T8134 Midspan pour dispositifs haute puissance<\/h1>\n<p class=\"ds-markdown-paragraph\">L&#039;AXIS T8134 60 W Midspan est un injecteur Power over Ethernet (midspan) sp\u00e9cialis\u00e9 qui r\u00e9pond au besoin de haute puissance dans les syst\u00e8mes de s\u00e9curit\u00e9 bas\u00e9s sur le r\u00e9seau.<\/p>\n<p class=\"ds-markdown-paragraph\">Il est destin\u00e9 aux appareils exigeants qui consomment plus que ne le permet la norme PoE conventionnelle et offre une solution d&#039;alimentation robuste et fiable.<\/p>\n<p class=\"ds-markdown-paragraph\"><strong>PoE haute puissance pour les appareils aux performances extr\u00eames<\/strong><br \/>\nL&#039;AXIS T8134 se distingue des injecteurs PoE standard par sa capacit\u00e9 \u00e0 fournir jusqu&#039;\u00e0 60 W de puissance.<\/p>\n<p class=\"ds-markdown-paragraph\">Cette capacit\u00e9 \u00ab High PoE \u00bb est absolument n\u00e9cessaire pour alimenter certains des appareils les plus avanc\u00e9s d&#039;Axis dans toutes les conditions.<\/p>\n<p class=\"ds-markdown-paragraph\">L&#039;exemple le plus parlant est celui de la cam\u00e9ra r\u00e9seau AXIS Q60-e, qui n\u00e9cessite cette puissance suppl\u00e9mentaire pour fonctionner de mani\u00e8re fiable dans des conditions de froid extr\u00eame, \u00e0 des temp\u00e9ratures inf\u00e9rieures \u00e0 -20 \u00b0C. Elle convient \u00e9galement \u00e0 l&#039;alimentation des cam\u00e9ras d\u00f4mes PTZ dot\u00e9es de r\u00e9sistances chauffantes \u00e9tendues, de multiples capteurs et de moteurs de panoramique, d&#039;inclinaison et de zoom avanc\u00e9s.<\/p>\n<p class=\"ds-markdown-paragraph\"><strong>Installation simplifi\u00e9e et performances puissantes<\/strong><br \/>\nComme pour la norme PoE, le T8134 \u00e9limine le besoin de c\u00e2blage \u00e9lectrique s\u00e9par\u00e9, ce qui permet de gagner du temps et de r\u00e9duire les co\u00fbts d&#039;installation.<\/p>\n<p class=\"ds-markdown-paragraph\">Utilisant un seul c\u00e2ble Ethernet (cat\u00e9gorie 5e ou sup\u00e9rieure), il fournit \u00e0 la fois des donn\u00e9es et de l&#039;alimentation au p\u00e9riph\u00e9rique connect\u00e9, sans affecter les performances du r\u00e9seau.<\/p>\n<p class=\"ds-markdown-paragraph\">Il prend en charge l&#039;Ethernet Gigabit complet (10\/100\/1000 Mbps) et fonctionne en mode plug-and-play \u2013 il d\u00e9tecte automatiquement l&#039;appareil et commence \u00e0 fournir la puissance requise sans configuration.<\/p>\n<p class=\"ds-markdown-paragraph\"><strong>Conception durable et montage polyvalent<\/strong><br \/>\nCet appareil est con\u00e7u pour un usage professionnel et pr\u00e9sente une conception compacte et robuste.<\/p>\n<p class=\"ds-markdown-paragraph\">Il peut \u00eatre mont\u00e9 au mur, rang\u00e9 sur une \u00e9tag\u00e8re ou fix\u00e9 \u00e0 un rail DIN standard \u00e0 l&#039;aide de l&#039;accessoire s\u00e9par\u00e9 AXIS Midspan DIN Clip A.<\/p>\n<p class=\"ds-markdown-paragraph\">Avec une tension d&#039;entr\u00e9e de 100 \u00e0 240 V CA, il est compatible avec une utilisation internationale. Un indicateur LED fournit un retour visuel instantan\u00e9 sur l&#039;\u00e9tat de l&#039;alimentation et des donn\u00e9es.<\/p>\n<p class=\"ds-markdown-paragraph\"><strong>Fiabilit\u00e9 dans diverses conditions<\/strong><br \/>\nL&#039;AXIS T8134 est con\u00e7u pour fonctionner de mani\u00e8re fiable dans divers environnements.<\/p>\n<p class=\"ds-markdown-paragraph\">Il a une temp\u00e9rature de fonctionnement de -10\u00b0C \u00e0 45\u00b0C \u00e0 pleine charge (60W) et peut supporter jusqu&#039;\u00e0 55\u00b0C \u00e0 une charge inf\u00e9rieure de 30W.<\/p>\n<p class=\"ds-markdown-paragraph\">Il est sans PVC et r\u00e9pond \u00e0 un certain nombre de normes internationales de s\u00e9curit\u00e9 et de CEM telles que CE, UL et RoHS, garantissant \u00e0 la fois un fonctionnement s\u00fbr et le respect de l&#039;environnement.<\/p>\n<p class=\"ds-markdown-paragraph\"><strong>R\u00e9sum\u00e9<\/strong><br \/>\nL&#039;alimentation AXIS T8134 60 W Midspan est la solution ultime lorsque vous avez besoin de plus de puissance.<\/p>\n<p class=\"ds-markdown-paragraph\">Que vous utilisiez des cam\u00e9ras en climat arctique, des syst\u00e8mes PTZ performants ou d&#039;autres produits r\u00e9seau haute puissance, ce r\u00e9partiteur vous permet de placer votre \u00e9quipement exactement o\u00f9 il est n\u00e9cessaire, sans les contraintes du r\u00e9seau \u00e9lectrique. C&#039;est une solution fiable, s\u00fbre et simple pour des installations p\u00e9rennes.<\/p>\n<p class=\"ds-markdown-paragraph\"><strong>Caract\u00e9ristiques principales :<\/strong><\/p>\n<ul>\n<li>\n<p class=\"ds-markdown-paragraph\"><strong>Taper:<\/strong>\u00a0Injecteur PoE haute performance \u00e0 1 port (Midspan)<\/p>\n<\/li>\n<li>\n<p class=\"ds-markdown-paragraph\"><strong>Puissance de sortie maximale\u00a0:<\/strong>\u00a060W<\/p>\n<\/li>\n<li>\n<p class=\"ds-markdown-paragraph\"><strong>Compatibilit\u00e9:<\/strong>\u00a0IEEE 802.3at (PoE+) et IEEE 802.3af (PoE)<\/p>\n<\/li>\n<li>\n<p class=\"ds-markdown-paragraph\"><strong>Mouvement des donn\u00e9es :<\/strong>\u00a010\/100\/1000 Mbps (Gigabit)<\/p>\n<\/li>\n<li>\n<p class=\"ds-markdown-paragraph\"><strong>Tension d&#039;entr\u00e9e :<\/strong>\u00a0100-240 V CA<\/p>\n<\/li>\n<li>\n<p class=\"ds-markdown-paragraph\"><strong>Montage:<\/strong>\u00a0Fixation murale, \u00e9tag\u00e8re, rail DIN (accessoire)<\/p>\n<\/li>\n<li>\n<p class=\"ds-markdown-paragraph\"><strong>Garantie:<\/strong>\u00a0Garantie de 3 ans<\/p>\n<\/li>\n<\/ul>\n<div class=\"sc-bczRLJ fySwpa\">\n<div class=\"sc-bczRLJ kEeNDb\"><\/div>\n<\/div>","protected":false},"excerpt":{"rendered":"<p>L&#039;AXIS T8134 60 W Midspan est un injecteur PoE haute puissance \u00e0 1 port con\u00e7u pour alimenter des p\u00e9riph\u00e9riques r\u00e9seau puissants n\u00e9cessitant plus de puissance que celle fournie par le PoE standard.<\/p>\n<p>Il fournit jusqu&#039;\u00e0 60 W, soit deux fois plus que la norme IEEE 802.3at (PoE+), ce qui le rend id\u00e9al, par exemple, pour les cam\u00e9ras r\u00e9seau AXIS Q60-e fonctionnant \u00e0 des temp\u00e9ratures inf\u00e9rieures \u00e0 -20 \u00b0C ou pour les cam\u00e9ras d\u00f4mes PTZ avanc\u00e9es.<\/p>","protected":false},"featured_media":160167,"template":"","meta":{"_acf_changed":false},"product_brand":[],"product_cat":[4951],"product_tag":[],"class_list":{"0":"post-160168","1":"product","2":"type-product","3":"status-publish","4":"has-post-thumbnail","6":"product_cat-axis-natverksuttag-poe","7":"pa_brands-axis","8":"tm-no-options","10":"first","11":"onbackorder","12":"sale","13":"taxable","14":"shipping-taxable","15":"purchasable","16":"product-type-simple"},"acf":[],"_links":{"self":[{"href":"https:\/\/secureus.se\/fr\/wp-json\/wp\/v2\/product\/160168","targetHints":{"allow":["GET"]}}],"collection":[{"href":"https:\/\/secureus.se\/fr\/wp-json\/wp\/v2\/product"}],"about":[{"href":"https:\/\/secureus.se\/fr\/wp-json\/wp\/v2\/types\/product"}],"wp:featuredmedia":[{"embeddable":true,"href":"https:\/\/secureus.se\/fr\/wp-json\/wp\/v2\/media\/160167"}],"wp:attachment":[{"href":"https:\/\/secureus.se\/fr\/wp-json\/wp\/v2\/media?parent=160168"}],"wp:term":[{"taxonomy":"product_brand","embeddable":true,"href":"https:\/\/secureus.se\/fr\/wp-json\/wp\/v2\/product_brand?post=160168"},{"taxonomy":"product_cat","embeddable":true,"href":"https:\/\/secureus.se\/fr\/wp-json\/wp\/v2\/product_cat?post=160168"},{"taxonomy":"product_tag","embeddable":true,"href":"https:\/\/secureus.se\/fr\/wp-json\/wp\/v2\/product_tag?post=160168"}],"curies":[{"name":"wp","href":"https:\/\/api.w.org\/{rel}","templated":true}]}}