{"id":160172,"date":"2025-11-21T11:12:31","date_gmt":"2025-11-21T10:12:31","guid":{"rendered":"https:\/\/secureus.se\/?post_type=product&#038;p=160172"},"modified":"2026-04-09T11:18:26","modified_gmt":"2026-04-09T09:18:26","slug":"axis-m5526-e-50-hz-4mp-ptz-dome-kamera-inomhus-och-utomhus-10x-zoom-och-focus-recall","status":"publish","type":"product","link":"https:\/\/secureus.se\/fr\/axis-m5526-e-50-hz-4mp-ptz-dome-kamera-inomhus-och-utomhus-10x-zoom-och-focus-recall\/","title":{"rendered":"Cam\u00e9ra d\u00f4me PTZ AXIS M5526-E 50 Hz 4 MP, pour int\u00e9rieur et ext\u00e9rieur, zoom 10x et rappel de la mise au point"},"content":{"rendered":"<h1>Cam\u00e9ra d\u00f4me PTZ AXIS M5526-E 50 Hz 4 MP, pour int\u00e9rieur et ext\u00e9rieur, zoom 10x et rappel de la mise au point<\/h1>\n<p class=\"ds-markdown-paragraph\">La cam\u00e9ra PTZ AXIS M5526-E est une cam\u00e9ra d\u00f4me polyvalente et intelligente qui combine des fonctionnalit\u00e9s PTZ avanc\u00e9es avec une analyse bas\u00e9e sur l&#039;IA \u00e0 un prix abordable.<\/p>\n<p class=\"ds-markdown-paragraph\">Con\u00e7ue pour une utilisation int\u00e9rieure et ext\u00e9rieure, elle offre une qualit\u00e9 d&#039;image exceptionnelle et des fonctionnalit\u00e9s intelligentes pour r\u00e9pondre \u00e0 un large \u00e9ventail de besoins en mati\u00e8re de surveillance.<\/p>\n<p class=\"ds-markdown-paragraph\"><strong>Qualit\u00e9 d&#039;image et performances PTX exceptionnelles<\/strong><br \/>\nLe capteur 4 MP de l&#039;appareil photo et son zoom optique 10x (120x au total avec le zoom num\u00e9rique) vous permettent de capturer des images claires et d\u00e9taill\u00e9es, que vous ayez une vue d&#039;ensemble ou que vous ayez besoin de zoomer sur un \u00e9v\u00e9nement sp\u00e9cifique.<\/p>\n<p class=\"ds-markdown-paragraph\">Elle offre un panoramique continu \u00e0 360\u00b0 et un autofocus rapide et fiable (avec fonction \u00ab\u00a0Rappel de la mise au point\u00a0\u00bb) garantissant une nettet\u00e9 optimale en toutes circonstances. Pour g\u00e9rer les conditions d&#039;\u00e9clairage difficiles, elle est \u00e9quip\u00e9e des technologies Forensic WDR (jusqu&#039;\u00e0 120\u00a0dB) et Lightfinder\u00a02.0, offrant des images aux couleurs \u00e9clatantes m\u00eame en contre-jour ou dans l&#039;obscurit\u00e9 quasi totale.<\/p>\n<p class=\"ds-markdown-paragraph\"><strong>Analyses bas\u00e9es sur l&#039;IA pour une s\u00e9curit\u00e9 proactive<\/strong><br \/>\nConstruit sur le puissant chipset ARTPEC-8, le M5526-E comprend une unit\u00e9 de traitement d&#039;apprentissage profond (DLPU) pour des analyses avanc\u00e9es directement dans la cam\u00e9ra (en p\u00e9riph\u00e9rie).<\/p>\n<p class=\"ds-markdown-paragraph\">L&#039;analyste pr\u00e9install\u00e9\u00a0<strong>AXIS Object Analytics<\/strong>\u00a0peut non seulement d\u00e9tecter mais aussi classifier des objets tels que des personnes et diff\u00e9rents types de v\u00e9hicules (voitures, bus, camions, motos).<\/p>\n<p class=\"ds-markdown-paragraph\">Il prend en charge des sc\u00e9narios tels que le franchissement de ligne, l&#039;entr\u00e9e dans une zone et l&#039;analyse de mouvement, permettant des alarmes proactives et une recherche intelligente dans les enregistrements vid\u00e9o.<\/p>\n<p class=\"ds-markdown-paragraph\"><strong>Construction robuste et cybers\u00e9curit\u00e9 de pointe<\/strong><br \/>\nAvec ses classes de protection IP66 et IK09, la cam\u00e9ra peut r\u00e9sister aux intemp\u00e9ries et aux contraintes physiques, ce qui la rend adapt\u00e9e \u00e0 une installation dans les entr\u00e9es, les parkings, les magasins et les entrep\u00f4ts.<\/p>\n<p class=\"ds-markdown-paragraph\">En guise de couche de s\u00e9curit\u00e9 suppl\u00e9mentaire, elle inclut la plateforme mat\u00e9rielle\u00a0<strong>Coffre-fort Axis Edge<\/strong>, qui prot\u00e8ge l&#039;identit\u00e9 et l&#039;int\u00e9grit\u00e9 de l&#039;appareil gr\u00e2ce \u00e0 des fonctionnalit\u00e9s telles que le d\u00e9marrage s\u00e9curis\u00e9 et la vid\u00e9o sign\u00e9e, emp\u00eachant toute falsification et garantissant l&#039;authenticit\u00e9 des preuves.<\/p>\n<p class=\"ds-markdown-paragraph\"><strong>Plateforme logicielle et int\u00e9gration<\/strong><br \/>\nLa cam\u00e9ra est un p\u00e9riph\u00e9rique r\u00e9seau complet prenant en charge plusieurs flux vid\u00e9o en H.264 et H.265, y compris Axis Zipstream pour r\u00e9duire les besoins en bande passante et en stockage.<\/p>\n<p class=\"ds-markdown-paragraph\">Elle s&#039;int\u00e8gre facilement aux principaux syst\u00e8mes de gestion vid\u00e9o (VMS) via les profils ONVIF (G, M, S, T) et aux plateformes Axis telles qu&#039;AXIS Camera Station. Ses ports audio et d&#039;E\/S int\u00e9gr\u00e9s permettent de connecter des p\u00e9riph\u00e9riques externes comme des microphones, des haut-parleurs et des capteurs.<\/p>\n<p class=\"ds-markdown-paragraph\"><strong>R\u00e9sum\u00e9<\/strong><br \/>\nLa cam\u00e9ra PTZ AXIS M5526-E est un excellent choix pour ceux qui recherchent une cam\u00e9ra \u00e9conomique, intelligente et polyvalente, fonctionnant aussi bien \u00e0 l&#039;int\u00e9rieur qu&#039;\u00e0 l&#039;ext\u00e9rieur.<\/p>\n<p class=\"ds-markdown-paragraph\">Sa combinaison d&#039;une qualit\u00e9 d&#039;image \u00e9lev\u00e9e, d&#039;une mobilit\u00e9 PTX fluide, d&#039;analyses IA puissantes et d&#039;une cybers\u00e9curit\u00e9 robuste en fait un choix de confiance pour prot\u00e9ger vos actifs et am\u00e9liorer votre connaissance de la situation.<\/p>\n<p class=\"ds-markdown-paragraph\"><strong>Caract\u00e9ristiques principales :<\/strong><\/p>\n<ul>\n<li>\n<p class=\"ds-markdown-paragraph\"><strong>Capteur:<\/strong>\u00a0Capteur CMOS RVB 1\/3\u2033, 4 MP<\/p>\n<\/li>\n<li>\n<p class=\"ds-markdown-paragraph\"><strong>Objectif:<\/strong>\u00a04,7\u201347 mm, F1,6\u20133,0, zoom optique 10x<\/p>\n<\/li>\n<li>\n<p class=\"ds-markdown-paragraph\"><strong>PTX :<\/strong>\u00a0Rotation panoramique continue \u00e0 360\u00b0, inclinaison \u00e0 90\u00b0<\/p>\n<\/li>\n<li>\n<p class=\"ds-markdown-paragraph\"><strong>Technologie d&#039;imagerie :<\/strong>\u00a0WDR forensique, Lightfinder 2.0<\/p>\n<\/li>\n<li>\n<p class=\"ds-markdown-paragraph\"><strong>Analyse:<\/strong>\u00a0AXIS Object Analytics (Personnes, V\u00e9hicules) via DLPU<\/p>\n<\/li>\n<li>\n<p class=\"ds-markdown-paragraph\"><strong>Cybers\u00e9curit\u00e9 :<\/strong>\u00a0Coffre-fort Axis Edge<\/p>\n<\/li>\n<li>\n<p class=\"ds-markdown-paragraph\"><strong>Classe de protection\u00a0:<\/strong>\u00a0IP66, IK09<\/p>\n<\/li>\n<li>\n<p class=\"ds-markdown-paragraph\"><strong>Alimentation\u00a0:<\/strong>\u00a0PoE (IEEE 802.3af\/at) ou 24 V CC<\/p>\n<\/li>\n<li>\n<p class=\"ds-markdown-paragraph\"><strong>Garantie:<\/strong>\u00a0Garantie de 5 ans<\/p>\n<\/li>\n<\/ul>\n<div class=\"sc-bczRLJ fySwpa\">\n<div class=\"sc-bczRLJ kEeNDb\"><\/div>\n<\/div>","protected":false},"excerpt":{"rendered":"<p class=\"ds-markdown-paragraph\">L&#039;AXIS M5526-E est une cam\u00e9ra d\u00f4me PTZ compacte et abordable, adapt\u00e9e \u00e0 une utilisation int\u00e9rieure et ext\u00e9rieure.<\/p>\n<p class=\"ds-markdown-paragraph\">Elle offre une qualit\u00e9 d&#039;image nette en 4 MP et dispose d&#039;un puissant zoom optique 10x qui capture des gros plans d\u00e9taill\u00e9s \u00e0 distance.<\/p>\n<p class=\"ds-markdown-paragraph\">L&#039;appareil photo offre un panoramique continu \u00e0 360\u00b0 et une mise au point automatique rapide qui garantit des images nettes dans toutes les positions.<\/p>","protected":false},"featured_media":160169,"template":"","meta":{"_acf_changed":false},"product_brand":[],"product_cat":[4950],"product_tag":[],"class_list":{"0":"post-160172","1":"product","2":"type-product","3":"status-publish","4":"has-post-thumbnail","6":"product_cat-axis-domekameror","7":"pa_brands-axis","8":"pa_farg-vit","9":"tm-no-options","11":"first","12":"instock","13":"sale","14":"taxable","15":"shipping-taxable","16":"purchasable","17":"product-type-simple"},"acf":[],"_links":{"self":[{"href":"https:\/\/secureus.se\/fr\/wp-json\/wp\/v2\/product\/160172","targetHints":{"allow":["GET"]}}],"collection":[{"href":"https:\/\/secureus.se\/fr\/wp-json\/wp\/v2\/product"}],"about":[{"href":"https:\/\/secureus.se\/fr\/wp-json\/wp\/v2\/types\/product"}],"wp:featuredmedia":[{"embeddable":true,"href":"https:\/\/secureus.se\/fr\/wp-json\/wp\/v2\/media\/160169"}],"wp:attachment":[{"href":"https:\/\/secureus.se\/fr\/wp-json\/wp\/v2\/media?parent=160172"}],"wp:term":[{"taxonomy":"product_brand","embeddable":true,"href":"https:\/\/secureus.se\/fr\/wp-json\/wp\/v2\/product_brand?post=160172"},{"taxonomy":"product_cat","embeddable":true,"href":"https:\/\/secureus.se\/fr\/wp-json\/wp\/v2\/product_cat?post=160172"},{"taxonomy":"product_tag","embeddable":true,"href":"https:\/\/secureus.se\/fr\/wp-json\/wp\/v2\/product_tag?post=160172"}],"curies":[{"name":"wp","href":"https:\/\/api.w.org\/{rel}","templated":true}]}}