{"id":160176,"date":"2025-11-21T11:12:31","date_gmt":"2025-11-21T10:12:31","guid":{"rendered":"https:\/\/secureus.se\/?post_type=product&#038;p=160176"},"modified":"2026-04-01T12:13:28","modified_gmt":"2026-04-01T10:13:28","slug":"axis-q6075-e-60-hz-nm-dome-ptz-ip-kamera-hdtv-1080p-50-hz","status":"publish","type":"product","link":"https:\/\/secureus.se\/fr\/axis-q6075-e-60-hz-nm-dome-ptz-ip-kamera-hdtv-1080p-50-hz\/","title":{"rendered":"Cam\u00e9ra IP d\u00f4me PTZ AXIS Q6075-E 60 Hz NM, HDTV 1080p, 50 Hz"},"content":{"rendered":"<h1>Cam\u00e9ra IP d\u00f4me PTZ AXIS Q6075-E 60 Hz NM, HDTV 1080p, 50 Hz<\/h1>\n<p class=\"ds-markdown-paragraph\">La cam\u00e9ra r\u00e9seau PTZ AXIS Q6075-E est une cam\u00e9ra ext\u00e9rieure robuste et puissante con\u00e7ue pour r\u00e9pondre aux exigences de sc\u00e9narios de surveillance \u00e9tendus.<\/p>\n<p class=\"ds-markdown-paragraph\">Gr\u00e2ce \u00e0 son impressionnant zoom optique 40x et \u00e0 sa r\u00e9solution HDTV 1080p, il offre \u00e0 la fois une vue d&#039;ensemble \u00e9tendue et la capacit\u00e9 d&#039;identifier les d\u00e9tails critiques \u00e0 distance, ce qui le rend id\u00e9al pour la protection de vastes zones telles que les zones industrielles, les parkings, les zones portuaires et les lieux publics.<\/p>\n<p class=\"ds-markdown-paragraph\"><strong>Performances PTZ avanc\u00e9es et suivi intelligent<\/strong><br \/>\nLes performances physiques de la cam\u00e9ra sont exceptionnelles, offrant un panoramique rapide et fluide \u00e0 360\u00b0 et une inclinaison \u00e0 220\u00b0, avec des vitesses de zoom r\u00e9glables.<\/p>\n<p class=\"ds-markdown-paragraph\">La caract\u00e9ristique la plus marquante est\u00a0<strong>Suivi automatique 2<\/strong>, qui inclut la fonction \u00ab\u00a0cliquer et suivre\u00a0\u00bb. Celle-ci permet \u00e0 un op\u00e9rateur de simplement cliquer sur un objet dans la vue en direct pour que la cam\u00e9ra commence automatiquement \u00e0 suivre son mouvement.<\/p>\n<p class=\"ds-markdown-paragraph\">Un \u00ab dispositif d\u2019orientation \u00bb fournit un rep\u00e8re visuel permettant de comprendre rapidement la direction de la cam\u00e9ra en temps r\u00e9el.<\/p>\n<p class=\"ds-markdown-paragraph\"><strong>Qualit\u00e9 d&#039;image exceptionnelle dans toutes les conditions d&#039;\u00e9clairage<\/strong><br \/>\nAXIS Q6075-E est \u00e9quip\u00e9 de\u00a0<strong>Axis Lightfinder 2.0<\/strong>une technologie qui garantit que l&#039;appareil photo produit des images color\u00e9es, nettes et exploitables m\u00eame dans des conditions de tr\u00e8s faible luminosit\u00e9.<\/p>\n<p class=\"ds-markdown-paragraph\">Elle g\u00e8re \u00e9galement les sc\u00e8nes \u00e0 fort contraste gr\u00e2ce \u00e0 une plage dynamique \u00e9tendue (WDR) jusqu&#039;\u00e0 120 dB. La stabilisation d&#039;image (EIS) compense les vibrations et le vent, ce qui permet d&#039;obtenir des clips vid\u00e9o stables.<\/p>\n<p class=\"ds-markdown-paragraph\"><strong>Analyses int\u00e9gr\u00e9es et cybers\u00e9curit\u00e9 de pointe<\/strong><br \/>\nLa cam\u00e9ra est aliment\u00e9e par un chipset ARTPEC-7 dot\u00e9 d&#039;une unit\u00e9 de traitement d&#039;apprentissage automatique (MLPU) pour une analyse intelligente en p\u00e9riph\u00e9rie.<\/p>\n<p class=\"ds-markdown-paragraph\">Le pr\u00e9install\u00e9\u00a0<strong>AXIS Object Analytics<\/strong>\u00a0peut d\u00e9tecter les personnes et les v\u00e9hicules et \u00eatre utilis\u00e9 dans des sc\u00e9narios tels que le franchissement de lignes et l&#039;entr\u00e9e dans des zones interdites.<\/p>\n<p class=\"ds-markdown-paragraph\">Pour prot\u00e9ger l&#039;int\u00e9grit\u00e9 du syst\u00e8me, la cam\u00e9ra est dot\u00e9e d&#039;une plateforme de s\u00e9curit\u00e9 mat\u00e9rielle.\u00a0<strong>Coffre-fort Axis Edge<\/strong>\u00a0avec un module TPM 2.0 qui est\u00a0<strong>Certifi\u00e9 FIPS 140-2 niveau 2<\/strong>.<\/p>\n<p class=\"ds-markdown-paragraph\">Cela garantit un d\u00e9marrage s\u00e9curis\u00e9, un firmware sign\u00e9 et prot\u00e8ge l&#039;identit\u00e9 et les donn\u00e9es de la cam\u00e9ra.<\/p>\n<p class=\"ds-markdown-paragraph\"><strong>Construction robuste pour les environnements ext\u00e9rieurs extr\u00eames<\/strong><br \/>\nAvec un bo\u00eetier class\u00e9 IP66\/IP67, une classification NEMA 4X et IK10, cette cam\u00e9ra est con\u00e7ue pour r\u00e9sister et fonctionner dans des conditions m\u00e9t\u00e9orologiques extr\u00eames, notamment la pluie, la poussi\u00e8re et les chocs.<\/p>\n<p class=\"ds-markdown-paragraph\">Il est \u00e9galement con\u00e7u pour les climats arctiques gr\u00e2ce \u00e0 un syst\u00e8me de contr\u00f4le de la temp\u00e9rature arctique permettant un d\u00e9marrage jusqu&#039;\u00e0 -40\u00b0C.<\/p>\n<p class=\"ds-markdown-paragraph\">Il est livr\u00e9 avec un syst\u00e8me d\u00e9di\u00e9\u00a0<strong>Axe PoE 60 W SFP midspan<\/strong>\u00a0pour garantir une alimentation \u00e9lectrique fiable sur de longues distances.<\/p>\n<p class=\"ds-markdown-paragraph\"><strong>R\u00e9sum\u00e9<\/strong><br \/>\nL&#039;AXIS Q6075-E est un choix haut de gamme pour les besoins professionnels de surveillance ext\u00e9rieure o\u00f9 la longue port\u00e9e, le suivi intelligent et une fiabilit\u00e9 absolue sont essentiels.<\/p>\n<p class=\"ds-markdown-paragraph\">Sa combinaison de puissance optique, de traitement d&#039;image avanc\u00e9, d&#039;analyse proactive et de durabilit\u00e9 in\u00e9gal\u00e9e en fait une pierre angulaire des syst\u00e8mes de s\u00e9curit\u00e9 modernes.<\/p>\n<p class=\"ds-markdown-paragraph\"><strong>Caract\u00e9ristiques principales :<\/strong><\/p>\n<ul>\n<li>\n<p class=\"ds-markdown-paragraph\"><strong>Capteur:<\/strong>\u00a0Capteur CMOS \u00e0 balayage progressif 1\/2,8\u2033<\/p>\n<\/li>\n<li>\n<p class=\"ds-markdown-paragraph\"><strong>Objectif:<\/strong>\u00a04,25-170 mm, F1,6-4,95, zoom optique 40x<\/p>\n<\/li>\n<li>\n<p class=\"ds-markdown-paragraph\"><strong>PTZ :<\/strong>\u00a0Rotation panoramique \u00e0 360\u00b0, inclinaison \u00e0 220\u00b0, suivi automatique 2<\/p>\n<\/li>\n<li>\n<p class=\"ds-markdown-paragraph\"><strong>Technologie d&#039;imagerie :<\/strong>\u00a0Lightfinder 2.0, WDR (jusqu&#039;\u00e0 120 dB)<\/p>\n<\/li>\n<li>\n<p class=\"ds-markdown-paragraph\"><strong>Analyse:<\/strong>\u00a0AXIS Object Analytics (Personnes, V\u00e9hicules)<\/p>\n<\/li>\n<li>\n<p class=\"ds-markdown-paragraph\"><strong>Cybers\u00e9curit\u00e9 :<\/strong>\u00a0Axis Edge Vault, TPM (FIPS 140-2 Niveau 2)<\/p>\n<\/li>\n<li>\n<p class=\"ds-markdown-paragraph\"><strong>Classe de protection\u00a0:<\/strong>\u00a0IP66\/IP67, IK10, NEMA 4X<\/p>\n<\/li>\n<li>\n<p class=\"ds-markdown-paragraph\"><strong>Alimentation\u00a0:<\/strong>\u00a0Inclut un Midspan PoE haute puissance de 60 W<\/p>\n<\/li>\n<li>\n<p class=\"ds-markdown-paragraph\"><strong>Garantie:<\/strong>\u00a0Garantie de 5 ans<\/p>\n<\/li>\n<\/ul>\n<div class=\"sc-bczRLJ fySwpa\">\n<div class=\"sc-bczRLJ kEeNDb\"><\/div>\n<\/div>","protected":false},"excerpt":{"rendered":"<p>L&#039;AXIS Q6075-E est une cam\u00e9ra PTZ haute performance con\u00e7ue pour les environnements ext\u00e9rieurs exigeants.<\/p>\n<p>Elle offre des images nettes en HDTV 1080p et un zoom optique exceptionnel de 40x qui vous permet de capturer des gros plans d\u00e9taill\u00e9s de loin.<\/p>\n<p>La cam\u00e9ra est \u00e9quip\u00e9e de la fonction avanc\u00e9e Autotracking 2 avec \u00ab clic et suivi \u00bb, qui suit automatiquement les objets en mouvement afin de ne manquer aucun \u00e9v\u00e9nement important.<\/p>","protected":false},"featured_media":160173,"template":"","meta":{"_acf_changed":false},"product_brand":[],"product_cat":[4948,4952],"product_tag":[],"class_list":{"0":"post-160176","1":"product","2":"type-product","3":"status-publish","4":"has-post-thumbnail","6":"product_cat-axis-kamerasystem","7":"product_cat-axis-ptz-kamera","8":"pa_brands-axis","9":"tm-no-options","11":"first","12":"onbackorder","13":"sale","14":"taxable","15":"shipping-taxable","16":"purchasable","17":"product-type-simple"},"acf":[],"_links":{"self":[{"href":"https:\/\/secureus.se\/fr\/wp-json\/wp\/v2\/product\/160176","targetHints":{"allow":["GET"]}}],"collection":[{"href":"https:\/\/secureus.se\/fr\/wp-json\/wp\/v2\/product"}],"about":[{"href":"https:\/\/secureus.se\/fr\/wp-json\/wp\/v2\/types\/product"}],"wp:featuredmedia":[{"embeddable":true,"href":"https:\/\/secureus.se\/fr\/wp-json\/wp\/v2\/media\/160173"}],"wp:attachment":[{"href":"https:\/\/secureus.se\/fr\/wp-json\/wp\/v2\/media?parent=160176"}],"wp:term":[{"taxonomy":"product_brand","embeddable":true,"href":"https:\/\/secureus.se\/fr\/wp-json\/wp\/v2\/product_brand?post=160176"},{"taxonomy":"product_cat","embeddable":true,"href":"https:\/\/secureus.se\/fr\/wp-json\/wp\/v2\/product_cat?post=160176"},{"taxonomy":"product_tag","embeddable":true,"href":"https:\/\/secureus.se\/fr\/wp-json\/wp\/v2\/product_tag?post=160176"}],"curies":[{"name":"wp","href":"https:\/\/api.w.org\/{rel}","templated":true}]}}