{"id":160185,"date":"2025-11-21T11:12:31","date_gmt":"2025-11-21T10:12:31","guid":{"rendered":"https:\/\/secureus.se\/?post_type=product&#038;p=160185"},"modified":"2026-04-09T11:18:19","modified_gmt":"2026-04-09T09:18:19","slug":"axis-q6135-le-q61-serien-2mp-zipstream-ip-ptz-kamera-med-32x-optisk-zoom-43-1376-mm-motoriserat-objektiv-ir-190-m-ip66-vit","status":"publish","type":"product","link":"https:\/\/secureus.se\/fr\/axis-q6135-le-q61-serien-2mp-zipstream-ip-ptz-kamera-med-32x-optisk-zoom-43-1376-mm-motoriserat-objektiv-ir-190-m-ip66-vit\/","title":{"rendered":"Cam\u00e9ra IP PTZ Zipstream AXIS Q6135-LE s\u00e9rie Q61, 2 MP, zoom optique 32x, objectif motoris\u00e9 4,3-137,6 mm, IR 190 m, IP66, blanche"},"content":{"rendered":"<h1>Cam\u00e9ra IP PTZ Zipstream AXIS Q6135-LE s\u00e9rie Q61, 2 MP, zoom optique 32x, objectif motoris\u00e9 4,3-137,6 mm, IR 190 m, IP66, blanche<\/h1>\n<div class=\"dad65929\">\n<div class=\"_4f9bf79 d7dc56a8 _43c05b5\">\n<div class=\"ds-message _63c77b1\">\n<div class=\"ds-markdown\">\n<p class=\"ds-markdown-paragraph\">La cam\u00e9ra r\u00e9seau PTZ AXIS Q6135-LE est une cam\u00e9ra sp\u00e9cialement con\u00e7ue pour les applications de surveillance exigeantes o\u00f9 une longue port\u00e9e et des performances fiables dans toutes les conditions d&#039;\u00e9clairage sont essentielles.<\/p>\n<p class=\"ds-markdown-paragraph\">Elle combine une optique de pointe, un \u00e9clairage infrarouge intelligent et une construction robuste pour offrir une solution compl\u00e8te de protection des zones critiques telles que les a\u00e9roports, les ports, les grandes installations industrielles et la surveillance des fronti\u00e8res.<\/p>\n<p class=\"ds-markdown-paragraph\"><strong>Performances optiques exceptionnelles et infrarouge \u00e0 longue port\u00e9e<\/strong><br \/>\nLe point fort du Q6135-LE est son zoom optique 32x (objectif 4,3\u2013137,6 mm), qui vous permet d&#039;identifier des objets \u00e0 tr\u00e8s grande distance avec une r\u00e9solution Full HD 1080p.<\/p>\n<p class=\"ds-markdown-paragraph\">Il est \u00e9quip\u00e9 de\u00a0<strong>IR optimis\u00e9<\/strong>Une technologie qui ajuste l&#039;\u00e9clairage infrarouge pour obtenir un \u00e9clairage optimal sans surexposition. Gr\u00e2ce \u00e0 un module PoE haute puissance d\u00e9di\u00e9 de 60 W, l&#039;\u00e9clairage infrarouge atteint jusqu&#039;\u00e0\u2026\u00a0<strong>250 m\u00e8tres<\/strong>, ce qui garantit des images nettes en noir et blanc m\u00eame dans l&#039;obscurit\u00e9 totale.<\/p>\n<p class=\"ds-markdown-paragraph\"><strong>Technologie d&#039;imagerie avanc\u00e9e pour une qualit\u00e9 d&#039;image sup\u00e9rieure<\/strong><br \/>\nPour g\u00e9rer les conditions d&#039;\u00e9clairage difficiles, la cam\u00e9ra utilise\u00a0<strong>Axis Lightfinder 2.0<\/strong>\u00a0pour fournir des images color\u00e9es et nettes en faible luminosit\u00e9.<\/p>\n<p class=\"ds-markdown-paragraph\">Il comprend \u00e9galement la technologie WDR (Wide Dynamic Range) Forensic jusqu&#039;\u00e0 120 dB pour \u00e9quilibrer les sc\u00e8nes pr\u00e9sentant des contrastes tr\u00e8s \u00e9lev\u00e9s, comme le contre-jour.<\/p>\n<p class=\"ds-markdown-paragraph\">La r\u00e9volution\u00a0<strong>Technologie Sharpdome<\/strong>\u00a0Il s&#039;agit d&#039;un avantage unique : il \u00e9limine la distorsion traditionnelle des cam\u00e9ras d\u00f4mes et offre la m\u00eame qualit\u00e9 d&#039;image nette jusqu&#039;\u00e0 20\u00b0 au-dessus de l&#039;horizon, ce qui est crucial pour d\u00e9tecter les \u00e9v\u00e9nements se produisant en hauteur dans l&#039;image.<\/p>\n<p class=\"ds-markdown-paragraph\"><strong>Fonctionnalit\u00e9s intelligentes pour une surveillance proactive<\/strong><br \/>\nL&#039;appareil photo est \u00e9quip\u00e9 de\u00a0<strong>Suivi automatique 2<\/strong>, qui comprend la fonction intuitive \u00ab cliquer et suivre \u00bb.<\/p>\n<p class=\"ds-markdown-paragraph\">Cela permet \u00e0 un op\u00e9rateur de marquer facilement un objet suspect afin que la cam\u00e9ra commence automatiquement \u00e0 suivre ses mouvements dans la sc\u00e8ne.<\/p>\n<p class=\"ds-markdown-paragraph\">L&#039;int\u00e9gr\u00e9\u00a0<strong>AXIS Object Analytics<\/strong>\u00a0peut d\u00e9tecter les personnes et les v\u00e9hicules et \u00eatre utilis\u00e9 pour cr\u00e9er des r\u00e8gles d&#039;alarme intelligentes bas\u00e9es sur le comportement, comme le franchissement de lignes ou l&#039;entr\u00e9e dans des zones interdites.<\/p>\n<p class=\"ds-markdown-paragraph\"><strong>Construction robuste et s\u00fbre<\/strong><br \/>\nCon\u00e7ue pour les environnements ext\u00e9rieurs extr\u00eames, la cam\u00e9ra poss\u00e8de un bo\u00eetier certifi\u00e9 IP66 et NEMA 4X et une protection IK10 contre le vandalisme.<\/p>\n<p class=\"ds-markdown-paragraph\">Pour prot\u00e9ger le syst\u00e8me lui-m\u00eame, la plateforme de s\u00e9curit\u00e9 mat\u00e9rielle est int\u00e9gr\u00e9e.\u00a0<strong>Coffre-fort Axis Edge<\/strong>\u00a0avec un\u00a0<strong>Module TPM 2.0 certifi\u00e9 FIPS 140-2 niveau 2<\/strong>Cela garantit un d\u00e9marrage s\u00e9curis\u00e9, un firmware sign\u00e9 et prot\u00e8ge l&#039;identit\u00e9 de la cam\u00e9ra et l&#039;int\u00e9grit\u00e9 vid\u00e9o contre tout acc\u00e8s non autoris\u00e9.<\/p>\n<p class=\"ds-markdown-paragraph\"><strong>R\u00e9sum\u00e9<\/strong><br \/>\nL&#039;AXIS Q6135-LE est la solution ultime pour les situations o\u00f9 la visibilit\u00e9 et la clart\u00e9 de l&#039;image sont absolument essentielles, 24h\/24 et 7j\/7.<\/p>\n<p class=\"ds-markdown-paragraph\">Sa combinaison unique de zoom longue port\u00e9e, d&#039;\u00e9clairage IR avanc\u00e9, de technologie Sharpdome et de fonctions de suivi intelligentes en fait un choix imbattable pour la protection de grands espaces ext\u00e9rieurs ouverts et sensibles.<\/p>\n<p class=\"ds-markdown-paragraph\"><strong>Caract\u00e9ristiques principales :<\/strong><\/p>\n<ul>\n<li>\n<p class=\"ds-markdown-paragraph\"><strong>Capteur:<\/strong>\u00a0Capteur CMOS \u00e0 balayage progressif 1\/2,8\u2033<\/p>\n<\/li>\n<li>\n<p class=\"ds-markdown-paragraph\"><strong>Objectif:<\/strong>\u00a04,3\u2013137,6 mm, F1,4\u20134,0, zoom optique 32x<\/p>\n<\/li>\n<li>\n<p class=\"ds-markdown-paragraph\"><strong>Distance IR :<\/strong>\u00a0Jusqu&#039;\u00e0 250 m (avec Midspan 60 W)<\/p>\n<\/li>\n<li>\n<p class=\"ds-markdown-paragraph\"><strong>Technologie d&#039;imagerie :<\/strong>\u00a0Lightfinder 2.0, WDR forensique, Sharpdome<\/p>\n<\/li>\n<li>\n<p class=\"ds-markdown-paragraph\"><strong>Suivi:<\/strong>\u00a0Suivi automatique 2 avec \u00ab\u00a0cliquer et suivre\u00a0\u00bb<\/p>\n<\/li>\n<li>\n<p class=\"ds-markdown-paragraph\"><strong>Analyse:<\/strong>\u00a0AXIS Object Analytics (Personnes, V\u00e9hicules)<\/p>\n<\/li>\n<li>\n<p class=\"ds-markdown-paragraph\"><strong>Classe de protection\u00a0:<\/strong>\u00a0IP66, NEMA 4X, IK10<\/p>\n<\/li>\n<li>\n<p class=\"ds-markdown-paragraph\"><strong>S\u00e9curit\u00e9:<\/strong>\u00a0Axis Edge Vault, TPM (FIPS 140-2 Niveau 2)<\/p>\n<\/li>\n<li>\n<p class=\"ds-markdown-paragraph\"><strong>Garantie:<\/strong>\u00a0Garantie de 5 ans<\/p>\n<\/li>\n<\/ul>\n<\/div>\n<\/div>\n<\/div>\n<\/div>","protected":false},"excerpt":{"rendered":"<p>L&#039;AXIS Q6135-LE est une cam\u00e9ra PTZ haute performance sp\u00e9cialement con\u00e7ue pour la surveillance \u00e0 longue port\u00e9e dans des environnements difficiles.<\/p>\n<p>Elle offre des images nettes en HDTV 1080p gr\u00e2ce \u00e0 un puissant zoom optique 32x. Sa technologie OptimizedIR longue port\u00e9e est unique\u00a0: elle \u00e9claire efficacement les sc\u00e8nes jusqu\u2019\u00e0 250\u00a0m\u00e8tres, selon les conditions d\u2019\u00e9clairage.<\/p>\n<p>Pour garantir une qualit\u00e9 d&#039;image optimale en basse lumi\u00e8re, l&#039;appareil photo est \u00e9quip\u00e9 du syst\u00e8me Axis Lightfinder 2.0.<\/p>","protected":false},"featured_media":160181,"template":"","meta":{"_acf_changed":false},"product_brand":[],"product_cat":[4952],"product_tag":[],"class_list":{"0":"post-160185","1":"product","2":"type-product","3":"status-publish","4":"has-post-thumbnail","6":"product_cat-axis-ptz-kamera","7":"pa_brands-axis","8":"pa_farg-vit","9":"tm-no-options","11":"first","12":"instock","13":"sale","14":"taxable","15":"shipping-taxable","16":"purchasable","17":"product-type-simple"},"acf":[],"_links":{"self":[{"href":"https:\/\/secureus.se\/fr\/wp-json\/wp\/v2\/product\/160185","targetHints":{"allow":["GET"]}}],"collection":[{"href":"https:\/\/secureus.se\/fr\/wp-json\/wp\/v2\/product"}],"about":[{"href":"https:\/\/secureus.se\/fr\/wp-json\/wp\/v2\/types\/product"}],"wp:featuredmedia":[{"embeddable":true,"href":"https:\/\/secureus.se\/fr\/wp-json\/wp\/v2\/media\/160181"}],"wp:attachment":[{"href":"https:\/\/secureus.se\/fr\/wp-json\/wp\/v2\/media?parent=160185"}],"wp:term":[{"taxonomy":"product_brand","embeddable":true,"href":"https:\/\/secureus.se\/fr\/wp-json\/wp\/v2\/product_brand?post=160185"},{"taxonomy":"product_cat","embeddable":true,"href":"https:\/\/secureus.se\/fr\/wp-json\/wp\/v2\/product_cat?post=160185"},{"taxonomy":"product_tag","embeddable":true,"href":"https:\/\/secureus.se\/fr\/wp-json\/wp\/v2\/product_tag?post=160185"}],"curies":[{"name":"wp","href":"https:\/\/api.w.org\/{rel}","templated":true}]}}