{"id":160189,"date":"2025-11-21T11:12:31","date_gmt":"2025-11-21T10:12:31","guid":{"rendered":"https:\/\/secureus.se\/?post_type=product&#038;p=160189"},"modified":"2026-04-23T13:01:29","modified_gmt":"2026-04-23T11:01:29","slug":"axis-a9210-relamodul-for-i-o-i-natverk","status":"publish","type":"product","link":"https:\/\/secureus.se\/fr\/axis-a9210-relamodul-for-i-o-i-natverk\/","title":{"rendered":"Module relais d&#039;E\/S r\u00e9seau AXIS A9210"},"content":{"rendered":"<h1>Module relais d&#039;E\/S r\u00e9seau AXIS A9210<\/h1>\n<p class=\"ds-markdown-paragraph\">Le module relais d&#039;E\/S r\u00e9seau AXIS A9210 est un dispositif d&#039;interface sophistiqu\u00e9 con\u00e7u pour \u00e9tendre les capacit\u00e9s des syst\u00e8mes de s\u00e9curit\u00e9 et de gestion des b\u00e2timents.<\/p>\n<p class=\"ds-markdown-paragraph\">En fournissant de multiples connexions d&#039;entr\u00e9e\/sortie dans un seul p\u00e9riph\u00e9rique r\u00e9seau, il permet une surveillance et un contr\u00f4le complets de divers p\u00e9riph\u00e9riques et syst\u00e8mes.<\/p>\n<p class=\"ds-markdown-paragraph\"><strong>Configuration E\/S compl\u00e8te<\/strong><br \/>\nL&#039;A9210 offre un total de 10 ports d&#039;E\/S avec des options de configuration flexibles\u00a0:<\/p>\n<ul>\n<li>\n<p class=\"ds-markdown-paragraph\">2 E\/S configurables pouvant \u00eatre d\u00e9finies comme entr\u00e9es ou sorties<\/p>\n<\/li>\n<li>\n<p class=\"ds-markdown-paragraph\">5 entr\u00e9es num\u00e9riques d\u00e9di\u00e9es avec capacit\u00e9 de supervision (0-12 V CC, 4 \u00e9tats)<\/p>\n<\/li>\n<li>\n<p class=\"ds-markdown-paragraph\">3 sorties num\u00e9riques (drain ouvert, max 30 V CC, 100 mA chacune)<\/p>\n<\/li>\n<li>\n<p class=\"ds-markdown-paragraph\">1 contact de relais de type C (NO\/NF) de 2 A \u00e0 30 V CC<\/p>\n<\/li>\n<\/ul>\n<p class=\"ds-markdown-paragraph\">Les entr\u00e9es supervis\u00e9es comportent des r\u00e9sistances de fin de ligne programmables (1K, 2,2K, 4,7K et 10K), offrant une surveillance de s\u00e9curit\u00e9 am\u00e9lior\u00e9e en d\u00e9tectant les falsifications ou les coupures de c\u00e2ble.<\/p>\n<p class=\"ds-markdown-paragraph\">Le module comprend \u00e9galement une sortie d&#039;alimentation CC de 12 V (50 mA) pour alimenter les appareils connect\u00e9s.<\/p>\n<p class=\"ds-markdown-paragraph\"><strong>Extension du syst\u00e8me \u00e9volutive<\/strong><br \/>\nL&#039;un des principaux avantages de l&#039;A9210 est sa capacit\u00e9 multipoint, permettant la connexion de jusqu&#039;\u00e0 16 modules d&#039;extension via une seule connexion IP.<\/p>\n<p class=\"ds-markdown-paragraph\">Cette \u00e9volutivit\u00e9 permet de prendre en charge jusqu&#039;\u00e0 128 E\/S et 64 relais, ce qui la rend id\u00e9ale pour les installations \u00e0 grande \u00e9chelle sans n\u00e9cessiter d&#039;infrastructure r\u00e9seau suppl\u00e9mentaire.<\/p>\n<p class=\"ds-markdown-paragraph\"><strong>Connectivit\u00e9 et int\u00e9gration robustes<\/strong><br \/>\nLe module comprend un port RS485 compatible Modbus, facilitant l&#039;int\u00e9gration avec les syst\u00e8mes de contr\u00f4le industriels et l&#039;automatisation des b\u00e2timents.<\/p>\n<p class=\"ds-markdown-paragraph\">Il prend en charge les protocoles r\u00e9seau standard, notamment IPv4\/IPv6, HTTP\/HTTPS et SNMP, assurant ainsi la compatibilit\u00e9 avec la plupart des syst\u00e8mes de s\u00e9curit\u00e9 et de gestion.<\/p>\n<p class=\"ds-markdown-paragraph\">Construite sur les plateformes ouvertes d&#039;Axis, l&#039;A9210 prend en charge l&#039;API VAPIX et la plateforme d&#039;applications pour cam\u00e9ras AXIS (ACAP), permettant le d\u00e9veloppement d&#039;applications personnalis\u00e9es et une int\u00e9gration transparente avec les syst\u00e8mes de gestion vid\u00e9o d&#039;Axis et les solutions tierces.<\/p>\n<p class=\"ds-markdown-paragraph\"><strong>Fonctionnalit\u00e9s de s\u00e9curit\u00e9 am\u00e9lior\u00e9es<\/strong><br \/>\nLa s\u00e9curit\u00e9 est renforc\u00e9e par Axis Edge Vault, une plateforme de cybers\u00e9curit\u00e9 mat\u00e9rielle qui offre\u00a0:<\/p>\n<ul>\n<li>\n<p class=\"ds-markdown-paragraph\">D\u00e9marrage s\u00e9curis\u00e9 et v\u00e9rification du firmware sign\u00e9<\/p>\n<\/li>\n<li>\n<p class=\"ds-markdown-paragraph\">Magasin de cl\u00e9s s\u00e9curis\u00e9 pour les op\u00e9rations cryptographiques<\/p>\n<\/li>\n<li>\n<p class=\"ds-markdown-paragraph\">module de s\u00e9curit\u00e9 mat\u00e9rielle certifi\u00e9 FIPS 140-2<\/p>\n<\/li>\n<li>\n<p class=\"ds-markdown-paragraph\">Syst\u00e8me de fichiers chiffr\u00e9 (AES-XTS-Plain64 256 bits)<\/p>\n<\/li>\n<\/ul>\n<p class=\"ds-markdown-paragraph\">Ces fonctionnalit\u00e9s garantissent l&#039;int\u00e9grit\u00e9 de l&#039;appareil et le prot\u00e8gent contre tout acc\u00e8s non autoris\u00e9 tout au long de son cycle de vie.<\/p>\n<p class=\"ds-markdown-paragraph\"><strong>Construction durable et installation flexible<\/strong><br \/>\nLog\u00e9 dans un bo\u00eetier en acier robuste, l&#039;A9210 est con\u00e7u pour les environnements exigeants avec une plage de temp\u00e9ratures de fonctionnement de -40\u00b0C \u00e0 55\u00b0C (-40\u00b0F \u00e0 131\u00b0F).<\/p>\n<p class=\"ds-markdown-paragraph\">Il prend en charge plusieurs options de montage, notamment le montage mural et l&#039;installation sur rail DIN, avec des borniers d\u00e9tachables \u00e0 code couleur pour un c\u00e2blage simplifi\u00e9.<\/p>\n<p class=\"ds-markdown-paragraph\">Le module peut \u00eatre aliment\u00e9 via Power over Ethernet (PoE+ IEEE 802.3at) ou par une entr\u00e9e 12V CC, offrant une grande flexibilit\u00e9 quant aux emplacements d&#039;installation.<\/p>\n<p class=\"ds-markdown-paragraph\">La sortie relais prend en charge les contacts humides et secs, s&#039;adaptant ainsi \u00e0 diverses applications de commande.<\/p>\n<p class=\"ds-markdown-paragraph\"><strong>Polyvalence de l&#039;application<\/strong><br \/>\nL&#039;AXIS A9210 convient \u00e0 de nombreuses applications, notamment\u00a0:<\/p>\n<ul>\n<li>\n<p class=\"ds-markdown-paragraph\">int\u00e9gration du syst\u00e8me de contr\u00f4le d&#039;acc\u00e8s<\/p>\n<\/li>\n<li>\n<p class=\"ds-markdown-paragraph\">Surveillance environnementale (temp\u00e9rature, humidit\u00e9, d\u00e9tection d&#039;eau)<\/p>\n<\/li>\n<li>\n<p class=\"ds-markdown-paragraph\">Extension du syst\u00e8me d&#039;alarme<\/p>\n<\/li>\n<li>\n<p class=\"ds-markdown-paragraph\">Automatisation industrielle<\/p>\n<\/li>\n<li>\n<p class=\"ds-markdown-paragraph\">syst\u00e8mes de gestion des b\u00e2timents<\/p>\n<\/li>\n<li>\n<p class=\"ds-markdown-paragraph\">Am\u00e9liorations de la protection p\u00e9rim\u00e9trique<\/p>\n<\/li>\n<\/ul>\n<p class=\"ds-markdown-paragraph\"><strong>R\u00e9sum\u00e9<\/strong><br \/>\nLe module relais d&#039;E\/S r\u00e9seau AXIS A9210 offre une solution s\u00e9curis\u00e9e, \u00e9volutive et polyvalente pour \u00e9tendre les capacit\u00e9s du syst\u00e8me au-del\u00e0 de la vid\u00e9osurveillance.<\/p>\n<p class=\"ds-markdown-paragraph\">Sa configuration d&#039;E\/S compl\u00e8te, ses fonctionnalit\u00e9s de s\u00e9curit\u00e9 robustes et ses options d&#039;int\u00e9gration flexibles en font un composant essentiel des syst\u00e8mes de s\u00e9curit\u00e9 et d&#039;automatisation modernes, permettant la surveillance et le contr\u00f4le centralis\u00e9s de divers appareils et capteurs via une seule connexion r\u00e9seau.<\/p>\n<p class=\"ds-markdown-paragraph\"><strong>Caract\u00e9ristiques principales :<\/strong><\/p>\n<ul>\n<li>\n<p class=\"ds-markdown-paragraph\">Ports d&#039;E\/S : 10 au total (2 E\/S configurables, 5 entr\u00e9es, 3 sorties)<\/p>\n<\/li>\n<li>\n<p class=\"ds-markdown-paragraph\">Relais : 1 contact de type C (2 A, 30 V CC)<\/p>\n<\/li>\n<li>\n<p class=\"ds-markdown-paragraph\">Extension : Prend en charge jusqu&#039;\u00e0 128 E\/S et 64 relais<\/p>\n<\/li>\n<li>\n<p class=\"ds-markdown-paragraph\">Connectivit\u00e9 : Ethernet, RS485 (Modbus)<\/p>\n<\/li>\n<li>\n<p class=\"ds-markdown-paragraph\">Alimentation\u00a0: PoE+ (IEEE 802.3at) ou 12\u00a0V CC<\/p>\n<\/li>\n<li>\n<p class=\"ds-markdown-paragraph\">S\u00e9curit\u00e9 : Axis Edge Vault avec d\u00e9marrage s\u00e9curis\u00e9<\/p>\n<\/li>\n<li>\n<p class=\"ds-markdown-paragraph\">Temp\u00e9rature de fonctionnement : -40 \u00b0C \u00e0 55 \u00b0C<\/p>\n<\/li>\n<li>\n<p class=\"ds-markdown-paragraph\">Montage : mural ou sur rail DIN<\/p>\n<\/li>\n<li>\n<p class=\"ds-markdown-paragraph\">Garantie : garantie de 5 ans<\/p>\n<\/li>\n<\/ul>\n<div class=\"sc-bczRLJ fySwpa\">\n<div class=\"sc-bczRLJ kEeNDb\"><\/div>\n<\/div>","protected":false},"excerpt":{"rendered":"<p>Le module relais E\/S r\u00e9seau AXIS A9210 \u00e9tend les fonctionnalit\u00e9s des syst\u00e8mes de s\u00e9curit\u00e9 en fournissant 10 ports d&#039;E\/S configurables, dont 5 entr\u00e9es supervis\u00e9es, 3 sorties et 1 sortie relais de type C.<\/p>\n<p>Ce dispositif polyvalent permet l&#039;int\u00e9gration avec divers capteurs, alarmes et syst\u00e8mes de contr\u00f4le, permettant la surveillance des capteurs environnementaux, des boutons d&#039;alarme et autres dispositifs de s\u00e9curit\u00e9.<\/p>","protected":false},"featured_media":160186,"template":"","meta":{"_acf_changed":false},"product_brand":[],"product_cat":[4956],"product_tag":[],"class_list":{"0":"post-160189","1":"product","2":"type-product","3":"status-publish","4":"has-post-thumbnail","6":"product_cat-ovrigt-fran-axis","7":"pa_brands-axis","8":"pa_farg-vit","9":"tm-no-options","11":"first","12":"instock","13":"sale","14":"taxable","15":"shipping-taxable","16":"purchasable","17":"product-type-simple"},"acf":[],"_links":{"self":[{"href":"https:\/\/secureus.se\/fr\/wp-json\/wp\/v2\/product\/160189","targetHints":{"allow":["GET"]}}],"collection":[{"href":"https:\/\/secureus.se\/fr\/wp-json\/wp\/v2\/product"}],"about":[{"href":"https:\/\/secureus.se\/fr\/wp-json\/wp\/v2\/types\/product"}],"wp:featuredmedia":[{"embeddable":true,"href":"https:\/\/secureus.se\/fr\/wp-json\/wp\/v2\/media\/160186"}],"wp:attachment":[{"href":"https:\/\/secureus.se\/fr\/wp-json\/wp\/v2\/media?parent=160189"}],"wp:term":[{"taxonomy":"product_brand","embeddable":true,"href":"https:\/\/secureus.se\/fr\/wp-json\/wp\/v2\/product_brand?post=160189"},{"taxonomy":"product_cat","embeddable":true,"href":"https:\/\/secureus.se\/fr\/wp-json\/wp\/v2\/product_cat?post=160189"},{"taxonomy":"product_tag","embeddable":true,"href":"https:\/\/secureus.se\/fr\/wp-json\/wp\/v2\/product_tag?post=160189"}],"curies":[{"name":"wp","href":"https:\/\/api.w.org\/{rel}","templated":true}]}}