{"id":160192,"date":"2025-11-21T11:12:31","date_gmt":"2025-11-21T10:12:31","guid":{"rendered":"https:\/\/secureus.se\/?post_type=product&#038;p=160192"},"modified":"2026-04-09T11:18:07","modified_gmt":"2026-04-09T09:18:07","slug":"axis-a8207-ve-mkll-dorrstation-for-natverksvideo-gra","status":"publish","type":"product","link":"https:\/\/secureus.se\/fr\/axis-a8207-ve-mkll-dorrstation-for-natverksvideo-gra\/","title":{"rendered":"Interphone vid\u00e9o r\u00e9seau AXIS A8207-VE MKII, gris"},"content":{"rendered":"<h1>Interphone vid\u00e9o r\u00e9seau AXIS A8207-VE MKII, gris<\/h1>\n<p class=\"ds-markdown-paragraph\">Le portier vid\u00e9o r\u00e9seau AXIS A8207-VE MkII est une solution d&#039;entr\u00e9e polyvalente et intelligente qui combine la vid\u00e9osurveillance avanc\u00e9e, la communication audio et le contr\u00f4le d&#039;acc\u00e8s physique dans une seule unit\u00e9 compacte.<\/p>\n<p class=\"ds-markdown-paragraph\">Il est con\u00e7u pour am\u00e9liorer la s\u00e9curit\u00e9 et l&#039;efficacit\u00e9 des entr\u00e9es \u00e0 fort trafic, tant d&#039;employ\u00e9s connus que de visiteurs.<\/p>\n<p class=\"ds-markdown-paragraph\"><strong>Qualit\u00e9 vid\u00e9o et image avanc\u00e9e<\/strong><br \/>\nAu c\u0153ur de la station de porte se trouve un capteur de 6 m\u00e9gapixels avec un objectif fixe de 1,56 mm offrant un champ de vision horizontal exceptionnellement large de 180\u00b0. Ceci \u00e9limine les angles morts et offre une vue compl\u00e8te des personnes \u00e0 la porte.<\/p>\n<p class=\"ds-markdown-paragraph\">Pour g\u00e9rer les conditions d&#039;\u00e9clairage difficiles, il est \u00e9quip\u00e9 de la technologie Forensic WDR (Wide Dynamic Range) jusqu&#039;\u00e0 120 dB. La technologie Axis Zipstream optimise l&#039;utilisation de la bande passante sans compromettre les d\u00e9tails visuels importants.<\/p>\n<p class=\"ds-markdown-paragraph\"><strong>Contr\u00f4le d&#039;acc\u00e8s et authentification complets<\/strong><br \/>\nUn lecteur RFID multifr\u00e9quence int\u00e9gr\u00e9 prend en charge une large gamme de technologies de cartes, notamment MiFARE Classic\/Plus\/DesFire, HID iCLASS et HID Prox.<\/p>\n<p class=\"ds-markdown-paragraph\">Associ\u00e9 \u00e0 un clavier pour la saisie du code PIN, ce dispositif offre une grande flexibilit\u00e9 d&#039;authentification\u00a0: carte, badge, code PIN ou code d&#039;acc\u00e8s. La compatibilit\u00e9 avec les protocoles standards tels que OSDP sur RS485 et Wiegand garantit une int\u00e9gration ais\u00e9e avec la plupart des syst\u00e8mes de contr\u00f4le d&#039;acc\u00e8s du march\u00e9.<\/p>\n<p class=\"ds-markdown-paragraph\"><strong>Communication qualitative et interaction avec l&#039;utilisateur<\/strong><br \/>\nLe poste de porte est \u00e9quip\u00e9 d&#039;un double microphone int\u00e9gr\u00e9, d&#039;un haut-parleur int\u00e9gr\u00e9 avec un amplificateur de 2 W et d&#039;un amplificateur s\u00e9par\u00e9 de 4 W pour la boucle magn\u00e9tique pour appareils auditifs.<\/p>\n<p class=\"ds-markdown-paragraph\">Il offre une communication audio bidirectionnelle en duplex int\u00e9gral avec annulation d&#039;\u00e9cho et r\u00e9duction du bruit avanc\u00e9es pour des conversations d&#039;une clart\u00e9 exceptionnelle. La compr\u00e9hension de l&#039;utilisateur est encore am\u00e9lior\u00e9e par un retour visuel imm\u00e9diat (symboles lumineux, bande indicatrice) et un retour sonore.<\/p>\n<p class=\"ds-markdown-paragraph\"><strong>Int\u00e9gration robuste et cybers\u00e9curit\u00e9<\/strong><br \/>\nCon\u00e7u sur la base de normes ouvertes, l&#039;appareil prend en charge l&#039;API VAPIX, les profils ONVIF S et G, ainsi que le protocole d&#039;initiation de session (SIP) pour une int\u00e9gration directe avec les syst\u00e8mes VoIP et les PBX.<\/p>\n<p class=\"ds-markdown-paragraph\">La cybers\u00e9curit\u00e9 est renforc\u00e9e par un firmware sign\u00e9, le d\u00e9marrage s\u00e9curis\u00e9 et une gamme compl\u00e8te de fonctionnalit\u00e9s de protection r\u00e9seau afin de prot\u00e9ger l&#039;appareil et les donn\u00e9es contre tout acc\u00e8s non autoris\u00e9.<\/p>\n<p class=\"ds-markdown-paragraph\"><strong>Construction durable et polyvalence<\/strong><br \/>\nAvec un bo\u00eetier en aluminium et polycarbonate certifi\u00e9 IP66 et IK08, l&#039;appareil peut r\u00e9sister aux intemp\u00e9ries et aux contraintes physiques.<\/p>\n<p class=\"ds-markdown-paragraph\">Il peut \u00eatre aliment\u00e9 par PoE\/PoE+ ou par une alimentation CC de 8 \u00e0 28 V, offrant ainsi une grande flexibilit\u00e9 d&#039;installation. Une sortie microHDMI permet de diffuser en direct sur un moniteur \u00e0 proximit\u00e9 pour une consultation publique.<\/p>\n<p class=\"ds-markdown-paragraph\"><strong>R\u00e9sum\u00e9<\/strong><br \/>\nL&#039;AXIS A8207-VE MkII est plus qu&#039;un simple portier de s\u00e9curit\u00e9 ; c&#039;est un \u00e9l\u00e9ment central d&#039;un syst\u00e8me de s\u00e9curit\u00e9 moderne.<\/p>\n<p class=\"ds-markdown-paragraph\">Sa capacit\u00e9 \u00e0 combiner harmonieusement vid\u00e9o haute d\u00e9finition, analyses intelligentes, contr\u00f4le d&#039;acc\u00e8s performant et communication claire en fait un choix id\u00e9al pour cr\u00e9er des entr\u00e9es s\u00e9curis\u00e9es, efficaces et conviviales pour les bureaux, les \u00e9coles, les h\u00f4pitaux et les b\u00e2timents publics.<\/p>\n<p class=\"ds-markdown-paragraph\"><strong>Caract\u00e9ristiques principales :<\/strong><\/p>\n<ul>\n<li>\n<p class=\"ds-markdown-paragraph\"><strong>Cam\u00e9ra:<\/strong>\u00a06 MP, champ de vision horizontal de 180\u00b0<\/p>\n<\/li>\n<li>\n<p class=\"ds-markdown-paragraph\"><strong>Authentification:<\/strong>\u00a0RFID (13,56 MHz et 125 kHz), code PIN<\/p>\n<\/li>\n<li>\n<p class=\"ds-markdown-paragraph\"><strong>Son:<\/strong>\u00a0Syst\u00e8me audio bidirectionnel avec r\u00e9duction d&#039;\u00e9cho, boucle d&#039;induction pour appareils auditifs<\/p>\n<\/li>\n<li>\n<p class=\"ds-markdown-paragraph\"><strong>Int\u00e9gration:<\/strong>\u00a0SIP, ONVIF, VAPIX, OSDP, Wiegand<\/p>\n<\/li>\n<li>\n<p class=\"ds-markdown-paragraph\"><strong>Relations:<\/strong>\u00a0PoE\/PoE+, E\/S, Relais, RS485, microHDMI<\/p>\n<\/li>\n<li>\n<p class=\"ds-markdown-paragraph\"><strong>Classe de protection\u00a0:<\/strong>\u00a0IP66, IK08, NEMA 4X<\/p>\n<\/li>\n<li>\n<p class=\"ds-markdown-paragraph\"><strong>S\u00e9curit\u00e9:<\/strong>\u00a0Firmware sign\u00e9, d\u00e9marrage s\u00e9curis\u00e9<\/p>\n<\/li>\n<li>\n<p class=\"ds-markdown-paragraph\"><strong>Garantie:<\/strong>\u00a0Garantie de 5 ans<\/p>\n<\/li>\n<\/ul>\n<div class=\"sc-bczRLJ gTFQwC\"><\/div>","protected":false},"excerpt":{"rendered":"<p>L&#039;AXIS A8207-VE MkII est un portier r\u00e9seau avanc\u00e9 qui combine vid\u00e9osurveillance, communication bidirectionnelle et contr\u00f4le d&#039;acc\u00e8s dans un seul appareil.<\/p>\n<p>Elle est \u00e9quip\u00e9e d&#039;une cam\u00e9ra de 6 m\u00e9gapixels avec un champ de vision grand angle de 180\u00b0 qui offre une excellente couverture d&#039;image aux entr\u00e9es.<\/p>\n<p>Le lecteur RFID int\u00e9gr\u00e9 prend en charge plusieurs fr\u00e9quences et types de cartes, notamment HID iClass, permettant une int\u00e9gration transparente avec les syst\u00e8mes de contr\u00f4le d&#039;acc\u00e8s existants.<\/p>","protected":false},"featured_media":160190,"template":"","meta":{"_acf_changed":false},"product_brand":[],"product_cat":[4956],"product_tag":[],"class_list":{"0":"post-160192","1":"product","2":"type-product","3":"status-publish","4":"has-post-thumbnail","6":"product_cat-ovrigt-fran-axis","7":"pa_brands-axis","8":"pa_farg-gra","9":"tm-no-options","11":"first","12":"instock","13":"sale","14":"taxable","15":"shipping-taxable","16":"purchasable","17":"product-type-simple"},"acf":[],"_links":{"self":[{"href":"https:\/\/secureus.se\/fr\/wp-json\/wp\/v2\/product\/160192","targetHints":{"allow":["GET"]}}],"collection":[{"href":"https:\/\/secureus.se\/fr\/wp-json\/wp\/v2\/product"}],"about":[{"href":"https:\/\/secureus.se\/fr\/wp-json\/wp\/v2\/types\/product"}],"wp:featuredmedia":[{"embeddable":true,"href":"https:\/\/secureus.se\/fr\/wp-json\/wp\/v2\/media\/160190"}],"wp:attachment":[{"href":"https:\/\/secureus.se\/fr\/wp-json\/wp\/v2\/media?parent=160192"}],"wp:term":[{"taxonomy":"product_brand","embeddable":true,"href":"https:\/\/secureus.se\/fr\/wp-json\/wp\/v2\/product_brand?post=160192"},{"taxonomy":"product_cat","embeddable":true,"href":"https:\/\/secureus.se\/fr\/wp-json\/wp\/v2\/product_cat?post=160192"},{"taxonomy":"product_tag","embeddable":true,"href":"https:\/\/secureus.se\/fr\/wp-json\/wp\/v2\/product_tag?post=160192"}],"curies":[{"name":"wp","href":"https:\/\/api.w.org\/{rel}","templated":true}]}}