{"id":160202,"date":"2025-11-21T11:12:31","date_gmt":"2025-11-21T10:12:31","guid":{"rendered":"https:\/\/secureus.se\/?post_type=product&#038;p=160202"},"modified":"2026-04-01T12:14:52","modified_gmt":"2026-04-01T10:14:52","slug":"axis-d2110-ve-sakerhetsradar-med-180-24-7-tackning-och-inbyggd-analys","status":"publish","type":"product","link":"https:\/\/secureus.se\/fr\/axis-d2110-ve-sakerhetsradar-med-180-24-7-tackning-och-inbyggd-analys\/","title":{"rendered":"Radar de s\u00e9curit\u00e9 AXIS D2110-VE avec couverture \u00e0 180\u00b0 24h\/24 et 7j\/7 et analyse int\u00e9gr\u00e9e"},"content":{"rendered":"<h1>Radar de s\u00e9curit\u00e9 AXIS D2110-VE avec couverture \u00e0 180\u00b0 24h\/24 et 7j\/7 et analyse int\u00e9gr\u00e9e<\/h1>\n<div class=\"dad65929\">\n<div class=\"_4f9bf79 d7dc56a8\">\n<div class=\"ds-message _63c77b1\">\n<div class=\"ds-markdown\">\n<div class=\"dad65929\">\n<div class=\"_4f9bf79 d7dc56a8 _43c05b5\">\n<div class=\"ds-message _63c77b1\">\n<div class=\"ds-markdown\">\n<p class=\"ds-markdown-paragraph\">Le radar de s\u00e9curit\u00e9 AXIS D2110-VE repr\u00e9sente une avanc\u00e9e majeure dans la protection p\u00e9rim\u00e9trique, offrant une solution intelligente bas\u00e9e sur le r\u00e9seau qui tire parti de la technologie radar avanc\u00e9e \u00e0 ondes continues modul\u00e9es en fr\u00e9quence (FMCW).<\/p>\n<p class=\"ds-markdown-paragraph\">Con\u00e7u pour un fonctionnement 24h\/24 et 7j\/7, il offre une couverture \u00e9tendue \u00e0 180\u00b0, ce qui en fait un outil indispensable pour la protection des zones ext\u00e9rieures telles que les parcs industriels, les parkings et les quais de chargement, m\u00eame dans l&#039;obscurit\u00e9 ou dans des conditions m\u00e9t\u00e9orologiques extr\u00eames.<\/p>\n<p class=\"ds-markdown-paragraph\">L&#039;un des principaux atouts du D2110-VE r\u00e9side dans son syst\u00e8me d&#039;analyse int\u00e9gr\u00e9 sophistiqu\u00e9. D\u00e9velopp\u00e9 \u00e0 l&#039;aide d&#039;algorithmes d&#039;apprentissage automatique et d&#039;apprentissage profond, ce syst\u00e8me permet \u00e0 l&#039;appareil non seulement de d\u00e9tecter les mouvements, mais aussi de classifier avec pr\u00e9cision les objets tels que les personnes, les v\u00e9hicules ou les objets non identifi\u00e9s.<\/p>\n<p class=\"ds-markdown-paragraph\">Cette classification pr\u00e9cise, associ\u00e9e \u00e0 la capacit\u00e9 de suivre la distance, la direction et la vitesse d&#039;un objet, permet de r\u00e9duire consid\u00e9rablement le taux de fausses alarmes.<\/p>\n<p class=\"ds-markdown-paragraph\">Le personnel de s\u00e9curit\u00e9 peut ainsi se concentrer sur les menaces r\u00e9elles, am\u00e9liorant l&#039;efficacit\u00e9 op\u00e9rationnelle et le temps de r\u00e9ponse.<\/p>\n<p class=\"ds-markdown-paragraph\">Le radar propose deux profils de surveillance sp\u00e9cialis\u00e9s. Le profil \u00ab\u00a0Surveillance de zone\u00a0\u00bb est optimis\u00e9 pour la protection g\u00e9n\u00e9rale du p\u00e9rim\u00e8tre et d\u00e9tecte les personnes de 3 \u00e0 60 m\u00e8tres et les v\u00e9hicules de 3 \u00e0 85 m\u00e8tres.<\/p>\n<p class=\"ds-markdown-paragraph\">Le \u00ab profil de surveillance routi\u00e8re \u00bb est con\u00e7u pour la surveillance du trafic et suit efficacement les v\u00e9hicules \u00e0 des vitesses allant jusqu&#039;\u00e0 105 km\/h \u00e0 des distances comprises entre 30 et 60 m\u00e8tres.<\/p>\n<p class=\"ds-markdown-paragraph\">Avec un large champ de d\u00e9tection horizontal de 180 degr\u00e9s, une seule unit\u00e9 peut couvrir jusqu&#039;\u00e0 11\u00a0300 m\u00b2 de v\u00e9hicules, assurant ainsi la protection de vastes zones avec moins d&#039;unit\u00e9s.<\/p>\n<p class=\"ds-markdown-paragraph\">L&#039;int\u00e9gration et l&#039;\u00e9volutivit\u00e9 sont optimales avec le D2110-VE. Sa fonction de \u00ab coexistence intelligente \u00bb permet d&#039;installer plusieurs radars \u00e0 proximit\u00e9 imm\u00e9diate sans interf\u00e9rence mutuelle.<\/p>\n<p class=\"ds-markdown-paragraph\">Par exemple, deux unit\u00e9s peuvent \u00eatre install\u00e9es dos \u00e0 dos pour obtenir une couverture \u00e0 360\u00b0. L&#039;int\u00e9gration d&#039;un port PoE simplifie l&#039;installation et r\u00e9duit l&#039;encombrement des c\u00e2bles en permettant au radar d&#039;alimenter un p\u00e9riph\u00e9rique suppl\u00e9mentaire, comme une cam\u00e9ra pour la v\u00e9rification visuelle ou un haut-parleur r\u00e9seau pour la dissuasion sonore.<\/p>\n<p class=\"ds-markdown-paragraph\">Con\u00e7ue pour durer, l&#039;unit\u00e9 est dot\u00e9e d&#039;un bo\u00eetier conforme aux normes IP66, IK08 et NEMA 4X, la prot\u00e9geant contre la poussi\u00e8re, l&#039;eau et les chocs physiques.<\/p>\n<p class=\"ds-markdown-paragraph\">Il fonctionne de mani\u00e8re fiable dans des temp\u00e9ratures extr\u00eames allant de -40 \u00b0C \u00e0 60 \u00b0C. Les options d&#039;alimentation sont flexibles, prenant en charge l&#039;alimentation par Ethernet (IEEE 802.3at ou 802.3bt pour la sortie PoE) ou une entr\u00e9e CC de 8 \u00e0 28 V.<\/p>\n<p class=\"ds-markdown-paragraph\">Du point de vue de l&#039;int\u00e9gration syst\u00e8me, la D2110-VE est extr\u00eamement polyvalente. Elle prend en charge les API ouvertes telles que VAPIX\u00ae et AXIS Camera Application Platform (ACAP), permettant ainsi l&#039;installation d&#039;applications tierces et de solutions personnalis\u00e9es.<\/p>\n<p class=\"ds-markdown-paragraph\">Il offre \u00e9galement une connexion en un clic aux profils ONVIF pour une int\u00e9gration facile avec divers syst\u00e8mes de gestion vid\u00e9o (VMS).<\/p>\n<p class=\"ds-markdown-paragraph\">L&#039;appareil peut d\u00e9clencher diverses actions en fonction des \u00e9v\u00e9nements d\u00e9tect\u00e9s, comme l&#039;envoi de notifications par e-mail, l&#039;activation de sorties externes ou le d\u00e9marrage d&#039;un enregistrement sur un \u00ab stockage p\u00e9riph\u00e9rique \u00bb via une carte microSD ou un NAS.<\/p>\n<p class=\"ds-markdown-paragraph\">Les logiciels de support tels que AXIS Radar Autotracking pour cam\u00e9ras PTZ permettent au radar de \u00ab guider \u00bb une cam\u00e9ra PTZ vers l&#039;emplacement d&#039;un intrus d\u00e9tect\u00e9 pour une confirmation visuelle imm\u00e9diate.<\/p>\n<p class=\"ds-markdown-paragraph\">Cela cr\u00e9e un syst\u00e8me de surveillance automatis\u00e9 et performant qui am\u00e9liore la connaissance de la situation.<\/p>\n<p class=\"ds-markdown-paragraph\">En r\u00e9sum\u00e9, le radar de s\u00e9curit\u00e9 AXIS D2110-VE est une solution robuste, intelligente et polyvalente pour les besoins de s\u00e9curit\u00e9 modernes.<\/p>\n<p class=\"ds-markdown-paragraph\">Gr\u00e2ce \u00e0 sa combinaison de d\u00e9tection radar fiable, d&#039;analyse pr\u00e9cise, de faibles taux de fausses alarmes et d&#039;int\u00e9gration facile, ce syst\u00e8me constitue un excellent choix pour les organisations souhaitant renforcer la protection de leur p\u00e9rim\u00e8tre et assurer la s\u00e9curit\u00e9 de leurs biens et de leurs employ\u00e9s 24h\/24 et 7j\/7.<\/p>\n<p class=\"ds-markdown-paragraph\"><strong>Caract\u00e9ristiques principales :<\/strong><\/p>\n<ul>\n<li>\n<p class=\"ds-markdown-paragraph\"><strong>Technique:<\/strong>\u00a0Radar FMCW \u00e0 antenne r\u00e9seau \u00e0 commande de phase<\/p>\n<\/li>\n<li>\n<p class=\"ds-markdown-paragraph\"><strong>Couverture:<\/strong>\u00a0180\u00b0<\/p>\n<\/li>\n<li>\n<p class=\"ds-markdown-paragraph\"><strong>Port\u00e9e maximale\u00a0:<\/strong>\u00a085 m pour les v\u00e9hicules<\/p>\n<\/li>\n<li>\n<p class=\"ds-markdown-paragraph\"><strong>Classification:<\/strong>\u00a0Personnes, v\u00e9hicules<\/p>\n<\/li>\n<li>\n<p class=\"ds-markdown-paragraph\"><strong>Alimentation\u00a0:<\/strong>\u00a0PoE (IEEE 802.3at\/bt) ou 8-28 V CC<\/p>\n<\/li>\n<li>\n<p class=\"ds-markdown-paragraph\"><strong>Classe de protection\u00a0:<\/strong>\u00a0IP66, IK08, NEMA 4X<\/p>\n<\/li>\n<li>\n<p class=\"ds-markdown-paragraph\"><strong>Garantie:<\/strong>\u00a0Garantie de 5 ans<\/p>\n<\/li>\n<\/ul>\n<\/div>\n<\/div>\n<\/div>\n<\/div>\n<\/div>\n<\/div>\n<\/div>\n<\/div>","protected":false},"excerpt":{"rendered":"<p>Le radar de s\u00e9curit\u00e9 AXIS D2110-VE est un dispositif de s\u00e9curit\u00e9 intelligent bas\u00e9 sur le r\u00e9seau qui utilise une technologie radar avanc\u00e9e pour fournir une couverture de zone fiable \u00e0 180\u00b0 24 heures sur 24.<\/p>\n<p>Son syst\u00e8me d&#039;analyse int\u00e9gr\u00e9, bas\u00e9 sur l&#039;apprentissage automatique, d\u00e9tecte, classe et suit de mani\u00e8re fiable les personnes et les v\u00e9hicules avec un taux de fausses alarmes tr\u00e8s faible.<\/p>\n<p>Il est id\u00e9al pour prot\u00e9ger les zones ext\u00e9rieures telles que les installations industrielles, les parkings et les quais de chargement apr\u00e8s les heures de travail et assure une surveillance continue quelles que soient les conditions d&#039;\u00e9clairage ou m\u00e9t\u00e9orologiques.<\/p>","protected":false},"featured_media":160197,"template":"","meta":{"_acf_changed":false},"product_brand":[],"product_cat":[4953],"product_tag":[],"class_list":{"0":"post-160202","1":"product","2":"type-product","3":"status-publish","4":"has-post-thumbnail","6":"product_cat-axis-radar","7":"pa_brands-axis","8":"pa_farg-vit","9":"tm-no-options","11":"first","12":"onbackorder","13":"sale","14":"taxable","15":"shipping-taxable","16":"purchasable","17":"product-type-simple"},"acf":[],"_links":{"self":[{"href":"https:\/\/secureus.se\/fr\/wp-json\/wp\/v2\/product\/160202","targetHints":{"allow":["GET"]}}],"collection":[{"href":"https:\/\/secureus.se\/fr\/wp-json\/wp\/v2\/product"}],"about":[{"href":"https:\/\/secureus.se\/fr\/wp-json\/wp\/v2\/types\/product"}],"wp:featuredmedia":[{"embeddable":true,"href":"https:\/\/secureus.se\/fr\/wp-json\/wp\/v2\/media\/160197"}],"wp:attachment":[{"href":"https:\/\/secureus.se\/fr\/wp-json\/wp\/v2\/media?parent=160202"}],"wp:term":[{"taxonomy":"product_brand","embeddable":true,"href":"https:\/\/secureus.se\/fr\/wp-json\/wp\/v2\/product_brand?post=160202"},{"taxonomy":"product_cat","embeddable":true,"href":"https:\/\/secureus.se\/fr\/wp-json\/wp\/v2\/product_cat?post=160202"},{"taxonomy":"product_tag","embeddable":true,"href":"https:\/\/secureus.se\/fr\/wp-json\/wp\/v2\/product_tag?post=160202"}],"curies":[{"name":"wp","href":"https:\/\/api.w.org\/{rel}","templated":true}]}}