{"id":160300,"date":"2025-11-21T10:58:58","date_gmt":"2025-11-21T09:58:58","guid":{"rendered":"https:\/\/secureus.se\/ateco-vd-6295-60-kapslad-varmedetektor-varmedetektor-60-grader\/"},"modified":"2026-04-09T11:22:56","modified_gmt":"2026-04-09T09:22:56","slug":"ateco-vd-6295-60-kapslad-varmedetektor-varmedetektor-60-grader","status":"publish","type":"product","link":"https:\/\/secureus.se\/fr\/ateco-vd-6295-60-kapslad-varmedetektor-varmedetektor-60-grader\/","title":{"rendered":"D\u00e9tecteur de chaleur Ateco VD-6295-60 (bo\u00eetier ferm\u00e9), temp\u00e9rature de 60 degr\u00e9s."},"content":{"rendered":"<div class=\"headernamehrnone\">Le Panasonic 6295 est un d\u00e9tecteur de chaleur conventionnel encapsul\u00e9 \u00e0 temp\u00e9rature maximale (IP67). Son capteur thermique est de type bim\u00e9tallique. Les d\u00e9tecteurs sont \u00e9quip\u00e9s d&#039;une indication LED (sauf sur le mod\u00e8le 120\u00b0) et d&#039;une sortie pour indication suppl\u00e9mentaire. Ils sont fournis avec 3 presse-\u00e9toupes. Les d\u00e9tecteurs de la s\u00e9rie 629X sont insensibles \u00e0 la polarit\u00e9. Ce d\u00e9tecteur est class\u00e9 ATEX. Il est fourni avec 3 r\u00e9ducteurs pour presse-\u00e9toupes, adapt\u00e9s aux c\u00e2bles de 3 \u00e0 10 mm de diam\u00e8tre. Le filetage de la fixation est PF \u00bd&quot;. La polarit\u00e9 de la sortie E est toujours conforme au marquage, quelle que soit la polarit\u00e9 des connexions A et B. Ces d\u00e9tecteurs sont certifi\u00e9s CPD et DoP.<\/div>\n<div><\/div>\n<div class=\"row headername\">\n<div class=\"item-header rd-hyg-item-header\"><strong>Principales caract\u00e9ristiques<\/strong><\/div>\n<div class=\"row\">\n<ul>\n<li>D\u00e9tecteur de chaleur maximale conventionnel encapsul\u00e9 (IP67)<\/li>\n<li>Capteur de chaleur bim\u00e9tallique pour une d\u00e9tection fiable<\/li>\n<li>Dot\u00e9 d&#039;un indicateur LED (sauf d\u00e9tecteur 120\u00b0)<\/li>\n<li>Comprend 3 presse-\u00e9toupes pour une installation facile<\/li>\n<li>Ind\u00e9pendant de la polarit\u00e9 pour un c\u00e2blage flexible<\/li>\n<li>Certifi\u00e9 ATEX pour la s\u00e9curit\u00e9 en environnements dangereux<\/li>\n<li>Certifi\u00e9 conforme aux normes CPD et DoP<\/li>\n<\/ul>\n<\/div>\n<\/div>","protected":false},"excerpt":{"rendered":"<ul class=\"UnorderedListStyle--1koui9a ksyVRL mainfeatureslist\">\n<li class=\"ListItemStyle--1yqofwy kEFzCE\">D\u00e9tecteur de chaleur maximale conventionnel encapsul\u00e9 (IP67)<\/li>\n<li class=\"ListItemStyle--1yqofwy kEFzCE\">Capteur de chaleur bim\u00e9tallique pour une d\u00e9tection fiable<\/li>\n<li class=\"ListItemStyle--1yqofwy kEFzCE\">Dot\u00e9 d&#039;un indicateur LED (sauf d\u00e9tecteur 120\u00b0)<\/li>\n<\/ul>","protected":false},"featured_media":160299,"template":"","meta":{"_acf_changed":false},"product_brand":[],"product_cat":[4157],"product_tag":[],"class_list":{"0":"post-160300","1":"product","2":"type-product","3":"status-publish","4":"has-post-thumbnail","6":"product_cat-varmedetektor","7":"pa_brands-ateco","8":"pa_farg-vit","9":"tm-no-options","11":"first","12":"instock","13":"taxable","14":"shipping-taxable","15":"purchasable","16":"product-type-simple"},"acf":[],"_links":{"self":[{"href":"https:\/\/secureus.se\/fr\/wp-json\/wp\/v2\/product\/160300","targetHints":{"allow":["GET"]}}],"collection":[{"href":"https:\/\/secureus.se\/fr\/wp-json\/wp\/v2\/product"}],"about":[{"href":"https:\/\/secureus.se\/fr\/wp-json\/wp\/v2\/types\/product"}],"wp:featuredmedia":[{"embeddable":true,"href":"https:\/\/secureus.se\/fr\/wp-json\/wp\/v2\/media\/160299"}],"wp:attachment":[{"href":"https:\/\/secureus.se\/fr\/wp-json\/wp\/v2\/media?parent=160300"}],"wp:term":[{"taxonomy":"product_brand","embeddable":true,"href":"https:\/\/secureus.se\/fr\/wp-json\/wp\/v2\/product_brand?post=160300"},{"taxonomy":"product_cat","embeddable":true,"href":"https:\/\/secureus.se\/fr\/wp-json\/wp\/v2\/product_cat?post=160300"},{"taxonomy":"product_tag","embeddable":true,"href":"https:\/\/secureus.se\/fr\/wp-json\/wp\/v2\/product_tag?post=160300"}],"curies":[{"name":"wp","href":"https:\/\/api.w.org\/{rel}","templated":true}]}}