{"id":160378,"date":"2025-11-24T15:14:31","date_gmt":"2025-11-24T14:14:31","guid":{"rendered":"https:\/\/secureus.se\/metallkapsling-till-easyline-4g\/"},"modified":"2026-03-27T15:07:07","modified_gmt":"2026-03-27T14:07:07","slug":"metallkapsling-till-easyline-4g","status":"publish","type":"product","link":"https:\/\/secureus.se\/fr\/metallkapsling-till-easyline-4g\/","title":{"rendered":"Bo\u00eetier m\u00e9tallique pour EasyLine 4G"},"content":{"rendered":"<h1>Bo\u00eetier m\u00e9tallique pour \u00e9metteur EasyLine 4G<\/h1>\n<p class=\"ds-markdown-paragraph\">Trous pr\u00e9-perc\u00e9s pour un montage correct du module EasyLine 4G.<\/p>\n<p class=\"ds-markdown-paragraph\">Les modules GSM\/GPRS peuvent \u00eatre facilement mont\u00e9s dans le bo\u00eetier m\u00e9tallique, \u00e9quip\u00e9 d&#039;un interrupteur anti-sabotage et d&#039;une entretoise en plastique.<\/p>\n<p class=\"ds-markdown-paragraph\"><strong>Description:<\/strong><br \/>\nInterrupteur anti-sabotage int\u00e9gr\u00e9<br \/>\nLe module contient des supports de fixation<br \/>\nLa porte m\u00e9tallique peut \u00eatre retir\u00e9e d&#039;un seul mouvement.<br \/>\nInterrupteur anti-sabotage int\u00e9gr\u00e9.<br \/>\nDes trous pr\u00e9-perc\u00e9s sont disponibles pour les \u00e9metteurs Easyline 4G.<br \/>\nLa porte m\u00e9tallique peut \u00eatre facilement retir\u00e9e.<\/p>\n<p>Dimensions : 125 mm (largeur) x 155 mm (hauteur) x 52 mm (profondeur) + 8 mm (distance)<\/p>","protected":false},"excerpt":{"rendered":"<p>Ce bo\u00eetier m\u00e9tallique durable est sp\u00e9cialement con\u00e7u pour abriter et prot\u00e9ger en toute s\u00e9curit\u00e9 votre \u00e9metteur Easyline 4G.<\/p>\n<p>&nbsp;<\/p>","protected":false},"featured_media":160373,"template":"","meta":{"_acf_changed":false},"product_brand":[],"product_cat":[3323,1551],"product_tag":[],"class_list":{"0":"post-160378","1":"product","2":"type-product","3":"status-publish","4":"has-post-thumbnail","6":"product_cat-kapsling","7":"product_cat-larmoverforing","8":"pa_brands-asc","9":"tm-no-options","11":"first","12":"instock","13":"sale","14":"taxable","15":"shipping-taxable","16":"purchasable","17":"product-type-simple"},"acf":[],"_links":{"self":[{"href":"https:\/\/secureus.se\/fr\/wp-json\/wp\/v2\/product\/160378","targetHints":{"allow":["GET"]}}],"collection":[{"href":"https:\/\/secureus.se\/fr\/wp-json\/wp\/v2\/product"}],"about":[{"href":"https:\/\/secureus.se\/fr\/wp-json\/wp\/v2\/types\/product"}],"wp:featuredmedia":[{"embeddable":true,"href":"https:\/\/secureus.se\/fr\/wp-json\/wp\/v2\/media\/160373"}],"wp:attachment":[{"href":"https:\/\/secureus.se\/fr\/wp-json\/wp\/v2\/media?parent=160378"}],"wp:term":[{"taxonomy":"product_brand","embeddable":true,"href":"https:\/\/secureus.se\/fr\/wp-json\/wp\/v2\/product_brand?post=160378"},{"taxonomy":"product_cat","embeddable":true,"href":"https:\/\/secureus.se\/fr\/wp-json\/wp\/v2\/product_cat?post=160378"},{"taxonomy":"product_tag","embeddable":true,"href":"https:\/\/secureus.se\/fr\/wp-json\/wp\/v2\/product_tag?post=160378"}],"curies":[{"name":"wp","href":"https:\/\/api.w.org\/{rel}","templated":true}]}}