{"id":160691,"date":"2025-12-05T12:36:20","date_gmt":"2025-12-05T11:36:20","guid":{"rendered":"https:\/\/secureus.se\/?post_type=product&#038;p=160691"},"modified":"2026-02-09T16:19:16","modified_gmt":"2026-02-09T15:19:16","slug":"pro-battery-750mah-li-polymer-batteri-for-asc-pro-produktfamiljen","status":"publish","type":"product","link":"https:\/\/secureus.se\/fr\/pro-battery-750mah-li-polymer-batteri-for-asc-pro-produktfamiljen\/","title":{"rendered":"Batterie PRO \u2013 Batterie Li-Polym\u00e8re 750 mAh pour la gamme de produits ASC PRO"},"content":{"rendered":"<p><strong>750 mAh Li-Polymer batteri<\/strong><br \/>\nGer m\u00f6jlighet att indikera str\u00f6mavbrott (via SMS, r\u00f6stsamtal eller Contact ID). Dessutom s\u00e4kerst\u00e4ller det fortsatt drift av enheten.<\/p>\n<table>\n<tbody>\n<tr>\n<td><strong>Propri\u00e9t\u00e9<\/strong><\/td>\n<td><strong>Valeur<\/strong><\/td>\n<\/tr>\n<tr>\n<td>3,7 V, 750 mAh Li-Polymer batteri<\/td>\n<td><\/td>\n<\/tr>\n<tr>\n<td>GSM-modulen hanterar batteriladdning<\/td>\n<td><\/td>\n<\/tr>\n<tr>\n<td>Batteriet har s\u00e4rskild kontakt f\u00f6r enkel anslutning till kommunikatorn<\/td>\n<td><\/td>\n<\/tr>\n<tr>\n<td>Temp\u00e9rature de travail<\/td>\n<td>-20\u00b0C \u00e0 +50\u00b0C<\/td>\n<\/tr>\n<\/tbody>\n<\/table>","protected":false},"excerpt":{"rendered":"<ul>\n<li>Permet un fonctionnement ininterrompu du module.<\/li>\n<li>En cas de coupure de courant, le module envoie une notification.<\/li>\n<\/ul>","protected":false},"featured_media":160689,"template":"","meta":{"_acf_changed":false},"product_brand":[],"product_cat":[1551],"product_tag":[],"class_list":{"0":"post-160691","1":"product","2":"type-product","3":"status-publish","4":"has-post-thumbnail","6":"product_cat-larmoverforing","7":"pa_brands-asc","8":"tm-no-options","10":"first","11":"instock","12":"taxable","13":"shipping-taxable","14":"purchasable","15":"product-type-simple"},"acf":[],"_links":{"self":[{"href":"https:\/\/secureus.se\/fr\/wp-json\/wp\/v2\/product\/160691","targetHints":{"allow":["GET"]}}],"collection":[{"href":"https:\/\/secureus.se\/fr\/wp-json\/wp\/v2\/product"}],"about":[{"href":"https:\/\/secureus.se\/fr\/wp-json\/wp\/v2\/types\/product"}],"wp:featuredmedia":[{"embeddable":true,"href":"https:\/\/secureus.se\/fr\/wp-json\/wp\/v2\/media\/160689"}],"wp:attachment":[{"href":"https:\/\/secureus.se\/fr\/wp-json\/wp\/v2\/media?parent=160691"}],"wp:term":[{"taxonomy":"product_brand","embeddable":true,"href":"https:\/\/secureus.se\/fr\/wp-json\/wp\/v2\/product_brand?post=160691"},{"taxonomy":"product_cat","embeddable":true,"href":"https:\/\/secureus.se\/fr\/wp-json\/wp\/v2\/product_cat?post=160691"},{"taxonomy":"product_tag","embeddable":true,"href":"https:\/\/secureus.se\/fr\/wp-json\/wp\/v2\/product_tag?post=160691"}],"curies":[{"name":"wp","href":"https:\/\/api.w.org\/{rel}","templated":true}]}}