{"id":160700,"date":"2025-12-05T12:27:40","date_gmt":"2025-12-05T11:27:40","guid":{"rendered":"https:\/\/secureus.se\/?post_type=product&#038;p=160700"},"modified":"2026-02-09T16:19:14","modified_gmt":"2026-02-09T15:19:14","slug":"procon-4g-cloud-4g-sandare-och-fjarrstyrning-med-5-ingangar-och-1-relautgang","status":"publish","type":"product","link":"https:\/\/secureus.se\/fr\/procon-4g-cloud-4g-sandare-och-fjarrstyrning-med-5-ingangar-och-1-relautgang\/","title":{"rendered":"ProCon 4G Cloud \u2013 \u00c9metteur 4G et t\u00e9l\u00e9commande avec 5 entr\u00e9es et 1 sortie relais"},"content":{"rendered":"<p><strong>Message principal de ProCon 4G Cloud\u00a0:<\/strong> Un communicateur professionnel 4G GSM\/GPRS qui fonctionne comme module de surveillance \u00e0 distance, commande de portail par appels gratuits et \u00e9galement comme syst\u00e8me d&#039;alarme autonome complet.<\/p>\n<h2><strong>Principales caract\u00e9ristiques en un coup d&#039;\u0153il<\/strong><\/h2>\n<p><strong>Communicateur GSM\/2G\/3G\/4G et \u00e9metteur GPRS<\/strong> qui peut \u00e9galement \u00eatre utilis\u00e9 comme panneau d&#039;alarme autonome. <strong>5 entr\u00e9es<\/strong> pour le contr\u00f4le des signaux (alarme, sabotage, surveillance de l&#039;alimentation, signal de vie, etc.) et <strong>1 sortie relais NO\/NC<\/strong>. Peut \u00eatre \u00e9tendu avec des modules relais +1 \/ +3 \/ +8.<\/p>\n<h2><strong>Alarme et notification<\/strong><\/h2>\n<p>SMS, appels vocaux (signal de sir\u00e8ne ou message vocal) et communication par identification de contact jusqu&#039;\u00e0 <strong>8 num\u00e9ros de t\u00e9l\u00e9phone<\/strong> et\/ou surveillance \u00e0 distance en fonction des \u00e9v\u00e9nements entrants. Messages SMS personnalis\u00e9s, param\u00e9trage s\u00e9par\u00e9 de la dur\u00e9e de la sonnerie, fonction de rappel et de sonnerie r\u00e9p\u00e9t\u00e9e.<\/p>\n<h2><strong>Sortie et contr\u00f4le<\/strong><\/h2>\n<p>1 sortie relais peut \u00eatre contr\u00f4l\u00e9e par appel vocal gratuit\u00a0: \u2013 Nombre illimit\u00e9 de num\u00e9ros sans identification de l\u2019appelant \u2013 Jusqu\u2019\u00e0 <strong>1 000 nombres<\/strong> avec num\u00e9ro d&#039;identification<\/p>\n<p>Fonction monostable (contr\u00f4l\u00e9e dans le temps, max 65 000 ms) ou bistable, contr\u00f4lable par appels t\u00e9l\u00e9phoniques, SMS et codes DTMF.<\/p>\n<h2><strong>Panneau d&#039;alarme autonome<\/strong><\/h2>\n<p>Peut \u00eatre utilis\u00e9 de mani\u00e8re autonome <strong>Syst\u00e8me d&#039;alarme GSM \u00e0 4 zones<\/strong> Avec des codes de zone et d&#039;identification de contact uniques. La sortie relais permet de commander la sir\u00e8ne et le syst\u00e8me peut \u00eatre arm\u00e9\/d\u00e9sarm\u00e9 par appel gratuit. Comprend une entr\u00e9e anti-sabotage et une r\u00e9initialisation d&#039;usine via des boutons-poussoirs anti-sabotage. Peut \u00eatre \u00e9tendu avec <strong>Module d&#039;alarme Exp<\/strong> qui fournit une sortie sir\u00e8ne, \u00e9tat et pi\u00e9zo ainsi qu&#039;une commande par interrupteur \u00e0 cl\u00e9.<\/p>\n<h2><strong>S\u00e9curit\u00e9, enregistrement et alimentation \u00e9lectrique<\/strong><\/h2>\n<p>Int\u00e9gr\u00e9 <strong>Syst\u00e8me anti-brouillage (AJS)<\/strong> qui prot\u00e8ge contre les interf\u00e9rences GSM et active l&#039;alarme\/la sortie en cas de sabotage. Journalisation <strong>16 000 \u00e9v\u00e9nements<\/strong> (Entr\u00e9es, sorties, puissance du signal, coupures de courant, appels, SMS) et enregistre le signal GSM toutes les heures. Les donn\u00e9es peuvent \u00eatre analys\u00e9es sous forme de diagrammes via un logiciel PC. L&#039;option <strong>ProBattery<\/strong> assure une indication compl\u00e8te de panne de courant et jusqu&#039;\u00e0 <strong>24 heures<\/strong> op\u00e9ration de sauvegarde.<\/p>\n<h2><strong>Capacit\u00e9s de programmation et de cloud<\/strong><\/h2>\n<p>Configuration par SMS, menu vocal ou PC (USB\/Bluetooth\/WiFi avec ProRead). <strong>Gestionnaire ASCloud<\/strong> interface web et <strong>Gestionnaire de cloud<\/strong> L&#039;application mobile permet la programmation \u00e0 distance, le contr\u00f4le de la sortie, les droits d&#039;utilisateur et les ic\u00f4nes de contr\u00f4le bas\u00e9es sur le cloud (monostable\/bistable, contr\u00f4le du temps).<\/p>\n<h2><strong>fonctionnalit\u00e9s et services suppl\u00e9mentaires de la carte SIM<\/strong><\/h2>\n<p>Prise en charge du transfert des SMS entrants vers un autre num\u00e9ro.<\/p>\n<p><strong>Domaines d&#039;utilisation :<\/strong><\/p>\n<ul>\n<li>Transmission GSM\/GPRS pour panneaux d&#039;alarme<\/li>\n<li>Syst\u00e8me d&#039;alarme autonome<\/li>\n<li>Commande de portail, de barri\u00e8re ou de porte de garage<\/li>\n<li>Domotique (climatisation, chauffage, sauna, \u00e9clairage)<\/li>\n<li>Surveillance de la tension d&#039;alimentation (230 V) et notification d&#039;alarme<\/li>\n<li>Surveillance et red\u00e9marrage des serveurs<\/li>\n<\/ul>","protected":false},"excerpt":{"rendered":"<p><strong>Le communicateur GSM\/2G\/3G\/4G peut \u00eatre utilis\u00e9 comme centre d&#039;alarme autonome<\/strong><\/p>\n<ul>\n<li>5 entr\u00e9es command\u00e9es par contact<\/li>\n<li>1 sortie relais NO\/NC contr\u00f4lable par SMS depuis un nombre illimit\u00e9 de num\u00e9ros de t\u00e9l\u00e9phone ou par appel vocal depuis 1000 num\u00e9ros de t\u00e9l\u00e9phone.<\/li>\n<li>Il est possible de configurer 8 num\u00e9ros de t\u00e9l\u00e9phone notifi\u00e9s.<\/li>\n<li>SMS, messagerie vocale, diffusion de l&#039;identification du contact<\/li>\n<li>Possibilit\u00e9 d&#039;expansion<\/li>\n<li>Transmission GPRS au centre d&#039;alarme via les protocoles IP Enigma et SIA<\/li>\n<li>Programmation par SMS, PC et application Android via Bluetooth et internet<\/li>\n<\/ul>","protected":false},"featured_media":160695,"template":"","meta":{"_acf_changed":false},"product_brand":[],"product_cat":[1551],"product_tag":[],"class_list":{"0":"post-160700","1":"product","2":"type-product","3":"status-publish","4":"has-post-thumbnail","6":"product_cat-larmoverforing","7":"pa_brands-asc","8":"tm-no-options","10":"first","11":"instock","12":"taxable","13":"shipping-taxable","14":"purchasable","15":"product-type-simple"},"acf":[],"_links":{"self":[{"href":"https:\/\/secureus.se\/fr\/wp-json\/wp\/v2\/product\/160700","targetHints":{"allow":["GET"]}}],"collection":[{"href":"https:\/\/secureus.se\/fr\/wp-json\/wp\/v2\/product"}],"about":[{"href":"https:\/\/secureus.se\/fr\/wp-json\/wp\/v2\/types\/product"}],"wp:featuredmedia":[{"embeddable":true,"href":"https:\/\/secureus.se\/fr\/wp-json\/wp\/v2\/media\/160695"}],"wp:attachment":[{"href":"https:\/\/secureus.se\/fr\/wp-json\/wp\/v2\/media?parent=160700"}],"wp:term":[{"taxonomy":"product_brand","embeddable":true,"href":"https:\/\/secureus.se\/fr\/wp-json\/wp\/v2\/product_brand?post=160700"},{"taxonomy":"product_cat","embeddable":true,"href":"https:\/\/secureus.se\/fr\/wp-json\/wp\/v2\/product_cat?post=160700"},{"taxonomy":"product_tag","embeddable":true,"href":"https:\/\/secureus.se\/fr\/wp-json\/wp\/v2\/product_tag?post=160700"}],"curies":[{"name":"wp","href":"https:\/\/api.w.org\/{rel}","templated":true}]}}