{"id":160704,"date":"2025-12-05T13:22:57","date_gmt":"2025-12-05T12:22:57","guid":{"rendered":"https:\/\/secureus.se\/sma-cable-sma-antennforlangning-2m\/"},"modified":"2026-02-09T16:19:18","modified_gmt":"2026-02-09T15:19:18","slug":"sma-cable-sma-antennforlangning-2m","status":"publish","type":"product","link":"https:\/\/secureus.se\/fr\/sma-cable-sma-antennforlangning-2m\/","title":{"rendered":"C\u00e2ble SMA \u2013 Rallonge d&#039;antenne SMA 2 m"},"content":{"rendered":"<p data-start=\"104\" data-end=\"286\">C\u00e2ble d&#039;extension d&#039;antenne pour connexion SMA. Id\u00e9al lorsque l&#039;antenne doit \u00eatre plac\u00e9e plus loin du module GSM afin d&#039;assurer une meilleure couverture et une puissance de signal accrue.<\/p>\n<p data-start=\"288\" data-end=\"444\"><strong data-start=\"288\" data-end=\"309\">Domaine d&#039;utilisation<\/strong><br data-start=\"309\" data-end=\"312\" \/>Id\u00e9al, par exemple, dans les garages, les cages d&#039;ascenseur et autres installations o\u00f9 le c\u00e2ble d&#039;antenne doit \u00eatre rallong\u00e9 pour obtenir un signal GSM stable.<\/p>\n<p data-start=\"446\" data-end=\"542\" data-is-last-node=\"\" data-is-only-node=\"\"><strong data-start=\"446\" data-end=\"465\">Caract\u00e9ristiques<\/strong><br data-start=\"465\" data-end=\"468\" \/>\u2013 c\u00e2ble de 2 m\u00e8tres<br data-start=\"483\" data-end=\"486\" \/>\u2013 Connecteur SMA<br data-start=\"499\" data-end=\"502\" \/>\u2013 Convient pour l&#039;extension des antennes SMA<\/p>","protected":false},"excerpt":{"rendered":"<p>C\u00e2ble d&#039;extension d&#039;antenne de 2 m pour connexion SMA. Id\u00e9al lorsque l&#039;antenne doit \u00eatre plac\u00e9e plus loin du module GSM pour une meilleure couverture et une puissance de signal accrue.<\/p>","protected":false},"featured_media":160702,"template":"","meta":{"_acf_changed":false},"product_brand":[],"product_cat":[1551],"product_tag":[],"class_list":{"0":"post-160704","1":"product","2":"type-product","3":"status-publish","4":"has-post-thumbnail","6":"product_cat-larmoverforing","7":"pa_brands-asc","8":"tm-no-options","10":"first","11":"instock","12":"taxable","13":"shipping-taxable","14":"purchasable","15":"product-type-simple"},"acf":[],"_links":{"self":[{"href":"https:\/\/secureus.se\/fr\/wp-json\/wp\/v2\/product\/160704","targetHints":{"allow":["GET"]}}],"collection":[{"href":"https:\/\/secureus.se\/fr\/wp-json\/wp\/v2\/product"}],"about":[{"href":"https:\/\/secureus.se\/fr\/wp-json\/wp\/v2\/types\/product"}],"wp:featuredmedia":[{"embeddable":true,"href":"https:\/\/secureus.se\/fr\/wp-json\/wp\/v2\/media\/160702"}],"wp:attachment":[{"href":"https:\/\/secureus.se\/fr\/wp-json\/wp\/v2\/media?parent=160704"}],"wp:term":[{"taxonomy":"product_brand","embeddable":true,"href":"https:\/\/secureus.se\/fr\/wp-json\/wp\/v2\/product_brand?post=160704"},{"taxonomy":"product_cat","embeddable":true,"href":"https:\/\/secureus.se\/fr\/wp-json\/wp\/v2\/product_cat?post=160704"},{"taxonomy":"product_tag","embeddable":true,"href":"https:\/\/secureus.se\/fr\/wp-json\/wp\/v2\/product_tag?post=160704"}],"curies":[{"name":"wp","href":"https:\/\/api.w.org\/{rel}","templated":true}]}}