{"id":160945,"date":"2025-12-16T12:42:00","date_gmt":"2025-12-16T11:42:00","guid":{"rendered":"https:\/\/secureus.se\/?post_type=product&#038;p=160945"},"modified":"2026-04-08T16:33:33","modified_gmt":"2026-04-08T14:33:33","slug":"zebra-800010-101-black-monochrome-ribbon-2000-prints","status":"publish","type":"product","link":"https:\/\/secureus.se\/fr\/zebra-800010-101-black-monochrome-ribbon-2000-prints\/","title":{"rendered":"Ruban z\u00e8bre \u2013 800010-101, noir monochrome (2000 impressions)"},"content":{"rendered":"<h1>Ruban<br \/>\n  Zebra &#8211; 800010-101, svart monokrom (2000 utskrifter)<\/h1>\n<p>F\u00e4rgband Zebra &#8211; 800010-101, svart monokrom (2000 utskrifter) \u00e4r<br \/>\n  Un bracelet KO avec panneau noir et rev\u00eatement protecteur. C&#039;est un bon choix lorsque vous<br \/>\n  N\u00e9cessite un texte clair, des codes-barres et une protection suppl\u00e9mentaire sur la surface de la carte.<\/p>\n<p>Convient aux cartes d&#039;identit\u00e9, cartes d&#039;acc\u00e8s, cartes de membre et autres.<br \/>\n  cartes en plastique o\u00f9 une qualit\u00e9 d&#039;impression et une fiabilit\u00e9 \u00e9lev\u00e9es sont<br \/>\n  important.<\/p>\n<ul>\n<li>Capacit\u00e9 : jusqu&#039;\u00e0 2 000 impressions<\/li>\n<li>Type de bande : KO<\/li>\n<li>Produit original<\/li>\n<li>Artikelnummer: 800010-101<\/li>\n<\/ul>\n<p><strong>Poids du produit :<\/strong> 2,00 kg<\/p>","protected":false},"excerpt":{"rendered":"<p>Le ruban monochrome noir Zebra 800010-101 est un ruban de haute qualit\u00e9 qui offre des impressions noires nettes sur les textes, les lignes et les codes-barres.<\/p>\n<p>Le ruban permet jusqu&#039;\u00e0 2000 impressions et est parfait pour les grands badges d&#039;invit\u00e9s, les laissez-passer VIP et les cartes d&#039;\u00e9v\u00e9nement pour les conf\u00e9rences, les festivals, les \u00e9v\u00e9nements sportifs et autres \u00e9v\u00e9nements sp\u00e9ciaux avec la Zebra ZC10L.<\/p>","protected":false},"featured_media":160944,"template":"","meta":{"_acf_changed":false},"product_brand":[],"product_cat":[3218],"product_tag":[],"class_list":{"0":"post-160945","1":"product","2":"type-product","3":"status-publish","4":"has-post-thumbnail","6":"product_cat-zebra-fargband-retransfer","7":"pa_brands-zebra","8":"tm-has-options","10":"first","11":"outofstock","12":"sale","13":"taxable","14":"shipping-taxable","15":"purchasable","16":"product-type-simple"},"acf":[],"_links":{"self":[{"href":"https:\/\/secureus.se\/fr\/wp-json\/wp\/v2\/product\/160945","targetHints":{"allow":["GET"]}}],"collection":[{"href":"https:\/\/secureus.se\/fr\/wp-json\/wp\/v2\/product"}],"about":[{"href":"https:\/\/secureus.se\/fr\/wp-json\/wp\/v2\/types\/product"}],"wp:featuredmedia":[{"embeddable":true,"href":"https:\/\/secureus.se\/fr\/wp-json\/wp\/v2\/media\/160944"}],"wp:attachment":[{"href":"https:\/\/secureus.se\/fr\/wp-json\/wp\/v2\/media?parent=160945"}],"wp:term":[{"taxonomy":"product_brand","embeddable":true,"href":"https:\/\/secureus.se\/fr\/wp-json\/wp\/v2\/product_brand?post=160945"},{"taxonomy":"product_cat","embeddable":true,"href":"https:\/\/secureus.se\/fr\/wp-json\/wp\/v2\/product_cat?post=160945"},{"taxonomy":"product_tag","embeddable":true,"href":"https:\/\/secureus.se\/fr\/wp-json\/wp\/v2\/product_tag?post=160945"}],"curies":[{"name":"wp","href":"https:\/\/api.w.org\/{rel}","templated":true}]}}