{"id":160947,"date":"2025-12-16T12:42:01","date_gmt":"2025-12-16T11:42:01","guid":{"rendered":"https:\/\/secureus.se\/?post_type=product&#038;p=160947"},"modified":"2026-04-08T16:38:02","modified_gmt":"2026-04-08T14:38:02","slug":"zebra-800010-140-ymco-ribbon-400-prints","status":"publish","type":"product","link":"https:\/\/secureus.se\/fr\/zebra-800010-140-ymco-ribbon-400-prints\/","title":{"rendered":"Ruban YMCO z\u00e8bre \u2013 800010-140 (400 impressions)"},"content":{"rendered":"<h1>Ruban<br \/>\n  Zebra YMCO &#8211; 800010-140 (400 utskrifter)<\/h1>\n<p>F\u00e4rgband Zebra YMCO &#8211; 800010-140 (400 utskrifter) \u00e4r ett f\u00e4rgband<br \/>\n  pour l&#039;impression de cartes plastiques avec des couleurs vives, un texte clair et une bonne qualit\u00e9<br \/>\n  detalj\u00e5tergivning. Bandtypen YMCO ger r\u00e4tt kombination av f\u00e4rgpaneler och<br \/>\n  Couche de protection pour l&#039;impression professionnelle de cartes.<\/p>\n<p>Convient aux cartes d&#039;identit\u00e9, cartes d&#039;acc\u00e8s, cartes de membre et autres.<br \/>\n  cartes en plastique o\u00f9 une qualit\u00e9 d&#039;impression et une fiabilit\u00e9 \u00e9lev\u00e9es sont<br \/>\n  important.<\/p>\n<ul>\n<li>Capacit\u00e9 : jusqu&#039;\u00e0 400 impressions<\/li>\n<li>Bandtyp: YMCO<\/li>\n<li>Produit original<\/li>\n<li>Artikelnummer: 800010-140<\/li>\n<\/ul>\n<p><strong>Poids du produit :<\/strong> 0,20kg<\/p>","protected":false},"excerpt":{"rendered":"<p>Le ruban Zebra 800010-140 YMCO est un ruban \u00e0 4 panneaux de haute qualit\u00e9, sp\u00e9cialement con\u00e7u pour l&#039;imprimante de cartes Zebra ZC10L.<\/p>\n<p>Le ruban permet 400 impressions aux couleurs vives et avec une couche protectrice, ce qui le rend id\u00e9al pour l&#039;impression de grands badges d&#039;invit\u00e9s et de laissez-passer VIP pour les conf\u00e9rences, les festivals, les \u00e9v\u00e9nements sportifs et autres \u00e9v\u00e9nements sp\u00e9ciaux.<\/p>","protected":false},"featured_media":160946,"template":"","meta":{"_acf_changed":false},"product_brand":[],"product_cat":[3218],"product_tag":[],"class_list":{"0":"post-160947","1":"product","2":"type-product","3":"status-publish","4":"has-post-thumbnail","6":"product_cat-zebra-fargband-retransfer","7":"pa_brands-zebra","8":"tm-has-options","10":"first","11":"instock","12":"sale","13":"taxable","14":"shipping-taxable","15":"purchasable","16":"product-type-simple"},"acf":[],"_links":{"self":[{"href":"https:\/\/secureus.se\/fr\/wp-json\/wp\/v2\/product\/160947","targetHints":{"allow":["GET"]}}],"collection":[{"href":"https:\/\/secureus.se\/fr\/wp-json\/wp\/v2\/product"}],"about":[{"href":"https:\/\/secureus.se\/fr\/wp-json\/wp\/v2\/types\/product"}],"wp:featuredmedia":[{"embeddable":true,"href":"https:\/\/secureus.se\/fr\/wp-json\/wp\/v2\/media\/160946"}],"wp:attachment":[{"href":"https:\/\/secureus.se\/fr\/wp-json\/wp\/v2\/media?parent=160947"}],"wp:term":[{"taxonomy":"product_brand","embeddable":true,"href":"https:\/\/secureus.se\/fr\/wp-json\/wp\/v2\/product_brand?post=160947"},{"taxonomy":"product_cat","embeddable":true,"href":"https:\/\/secureus.se\/fr\/wp-json\/wp\/v2\/product_cat?post=160947"},{"taxonomy":"product_tag","embeddable":true,"href":"https:\/\/secureus.se\/fr\/wp-json\/wp\/v2\/product_tag?post=160947"}],"curies":[{"name":"wp","href":"https:\/\/api.w.org\/{rel}","templated":true}]}}