{"id":160952,"date":"2025-12-16T12:42:01","date_gmt":"2025-12-16T11:42:01","guid":{"rendered":"https:\/\/secureus.se\/?post_type=product&#038;p=160952"},"modified":"2026-04-08T16:32:53","modified_gmt":"2026-04-08T14:32:53","slug":"zebra-106000-10l-media-kit-400-cards-400-ymco-prints","status":"publish","type":"product","link":"https:\/\/secureus.se\/fr\/zebra-106000-10l-media-kit-400-cards-400-ymco-prints\/","title":{"rendered":"Paquet de cartes Zebra \u2013 106000-10L (400 cartes)"},"content":{"rendered":"<h1>paquet de cartes<br \/>\n  Zebra \u2013 106000-10L (400 cartes)<\/h1>\n<p>Le pack de cartes Zebra \u2013 106000-10L (400 cartes) est un kit m\u00e9dia complet<br \/>\n  pour l&#039;impression de cartes combinant cartes et consommables dans un seul emballage.<br \/>\n  Ce kit est parfaitement adapt\u00e9 \u00e0 l&#039;impression de cartes d&#039;identit\u00e9, de cartes d&#039;acc\u00e8s et<br \/>\n  carte d&#039;\u00e9v\u00e9nement.<\/p>\n<p>C&#039;est un bon choix pour les entreprises qui souhaitent<br \/>\n  Consommables d&#039;origine, de qualit\u00e9 constante et faciles \u00e0 manipuler.<\/p>\n<ul>\n<li>Capacit\u00e9 : jusqu&#039;\u00e0 400 impressions<\/li>\n<li>Contient 400 cartes en plastique<\/li>\n<li>Contient un ruban YMCO<\/li>\n<li>Produit original<\/li>\n<\/ul>\n<p><strong>Poids du produit :<\/strong> 2,00 kg<\/p>","protected":false},"excerpt":{"rendered":"<p>Le kit m\u00e9dia Zebra 106000-10L est un ensemble complet de consommables pour l&#039;impression de grandes cartes d&#039;\u00e9v\u00e9nements avec la Zebra ZC10L.<\/p>\n<p>Le kit contient 400 cartes en plastique grand format et un ruban YMCO pour 400 impressions.<\/p>\n<p>C&#039;est un excellent choix pour la production de laissez-passer VIP professionnels, de badges d&#039;invit\u00e9s et de cartes d&#039;identification pour des conf\u00e9rences, des salons professionnels, des festivals et autres \u00e9v\u00e9nements.<\/p>","protected":false},"featured_media":160948,"template":"","meta":{"_acf_changed":false},"product_brand":[],"product_cat":[3218],"product_tag":[],"class_list":{"0":"post-160952","1":"product","2":"type-product","3":"status-publish","4":"has-post-thumbnail","6":"product_cat-zebra-fargband-retransfer","7":"pa_brands-zebra","8":"tm-has-options","10":"first","11":"outofstock","12":"sale","13":"taxable","14":"shipping-taxable","15":"purchasable","16":"product-type-simple"},"acf":[],"_links":{"self":[{"href":"https:\/\/secureus.se\/fr\/wp-json\/wp\/v2\/product\/160952","targetHints":{"allow":["GET"]}}],"collection":[{"href":"https:\/\/secureus.se\/fr\/wp-json\/wp\/v2\/product"}],"about":[{"href":"https:\/\/secureus.se\/fr\/wp-json\/wp\/v2\/types\/product"}],"wp:featuredmedia":[{"embeddable":true,"href":"https:\/\/secureus.se\/fr\/wp-json\/wp\/v2\/media\/160948"}],"wp:attachment":[{"href":"https:\/\/secureus.se\/fr\/wp-json\/wp\/v2\/media?parent=160952"}],"wp:term":[{"taxonomy":"product_brand","embeddable":true,"href":"https:\/\/secureus.se\/fr\/wp-json\/wp\/v2\/product_brand?post=160952"},{"taxonomy":"product_cat","embeddable":true,"href":"https:\/\/secureus.se\/fr\/wp-json\/wp\/v2\/product_cat?post=160952"},{"taxonomy":"product_tag","embeddable":true,"href":"https:\/\/secureus.se\/fr\/wp-json\/wp\/v2\/product_tag?post=160952"}],"curies":[{"name":"wp","href":"https:\/\/api.w.org\/{rel}","templated":true}]}}