{"id":160962,"date":"2025-12-16T12:42:02","date_gmt":"2025-12-16T11:42:02","guid":{"rendered":"https:\/\/secureus.se\/zebra-106000-10l1-media-kit-400-cards-with-1-slot-400-ymco-prints\/"},"modified":"2026-04-08T16:37:49","modified_gmt":"2026-04-08T14:37:49","slug":"zebra-106000-10l1-media-kit-400-cards-with-1-slot-400-ymco-prints","status":"publish","type":"product","link":"https:\/\/secureus.se\/fr\/zebra-106000-10l1-media-kit-400-cards-with-1-slot-400-ymco-prints\/","title":{"rendered":"Paquet de cartes Zebra \u2013 106000-10L1 (400 cartes, 1 emplacement)"},"content":{"rendered":"<h1>paquet de cartes<br \/>\n  Zebra &#8211; 106000-10L1 (400 kort, 1 slot)<\/h1>\n<p>Kortpaket Zebra &#8211; 106000-10L1 (400 kort, 1 slot) \u00e4r ett komplett<br \/>\n  Kit de supports d&#039;impression de cartes combinant cartes et consommables en un seul<br \/>\n  Le kit est parfaitement adapt\u00e9 \u00e0 l&#039;impression de cartes d&#039;identit\u00e9, de cartes d&#039;acc\u00e8s et de\u2026<br \/>\n  carte d&#039;\u00e9v\u00e9nement.<\/p>\n<p>C&#039;est un bon choix pour les entreprises qui souhaitent<br \/>\n  Consommables d&#039;origine, de qualit\u00e9 constante et faciles \u00e0 manipuler.<\/p>\n<ul>\n<li>Capacit\u00e9 : jusqu&#039;\u00e0 400 impressions<\/li>\n<li>Contient 400 cartes en plastique<\/li>\n<li>Contient un ruban YMCO<\/li>\n<li>Produit original<\/li>\n<\/ul>","protected":false},"excerpt":{"rendered":"<p>Le kit m\u00e9dia Zebra 106000-10L1 est un ensemble complet de consommables pour l&#039;impression \u00e9v\u00e9nementielle avec l&#039;imprimante de cartes Zebra ZC10L.<\/p>\n<p>Le kit contient 400 cartes en plastique surdimensionn\u00e9es avec une fente pr\u00e9vue \u00e0 cet effet pour les cordons et un ruban YMCO pour 400 impressions.<\/p>\n<p>Id\u00e9al pour les laissez-passer VIP professionnels, les badges d&#039;invit\u00e9 et les cartes d&#039;acc\u00e8s aux \u00e9v\u00e9nements pour les conf\u00e9rences, les salons professionnels, les festivals et autres \u00e9v\u00e9nements temporaires.<\/p>","protected":false},"featured_media":160958,"template":"","meta":{"_acf_changed":false},"product_brand":[],"product_cat":[3218],"product_tag":[],"class_list":{"0":"post-160962","1":"product","2":"type-product","3":"status-publish","4":"has-post-thumbnail","6":"product_cat-zebra-fargband-retransfer","7":"pa_brands-zebra","8":"tm-has-options","10":"first","11":"instock","12":"sale","13":"taxable","14":"shipping-taxable","15":"purchasable","16":"product-type-simple"},"acf":[],"_links":{"self":[{"href":"https:\/\/secureus.se\/fr\/wp-json\/wp\/v2\/product\/160962","targetHints":{"allow":["GET"]}}],"collection":[{"href":"https:\/\/secureus.se\/fr\/wp-json\/wp\/v2\/product"}],"about":[{"href":"https:\/\/secureus.se\/fr\/wp-json\/wp\/v2\/types\/product"}],"wp:featuredmedia":[{"embeddable":true,"href":"https:\/\/secureus.se\/fr\/wp-json\/wp\/v2\/media\/160958"}],"wp:attachment":[{"href":"https:\/\/secureus.se\/fr\/wp-json\/wp\/v2\/media?parent=160962"}],"wp:term":[{"taxonomy":"product_brand","embeddable":true,"href":"https:\/\/secureus.se\/fr\/wp-json\/wp\/v2\/product_brand?post=160962"},{"taxonomy":"product_cat","embeddable":true,"href":"https:\/\/secureus.se\/fr\/wp-json\/wp\/v2\/product_cat?post=160962"},{"taxonomy":"product_tag","embeddable":true,"href":"https:\/\/secureus.se\/fr\/wp-json\/wp\/v2\/product_tag?post=160962"}],"curies":[{"name":"wp","href":"https:\/\/api.w.org\/{rel}","templated":true}]}}