{"id":161081,"date":"2025-11-21T12:45:37","date_gmt":"2025-11-21T11:45:37","guid":{"rendered":"https:\/\/secureus.se\/rokpatron-testifire-tes3\/"},"modified":"2026-04-08T16:00:08","modified_gmt":"2026-04-08T14:00:08","slug":"rokpatron-testifire-tes3","status":"publish","type":"product","link":"https:\/\/secureus.se\/fr\/rokpatron-testifire-tes3\/","title":{"rendered":"Cartouche de fum\u00e9e Testifire-TES3"},"content":{"rendered":"<h1>Cartouche de fum\u00e9e Testifire-TES3<\/h1>\n<h3 data-start=\"364\" data-end=\"413\">Tests de d\u00e9tecteurs de fum\u00e9e s\u00fbrs et fiables<\/h3>\n<p data-start=\"414\" data-end=\"729\">La cartouche de fum\u00e9e TES3 est sp\u00e9cialement con\u00e7ue pour \u00eatre utilis\u00e9e avec le testeur multicrit\u00e8res Testifire XTR2 et permet des tests pr\u00e9cis et conformes des d\u00e9tecteurs de fum\u00e9e.<\/p>\n<p data-start=\"414\" data-end=\"729\">En simulant la fum\u00e9e d&#039;un v\u00e9ritable incendie, le fonctionnement et la r\u00e9activit\u00e9 peuvent \u00eatre v\u00e9rifi\u00e9s de mani\u00e8re fiable, sans exposer les utilisateurs ni l&#039;environnement \u00e0 des risques.<\/p>\n<h3 data-start=\"731\" data-end=\"765\">Fum\u00e9e r\u00e9aliste \u2013 sans r\u00e9sidus<\/h3>\n<p data-start=\"766\" data-end=\"1055\">TES3 contient un gel \u00e0 base de glyc\u00e9rol qui est chauff\u00e9 dans le Testifire XTR2 et \u00e9met une fum\u00e9e qui active efficacement les d\u00e9tecteurs de fum\u00e9e optiques et ionisants.<\/p>\n<p data-start=\"766\" data-end=\"1055\">Une fois le test termin\u00e9, la fum\u00e9e est enti\u00e8rement \u00e9vacu\u00e9e et ne laisse aucun r\u00e9sidu dans le d\u00e9tecteur, minimisant ainsi le besoin de post-traitement et de nettoyage.<\/p>\n<h3 data-start=\"1057\" data-end=\"1097\">Adapt\u00e9 aux tests document\u00e9s<\/h3>\n<p data-start=\"1098\" data-end=\"1350\">Associ\u00e9e \u00e0 l&#039;application Testifire XTR2 et au portail cloud, chaque test peut \u00eatre enregistr\u00e9 automatiquement en temps r\u00e9el.<\/p>\n<p data-start=\"1098\" data-end=\"1350\">Cela permet aux responsables de la s\u00e9curit\u00e9 incendie, aux installateurs et aux propri\u00e9taires immobiliers de disposer d&#039;une documentation claire et d&#039;une tra\u00e7abilit\u00e9 conforme aux exigences applicables en mati\u00e8re de supervision et d&#039;auto-inspection.<\/p>\n<h3 data-start=\"1352\" data-end=\"1376\">Avantages en bref<\/h3>\n<ul data-start=\"1377\" data-end=\"1662\">\n<li data-start=\"1377\" data-end=\"1431\">\n<p data-start=\"1379\" data-end=\"1431\">Cartouche de fum\u00e9e s\u00fbre et non dangereuse sans pressurisation<\/p>\n<\/li>\n<li data-start=\"1432\" data-end=\"1487\">\n<p data-start=\"1434\" data-end=\"1487\">Fournit une fum\u00e9e tr\u00e8s r\u00e9aliste pour des tests fiables<\/p>\n<\/li>\n<li data-start=\"1488\" data-end=\"1530\">\n<p data-start=\"1490\" data-end=\"1530\">Aucun impact sur le d\u00e9tecteur apr\u00e8s le test<\/p>\n<\/li>\n<li data-start=\"1531\" data-end=\"1595\">\n<p data-start=\"1533\" data-end=\"1595\">Solution efficace pour les inspections professionnelles et r\u00e9guli\u00e8res<\/p>\n<\/li>\n<li data-start=\"1596\" data-end=\"1662\">\n<p data-start=\"1598\" data-end=\"1662\">Enti\u00e8rement compatible avec Testifire XTR2 et son enregistrement num\u00e9rique<\/p>\n<\/li>\n<\/ul>\n<p data-start=\"1664\" data-end=\"1691\">SP\u00c9CIFICATIONS TECHNIQUES :<\/p>\n<ul data-start=\"1692\" data-end=\"1994\">\n<li data-start=\"1692\" data-end=\"1737\">\n<p data-start=\"1694\" data-end=\"1737\">Type de produit\u00a0: Cartouche de fum\u00e9e pour test de d\u00e9tecteur de fum\u00e9e<\/p>\n<\/li>\n<li data-start=\"1738\" data-end=\"1754\">\n<p data-start=\"1740\" data-end=\"1754\">Mod\u00e8le : TES3<\/p>\n<\/li>\n<li data-start=\"1755\" data-end=\"1789\">\n<p data-start=\"1757\" data-end=\"1789\">Compatibilit\u00e9 : Testifire XTR2<\/p>\n<\/li>\n<li data-start=\"1790\" data-end=\"1824\">\n<p data-start=\"1792\" data-end=\"1824\">Milieu de test : fum\u00e9e \u00e0 base de glyc\u00e9rol<\/p>\n<\/li>\n<li data-start=\"1825\" data-end=\"1881\">\n<p data-start=\"1827\" data-end=\"1881\">Types de d\u00e9tecteurs\u00a0: D\u00e9tecteurs de fum\u00e9e optiques et \u00e0 ionisation<\/p>\n<\/li>\n<li data-start=\"1882\" data-end=\"1924\">\n<p data-start=\"1884\" data-end=\"1924\">Capacit\u00e9 : Environ 800 tests par cartouche<\/p>\n<\/li>\n<li data-start=\"1925\" data-end=\"1952\">\n<p data-start=\"1927\" data-end=\"1952\">R\u00e9sidus apr\u00e8s test\u00a0: Aucun<\/p>\n<\/li>\n<li data-start=\"1953\" data-end=\"1994\">\n<p data-start=\"1955\" data-end=\"1994\">S\u00e9curit\u00e9 : Non dangereux et respectueux de l&#039;environnement<\/p>\n<\/li>\n<\/ul>","protected":false},"excerpt":{"rendered":"<p>La cartouche de fum\u00e9e testifire-TES3 est une cartouche de fum\u00e9e s\u00fbre et non dangereuse con\u00e7ue pour les essais fonctionnels des d\u00e9tecteurs de fum\u00e9e avec le Testifire XTR2.<\/p>\n<p>Il g\u00e9n\u00e8re une fum\u00e9e de test r\u00e9aliste qui active les d\u00e9tecteurs de fum\u00e9e optiques et ionisants sans laisser de r\u00e9sidus.<\/p>\n<p>Le produit est con\u00e7u pour des tests professionnels dans les b\u00e2timents et les installations.<\/p>","protected":false},"featured_media":161080,"template":"","meta":{"_acf_changed":false},"product_brand":[],"product_cat":[4757,5069,2946],"product_tag":[],"class_list":{"0":"post-161081","1":"product","2":"type-product","3":"status-publish","4":"has-post-thumbnail","6":"product_cat-xtr2","7":"product_cat-kassetter-rok-co","8":"product_cat-testifire","9":"pa_brands-testifire","10":"tm-no-options","12":"first","13":"instock","14":"taxable","15":"shipping-taxable","16":"purchasable","17":"product-type-simple"},"acf":[],"_links":{"self":[{"href":"https:\/\/secureus.se\/fr\/wp-json\/wp\/v2\/product\/161081","targetHints":{"allow":["GET"]}}],"collection":[{"href":"https:\/\/secureus.se\/fr\/wp-json\/wp\/v2\/product"}],"about":[{"href":"https:\/\/secureus.se\/fr\/wp-json\/wp\/v2\/types\/product"}],"wp:featuredmedia":[{"embeddable":true,"href":"https:\/\/secureus.se\/fr\/wp-json\/wp\/v2\/media\/161080"}],"wp:attachment":[{"href":"https:\/\/secureus.se\/fr\/wp-json\/wp\/v2\/media?parent=161081"}],"wp:term":[{"taxonomy":"product_brand","embeddable":true,"href":"https:\/\/secureus.se\/fr\/wp-json\/wp\/v2\/product_brand?post=161081"},{"taxonomy":"product_cat","embeddable":true,"href":"https:\/\/secureus.se\/fr\/wp-json\/wp\/v2\/product_cat?post=161081"},{"taxonomy":"product_tag","embeddable":true,"href":"https:\/\/secureus.se\/fr\/wp-json\/wp\/v2\/product_tag?post=161081"}],"curies":[{"name":"wp","href":"https:\/\/api.w.org\/{rel}","templated":true}]}}