{"id":161311,"date":"2026-01-07T12:58:07","date_gmt":"2026-01-07T11:58:07","guid":{"rendered":"https:\/\/secureus.se\/ajax-fireprotect-2-heat-co-endast-varme-och-co-vit\/"},"modified":"2026-03-09T17:33:06","modified_gmt":"2026-03-09T16:33:06","slug":"ajax-fireprotect-2-heat-co-endast-varme-och-co-vit","status":"publish","type":"product","link":"https:\/\/secureus.se\/fr\/ajax-fireprotect-2-heat-co-endast-varme-och-co-vit\/","title":{"rendered":"Ajax FireProtect 2 RB (Chaleur\/CO) \u2013 Protection contre la chaleur et le CO uniquement (Blanc)"},"content":{"rendered":"<p data-start=\"594\" data-end=\"901\">Celui-ci <strong data-start=\"600\" data-end=\"647\">d\u00e9tecteur sans fil de chaleur et de monoxyde de carbone (CO)<\/strong> Il est con\u00e7u pour assurer une protection fiable et pr\u00e9coce contre les incendies et les \u00e9manations de monoxyde de carbone (CO) dans les habitations et les locaux professionnels. Ce d\u00e9tecteur est destin\u00e9 \u00e0 <strong data-start=\"782\" data-end=\"800\">installation int\u00e9rieure<\/strong> et est \u00e9quip\u00e9 des deux <strong data-start=\"826\" data-end=\"869\">sir\u00e8ne int\u00e9gr\u00e9e et indication LED claire<\/strong> pour une alerte imm\u00e9diate en cas d&#039;alarme.<\/p>\n<h3 data-start=\"903\" data-end=\"944\">Protection contre la chaleur et le monoxyde de carbone<\/h3>\n<p data-start=\"945\" data-end=\"1019\">Contrairement aux d\u00e9tecteurs de fum\u00e9e traditionnels, ce d\u00e9tecteur r\u00e9agit \u00e0\u00a0:<\/p>\n<ul data-start=\"1020\" data-end=\"1114\">\n<li data-start=\"1020\" data-end=\"1072\">\n<p data-start=\"1022\" data-end=\"1072\"><strong data-start=\"1022\" data-end=\"1072\">augmentation rapide de la temp\u00e9rature ou temp\u00e9ratures \u00e9lev\u00e9es<\/strong><\/p>\n<\/li>\n<li data-start=\"1073\" data-end=\"1114\">\n<p data-start=\"1075\" data-end=\"1114\"><strong data-start=\"1075\" data-end=\"1112\">Niveaux dangereux de monoxyde de carbone (CO)<\/strong><\/p>\n<\/li>\n<\/ul>\n<p data-start=\"1116\" data-end=\"1223\">En cas d&#039;alarme, la sir\u00e8ne int\u00e9gr\u00e9e (85 dB) est activ\u00e9e et le voyant LED s&#039;allume en rouge pour un avertissement visuel clair.<\/p>\n<h3 data-start=\"1225\" data-end=\"1263\">Alarmes interop\u00e9rables dans l&#039;ensemble du syst\u00e8me<\/h3>\n<p data-start=\"1264\" data-end=\"1506\">Le d\u00e9tecteur peut \u00eatre configur\u00e9 pour <strong data-start=\"1298\" data-end=\"1365\">Tous les d\u00e9tecteurs de fum\u00e9e, de chaleur et de CO du syst\u00e8me se d\u00e9clenchent simultan\u00e9ment.<\/strong> lorsqu&#039;un d\u00e9tecteur est activ\u00e9. Celui-ci d\u00e9clenche une alarme forte et claire dans tout le b\u00e2timent, m\u00eame en cas d&#039;incendie ou d&#039;\u00e9mission de CO dans une autre pi\u00e8ce.<\/p>\n<h3 data-start=\"1508\" data-end=\"1545\">Autotest et haute fiabilit\u00e9 op\u00e9rationnelle<\/h3>\n<p data-start=\"1546\" data-end=\"1639\">Pour une s\u00e9curit\u00e9 maximale, le d\u00e9tecteur fonctionne <strong data-start=\"1583\" data-end=\"1610\">autotests r\u00e9guliers<\/strong> et vous informe automatiquement des points suivants\u00a0:<\/p>\n<ul data-start=\"1640\" data-end=\"1693\">\n<li data-start=\"1640\" data-end=\"1651\">\n<p data-start=\"1642\" data-end=\"1651\">Erreur du capteur<\/p>\n<\/li>\n<li data-start=\"1652\" data-end=\"1669\">\n<p data-start=\"1654\" data-end=\"1669\">Niveau de batterie faible<\/p>\n<\/li>\n<li data-start=\"1670\" data-end=\"1693\">\n<p data-start=\"1672\" data-end=\"1693\">Anomalies fonctionnelles<\/p>\n<\/li>\n<\/ul>\n<p data-start=\"1695\" data-end=\"1777\">Cela minimise le risque qu&#039;un d\u00e9tecteur ne fonctionne pas lorsqu&#039;il est r\u00e9ellement n\u00e9cessaire.<\/p>\n<h3 data-start=\"1779\" data-end=\"1814\">Fonctionne m\u00eame sans syst\u00e8me d&#039;alarme<\/h3>\n<p data-start=\"1815\" data-end=\"1953\">Le d\u00e9tecteur peut \u00eatre utilis\u00e9 <strong data-start=\"1838\" data-end=\"1852\">ind\u00e9pendant<\/strong>, tout comme un d\u00e9tecteur de fum\u00e9e classique, ce qui le rend adaptable aux environnements avec ou sans alarme.<\/p>\n<h3 data-start=\"1955\" data-end=\"2001\">Longue dur\u00e9e de vie et faibles co\u00fbts d&#039;entretien<\/h3>\n<ul data-start=\"2002\" data-end=\"2155\">\n<li data-start=\"2002\" data-end=\"2059\">\n<p data-start=\"2004\" data-end=\"2059\">Jusqu&#039;\u00e0 <strong data-start=\"2013\" data-end=\"2033\">Autonomie de la batterie : 7 ans<\/strong> avec des piles rempla\u00e7ables<\/p>\n<\/li>\n<li data-start=\"2060\" data-end=\"2098\">\n<p data-start=\"2062\" data-end=\"2098\"><strong data-start=\"2062\" data-end=\"2096\">Dur\u00e9e de vie du capteur de CO : 10 ans<\/strong><\/p>\n<\/li>\n<li data-start=\"2099\" data-end=\"2155\">\n<p data-start=\"2101\" data-end=\"2155\">Port\u00e9e sans fil jusqu&#039;\u00e0 <strong data-start=\"2127\" data-end=\"2155\">1700 m\u00e8tres en terrain d\u00e9gag\u00e9<\/strong><\/p>\n<\/li>\n<\/ul>\n<hr data-start=\"2157\" data-end=\"2160\" \/>\n<h2 data-start=\"2162\" data-end=\"2189\">Sp\u00e9cifications techniques<\/h2>\n<ul data-start=\"2191\" data-end=\"2638\">\n<li data-start=\"2191\" data-end=\"2234\">\n<p data-start=\"2193\" data-end=\"2234\"><strong data-start=\"2193\" data-end=\"2201\">Taper:<\/strong> D\u00e9tecteur de chaleur et de CO sans fil<\/p>\n<\/li>\n<li data-start=\"2235\" data-end=\"2269\">\n<p data-start=\"2237\" data-end=\"2269\"><strong data-start=\"2237\" data-end=\"2259\">Domaine d&#039;utilisation :<\/strong> Int\u00e9rieur<\/p>\n<\/li>\n<li data-start=\"2270\" data-end=\"2345\">\n<p data-start=\"2272\" data-end=\"2345\"><strong data-start=\"2272\" data-end=\"2291\">Compatibilit\u00e9:<\/strong> Hub Plus, Hub 2, Hub 2 Plus, Hub Hybrid, ReX, ReX 2<\/p>\n<\/li>\n<li data-start=\"2346\" data-end=\"2401\">\n<p data-start=\"2348\" data-end=\"2401\"><strong data-start=\"2348\" data-end=\"2369\">Port\u00e9e sans fil\u00a0:<\/strong> Jusqu&#039;\u00e0 1700 m (terrain d\u00e9gag\u00e9)<\/p>\n<\/li>\n<li data-start=\"2402\" data-end=\"2429\">\n<p data-start=\"2404\" data-end=\"2429\"><strong data-start=\"2404\" data-end=\"2416\">Batterie:<\/strong> 2 \u00d7 CR123A<\/p>\n<\/li>\n<li data-start=\"2430\" data-end=\"2469\">\n<p data-start=\"2432\" data-end=\"2469\"><strong data-start=\"2432\" data-end=\"2453\">Autonomie de la batterie\u00a0:<\/strong> Jusqu&#039;\u00e0 7 ans<\/p>\n<\/li>\n<li data-start=\"2470\" data-end=\"2504\">\n<p data-start=\"2472\" data-end=\"2504\"><strong data-start=\"2472\" data-end=\"2496\">Dur\u00e9e de vie du capteur de CO :<\/strong> 10 ans<\/p>\n<\/li>\n<li data-start=\"2505\" data-end=\"2547\">\n<p data-start=\"2507\" data-end=\"2547\"><strong data-start=\"2507\" data-end=\"2528\">Plage de temp\u00e9rature\u00a0:<\/strong> 0\u00b0C \u00e0 +50\u00b0C<\/p>\n<\/li>\n<li data-start=\"2548\" data-end=\"2579\">\n<p data-start=\"2550\" data-end=\"2579\"><strong data-start=\"2550\" data-end=\"2572\">Humidit\u00e9 maximale :<\/strong> 80 %<\/p>\n<\/li>\n<li data-start=\"2580\" data-end=\"2602\">\n<p data-start=\"2582\" data-end=\"2602\"><strong data-start=\"2582\" data-end=\"2595\">Classe IP\u00a0:<\/strong> IP20<\/p>\n<\/li>\n<li data-start=\"2603\" data-end=\"2638\">\n<p data-start=\"2605\" data-end=\"2638\"><strong data-start=\"2605\" data-end=\"2620\">Volume:<\/strong> 85 dB (\u00e0 3 m)<\/p>\n<\/li>\n<\/ul>\n<h3 data-start=\"2640\" data-end=\"2664\">Seuil d&#039;alarme \u2013 chaleur<\/h3>\n<ul data-start=\"2665\" data-end=\"2725\">\n<li data-start=\"2665\" data-end=\"2675\">\n<p data-start=\"2667\" data-end=\"2675\">+64 \u00b0C<\/p>\n<\/li>\n<li data-start=\"2676\" data-end=\"2725\">\n<p data-start=\"2678\" data-end=\"2725\">Augmentation de temp\u00e9rature \u2265 10 \u00b0C en moins d&#039;une minute<\/p>\n<\/li>\n<\/ul>\n<h3 data-start=\"2727\" data-end=\"2761\">Seuil d&#039;alarme \u2013 monoxyde de carbone (CO)<\/h3>\n<ul data-start=\"2762\" data-end=\"2889\">\n<li data-start=\"2762\" data-end=\"2804\">\n<p data-start=\"2764\" data-end=\"2804\"><strong data-start=\"2764\" data-end=\"2785\">50 ppm (0,005 %) :<\/strong> alarme dans les 90 minutes<\/p>\n<\/li>\n<li data-start=\"2805\" data-end=\"2847\">\n<p data-start=\"2807\" data-end=\"2847\"><strong data-start=\"2807\" data-end=\"2828\">100 ppm (0,01 %) :<\/strong> alarme dans les 40 minutes<\/p>\n<\/li>\n<li data-start=\"2848\" data-end=\"2889\">\n<p data-start=\"2850\" data-end=\"2889\"><strong data-start=\"2850\" data-end=\"2871\">300 ppm (0,03 %) :<\/strong> alarme dans les 3 minutes<\/p>\n<\/li>\n<\/ul>","protected":false},"excerpt":{"rendered":"<p><strong data-start=\"201\" data-end=\"263\">D\u00e9tecteur sans fil de chaleur et de monoxyde de carbone (CO) pour une utilisation int\u00e9rieure<\/strong> Avec sir\u00e8ne int\u00e9gr\u00e9e et t\u00e9moin LED, ce d\u00e9tecteur d\u00e9clenche une alarme en cas de hausse rapide de temp\u00e9rature ou de niveau dangereux de CO. Il peut \u00eatre synchronis\u00e9 avec d&#039;autres d\u00e9tecteurs d&#039;incendie du syst\u00e8me pour une alarme collective. Il fonctionne \u00e9galement de mani\u00e8re autonome comme d\u00e9tecteur de fum\u00e9e classique. Son autonomie peut atteindre 7 ans, et celle du capteur de CO 10 ans.<\/p>","protected":false},"featured_media":161310,"template":"","meta":{"_acf_changed":false},"product_brand":[],"product_cat":[3159],"product_tag":[],"class_list":{"0":"post-161311","1":"product","2":"type-product","3":"status-publish","4":"has-post-thumbnail","6":"product_cat-brandvarnare","7":"pa_brands-ajax-systems","8":"tm-no-options","10":"first","11":"onbackorder","12":"taxable","13":"shipping-taxable","14":"purchasable","15":"product-type-simple"},"acf":[],"_links":{"self":[{"href":"https:\/\/secureus.se\/fr\/wp-json\/wp\/v2\/product\/161311","targetHints":{"allow":["GET"]}}],"collection":[{"href":"https:\/\/secureus.se\/fr\/wp-json\/wp\/v2\/product"}],"about":[{"href":"https:\/\/secureus.se\/fr\/wp-json\/wp\/v2\/types\/product"}],"wp:featuredmedia":[{"embeddable":true,"href":"https:\/\/secureus.se\/fr\/wp-json\/wp\/v2\/media\/161310"}],"wp:attachment":[{"href":"https:\/\/secureus.se\/fr\/wp-json\/wp\/v2\/media?parent=161311"}],"wp:term":[{"taxonomy":"product_brand","embeddable":true,"href":"https:\/\/secureus.se\/fr\/wp-json\/wp\/v2\/product_brand?post=161311"},{"taxonomy":"product_cat","embeddable":true,"href":"https:\/\/secureus.se\/fr\/wp-json\/wp\/v2\/product_cat?post=161311"},{"taxonomy":"product_tag","embeddable":true,"href":"https:\/\/secureus.se\/fr\/wp-json\/wp\/v2\/product_tag?post=161311"}],"curies":[{"name":"wp","href":"https:\/\/api.w.org\/{rel}","templated":true}]}}