{"id":161370,"date":"2026-01-09T15:12:43","date_gmt":"2026-01-09T14:12:43","guid":{"rendered":"https:\/\/secureus.se\/usb-c-till-usb-c-kabel-5m\/"},"modified":"2026-02-03T11:48:15","modified_gmt":"2026-02-03T10:48:15","slug":"usb-c-till-usb-c-kabel-5m","status":"publish","type":"product","link":"https:\/\/secureus.se\/fr\/usb-c-till-usb-c-kabel-5m\/","title":{"rendered":"C\u00e2ble USB-C 5 m \u2013 C\u00e2ble d&#039;alimentation USB-C vers USB-C"},"content":{"rendered":"<h3 data-start=\"348\" data-end=\"413\">C\u00e2ble d&#039;alimentation USB-C vers USB-C pour une installation fixe et s\u00e9curis\u00e9e<\/h3>\n<p data-start=\"414\" data-end=\"634\">Ce c\u00e2ble d&#039;alimentation USB-C vers USB-C de 5 m\u00e8tres est con\u00e7u pour alimenter les appareils utilisant un port USB-C, aussi bien c\u00f4t\u00e9 alimentation que c\u00f4t\u00e9 appareil. Il est id\u00e9al pour les installations exigeant une alimentation stable et une longue port\u00e9e.<\/p>\n<h3 data-start=\"636\" data-end=\"659\">Domaine d&#039;utilisation<\/h3>\n<p data-start=\"660\" data-end=\"821\">Ce c\u00e2ble permet une alimentation continue des p\u00e9riph\u00e9riques USB-C \u00e0 faible consommation. Il est particuli\u00e8rement adapt\u00e9 aux produits de s\u00e9curit\u00e9 ne n\u00e9cessitant pas de transfert de donn\u00e9es.<\/p>\n<h3 data-start=\"823\" data-end=\"837\">Avantages<\/h3>\n<ul data-start=\"838\" data-end=\"1002\">\n<li data-start=\"838\" data-end=\"883\">\n<p data-start=\"840\" data-end=\"883\">C\u00e2ble de 5 m\u00e8tres de long pour une installation flexible<\/p>\n<\/li>\n<li data-start=\"884\" data-end=\"921\">\n<p data-start=\"886\" data-end=\"921\">Alimentation stable via USB-C<\/p>\n<\/li>\n<li data-start=\"922\" data-end=\"965\">\n<p data-start=\"924\" data-end=\"965\">C\u00e2ble \u00e9pais (3,5 mm) pour un fonctionnement fiable<\/p>\n<\/li>\n<li data-start=\"966\" data-end=\"1002\">\n<p data-start=\"968\" data-end=\"1002\">Installation facile et rapide<\/p>\n<\/li>\n<\/ul>\n<h3 data-start=\"1004\" data-end=\"1028\">Informations importantes<\/h3>\n<p data-start=\"1029\" data-end=\"1142\">Ceci est un <strong data-start=\"1041\" data-end=\"1059\">c\u00e2ble d&#039;alimentation propre<\/strong>Le c\u00e2ble est <strong data-start=\"1071\" data-end=\"1141\">non con\u00e7u pour le transfert de donn\u00e9es, la synchronisation ou la charge rapide<\/strong>.<\/p>\n<h3 data-start=\"1144\" data-end=\"1176\">Utilisations typiques<\/h3>\n<ul data-start=\"1177\" data-end=\"1323\">\n<li data-start=\"1177\" data-end=\"1200\">\n<p data-start=\"1179\" data-end=\"1200\">Cam\u00e9ras de surveillance<\/p>\n<\/li>\n<li data-start=\"1201\" data-end=\"1233\">\n<p data-start=\"1203\" data-end=\"1233\">\u00c9quipements d&#039;alarme et de s\u00e9curit\u00e9<\/p>\n<\/li>\n<li data-start=\"1234\" data-end=\"1285\">\n<p data-start=\"1236\" data-end=\"1285\">Capteurs et accessoires technologiques avec alimentation USB-C<\/p>\n<\/li>\n<li data-start=\"1286\" data-end=\"1323\">\n<p data-start=\"1288\" data-end=\"1323\">Installation fixe ou semi-fixe<\/p>\n<\/li>\n<\/ul>\n<hr data-start=\"1325\" data-end=\"1328\" \/>\n<p data-start=\"1330\" data-end=\"1361\"><strong data-start=\"1330\" data-end=\"1359\">SP\u00c9CIFICATIONS TECHNIQUES :<\/strong><\/p>\n<ul data-start=\"1362\" data-end=\"1608\">\n<li data-start=\"1362\" data-end=\"1394\">\n<p data-start=\"1364\" data-end=\"1394\">Connexion : USB-C vers USB-C<\/p>\n<\/li>\n<li data-start=\"1395\" data-end=\"1434\">\n<p data-start=\"1397\" data-end=\"1434\">Fonction : Alimentation uniquement<\/p>\n<\/li>\n<li data-start=\"1435\" data-end=\"1452\">\n<p data-start=\"1437\" data-end=\"1452\">Tension : 5 V<\/p>\n<\/li>\n<li data-start=\"1453\" data-end=\"1475\">\n<p data-start=\"1455\" data-end=\"1475\">Courant : 0,5 A<\/p>\n<\/li>\n<li data-start=\"1476\" data-end=\"1493\">\n<p data-start=\"1478\" data-end=\"1493\">Puissance : 2,5 W<\/p>\n<\/li>\n<li data-start=\"1494\" data-end=\"1515\">\n<p data-start=\"1496\" data-end=\"1515\">Longueur du c\u00e2ble : 5,0 m<\/p>\n<\/li>\n<li data-start=\"1516\" data-end=\"1546\">\n<p data-start=\"1518\" data-end=\"1546\">Diam\u00e8tre du c\u00e2ble (DE) : 3,5 mm<\/p>\n<\/li>\n<li data-start=\"1547\" data-end=\"1560\">\n<p data-start=\"1549\" data-end=\"1560\">Couleur: Blanc<\/p>\n<\/li>\n<li data-start=\"1561\" data-end=\"1587\">\n<p data-start=\"1563\" data-end=\"1587\">Emballage : Sac en plastique<\/p>\n<\/li>\n<li data-start=\"1588\" data-end=\"1608\">\n<p data-start=\"1590\" data-end=\"1608\">Certification : CE<\/p>\n<\/li>\n<\/ul>","protected":false},"excerpt":{"rendered":"<p>C\u00e2ble d&#039;alimentation USB-C vers USB-C, 5 m\u00e8tres, pour une alimentation stable. Con\u00e7u pour les appareils USB-C tels que les appareils photo, les alarmes et autres appareils basse consommation. Pour l&#039;alimentation uniquement, ne permet pas le transfert de donn\u00e9es.<\/p>","protected":false},"featured_media":161369,"template":"","meta":{"_acf_changed":false},"product_brand":[],"product_cat":[4959],"product_tag":[],"class_list":{"0":"post-161370","1":"product","2":"type-product","3":"status-publish","4":"has-post-thumbnail","6":"product_cat-stromforsorjning","7":"product_shipping_class-postnord-varubrev","8":"tm-no-options","10":"first","11":"outofstock","12":"taxable","13":"shipping-taxable","14":"purchasable","15":"product-type-simple"},"acf":[],"_links":{"self":[{"href":"https:\/\/secureus.se\/fr\/wp-json\/wp\/v2\/product\/161370","targetHints":{"allow":["GET"]}}],"collection":[{"href":"https:\/\/secureus.se\/fr\/wp-json\/wp\/v2\/product"}],"about":[{"href":"https:\/\/secureus.se\/fr\/wp-json\/wp\/v2\/types\/product"}],"wp:featuredmedia":[{"embeddable":true,"href":"https:\/\/secureus.se\/fr\/wp-json\/wp\/v2\/media\/161369"}],"wp:attachment":[{"href":"https:\/\/secureus.se\/fr\/wp-json\/wp\/v2\/media?parent=161370"}],"wp:term":[{"taxonomy":"product_brand","embeddable":true,"href":"https:\/\/secureus.se\/fr\/wp-json\/wp\/v2\/product_brand?post=161370"},{"taxonomy":"product_cat","embeddable":true,"href":"https:\/\/secureus.se\/fr\/wp-json\/wp\/v2\/product_cat?post=161370"},{"taxonomy":"product_tag","embeddable":true,"href":"https:\/\/secureus.se\/fr\/wp-json\/wp\/v2\/product_tag?post=161370"}],"curies":[{"name":"wp","href":"https:\/\/api.w.org\/{rel}","templated":true}]}}