{"id":161373,"date":"2026-01-07T15:44:02","date_gmt":"2026-01-07T14:44:02","guid":{"rendered":"https:\/\/secureus.se\/?post_type=product&#038;p=161373"},"modified":"2026-05-07T19:36:47","modified_gmt":"2026-05-07T17:36:47","slug":"stromadapter-12v-2a-5m-vit","status":"publish","type":"product","link":"https:\/\/secureus.se\/fr\/stromadapter-12v-2a-5m-vit\/","title":{"rendered":"Adaptateur secteur 12 V 2 A \u2013 Adaptateur secteur AC\/DC \u2013 C\u00e2ble de 5 m \u2013 Blanc"},"content":{"rendered":"<h3 data-start=\"2124\" data-end=\"2173\">P\u00e5litlig n\u00e4tadapter f\u00f6r str\u00f6mf\u00f6rs\u00f6rjning med l\u00e5ng r\u00e4ckvidd<\/h3>\n<p data-start=\"2174\" data-end=\"2366\">Cet adaptateur secteur 12 V fournit jusqu&#039;\u00e0 2 A et est con\u00e7u pour le fonctionnement continu des produits de s\u00e9curit\u00e9. Son c\u00e2ble de 5 m\u00e8tres offre une grande flexibilit\u00e9 d&#039;installation, m\u00eame lorsque la prise murale est \u00e9loign\u00e9e.<\/p>\n<h3 data-start=\"2368\" data-end=\"2382\">Avantages<\/h3>\n<ul data-start=\"2383\" data-end=\"2530\">\n<li data-start=\"2383\" data-end=\"2406\">\n<p data-start=\"2385\" data-end=\"2406\">Alimentation stable de 12 V CC<\/p>\n<\/li>\n<li data-start=\"2407\" data-end=\"2448\">\n<p data-start=\"2409\" data-end=\"2448\">C\u00e2ble de 5 m\u00e8tres pour une installation facile<\/p>\n<\/li>\n<li data-start=\"2449\" data-end=\"2476\">\n<p data-start=\"2451\" data-end=\"2476\">Fiche CC pr\u00e9-assembl\u00e9e<\/p>\n<\/li>\n<li data-start=\"2477\" data-end=\"2530\">\n<p data-start=\"2479\" data-end=\"2530\">Adapt\u00e9 aux installations discr\u00e8tes gr\u00e2ce \u00e0 sa couleur blanche<\/p>\n<\/li>\n<\/ul>\n<h3 data-start=\"2532\" data-end=\"2556\">Domaines d&#039;utilisation<\/h3>\n<p data-start=\"2557\" data-end=\"2656\">Utilis\u00e9 pour les alarmes, les claviers et autres \u00e9quipements de s\u00e9curit\u00e9 n\u00e9cessitant une alimentation externe de 12 V.<\/p>\n<h3 data-start=\"2658\" data-end=\"2678\">Compatibilit\u00e9<\/h3>\n<ul data-start=\"2679\" data-end=\"2737\">\n<li data-start=\"2679\" data-end=\"2711\">\n<p data-start=\"2681\" data-end=\"2711\">\u00c9quipement avec entr\u00e9e 12 V CC<\/p>\n<\/li>\n<li data-start=\"2712\" data-end=\"2737\">\n<p data-start=\"2714\" data-end=\"2737\">Fiche CC 5,5 \u00d7 2,1 mm<\/p>\n<\/li>\n<\/ul>\n<hr data-start=\"2739\" data-end=\"2742\" \/>\n<p data-start=\"2744\" data-end=\"2775\"><strong data-start=\"2744\" data-end=\"2773\">SP\u00c9CIFICATIONS TECHNIQUES :<\/strong><\/p>\n<ul data-start=\"2776\" data-end=\"3044\">\n<li data-start=\"2776\" data-end=\"2816\">\n<p data-start=\"2778\" data-end=\"2816\">Tension d&#039;entr\u00e9e\u00a0: CA 100-240\u00a0V, 0,8\u00a0A<\/p>\n<\/li>\n<li data-start=\"2817\" data-end=\"2839\">\n<p data-start=\"2819\" data-end=\"2839\">Fr\u00e9quence : 50\/60 Hz<\/p>\n<\/li>\n<li data-start=\"2840\" data-end=\"2868\">\n<p data-start=\"2842\" data-end=\"2868\">Tension de sortie : 12 V CC<\/p>\n<\/li>\n<li data-start=\"2869\" data-end=\"2900\">\n<p data-start=\"2871\" data-end=\"2900\">Courant de sortie : 2 A (2000 mA)<\/p>\n<\/li>\n<li data-start=\"2901\" data-end=\"2917\">\n<p data-start=\"2903\" data-end=\"2917\">Puissance : 24 W<\/p>\n<\/li>\n<li data-start=\"2918\" data-end=\"2941\">\n<p data-start=\"2920\" data-end=\"2941\">Contact : contact UE<\/p>\n<\/li>\n<li data-start=\"2942\" data-end=\"2987\">\n<p data-start=\"2944\" data-end=\"2987\">Fiche CC\u00a0: 5,5 \u00d7 2,1 mm, longueur 10 mm, 180\u00b0<\/p>\n<\/li>\n<li data-start=\"2988\" data-end=\"3009\">\n<p data-start=\"2990\" data-end=\"3009\">Longueur du c\u00e2ble : 5,0 m<\/p>\n<\/li>\n<li data-start=\"3010\" data-end=\"3023\">\n<p data-start=\"3012\" data-end=\"3023\">Couleur: Blanc<\/p>\n<\/li>\n<li data-start=\"3024\" data-end=\"3044\">\n<p data-start=\"3026\" data-end=\"3044\">Certification : CE<\/p>\n<\/li>\n<\/ul>","protected":false},"excerpt":{"rendered":"<p>Adaptateur secteur 12 V avec c\u00e2ble de 5 m\u00e8tres pour une alimentation stable et s\u00e9curis\u00e9e. Convient aux alarmes et \u00e9quipements de s\u00e9curit\u00e9 n\u00e9cessitant une alimentation 12 V CC. Fourni avec une prise europ\u00e9enne et une prise CC.<\/p>","protected":false},"featured_media":161374,"template":"","meta":{"_acf_changed":false},"product_brand":[],"product_cat":[4959],"product_tag":[4863],"class_list":{"0":"post-161373","1":"product","2":"type-product","3":"status-publish","4":"has-post-thumbnail","6":"product_cat-stromforsorjning","7":"product_tag-pf","8":"product_shipping_class-postnord-varubrev","9":"pa_brands-stonehouse-security","10":"pa_farg-vit","11":"tm-no-options","13":"first","14":"instock","15":"taxable","16":"shipping-taxable","17":"purchasable","18":"product-type-simple"},"acf":[],"_links":{"self":[{"href":"https:\/\/secureus.se\/fr\/wp-json\/wp\/v2\/product\/161373","targetHints":{"allow":["GET"]}}],"collection":[{"href":"https:\/\/secureus.se\/fr\/wp-json\/wp\/v2\/product"}],"about":[{"href":"https:\/\/secureus.se\/fr\/wp-json\/wp\/v2\/types\/product"}],"wp:featuredmedia":[{"embeddable":true,"href":"https:\/\/secureus.se\/fr\/wp-json\/wp\/v2\/media\/161374"}],"wp:attachment":[{"href":"https:\/\/secureus.se\/fr\/wp-json\/wp\/v2\/media?parent=161373"}],"wp:term":[{"taxonomy":"product_brand","embeddable":true,"href":"https:\/\/secureus.se\/fr\/wp-json\/wp\/v2\/product_brand?post=161373"},{"taxonomy":"product_cat","embeddable":true,"href":"https:\/\/secureus.se\/fr\/wp-json\/wp\/v2\/product_cat?post=161373"},{"taxonomy":"product_tag","embeddable":true,"href":"https:\/\/secureus.se\/fr\/wp-json\/wp\/v2\/product_tag?post=161373"}],"curies":[{"name":"wp","href":"https:\/\/api.w.org\/{rel}","templated":true}]}}