{"id":161491,"date":"2026-01-12T14:11:32","date_gmt":"2026-01-12T13:11:32","guid":{"rendered":"https:\/\/secureus.se\/safetron-ellas-sl620-rattvand-generations-2\/"},"modified":"2026-01-22T11:06:48","modified_gmt":"2026-01-22T10:06:48","slug":"safetron-ellas-sl620-rattvand-generations-2","status":"publish","type":"product","link":"https:\/\/secureus.se\/fr\/safetron-ellas-sl620-rattvand-generations-2\/","title":{"rendered":"Serrure \u00e9lectrique Safetron SL620 pour droitier (G\u00e9n\u00e9ration 2)"},"content":{"rendered":"<p>La serrure SAFETRON SL620 de 2e g\u00e9n\u00e9ration est la nouvelle version des serrures \u00e9lectriques multifonctions \u00e0 bouton-poussoir dot\u00e9es d&#039;une fonction split et d&#039;une technologie hybride brevet\u00e9e. Cette technologie hybride permet d&#039;ajuster le positionnement du poussoir entre le module ASSA connect et le module classique. La SL620 est compatible avec une ouverture \u00e0 droite.<\/p>\n<p>Choisissez entre le mat\u00e9riel divis\u00e9 et la fonction simple gr\u00e2ce au s\u00e9lecteur de fonction de la serrure. La fonction Split signifie que la pression \u00e0 l&#039;ext\u00e9rieur est contr\u00f4l\u00e9e \u00e9lectriquement, tandis que la pression \u00e0 l&#039;int\u00e9rieur est toujours connect\u00e9e m\u00e9caniquement et permet ainsi toujours une sortie m\u00e9canique. Une op\u00e9ration simple signifie que les deux poussoirs sont verrouill\u00e9s et qu&#039;un contr\u00f4le de passage est requis des deux c\u00f4t\u00e9s de la porte.<\/p>\n<p>L&#039;indication est donn\u00e9e pour le verrouillage, le mouvement de pression, l&#039;\u00e9tat de la porte via un contact magn\u00e9tique et une indication du bouton.<\/p>\n<p>\u2022 Fonction divis\u00e9e ou simple<\/p>\n<p>\u2022 Technologie hybride\u00a0: placement du piston r\u00e9glable entre ASSA connect\/classic<\/p>\n<p>\u2022 Homologu\u00e9 feu : 120min<\/p>\n<p>\u2022 Fonction orient\u00e9e vers la droite<\/p>\n<p>\u2022 Indications\u00a0: verrouillage, mouvement de pression, \u00e9tat du bouton et de la porte.<\/p>\n<p>\u2022 Multitension\u00a0: 10-30\u00a0V\u00a0CC<\/p>\n<p>\u2022 Consommation de courant\u00a0: 40\u00a0mA \u00e0 24\u00a0V\u00a0CC<\/p>\n<p>\u2022 \u00c9vacuation d&#039;urgence approuv\u00e9e avec les \u00e9quipements d&#039;urgence 793 et 794.<\/p>\n<p>\u2022 Approuv\u00e9 avec la r\u00e8gle d&#039;appareillage de type T<\/p>","protected":false},"excerpt":{"rendered":"<p>SAFETRON SL620 Gneration 2 \u00e4r den nya version av multifunktionella eltryckesl\u00e5s med split funktion och patenterad hybridteknologi. Hybridteknologin ger m\u00f6jlighet att justera kolvplacering mellan ASSA connect och classic modul. SL620<\/p>","protected":false},"featured_media":142864,"template":"","meta":{"_acf_changed":false},"product_brand":[],"product_cat":[2429],"product_tag":[2286,4510,4866,4511],"class_list":{"0":"post-161491","1":"product","2":"type-product","3":"status-publish","4":"has-post-thumbnail","6":"product_cat-ellas","7":"product_tag-ellas-eltryckeslas","8":"product_tag-rel-safetron-eltryckeslas","9":"product_tag-safetron-20","10":"product_tag-safetron-eltryckeslas","11":"product_shipping_class-tunga-paket","12":"pa_brands-7safetron","13":"tm-has-options","15":"first","16":"instock","17":"sale","18":"featured","19":"taxable","20":"shipping-taxable","21":"purchasable","22":"product-type-simple"},"acf":[],"_links":{"self":[{"href":"https:\/\/secureus.se\/fr\/wp-json\/wp\/v2\/product\/161491","targetHints":{"allow":["GET"]}}],"collection":[{"href":"https:\/\/secureus.se\/fr\/wp-json\/wp\/v2\/product"}],"about":[{"href":"https:\/\/secureus.se\/fr\/wp-json\/wp\/v2\/types\/product"}],"wp:featuredmedia":[{"embeddable":true,"href":"https:\/\/secureus.se\/fr\/wp-json\/wp\/v2\/media\/142864"}],"wp:attachment":[{"href":"https:\/\/secureus.se\/fr\/wp-json\/wp\/v2\/media?parent=161491"}],"wp:term":[{"taxonomy":"product_brand","embeddable":true,"href":"https:\/\/secureus.se\/fr\/wp-json\/wp\/v2\/product_brand?post=161491"},{"taxonomy":"product_cat","embeddable":true,"href":"https:\/\/secureus.se\/fr\/wp-json\/wp\/v2\/product_cat?post=161491"},{"taxonomy":"product_tag","embeddable":true,"href":"https:\/\/secureus.se\/fr\/wp-json\/wp\/v2\/product_tag?post=161491"}],"curies":[{"name":"wp","href":"https:\/\/api.w.org\/{rel}","templated":true}]}}