{"id":161493,"date":"2022-07-04T07:50:02","date_gmt":"2022-07-04T05:50:02","guid":{"rendered":"https:\/\/secureus.se\/ellas-sl630\/"},"modified":"2026-03-18T12:11:00","modified_gmt":"2026-03-18T11:11:00","slug":"ellas-sl630","status":"publish","type":"product","link":"https:\/\/secureus.se\/fr\/ellas-sl630\/","title":{"rendered":"Serrure \u00e9lectrique Safetron SL630 (Nouvelle g\u00e9n\u00e9ration)"},"content":{"rendered":"<p>La serrure \u00e9lectrom\u00e9canique SAFETRON SL630 (nouvelle g\u00e9n\u00e9ration) est dot\u00e9e d&#039;une technologie de pression sur bande en instance de brevet. Elle offre une large gamme d&#039;applications uniques, r\u00e9pondant \u00e0 des exigences fonctionnelles telles que l&#039;activation \u00e9lectrique, l&#039;automatisation des portes, l&#039;\u00e9vacuation d&#039;urgence, la protection incendie, la gestion des acc\u00e8s s\u00e9par\u00e9s et la r\u00e9occupation des lieux. Jamais auparavant un seul bo\u00eetier de serrure n&#039;avait r\u00e9uni autant de fonctionnalit\u00e9s complexes.<\/p>\n<p>Le SAFETRON SL630 peut \u00eatre avantageusement utilis\u00e9 en combinaison avec un automatisme de porte, mais en m\u00eame temps il est \u00e9quip\u00e9 de pressions activ\u00e9es \u00e9lectroniquement. La serrure est \u00e9quip\u00e9e de doubles sol\u00e9no\u00efdes, l&#039;un commande le d\u00e9verrouillage du bo\u00eetier double fonction et l&#039;autre l&#039;activation de la fonction pression. Cela signifie que la connexion peut \u00eatre effectu\u00e9e s\u00e9par\u00e9ment respectivement aux automatismes de porte et aux syst\u00e8mes de passage.<\/p>\n<p>\u2022 Bo\u00eetier double fonction\u00a0: fonction orient\u00e9e vers la droite<\/p>\n<p>\u2022 Appuyer : fonction marche arri\u00e8re<\/p>\n<p>Le SAFETRON SL630 peut \u00eatre r\u00e9gl\u00e9 en mode divis\u00e9 ou simple, ce qui signifie que les boutons s&#039;ouvrent via une activation \u00e9lectronique des deux c\u00f4t\u00e9s.<\/p>\n<p>SAFETRON SL630 est certifi\u00e9 et marqu\u00e9 CE pour une utilisation dans les limites de cellules coupe-feu de la classe technique incendie la plus \u00e9lev\u00e9e : 120 min.<\/p>\n<p>Le SAFETRON SL630 peut \u00eatre \u00e9quip\u00e9 de deux ferrures d&#039;\u00e9vacuation d&#039;urgence diff\u00e9rentes : 793 ou 794. Choisissez 793 pour la position pression lorsque la serrure est en fonction divis\u00e9e ou 794 pour la position cylindre lorsque la serrure est en fonction simple ou lorsque la poign\u00e9e de tirage est doit \u00eatre utilis\u00e9.<\/p>\n<p>Le SAFETRON SL630 r\u00e9pond \u00e9galement aux exigences de relogement. La fonction de pression de la serrure a la fonction oppos\u00e9e et le relogement est ainsi activ\u00e9 en \u00e9liminant la tension exerc\u00e9e sur l&#039;environnement de la porte. La mise hors service peut \u00eatre effectu\u00e9e par l&#039;activation de l&#039;alarme incendie ou par l&#039;activation du raccord de secours 794 en combinaison avec la carte relais SAFETRON REC (Re-entry card).<\/p>\n<p>\u2022 Fonction divis\u00e9e ou simple<\/p>\n<p>\u2022 Technologie d&#039;impression de listes<\/p>\n<p>\u2022 Agr\u00e9\u00e9 feu : 120min<\/p>\n<p>\u2022 Adapt\u00e9 pour l&#039;automatisation des portes<\/p>\n<p>\u2022 Placement moderne du piston<\/p>\n<p>\u2022 Fonction avant et arri\u00e8re<\/p>\n<p>\u2022 \u00c9vacuation d&#039;urgence selon SS-EN 179<\/p>\n<p>\u2022 Indications\u00a0: verrouillage, mouvement de pression, \u00e9tat du cylindre et de la porte.<\/p>\n<p>\u2022 Multitension\u00a0: 10-30\u00a0V\u00a0CC<\/p>\n<p>\u2022 \u00c9vacuation d&#039;urgence approuv\u00e9e avec les \u00e9quipements d&#039;urgence 793 et 794.<\/p>\n<p>\u2022 R\u00e9occupation par panne d&#039;alarme incendie ou via SAFETRON REC (Carte de r\u00e9entr\u00e9e)<\/p>","protected":false},"excerpt":{"rendered":"<p>SAFETRON SL630 (nya geneationen)\u00a0 \u00e4r ett elektromekaniskt l\u00e5s med patents\u00f6kt listtrycksteknik. L\u00e5set har ett brett och unikt anv\u00e4ndningsomr\u00e5de som t\u00e4cker in funktionskrav s\u00e5som elektrisk aktivering, d\u00f6rrautomatik, n\u00f6dutrymning, brandigenh\u00e5llning, splitfunktion samt<\/p>","protected":false},"featured_media":142242,"template":"","meta":{"_acf_changed":false},"product_brand":[],"product_cat":[2429],"product_tag":[2286,4510,4866,4511],"class_list":{"0":"post-161493","1":"product","2":"type-product","3":"status-publish","4":"has-post-thumbnail","6":"product_cat-ellas","7":"product_tag-ellas-eltryckeslas","8":"product_tag-rel-safetron-eltryckeslas","9":"product_tag-safetron-20","10":"product_tag-safetron-eltryckeslas","11":"product_shipping_class-tunga-paket","12":"pa_brands-7safetron","13":"tm-has-options","15":"first","16":"instock","17":"sale","18":"featured","19":"taxable","20":"shipping-taxable","21":"purchasable","22":"product-type-simple"},"acf":[],"_links":{"self":[{"href":"https:\/\/secureus.se\/fr\/wp-json\/wp\/v2\/product\/161493","targetHints":{"allow":["GET"]}}],"collection":[{"href":"https:\/\/secureus.se\/fr\/wp-json\/wp\/v2\/product"}],"about":[{"href":"https:\/\/secureus.se\/fr\/wp-json\/wp\/v2\/types\/product"}],"wp:featuredmedia":[{"embeddable":true,"href":"https:\/\/secureus.se\/fr\/wp-json\/wp\/v2\/media\/142242"}],"wp:attachment":[{"href":"https:\/\/secureus.se\/fr\/wp-json\/wp\/v2\/media?parent=161493"}],"wp:term":[{"taxonomy":"product_brand","embeddable":true,"href":"https:\/\/secureus.se\/fr\/wp-json\/wp\/v2\/product_brand?post=161493"},{"taxonomy":"product_cat","embeddable":true,"href":"https:\/\/secureus.se\/fr\/wp-json\/wp\/v2\/product_cat?post=161493"},{"taxonomy":"product_tag","embeddable":true,"href":"https:\/\/secureus.se\/fr\/wp-json\/wp\/v2\/product_tag?post=161493"}],"curies":[{"name":"wp","href":"https:\/\/api.w.org\/{rel}","templated":true}]}}