{"id":161791,"date":"2025-11-20T11:47:40","date_gmt":"2025-11-20T10:47:40","guid":{"rendered":"https:\/\/secureus.se\/fjarrindikator-for-sakerhetssystem-5-25-volt\/"},"modified":"2026-03-31T13:29:49","modified_gmt":"2026-03-31T11:29:49","slug":"fjarrindikator-for-sakerhetssystem-5-25-volt","status":"publish","type":"product","link":"https:\/\/secureus.se\/fr\/fjarrindikator-for-sakerhetssystem-5-25-volt\/","title":{"rendered":"Indicateur \u00e0 distance pour syst\u00e8mes de s\u00e9curit\u00e9 5 \u2013 25 volts"},"content":{"rendered":"<h2 data-start=\"128\" data-end=\"176\">Indicateur \u00e0 distance TD-SL37 \u2013 Indicateur LED, blanc<\/h2>\n<p data-start=\"237\" data-end=\"473\">Le TD-SL37 est un <strong data-start=\"251\" data-end=\"280\">Indicateur \u00e0 distance (LED\/diode)<\/strong> Ce dispositif fournit un signal visuel clair lorsqu&#039;une entr\u00e9e d&#039;alarme connect\u00e9e est activ\u00e9e. Il est utilis\u00e9 lorsqu&#039;on souhaite qu&#039;un \u00e9v\u00e9nement soit clairement visible \u00e0 un endroit diff\u00e9rent de celui o\u00f9 se trouve le capteur ou le panneau de commande.<\/p>\n<p data-start=\"475\" data-end=\"607\">C&#039;est <strong data-start=\"482\" data-end=\"505\">pas une alarme en soi<\/strong> et <strong data-start=\"510\" data-end=\"528\">pas un capteur<\/strong> \u2013 sans un <strong data-start=\"539\" data-end=\"552\">indicateur<\/strong> qui indique l&#039;\u00e9tat de l&#039;installation \u00e0 laquelle elle est connect\u00e9e.<\/p>\n<hr data-start=\"609\" data-end=\"612\" \/>\n<h3 data-start=\"614\" data-end=\"649\">Compatible avec plusieurs types de syst\u00e8mes d&#039;alarme<\/h3>\n<p data-start=\"650\" data-end=\"740\">Le TD-SL37 peut \u00eatre utilis\u00e9 comme indicateur visuel dans plusieurs types d&#039;installations, par exemple\u00a0:<\/p>\n<ul data-start=\"741\" data-end=\"1035\">\n<li data-start=\"741\" data-end=\"798\">\n<p data-start=\"743\" data-end=\"798\"><strong data-start=\"743\" data-end=\"756\">Alarme incendie<\/strong> (indication provenant de la zone de d\u00e9tection\/alarme incendie)<\/p>\n<\/li>\n<li data-start=\"799\" data-end=\"871\">\n<p data-start=\"801\" data-end=\"871\"><strong data-start=\"801\" data-end=\"817\">Alarme antivol<\/strong> (Indication provenant de la zone d&#039;alarme, du contact magn\u00e9tique, du d\u00e9tecteur PIR, etc.)<\/p>\n<\/li>\n<li data-start=\"872\" data-end=\"963\">\n<p data-start=\"874\" data-end=\"963\"><strong data-start=\"874\" data-end=\"915\">Installations de t\u00e9l\u00e9communications\/signalisation et techniques<\/strong> (indication d&#039;\u00e9tat, sortie d&#039;alarme, indication d&#039;erreur)<\/p>\n<\/li>\n<li data-start=\"964\" data-end=\"1035\">\n<p data-start=\"966\" data-end=\"1035\"><strong data-start=\"966\" data-end=\"995\">Autres syst\u00e8mes basse tension<\/strong> o\u00f9 vous avez besoin d&#039;une indication LED claire<\/p>\n<\/li>\n<\/ul>\n<hr data-start=\"1037\" data-end=\"1040\" \/>\n<h3 data-start=\"1042\" data-end=\"1067\">Avantages et fonctionnalit\u00e9s<\/h3>\n<ul data-start=\"1068\" data-end=\"1327\">\n<li data-start=\"1068\" data-end=\"1123\">\n<p data-start=\"1070\" data-end=\"1123\">Indication visuelle claire en cas d&#039;alarme ou d&#039;activation<\/p>\n<\/li>\n<li data-start=\"1124\" data-end=\"1161\">\n<p data-start=\"1126\" data-end=\"1161\">LED haute efficacit\u00e9 pour une bonne visibilit\u00e9<\/p>\n<\/li>\n<li data-start=\"1162\" data-end=\"1205\">\n<p data-start=\"1164\" data-end=\"1205\">Large plage de tension : <strong data-start=\"1187\" data-end=\"1203\">4,5-25,5 V CC<\/strong><\/p>\n<\/li>\n<li data-start=\"1206\" data-end=\"1243\">\n<p data-start=\"1208\" data-end=\"1243\">Faible consommation d&#039;\u00e9nergie : <strong data-start=\"1230\" data-end=\"1241\">6\u201310 mA<\/strong><\/p>\n<\/li>\n<li data-start=\"1244\" data-end=\"1286\">\n<p data-start=\"1246\" data-end=\"1286\">Bo\u00eetier robuste en ABS pour une longue dur\u00e9e de vie<\/p>\n<\/li>\n<li data-start=\"1287\" data-end=\"1327\">\n<p data-start=\"1289\" data-end=\"1327\">Format compact pour installation fixe<\/p>\n<\/li>\n<\/ul>\n<hr data-start=\"1329\" data-end=\"1332\" \/>\n<h3 data-start=\"1334\" data-end=\"1359\">Sp\u00e9cification technique<\/h3>\n<ul data-start=\"1360\" data-end=\"1590\">\n<li data-start=\"1360\" data-end=\"1383\">\n<p data-start=\"1362\" data-end=\"1383\"><strong data-start=\"1362\" data-end=\"1373\">Mod\u00e8le:<\/strong> TD-SL37<\/p>\n<\/li>\n<li data-start=\"1384\" data-end=\"1401\">\n<p data-start=\"1386\" data-end=\"1401\"><strong data-start=\"1386\" data-end=\"1395\">Peinture:<\/strong> Blanc<\/p>\n<\/li>\n<li data-start=\"1402\" data-end=\"1432\">\n<p data-start=\"1404\" data-end=\"1432\"><strong data-start=\"1404\" data-end=\"1417\">tension:<\/strong> 4,5-25,5 V CC<\/p>\n<\/li>\n<li data-start=\"1433\" data-end=\"1466\">\n<p data-start=\"1435\" data-end=\"1466\"><strong data-start=\"1435\" data-end=\"1456\">Consommation d&#039;\u00e9nergie\u00a0:<\/strong> 6\u201310 mA<\/p>\n<\/li>\n<li data-start=\"1467\" data-end=\"1511\">\n<p data-start=\"1469\" data-end=\"1511\"><strong data-start=\"1469\" data-end=\"1490\">Plage de temp\u00e9rature\u00a0:<\/strong> \u221210\u00b0C \u00e0 +50\u00b0C<\/p>\n<\/li>\n<li data-start=\"1512\" data-end=\"1541\">\n<p data-start=\"1514\" data-end=\"1541\"><strong data-start=\"1514\" data-end=\"1532\">Humidit\u00e9:<\/strong> 0\u201395 %<\/p>\n<\/li>\n<li data-start=\"1542\" data-end=\"1560\">\n<p data-start=\"1544\" data-end=\"1560\"><strong data-start=\"1544\" data-end=\"1553\">Poids:<\/strong> 50g<\/p>\n<\/li>\n<li data-start=\"1561\" data-end=\"1590\">\n<p data-start=\"1563\" data-end=\"1590\"><strong data-start=\"1563\" data-end=\"1572\">Mesure:<\/strong> 86 \u00d7 86 \u00d7 33 mm<\/p>\n<\/li>\n<\/ul>\n<hr data-start=\"1592\" data-end=\"1595\" \/>\n<h3 data-start=\"1597\" data-end=\"1613\">Installation<\/h3>\n<ul data-start=\"1614\" data-end=\"1670\">\n<li data-start=\"1614\" data-end=\"1641\">\n<p data-start=\"1616\" data-end=\"1641\"><strong data-start=\"1616\" data-end=\"1630\">C\u00e2ble rouge :<\/strong> Plus (+)<\/p>\n<\/li>\n<li data-start=\"1642\" data-end=\"1670\">\n<p data-start=\"1644\" data-end=\"1670\"><strong data-start=\"1644\" data-end=\"1660\">C\u00e2ble noir :<\/strong> Moins (\u2212)<\/p>\n<\/li>\n<\/ul>","protected":false},"excerpt":{"rendered":"<p>Le voyant d&#039;alarme incendie \u00e0 distance TD-SL37 est un dispositif de signalisation blanc et fiable qui fournit une indication visuelle claire de vos d\u00e9tecteurs d&#039;incendie ou de vos unit\u00e9s d&#039;alarme.<\/p>\n<p>Gr\u00e2ce \u00e0 sa technologie LED \u00e9co\u00e9nerg\u00e9tique et \u00e0 sa large plage d&#039;adaptation de tension (4,5-25,5 V CC), il s&#039;int\u00e8gre parfaitement aux syst\u00e8mes de s\u00e9curit\u00e9 incendie professionnels.<\/p>\n<p>Sa couleur blanche discr\u00e8te et sa facilit\u00e9 d&#039;installation en font un produit id\u00e9al pour les immeubles d&#039;habitation, les bureaux et les locaux industriels.<\/p>","protected":false},"featured_media":161785,"template":"","meta":{"_acf_changed":false},"product_brand":[],"product_cat":[1562,5104],"product_tag":[2263],"class_list":{"0":"post-161791","1":"product","2":"type-product","3":"status-publish","4":"has-post-thumbnail","6":"product_cat-larmdon-blixtljus","7":"product_cat-indikering-summer","8":"product_tag-larmdon-blixtljus-rod","9":"product_shipping_class-postnord-varubrev","10":"pa_brands-stonehouse-security","11":"pa_farg-vit","12":"tm-no-options","14":"first","15":"instock","16":"sale","17":"featured","18":"taxable","19":"shipping-taxable","20":"purchasable","21":"product-type-simple"},"acf":[],"_links":{"self":[{"href":"https:\/\/secureus.se\/fr\/wp-json\/wp\/v2\/product\/161791","targetHints":{"allow":["GET"]}}],"collection":[{"href":"https:\/\/secureus.se\/fr\/wp-json\/wp\/v2\/product"}],"about":[{"href":"https:\/\/secureus.se\/fr\/wp-json\/wp\/v2\/types\/product"}],"wp:featuredmedia":[{"embeddable":true,"href":"https:\/\/secureus.se\/fr\/wp-json\/wp\/v2\/media\/161785"}],"wp:attachment":[{"href":"https:\/\/secureus.se\/fr\/wp-json\/wp\/v2\/media?parent=161791"}],"wp:term":[{"taxonomy":"product_brand","embeddable":true,"href":"https:\/\/secureus.se\/fr\/wp-json\/wp\/v2\/product_brand?post=161791"},{"taxonomy":"product_cat","embeddable":true,"href":"https:\/\/secureus.se\/fr\/wp-json\/wp\/v2\/product_cat?post=161791"},{"taxonomy":"product_tag","embeddable":true,"href":"https:\/\/secureus.se\/fr\/wp-json\/wp\/v2\/product_tag?post=161791"}],"curies":[{"name":"wp","href":"https:\/\/api.w.org\/{rel}","templated":true}]}}