{"id":161793,"date":"2025-11-20T10:17:32","date_gmt":"2025-11-20T09:17:32","guid":{"rendered":"https:\/\/secureus.se\/blixtljus-vit-led-td-sl32-12-24v\/"},"modified":"2026-03-31T13:25:46","modified_gmt":"2026-03-31T11:25:46","slug":"blixtljus-vit-led-td-sl32-12-24v","status":"publish","type":"product","link":"https:\/\/secureus.se\/fr\/blixtljus-vit-led-td-sl32-12-24v\/","title":{"rendered":"Lampe LED blanche clignotante TD-SL32 12-24V, 90 clignotements par minute, 12-24V"},"content":{"rendered":"<h2 data-start=\"0\" data-end=\"39\">Lampe stroboscopique TD-SL32 \u2013 LED blanche (12\u201324 V)<\/h2>\n<p data-start=\"41\" data-end=\"261\">Le TD-SL32 est un compact <strong data-start=\"64\" data-end=\"81\">Lampe torche LED<\/strong> qui sert de signal d&#039;avertissement visuel clair dans diff\u00e9rents types de syst\u00e8mes d&#039;alarme. Lorsque l&#039;alarme se d\u00e9clenche, le voyant stroboscopique clignote intens\u00e9ment. <strong data-start=\"221\" data-end=\"242\">avertir les environs<\/strong> et <strong data-start=\"247\" data-end=\"260\">dissuader<\/strong>.<\/p>\n<p data-start=\"263\" data-end=\"382\">Id\u00e9al pour, par exemple, les villas, les garages, les d\u00e9barras, les magasins et autres environnements o\u00f9 vous souhaitez une signalisation d&#039;alarme particuli\u00e8rement claire.<\/p>\n<hr data-start=\"384\" data-end=\"387\" \/>\n<h3 data-start=\"389\" data-end=\"401\">Avantages<\/h3>\n<ul data-start=\"402\" data-end=\"635\">\n<li data-start=\"402\" data-end=\"442\">\n<p data-start=\"404\" data-end=\"442\">Clairement <strong data-start=\"412\" data-end=\"431\">flash stroboscopique<\/strong> en cas d&#039;alarme<\/p>\n<\/li>\n<li data-start=\"443\" data-end=\"506\">\n<p data-start=\"445\" data-end=\"506\"><strong data-start=\"445\" data-end=\"459\">technologie LED<\/strong> pour une longue dur\u00e9e de vie et une faible consommation d&#039;\u00e9nergie<\/p>\n<\/li>\n<li data-start=\"507\" data-end=\"543\">\n<p data-start=\"509\" data-end=\"543\">Fonctionne sur <strong data-start=\"521\" data-end=\"541\">12 V ou 24 V CC<\/strong><\/p>\n<\/li>\n<li data-start=\"544\" data-end=\"585\">\n<p data-start=\"546\" data-end=\"585\">Bo\u00eetier robuste en plastique ABS durable<\/p>\n<\/li>\n<li data-start=\"586\" data-end=\"635\">\n<p data-start=\"588\" data-end=\"635\">Assemblage facile gr\u00e2ce au support et aux vis inclus.<\/p>\n<\/li>\n<\/ul>\n<hr data-start=\"637\" data-end=\"640\" \/>\n<h3 data-start=\"642\" data-end=\"670\">Sp\u00e9cifications techniques<\/h3>\n<ul data-start=\"671\" data-end=\"945\">\n<li data-start=\"671\" data-end=\"694\">\n<p data-start=\"673\" data-end=\"694\"><strong data-start=\"673\" data-end=\"684\">Mod\u00e8le:<\/strong> TD-SL32<\/p>\n<\/li>\n<li data-start=\"695\" data-end=\"712\">\n<p data-start=\"697\" data-end=\"712\"><strong data-start=\"697\" data-end=\"706\">Peinture:<\/strong> Blanc<\/p>\n<\/li>\n<li data-start=\"713\" data-end=\"735\">\n<p data-start=\"715\" data-end=\"735\"><strong data-start=\"715\" data-end=\"729\">Source lumineuse\u00a0:<\/strong> LED<\/p>\n<\/li>\n<li data-start=\"736\" data-end=\"771\">\n<p data-start=\"738\" data-end=\"771\"><strong data-start=\"738\" data-end=\"756\">Tension de fonctionnement\u00a0:<\/strong> 12 V CC \/ 24 V CC<\/p>\n<\/li>\n<li data-start=\"772\" data-end=\"805\">\n<p data-start=\"774\" data-end=\"805\"><strong data-start=\"774\" data-end=\"795\">Consommation d&#039;\u00e9nergie\u00a0:<\/strong> \u2264 80 mA<\/p>\n<\/li>\n<li data-start=\"806\" data-end=\"846\">\n<p data-start=\"808\" data-end=\"846\"><strong data-start=\"808\" data-end=\"826\">Fr\u00e9quence du flash :<\/strong> environ 90 flashs\/minute<\/p>\n<\/li>\n<li data-start=\"847\" data-end=\"891\">\n<p data-start=\"849\" data-end=\"891\"><strong data-start=\"849\" data-end=\"870\">Temp\u00e9rature de fonctionnement\u00a0:<\/strong> \u221210\u00b0C \u00e0 +50\u00b0C<\/p>\n<\/li>\n<li data-start=\"892\" data-end=\"917\">\n<p data-start=\"894\" data-end=\"917\"><strong data-start=\"894\" data-end=\"903\">Poids:<\/strong> environ 99\u2013100 g<\/p>\n<\/li>\n<li data-start=\"918\" data-end=\"945\">\n<p data-start=\"920\" data-end=\"945\"><strong data-start=\"920\" data-end=\"929\">Mesure:<\/strong> environ 70 \u00d7 45 mm<\/p>\n<\/li>\n<\/ul>\n<hr data-start=\"947\" data-end=\"950\" \/>\n<h3 data-start=\"952\" data-end=\"978\">Assemblage et connexion<\/h3>\n<p data-start=\"979\" data-end=\"1220\">Le TD-SL32 est g\u00e9n\u00e9ralement connect\u00e9 \u00e0 <strong data-start=\"1011\" data-end=\"1036\">sortie du centre d&#039;alarme<\/strong> (sortie sir\u00e8ne\/flash) afin qu&#039;elle s&#039;active en cas d&#039;alarme. Elle peut \u00e9galement \u00eatre aliment\u00e9e via <strong data-start=\"1113\" data-end=\"1123\">12 V CC<\/strong> si vous souhaitez l&#039;utiliser dans une solution autonome (en supposant que votre installation le permette).<\/p>\n<p data-start=\"1222\" data-end=\"1237\"><strong data-start=\"1222\" data-end=\"1237\">Connexion:<\/strong><\/p>\n<ul data-start=\"1238\" data-end=\"1294\">\n<li data-start=\"1238\" data-end=\"1265\">\n<p data-start=\"1240\" data-end=\"1265\"><strong data-start=\"1240\" data-end=\"1254\">C\u00e2ble rouge :<\/strong> + (plus)<\/p>\n<\/li>\n<li data-start=\"1266\" data-end=\"1294\">\n<p data-start=\"1268\" data-end=\"1294\"><strong data-start=\"1268\" data-end=\"1284\">C\u00e2ble noir :<\/strong> \u2212 (moins)<\/p>\n<\/li>\n<\/ul>\n<p data-start=\"1296\" data-end=\"1386\">Facile \u00e0 monter avec des vis et un support, de sorte que la lampe torche soit clairement visible depuis la direction souhait\u00e9e.<\/p>","protected":false},"excerpt":{"rendered":"<p>Ce signal lumineux stroboscopique blanc (mod\u00e8le TD-SL32) est un dispositif d&#039;avertissement visuel fiable pour les syst\u00e8mes d&#039;alarme.<\/p>\n<p>Il fonctionne avec les syst\u00e8mes 12V ou 24V et fournit une lumi\u00e8re blanche clignotante puissante (90 clignotements\/minute) pour dissuader les intrus.<\/p>","protected":false},"featured_media":161792,"template":"","meta":{"_acf_changed":false},"product_brand":[],"product_cat":[1562,5103],"product_tag":[5076],"class_list":{"0":"post-161793","1":"product","2":"type-product","3":"status-publish","4":"has-post-thumbnail","6":"product_cat-larmdon-blixtljus","7":"product_cat-blixtljus-kombisiren","8":"product_tag-larmdon-blixtljus-vit","9":"product_shipping_class-postnord-varubrev","10":"pa_brands-stonehouse-security","11":"pa_farg-vit","12":"tm-no-options","14":"first","15":"instock","16":"sale","17":"featured","18":"taxable","19":"shipping-taxable","20":"purchasable","21":"product-type-simple"},"acf":[],"_links":{"self":[{"href":"https:\/\/secureus.se\/fr\/wp-json\/wp\/v2\/product\/161793","targetHints":{"allow":["GET"]}}],"collection":[{"href":"https:\/\/secureus.se\/fr\/wp-json\/wp\/v2\/product"}],"about":[{"href":"https:\/\/secureus.se\/fr\/wp-json\/wp\/v2\/types\/product"}],"wp:featuredmedia":[{"embeddable":true,"href":"https:\/\/secureus.se\/fr\/wp-json\/wp\/v2\/media\/161792"}],"wp:attachment":[{"href":"https:\/\/secureus.se\/fr\/wp-json\/wp\/v2\/media?parent=161793"}],"wp:term":[{"taxonomy":"product_brand","embeddable":true,"href":"https:\/\/secureus.se\/fr\/wp-json\/wp\/v2\/product_brand?post=161793"},{"taxonomy":"product_cat","embeddable":true,"href":"https:\/\/secureus.se\/fr\/wp-json\/wp\/v2\/product_cat?post=161793"},{"taxonomy":"product_tag","embeddable":true,"href":"https:\/\/secureus.se\/fr\/wp-json\/wp\/v2\/product_tag?post=161793"}],"curies":[{"name":"wp","href":"https:\/\/api.w.org\/{rel}","templated":true}]}}