{"id":161929,"date":"2025-10-01T16:44:16","date_gmt":"2025-10-01T14:44:16","guid":{"rendered":"https:\/\/secureus.se\/batteribackup-12v-3a-med-ups-funktion-for-passersystem\/"},"modified":"2026-04-15T16:32:21","modified_gmt":"2026-04-15T14:32:21","slug":"batteribackup-12v-3a-med-ups-funktion-for-passersystem","status":"publish","type":"product","link":"https:\/\/secureus.se\/fr\/batteribackup-12v-3a-med-ups-funktion-for-passersystem\/","title":{"rendered":"Alimentation de secours par batterie 12 V 3 A avec fonction UPS pour syst\u00e8mes de contr\u00f4le d&#039;acc\u00e8s"},"content":{"rendered":"<h3 data-start=\"605\" data-end=\"659\">Alimentation de secours par batterie 12 V 3 A avec fonction UPS - SP-12V-3A<\/h3>\n<p data-start=\"661\" data-end=\"848\">SP-12V-3A est un <strong data-start=\"678\" data-end=\"706\">Onduleur professionnel 12 V CC<\/strong> Con\u00e7u pour les syst\u00e8mes o\u00f9 un fonctionnement continu est essentiel. L&#039;unit\u00e9 est principalement utilis\u00e9e dans <strong data-start=\"790\" data-end=\"847\">syst\u00e8mes de contr\u00f4le d&#039;acc\u00e8s, environnements de portes et installations de s\u00e9curit\u00e9<\/strong>.<\/p>\n<p data-start=\"850\" data-end=\"1028\">En cas de panne de courant, l&#039;onduleur bascule automatiquement sur batterie via une source d&#039;alimentation externe. <strong data-start=\"932\" data-end=\"953\">Batterie 12V\/7Ah<\/strong>, garantissant ainsi que les appareils connect\u00e9s continuent de fonctionner sans interruption.<\/p>\n<p data-start=\"1192\" data-end=\"1237\">Clair <strong data-start=\"1200\" data-end=\"1219\">Indicateurs LED<\/strong> affiche l&#039;\u00e9tat de\u00a0:<\/p>\n<ul data-start=\"1238\" data-end=\"1314\">\n<li data-start=\"1238\" data-end=\"1256\">\n<p data-start=\"1240\" data-end=\"1256\">tension secteur alternative<\/p>\n<\/li>\n<li data-start=\"1257\" data-end=\"1270\">\n<p data-start=\"1259\" data-end=\"1270\">Sortie CC<\/p>\n<\/li>\n<li data-start=\"1271\" data-end=\"1290\">\n<p data-start=\"1273\" data-end=\"1290\">Chargement de la batterie<\/p>\n<\/li>\n<li data-start=\"1291\" data-end=\"1314\">\n<p data-start=\"1293\" data-end=\"1314\">tension de batterie faible<\/p>\n<\/li>\n<\/ul>\n<p data-start=\"1316\" data-end=\"1441\">L&#039;unit\u00e9 est \u00e9quip\u00e9e de <strong data-start=\"1340\" data-end=\"1368\">protection auto-r\u00e9paratrice<\/strong> contre les courts-circuits, les surintensit\u00e9s, les surtensions, les d\u00e9charges excessives et les d\u00e9charges profondes.<\/p>\n<hr data-start=\"1443\" data-end=\"1446\" \/>\n<h3 data-start=\"1448\" data-end=\"1475\">Caract\u00e9ristiques et avantages \u2013 Batterie de secours 12 V 3 A<\/h3>\n<ul data-start=\"1477\" data-end=\"1757\">\n<li data-start=\"1477\" data-end=\"1521\">\n<p data-start=\"1479\" data-end=\"1521\">Fonction UPS automatique en cas de panne de courant<\/p>\n<\/li>\n<li data-start=\"1563\" data-end=\"1585\">\n<p data-start=\"1565\" data-end=\"1585\">Charge maximale : 3 A<\/p>\n<\/li>\n<li data-start=\"1586\" data-end=\"1623\">\n<p data-start=\"1588\" data-end=\"1623\">Protection contre les d\u00e9fauts \u00e9lectriques et les dommages \u00e0 la batterie<\/p>\n<\/li>\n<li data-start=\"1624\" data-end=\"1667\">\n<p data-start=\"1626\" data-end=\"1667\">\u00c9tat clair des LED pour une surveillance ais\u00e9e<\/p>\n<\/li>\n<li data-start=\"1668\" data-end=\"1715\">\n<p data-start=\"1670\" data-end=\"1715\">Connexions terminales pour une installation s\u00e9curis\u00e9e<\/p>\n<\/li>\n<li data-start=\"1716\" data-end=\"1757\">\n<p data-start=\"1718\" data-end=\"1757\">Con\u00e7u pour un usage professionnel en int\u00e9rieur<\/p>\n<\/li>\n<\/ul>\n<hr data-start=\"1759\" data-end=\"1762\" \/>\n<h3 data-start=\"1764\" data-end=\"1792\">Sp\u00e9cifications techniques<\/h3>\n<ul data-start=\"1794\" data-end=\"2172\">\n<li data-start=\"1794\" data-end=\"1830\">\n<p data-start=\"1796\" data-end=\"1830\"><strong data-start=\"1796\" data-end=\"1807\">Entr\u00e9e:<\/strong> 100\u2013240 V CA, 50\/60 Hz<\/p>\n<\/li>\n<li data-start=\"1831\" data-end=\"1878\">\n<p data-start=\"1833\" data-end=\"1878\"><strong data-start=\"1833\" data-end=\"1850\">Sortie (principales) :<\/strong> 12,0\u201314,0 V CC (r\u00e9glable)<\/p>\n<\/li>\n<li data-start=\"1879\" data-end=\"1918\">\n<p data-start=\"1881\" data-end=\"1918\"><strong data-start=\"1881\" data-end=\"1902\">Sortie (batterie) :<\/strong> 10,0\u201312,5 V CC<\/p>\n<\/li>\n<li data-start=\"1919\" data-end=\"1944\">\n<p data-start=\"1921\" data-end=\"1944\"><strong data-start=\"1921\" data-end=\"1937\">Courant de sortie maximal\u00a0:<\/strong> 3.0A<\/p>\n<\/li>\n<li data-start=\"1945\" data-end=\"1974\">\n<p data-start=\"1947\" data-end=\"1974\"><strong data-start=\"1947\" data-end=\"1967\">Chargement de la batterie\u00a0:<\/strong> 0,8A<\/p>\n<\/li>\n<li data-start=\"1975\" data-end=\"2026\">\n<p data-start=\"1977\" data-end=\"2026\"><strong data-start=\"1977\" data-end=\"2003\">Batterie recommand\u00e9e\u00a0:<\/strong> 12V \/ 7Ah (non inclus)<\/p>\n<\/li>\n<li data-start=\"2027\" data-end=\"2062\">\n<p data-start=\"2029\" data-end=\"2062\"><strong data-start=\"2029\" data-end=\"2044\">Temp\u00e9rature:<\/strong> -20 \u00e0 +45\u00b0C<\/p>\n<\/li>\n<li data-start=\"2063\" data-end=\"2114\">\n<p data-start=\"2065\" data-end=\"2114\"><strong data-start=\"2065\" data-end=\"2079\">Humidit\u00e9:<\/strong> Jusqu&#039;\u00e0 90 % (sans condensation)<\/p>\n<\/li>\n<li data-start=\"2115\" data-end=\"2147\">\n<p data-start=\"2117\" data-end=\"2147\"><strong data-start=\"2117\" data-end=\"2131\">Montage:<\/strong> Mur, int\u00e9rieur<\/p>\n<\/li>\n<li data-start=\"2148\" data-end=\"2172\">\n<p data-start=\"2150\" data-end=\"2172\"><strong data-start=\"2150\" data-end=\"2167\">Attestation\u00a0:<\/strong> CE<\/p>\n<\/li>\n<\/ul>\n<hr data-start=\"2174\" data-end=\"2177\" \/>\n<h3 data-start=\"2179\" data-end=\"2209\">Utilisations typiques<\/h3>\n<ul data-start=\"2211\" data-end=\"2371\">\n<li data-start=\"2211\" data-end=\"2244\">\n<p data-start=\"2213\" data-end=\"2244\">Contr\u00f4le d&#039;acc\u00e8s et contr\u00f4le des portes<\/p>\n<\/li>\n<li data-start=\"2245\" data-end=\"2285\">\n<p data-start=\"2247\" data-end=\"2285\">G\u00e2ches \u00e9lectriques et serrures \u00e9lectrom\u00e9caniques<\/p>\n<\/li>\n<li data-start=\"2286\" data-end=\"2313\">\n<p data-start=\"2288\" data-end=\"2313\">Portail et contr\u00f4le du portail<\/p>\n<\/li>\n<li data-start=\"2314\" data-end=\"2343\">\n<p data-start=\"2316\" data-end=\"2343\">Syst\u00e8mes d&#039;alarme et de s\u00e9curit\u00e9<\/p>\n<\/li>\n<li data-start=\"2344\" data-end=\"2371\">\n<p data-start=\"2346\" data-end=\"2371\">Solutions incendie et d&#039;urgence<\/p>\n<\/li>\n<\/ul>\n<hr data-start=\"2373\" data-end=\"2376\" \/>\n<h3 data-start=\"2378\" data-end=\"2394\">Installation<\/h3>\n<p data-start=\"2396\" data-end=\"2537\">Le produit est destin\u00e9 \u00e0 <strong data-start=\"2420\" data-end=\"2443\">installation int\u00e9rieure<\/strong> et devrait \u00eatre install\u00e9 par <strong data-start=\"2467\" data-end=\"2487\">technicien agr\u00e9\u00e9<\/strong>Assurez une bonne ventilation et une mise \u00e0 la terre correcte.<\/p>\n<p data-start=\"2396\" data-end=\"2537\"><span data-teams=\"true\">Dimensions : 195 x 225 x 83 mm<\/span><\/p>","protected":false},"excerpt":{"rendered":"<p data-start=\"198\" data-end=\"489\"><strong data-start=\"198\" data-end=\"272\">Alimentation de secours par batterie UPS 12V 3A pour syst\u00e8mes de contr\u00f4le d&#039;acc\u00e8s et installations de s\u00e9curit\u00e9.<\/strong><br data-start=\"272\" data-end=\"275\" \/>Le SP-12V-3A assure un fonctionnement stable en cas de coupure de courant gr\u00e2ce \u00e0 sa commutation automatique sur batterie. Son affichage LED clair et ses protections int\u00e9gr\u00e9es en font la solution id\u00e9ale pour les commandes de portes, les g\u00e2ches \u00e9lectriques et les syst\u00e8mes de contr\u00f4le de portails.<\/p>\n<p data-start=\"491\" data-end=\"537\"><em data-start=\"491\" data-end=\"537\">Batterie recommand\u00e9e : 12 V \/ 7 Ah (non incluse).<\/em><\/p>","protected":false},"featured_media":161927,"template":"","meta":{"_acf_changed":false},"product_brand":[],"product_cat":[2721],"product_tag":[],"class_list":{"0":"post-161929","1":"product","2":"type-product","3":"status-publish","4":"has-post-thumbnail","6":"product_cat-batteribackuper","7":"pa_brands-stonehouse-security","8":"tm-no-options","10":"first","11":"instock","12":"sale","13":"taxable","14":"shipping-taxable","15":"purchasable","16":"product-type-simple"},"acf":[],"_links":{"self":[{"href":"https:\/\/secureus.se\/fr\/wp-json\/wp\/v2\/product\/161929","targetHints":{"allow":["GET"]}}],"collection":[{"href":"https:\/\/secureus.se\/fr\/wp-json\/wp\/v2\/product"}],"about":[{"href":"https:\/\/secureus.se\/fr\/wp-json\/wp\/v2\/types\/product"}],"wp:featuredmedia":[{"embeddable":true,"href":"https:\/\/secureus.se\/fr\/wp-json\/wp\/v2\/media\/161927"}],"wp:attachment":[{"href":"https:\/\/secureus.se\/fr\/wp-json\/wp\/v2\/media?parent=161929"}],"wp:term":[{"taxonomy":"product_brand","embeddable":true,"href":"https:\/\/secureus.se\/fr\/wp-json\/wp\/v2\/product_brand?post=161929"},{"taxonomy":"product_cat","embeddable":true,"href":"https:\/\/secureus.se\/fr\/wp-json\/wp\/v2\/product_cat?post=161929"},{"taxonomy":"product_tag","embeddable":true,"href":"https:\/\/secureus.se\/fr\/wp-json\/wp\/v2\/product_tag?post=161929"}],"curies":[{"name":"wp","href":"https:\/\/api.w.org\/{rel}","templated":true}]}}