{"id":161937,"date":"2025-10-01T16:44:16","date_gmt":"2025-10-01T14:44:16","guid":{"rendered":"https:\/\/secureus.se\/mini-batteribackup-12v-3a-ups-i-plast\/"},"modified":"2026-04-15T13:34:41","modified_gmt":"2026-04-15T11:34:41","slug":"mini-batteribackup-12v-3a-ups-i-plast","status":"publish","type":"product","link":"https:\/\/secureus.se\/fr\/mini-batteribackup-12v-3a-ups-i-plast\/","title":{"rendered":"Mini onduleur 12V 3A en bo\u00eetier plastique"},"content":{"rendered":"<h3 data-start=\"728\" data-end=\"781\">Mini onduleur 12 V 3 A en bo\u00eetier plastique - BB-12V-3A<\/h3>\n<p data-start=\"783\" data-end=\"953\">BB-12V-3A est un <strong data-start=\"799\" data-end=\"837\">Onduleur compact 12 V CC dans un bo\u00eetier en plastique<\/strong>, con\u00e7u pour <strong data-start=\"853\" data-end=\"891\">applications g\u00e9n\u00e9rales basse tension<\/strong> o\u00f9 la facilit\u00e9 d&#039;installation, le faible poids et le fonctionnement stable sont importants.<\/p>\n<p data-start=\"955\" data-end=\"1120\">En cas de panne de courant, l&#039;appareil bascule automatiquement sur batterie via une source externe. <strong data-start=\"1038\" data-end=\"1059\">Batterie 12V\/7Ah<\/strong>, ce qui garantit le fonctionnement continu des appareils connect\u00e9s.<\/p>\n<p data-start=\"1284\" data-end=\"1335\">Clair <strong data-start=\"1291\" data-end=\"1309\">Indication LED<\/strong> donne un aper\u00e7u rapide de\u00a0:<\/p>\n<ul data-start=\"1336\" data-end=\"1412\">\n<li data-start=\"1336\" data-end=\"1354\">\n<p data-start=\"1338\" data-end=\"1354\">tension secteur alternative<\/p>\n<\/li>\n<li data-start=\"1355\" data-end=\"1368\">\n<p data-start=\"1357\" data-end=\"1368\">Sortie CC<\/p>\n<\/li>\n<li data-start=\"1369\" data-end=\"1388\">\n<p data-start=\"1371\" data-end=\"1388\">Chargement de la batterie<\/p>\n<\/li>\n<li data-start=\"1389\" data-end=\"1412\">\n<p data-start=\"1391\" data-end=\"1412\">tension de batterie faible<\/p>\n<\/li>\n<\/ul>\n<p data-start=\"1414\" data-end=\"1552\">L&#039;onduleur est dot\u00e9 d&#039;une protection int\u00e9gr\u00e9e contre <strong data-start=\"1444\" data-end=\"1504\">court-circuit, surintensit\u00e9, surcharge et d\u00e9charge profonde<\/strong>, avec r\u00e9initialisation automatique lorsque le d\u00e9faut cesse.<\/p>\n<p data-start=\"1554\" data-end=\"1674\">Le bo\u00eetier en plastique rend ce mod\u00e8le particuli\u00e8rement adapt\u00e9 \u00e0 <strong data-start=\"1603\" data-end=\"1644\">installations non homologu\u00e9es pour la s\u00e9curit\u00e9<\/strong> o\u00f9 la protection contre la falsification n&#039;est pas requise.<\/p>\n<hr data-start=\"1676\" data-end=\"1679\" \/>\n<h3 data-start=\"1681\" data-end=\"1708\">Caract\u00e9ristiques et avantages<\/h3>\n<ul data-start=\"1710\" data-end=\"2011\">\n<li data-start=\"1710\" data-end=\"1741\">\n<p data-start=\"1712\" data-end=\"1741\">Onduleur compact dans un bo\u00eetier en plastique<\/p>\n<\/li>\n<li data-start=\"1742\" data-end=\"1786\">\n<p data-start=\"1744\" data-end=\"1786\">Fonctionnement automatique sur batterie en cas de panne de courant<\/p>\n<\/li>\n<li data-start=\"1828\" data-end=\"1850\">\n<p data-start=\"1830\" data-end=\"1850\">Charge maximale : 3 A<\/p>\n<\/li>\n<li data-start=\"1851\" data-end=\"1894\">\n<p data-start=\"1853\" data-end=\"1894\">Voyant LED clair indiquant le fonctionnement et l&#039;\u00e9tat de la batterie<\/p>\n<\/li>\n<li data-start=\"1895\" data-end=\"1936\">\n<p data-start=\"1897\" data-end=\"1936\">Protection int\u00e9gr\u00e9e contre les pannes \u00e9lectriques et de batterie<\/p>\n<\/li>\n<li data-start=\"1937\" data-end=\"1969\">\n<p data-start=\"1939\" data-end=\"1969\">Installation facile et rapide<\/p>\n<\/li>\n<li data-start=\"1970\" data-end=\"2011\">\n<p data-start=\"1972\" data-end=\"2011\">Solution abordable pour une utilisation g\u00e9n\u00e9rale en 12 V<\/p>\n<\/li>\n<\/ul>\n<hr data-start=\"2013\" data-end=\"2016\" \/>\n<h3 data-start=\"2018\" data-end=\"2046\">Sp\u00e9cifications techniques<\/h3>\n<ul data-start=\"2048\" data-end=\"2450\">\n<li data-start=\"2048\" data-end=\"2084\">\n<p data-start=\"2050\" data-end=\"2084\"><strong data-start=\"2050\" data-end=\"2061\">Entr\u00e9e:<\/strong> 100\u2013240 V CA, 50\/60 Hz<\/p>\n<\/li>\n<li data-start=\"2173\" data-end=\"2198\">\n<p data-start=\"2175\" data-end=\"2198\"><strong data-start=\"2175\" data-end=\"2191\">Courant de sortie maximal\u00a0:<\/strong> 3.0A<\/p>\n<\/li>\n<li data-start=\"2199\" data-end=\"2228\">\n<p data-start=\"2201\" data-end=\"2228\"><strong data-start=\"2201\" data-end=\"2221\">Chargement de la batterie\u00a0:<\/strong> 0,8A<\/p>\n<\/li>\n<li data-start=\"2229\" data-end=\"2252\">\n<p data-start=\"2231\" data-end=\"2252\"><strong data-start=\"2231\" data-end=\"2244\">Enceinte:<\/strong> Plastique<\/p>\n<\/li>\n<li data-start=\"2253\" data-end=\"2304\">\n<p data-start=\"2255\" data-end=\"2304\"><strong data-start=\"2255\" data-end=\"2281\">Batterie recommand\u00e9e\u00a0:<\/strong> 12V \/ 7Ah (non inclus)<\/p>\n<\/li>\n<li data-start=\"2305\" data-end=\"2340\">\n<p data-start=\"2307\" data-end=\"2340\"><strong data-start=\"2307\" data-end=\"2322\">Temp\u00e9rature:<\/strong> -20 \u00e0 +45\u00b0C<\/p>\n<\/li>\n<li data-start=\"2341\" data-end=\"2392\">\n<p data-start=\"2343\" data-end=\"2392\"><strong data-start=\"2343\" data-end=\"2357\">Humidit\u00e9:<\/strong> Jusqu&#039;\u00e0 90 % (sans condensation)<\/p>\n<\/li>\n<li data-start=\"2393\" data-end=\"2425\">\n<p data-start=\"2395\" data-end=\"2425\"><strong data-start=\"2395\" data-end=\"2409\">Montage:<\/strong> Int\u00e9rieur, mur<\/p>\n<\/li>\n<li data-start=\"2426\" data-end=\"2450\">\n<p data-start=\"2428\" data-end=\"2450\"><strong data-start=\"2428\" data-end=\"2445\">Attestation\u00a0:<\/strong> CE<\/p>\n<\/li>\n<\/ul>\n<hr data-start=\"2452\" data-end=\"2455\" \/>\n<h3 data-start=\"2457\" data-end=\"2487\">Utilisations typiques<\/h3>\n<ul data-start=\"2489\" data-end=\"2670\">\n<li data-start=\"2489\" data-end=\"2525\">\n<p data-start=\"2491\" data-end=\"2525\">Syst\u00e8mes d&#039;alarme et de s\u00e9curit\u00e9 plus petits<\/p>\n<\/li>\n<li data-start=\"2526\" data-end=\"2550\">\n<p data-start=\"2528\" data-end=\"2550\">Syst\u00e8me de contr\u00f4le d&#039;acc\u00e8s plus simple<\/p>\n<\/li>\n<li data-start=\"2551\" data-end=\"2601\">\n<p data-start=\"2553\" data-end=\"2601\">Routeurs, commutateurs et \u00e9quipements r\u00e9seau (12V)<\/p>\n<\/li>\n<li data-start=\"2602\" data-end=\"2635\">\n<p data-start=\"2604\" data-end=\"2635\">Petits syst\u00e8mes de contr\u00f4le et \u00e9lectronique<\/p>\n<\/li>\n<li data-start=\"2636\" data-end=\"2670\">\n<p data-start=\"2638\" data-end=\"2670\">Alimentation de secours g\u00e9n\u00e9rale 12V en int\u00e9rieur<\/p>\n<\/li>\n<\/ul>\n<hr data-start=\"2672\" data-end=\"2675\" \/>\n<h3 data-start=\"2677\" data-end=\"2693\">Installation<\/h3>\n<p data-start=\"2695\" data-end=\"2837\">Destin\u00e9 \u00e0 <strong data-start=\"2706\" data-end=\"2721\">utilisation int\u00e9rieure<\/strong>.<br data-start=\"2722\" data-end=\"2725\" \/>L&#039;onduleur doit \u00eatre fix\u00e9 solidement et b\u00e9n\u00e9ficier d&#039;une bonne ventilation. Il est recommand\u00e9 de faire appel \u00e0 un professionnel pour l&#039;installation. <strong data-start=\"2816\" data-end=\"2836\">technicien agr\u00e9\u00e9<\/strong>.<\/p>\n<p data-start=\"2695\" data-end=\"2837\"><span data-teams=\"true\">Dimensions : 195 x 225 x 83 mm<\/span><\/p>","protected":false},"excerpt":{"rendered":"<p data-start=\"306\" data-end=\"614\"><strong data-start=\"306\" data-end=\"359\">Alimentation de secours compacte 12V 3A avec batterie UPS en bo\u00eetier plastique.<\/strong><br data-start=\"359\" data-end=\"362\" \/>Le BB-12V-3A est un petit onduleur CC 12V pratique pour des installations de s\u00e9curit\u00e9 et basse tension simplifi\u00e9es.<\/p>\n<p data-start=\"306\" data-end=\"614\">Le fonctionnement automatique sur batterie en cas de panne de courant et l&#039;indication LED claire en font la solution id\u00e9ale pour les petits syst\u00e8mes n\u00e9cessitant un fonctionnement continu.<\/p>\n<p data-start=\"616\" data-end=\"662\"><em data-start=\"616\" data-end=\"662\">Batterie recommand\u00e9e : 12 V \/ 7 Ah (non incluse).<\/em><\/p>","protected":false},"featured_media":161933,"template":"","meta":{"_acf_changed":false},"product_brand":[],"product_cat":[2721],"product_tag":[],"class_list":{"0":"post-161937","1":"product","2":"type-product","3":"status-publish","4":"has-post-thumbnail","6":"product_cat-batteribackuper","7":"pa_brands-stonehouse-security","8":"tm-no-options","10":"first","11":"instock","12":"sale","13":"taxable","14":"shipping-taxable","15":"purchasable","16":"product-type-simple"},"acf":[],"_links":{"self":[{"href":"https:\/\/secureus.se\/fr\/wp-json\/wp\/v2\/product\/161937","targetHints":{"allow":["GET"]}}],"collection":[{"href":"https:\/\/secureus.se\/fr\/wp-json\/wp\/v2\/product"}],"about":[{"href":"https:\/\/secureus.se\/fr\/wp-json\/wp\/v2\/types\/product"}],"wp:featuredmedia":[{"embeddable":true,"href":"https:\/\/secureus.se\/fr\/wp-json\/wp\/v2\/media\/161933"}],"wp:attachment":[{"href":"https:\/\/secureus.se\/fr\/wp-json\/wp\/v2\/media?parent=161937"}],"wp:term":[{"taxonomy":"product_brand","embeddable":true,"href":"https:\/\/secureus.se\/fr\/wp-json\/wp\/v2\/product_brand?post=161937"},{"taxonomy":"product_cat","embeddable":true,"href":"https:\/\/secureus.se\/fr\/wp-json\/wp\/v2\/product_cat?post=161937"},{"taxonomy":"product_tag","embeddable":true,"href":"https:\/\/secureus.se\/fr\/wp-json\/wp\/v2\/product_tag?post=161937"}],"curies":[{"name":"wp","href":"https:\/\/api.w.org\/{rel}","templated":true}]}}