{"id":161942,"date":"2026-02-02T13:33:10","date_gmt":"2026-02-02T12:33:10","guid":{"rendered":"https:\/\/secureus.se\/mifare-desfire-2k-ev3-kort-100-pack-13-56-mhz\/"},"modified":"2026-02-27T14:29:31","modified_gmt":"2026-02-27T13:29:31","slug":"mifare-desfire-2k-ev3-kort-100-pack-13-56-mhz","status":"publish","type":"product","link":"https:\/\/secureus.se\/fr\/mifare-desfire-2k-ev3-kort-100-pack-13-56-mhz\/","title":{"rendered":"Carte Mifare DESFire 2K EV3 - paquet de 100, 13,56 MHz"},"content":{"rendered":"<p>Cartes Mifare Desfire 2K EV3 blanches vierges - paquet de 100<\/p>\n<p>Ces cartes MIFARE DESFire EV3 2K utilisent la toute derni\u00e8re technologie de puce NXP pour offrir des performances rapides, s\u00e9curis\u00e9es et fiables. Dot\u00e9es de 2 Ko de m\u00e9moire, elles peuvent prendre en charge plusieurs applications sur une seule carte. Fonctionnant \u00e0 13,56 MHz, elles offrent des d\u00e9bits de transfert de donn\u00e9es \u00e9lev\u00e9s allant jusqu&#039;\u00e0 848 kbit\/s, ce qui les rend id\u00e9ales pour le contr\u00f4le d&#039;acc\u00e8s, les transports et autres syst\u00e8mes s\u00e9curis\u00e9s.<\/p>\n<p>Vendu en paquet de 100<br \/>\nFormat standard des cartes de cr\u00e9dit CR80 (86 mm x 54 mm)<br \/>\nCapacit\u00e9 de m\u00e9moire de 2 Ko<br \/>\nSolution id\u00e9ale pour les applications d&#039;identit\u00e9, de contr\u00f4le d&#039;acc\u00e8s et de micropaiement<\/p>\n<p>Poids du produit :<br \/>\n0,60 kg<\/p>","protected":false},"excerpt":{"rendered":"<p>Cartes Mifare Desfire 2K EV3 blanches vierges - paquet de 100<\/p>","protected":false},"featured_media":161941,"template":"","meta":{"_acf_changed":false},"product_brand":[],"product_cat":[4233],"product_tag":[],"class_list":{"0":"post-161942","1":"product","2":"type-product","3":"status-publish","4":"has-post-thumbnail","6":"product_cat-rfid-kort-desfire","7":"tm-no-options","9":"first","10":"instock","11":"sale","12":"taxable","13":"shipping-taxable","14":"purchasable","15":"product-type-simple"},"acf":[],"_links":{"self":[{"href":"https:\/\/secureus.se\/fr\/wp-json\/wp\/v2\/product\/161942","targetHints":{"allow":["GET"]}}],"collection":[{"href":"https:\/\/secureus.se\/fr\/wp-json\/wp\/v2\/product"}],"about":[{"href":"https:\/\/secureus.se\/fr\/wp-json\/wp\/v2\/types\/product"}],"wp:featuredmedia":[{"embeddable":true,"href":"https:\/\/secureus.se\/fr\/wp-json\/wp\/v2\/media\/161941"}],"wp:attachment":[{"href":"https:\/\/secureus.se\/fr\/wp-json\/wp\/v2\/media?parent=161942"}],"wp:term":[{"taxonomy":"product_brand","embeddable":true,"href":"https:\/\/secureus.se\/fr\/wp-json\/wp\/v2\/product_brand?post=161942"},{"taxonomy":"product_cat","embeddable":true,"href":"https:\/\/secureus.se\/fr\/wp-json\/wp\/v2\/product_cat?post=161942"},{"taxonomy":"product_tag","embeddable":true,"href":"https:\/\/secureus.se\/fr\/wp-json\/wp\/v2\/product_tag?post=161942"}],"curies":[{"name":"wp","href":"https:\/\/api.w.org\/{rel}","templated":true}]}}