{"id":161946,"date":"2025-10-01T16:44:15","date_gmt":"2025-10-01T14:44:15","guid":{"rendered":"https:\/\/secureus.se\/batteribackup-12v-3a-for-cctv\/"},"modified":"2026-03-11T13:14:13","modified_gmt":"2026-03-11T12:14:13","slug":"batteribackup-12v-3a-for-cctv","status":"publish","type":"product","link":"https:\/\/secureus.se\/fr\/batteribackup-12v-3a-for-cctv\/","title":{"rendered":"Alimentation de secours par batterie 12 V 3 A avec onduleur 4 canaux pour vid\u00e9osurveillance"},"content":{"rendered":"<h3 data-start=\"789\" data-end=\"847\">Batterie de secours 12 V 3 A pour cam\u00e9ras de vid\u00e9osurveillance \u2013 SPF-12V-3A<\/h3>\n<p data-start=\"849\" data-end=\"1002\">Le SPF-12V-3A est un <strong data-start=\"866\" data-end=\"916\">Onduleur 12 V CC sp\u00e9cialement con\u00e7u pour les syst\u00e8mes de vid\u00e9osurveillance<\/strong>, o\u00f9 plusieurs cam\u00e9ras n\u00e9cessitent une alimentation \u00e9lectrique stable et s\u00e9curis\u00e9e \u2013 m\u00eame en cas de panne de courant.<\/p>\n<p data-start=\"1004\" data-end=\"1204\">Le service UPS a <strong data-start=\"1015\" data-end=\"1044\">quatre sorties CC distinctes<\/strong>, o\u00f9 chaque sortie est individuellement <strong data-start=\"1079\" data-end=\"1089\">s\u00e9curis\u00e9<\/strong>, qui assure une fiabilit\u00e9 op\u00e9rationnelle \u00e9lev\u00e9e et prot\u00e8ge \u00e0 la fois les cam\u00e9ras et le c\u00e2blage en cas de panne ou de court-circuit sur un canal individuel.<\/p>\n<p data-start=\"1206\" data-end=\"1378\">En cas de panne de courant, l&#039;appareil bascule automatiquement sur batterie via une source externe. <strong data-start=\"1288\" data-end=\"1309\">Batterie 12V\/7Ah<\/strong>, afin que les cam\u00e9ras et les p\u00e9riph\u00e9riques continuent de fonctionner sans interruption.<\/p>\n<p data-start=\"1567\" data-end=\"1601\">Clair <strong data-start=\"1575\" data-end=\"1594\">Indicateurs LED<\/strong> spectacles :<\/p>\n<ul data-start=\"1602\" data-end=\"1678\">\n<li data-start=\"1602\" data-end=\"1620\">\n<p data-start=\"1604\" data-end=\"1620\">tension secteur alternative<\/p>\n<\/li>\n<li data-start=\"1621\" data-end=\"1634\">\n<p data-start=\"1623\" data-end=\"1634\">Sortie CC<\/p>\n<\/li>\n<li data-start=\"1635\" data-end=\"1654\">\n<p data-start=\"1637\" data-end=\"1654\">Chargement de la batterie<\/p>\n<\/li>\n<li data-start=\"1655\" data-end=\"1678\">\n<p data-start=\"1657\" data-end=\"1678\">tension de batterie faible<\/p>\n<\/li>\n<\/ul>\n<p data-start=\"789\" data-end=\"847\">Batterie de secours 12 V 3 A pour vid\u00e9osurveillance <span style=\"font-size: 16px\">est \u00e9quip\u00e9 d&#039;une protection contre <\/span>court-circuit, surintensit\u00e9, surcharge et d\u00e9charge profonde<span style=\"font-size: 16px\">, avec r\u00e9initialisation automatique lorsque le d\u00e9faut dispara\u00eet.<\/span><\/p>\n<hr data-start=\"1828\" data-end=\"1831\" \/>\n<h3 data-start=\"1833\" data-end=\"1860\">Caract\u00e9ristiques et avantages<\/h3>\n<ul data-start=\"1862\" data-end=\"2187\">\n<li data-start=\"1862\" data-end=\"1901\">\n<p data-start=\"1864\" data-end=\"1901\">Sp\u00e9cialement adapt\u00e9 aux cam\u00e9ras de vid\u00e9osurveillance<\/p>\n<\/li>\n<li data-start=\"1902\" data-end=\"1943\">\n<p data-start=\"1904\" data-end=\"1943\">4 sorties CC prot\u00e9g\u00e9es individuellement par fusible<\/p>\n<\/li>\n<li data-start=\"1944\" data-end=\"1988\">\n<p data-start=\"1946\" data-end=\"1988\">Fonctionnement automatique sur batterie en cas de panne de courant<\/p>\n<\/li>\n<li data-start=\"2030\" data-end=\"2058\">\n<p data-start=\"2032\" data-end=\"2058\">Charge totale maximale : 3 A<\/p>\n<\/li>\n<li data-start=\"2059\" data-end=\"2095\">\n<p data-start=\"2061\" data-end=\"2095\">\u00c9tat des LED pour une surveillance facile<\/p>\n<\/li>\n<li data-start=\"2096\" data-end=\"2128\">\n<p data-start=\"2098\" data-end=\"2128\">Protection contre les pannes \u00e9lectriques et de batterie<\/p>\n<\/li>\n<li data-start=\"2129\" data-end=\"2187\">\n<p data-start=\"2131\" data-end=\"2187\">Solution stable pour les installations de cam\u00e9ras professionnelles<\/p>\n<\/li>\n<\/ul>\n<hr data-start=\"2189\" data-end=\"2192\" \/>\n<h3 data-start=\"2194\" data-end=\"2222\">Sp\u00e9cifications techniques<\/h3>\n<ul data-start=\"2224\" data-end=\"2657\">\n<li data-start=\"2224\" data-end=\"2260\">\n<p data-start=\"2226\" data-end=\"2260\"><strong data-start=\"2226\" data-end=\"2237\">Entr\u00e9e:<\/strong> 100\u2013240 V CA, 50\/60 Hz<\/p>\n<\/li>\n<li data-start=\"2349\" data-end=\"2382\">\n<p data-start=\"2351\" data-end=\"2382\"><strong data-start=\"2351\" data-end=\"2367\">Courant de sortie maximal\u00a0:<\/strong> 3,0 A (total)<\/p>\n<\/li>\n<li data-start=\"2383\" data-end=\"2412\">\n<p data-start=\"2385\" data-end=\"2412\"><strong data-start=\"2385\" data-end=\"2405\">Chargement de la batterie\u00a0:<\/strong> 0,8A<\/p>\n<\/li>\n<li data-start=\"2413\" data-end=\"2459\">\n<p data-start=\"2415\" data-end=\"2459\"><strong data-start=\"2415\" data-end=\"2428\">R\u00e9sultats :<\/strong> 4 \u00d7 CC, fusibles individuels<\/p>\n<\/li>\n<li data-start=\"2460\" data-end=\"2511\">\n<p data-start=\"2462\" data-end=\"2511\"><strong data-start=\"2462\" data-end=\"2488\">Batterie recommand\u00e9e\u00a0:<\/strong> 12V \/ 7Ah (non inclus)<\/p>\n<\/li>\n<li data-start=\"2512\" data-end=\"2547\">\n<p data-start=\"2514\" data-end=\"2547\"><strong data-start=\"2514\" data-end=\"2529\">Temp\u00e9rature:<\/strong> -20 \u00e0 +45\u00b0C<\/p>\n<\/li>\n<li data-start=\"2548\" data-end=\"2599\">\n<p data-start=\"2550\" data-end=\"2599\"><strong data-start=\"2550\" data-end=\"2564\">Humidit\u00e9:<\/strong> Jusqu&#039;\u00e0 90 % (sans condensation)<\/p>\n<\/li>\n<li data-start=\"2600\" data-end=\"2632\">\n<p data-start=\"2602\" data-end=\"2632\"><strong data-start=\"2602\" data-end=\"2616\">Montage:<\/strong> Int\u00e9rieur, mur<\/p>\n<\/li>\n<li data-start=\"2633\" data-end=\"2657\">\n<p data-start=\"2635\" data-end=\"2657\"><strong data-start=\"2635\" data-end=\"2652\">Attestation\u00a0:<\/strong> CE<\/p>\n<\/li>\n<\/ul>\n<hr data-start=\"2659\" data-end=\"2662\" \/>\n<h3 data-start=\"2664\" data-end=\"2694\">Utilisations typiques<\/h3>\n<ul data-start=\"2696\" data-end=\"2881\">\n<li data-start=\"2696\" data-end=\"2734\">\n<p data-start=\"2698\" data-end=\"2734\">Cam\u00e9ras de vid\u00e9osurveillance (analogiques et IP via 12V)<\/p>\n<\/li>\n<li data-start=\"2735\" data-end=\"2773\">\n<p data-start=\"2737\" data-end=\"2773\">Syst\u00e8mes de cam\u00e9ras de petite et moyenne taille<\/p>\n<\/li>\n<li data-start=\"2774\" data-end=\"2813\">\n<p data-start=\"2776\" data-end=\"2813\">NVR\/DVR avec alimentation externe<\/p>\n<\/li>\n<li data-start=\"2814\" data-end=\"2881\">\n<p data-start=\"2816\" data-end=\"2881\">Installations de s\u00e9curit\u00e9 o\u00f9 plusieurs charges n\u00e9cessitent des fusibles s\u00e9par\u00e9s<\/p>\n<\/li>\n<\/ul>\n<hr data-start=\"2883\" data-end=\"2886\" \/>\n<h3 data-start=\"2888\" data-end=\"2904\">Installation<\/h3>\n<p data-start=\"2906\" data-end=\"3104\">Destin\u00e9 \u00e0 <strong data-start=\"2917\" data-end=\"2940\">installation int\u00e9rieure<\/strong>.<br data-start=\"2941\" data-end=\"2944\" \/>L&#039;onduleur est fix\u00e9 au mur et connect\u00e9 via des borniers.<br data-start=\"2998\" data-end=\"3001\" \/>Il est recommand\u00e9 que l&#039;installation soit effectu\u00e9e par <strong data-start=\"3043\" data-end=\"3063\">technicien agr\u00e9\u00e9<\/strong>, notamment avec les syst\u00e8mes de cam\u00e9ras multicanaux.<\/p>\n<p data-start=\"2906\" data-end=\"3104\"><span data-teams=\"true\">Dimensions : 195 x 225 x 83 mm<\/span><\/p>","protected":false},"excerpt":{"rendered":"<p data-start=\"376\" data-end=\"675\"><strong data-start=\"376\" data-end=\"440\">Onduleur 12V 3A pour cam\u00e9ras de vid\u00e9osurveillance avec 4 sorties prot\u00e9g\u00e9es par fusibles.<\/strong><br data-start=\"440\" data-end=\"443\" \/>L&#039;onduleur SPF-12V-3A est un mod\u00e8le professionnel con\u00e7u sp\u00e9cifiquement pour les installations de cam\u00e9ras. Son fonctionnement automatique sur batterie en cas de coupure de courant, sa tension de sortie r\u00e9glable et ses sorties prot\u00e9g\u00e9es individuellement par fusible en font la solution id\u00e9ale pour alimenter plusieurs cam\u00e9ras de surveillance.<\/p>\n<p data-start=\"677\" data-end=\"723\"><em data-start=\"677\" data-end=\"723\">Batterie recommand\u00e9e : 12 V \/ 7 Ah (non incluse).<\/em><\/p>","protected":false},"featured_media":161945,"template":"","meta":{"_acf_changed":false},"product_brand":[],"product_cat":[2721],"product_tag":[],"class_list":{"0":"post-161946","1":"product","2":"type-product","3":"status-publish","4":"has-post-thumbnail","6":"product_cat-batteribackuper","7":"pa_brands-stonehouse-security","8":"tm-no-options","10":"first","11":"instock","12":"sale","13":"taxable","14":"shipping-taxable","15":"purchasable","16":"product-type-simple"},"acf":[],"_links":{"self":[{"href":"https:\/\/secureus.se\/fr\/wp-json\/wp\/v2\/product\/161946","targetHints":{"allow":["GET"]}}],"collection":[{"href":"https:\/\/secureus.se\/fr\/wp-json\/wp\/v2\/product"}],"about":[{"href":"https:\/\/secureus.se\/fr\/wp-json\/wp\/v2\/types\/product"}],"wp:featuredmedia":[{"embeddable":true,"href":"https:\/\/secureus.se\/fr\/wp-json\/wp\/v2\/media\/161945"}],"wp:attachment":[{"href":"https:\/\/secureus.se\/fr\/wp-json\/wp\/v2\/media?parent=161946"}],"wp:term":[{"taxonomy":"product_brand","embeddable":true,"href":"https:\/\/secureus.se\/fr\/wp-json\/wp\/v2\/product_brand?post=161946"},{"taxonomy":"product_cat","embeddable":true,"href":"https:\/\/secureus.se\/fr\/wp-json\/wp\/v2\/product_cat?post=161946"},{"taxonomy":"product_tag","embeddable":true,"href":"https:\/\/secureus.se\/fr\/wp-json\/wp\/v2\/product_tag?post=161946"}],"curies":[{"name":"wp","href":"https:\/\/api.w.org\/{rel}","templated":true}]}}