{"id":162173,"date":"2025-11-21T14:39:41","date_gmt":"2025-11-21T13:39:41","guid":{"rendered":"https:\/\/secureus.se\/provkit-testifire-xtr2-provningshojd-6-m-varme-rok\/"},"modified":"2026-04-08T15:59:26","modified_gmt":"2026-04-08T13:59:26","slug":"provkit-testifire-xtr2-provningshojd-6-m-varme-rok","status":"publish","type":"product","link":"https:\/\/secureus.se\/fr\/provkit-testifire-xtr2-provningshojd-6-m-varme-rok\/","title":{"rendered":"Kit de test Testifire XTR2, hauteur de test 6 m (chaleur + fum\u00e9e)"},"content":{"rendered":"<h1>Kit de test Testifire XTR2, hauteur de test 6 m (chaleur + fum\u00e9e)<\/h1>\n<h3 data-start=\"331\" data-end=\"384\">Tests fonctionnels de s\u00e9curit\u00e9 des d\u00e9tecteurs de fum\u00e9e et de chaleur<\/h3>\n<p data-start=\"385\" data-end=\"623\">Le kit de test Testifire XTR2 est con\u00e7u pour v\u00e9rifier le bon fonctionnement des d\u00e9tecteurs de fum\u00e9e et de chaleur en conditions r\u00e9elles. Les tests contr\u00f4l\u00e9s garantissent que les d\u00e9tecteurs r\u00e9agissent comme pr\u00e9vu en cas d&#039;incendie.<\/p>\n<h3 data-start=\"625\" data-end=\"658\">Travaillez en toute s\u00e9curit\u00e9 depuis le niveau du sol.<\/h3>\n<p data-start=\"659\" data-end=\"865\">Ce kit est adapt\u00e9 aux essais en hauteur jusqu&#039;\u00e0 environ 6 m\u00e8tres, permettant ainsi de r\u00e9aliser les tests sans \u00e9chelle ni nacelle. Il am\u00e9liore les conditions de travail et r\u00e9duit le temps n\u00e9cessaire \u00e0 l&#039;installation et \u00e0 la maintenance.<\/p>\n<h3 data-start=\"867\" data-end=\"923\">Kit de test complet pour usage professionnel<\/h3>\n<p data-start=\"924\" data-end=\"1146\">Le kit de test comprend le Testifire 1001 pour les tests de fum\u00e9e et de chaleur et le Solo 100 pour l&#039;application. Cette combinaison offre une solution fiable et flexible pour la mise en service, l&#039;entretien et la maintenance r\u00e9guli\u00e8re des syst\u00e8mes de d\u00e9tection incendie.<\/p>\n<p data-start=\"1148\" data-end=\"1163\"><strong data-start=\"1148\" data-end=\"1161\">Avantages :<\/strong><\/p>\n<ul data-start=\"1164\" data-end=\"1353\">\n<li data-start=\"1164\" data-end=\"1204\">\n<p data-start=\"1166\" data-end=\"1204\">Teste les d\u00e9tecteurs de fum\u00e9e et de chaleur<\/p>\n<\/li>\n<li data-start=\"1205\" data-end=\"1260\">\n<p data-start=\"1207\" data-end=\"1260\">Des tests r\u00e9alistes qui v\u00e9rifient le fonctionnement r\u00e9el<\/p>\n<\/li>\n<li data-start=\"1261\" data-end=\"1301\">\n<p data-start=\"1263\" data-end=\"1301\">Pas de flammes nues ni de substances dangereuses<\/p>\n<\/li>\n<li data-start=\"1302\" data-end=\"1353\">\n<p data-start=\"1304\" data-end=\"1353\">Adapt\u00e9 aux environnements commerciaux et publics<\/p>\n<\/li>\n<\/ul>\n<p data-start=\"1355\" data-end=\"1380\"><strong data-start=\"1355\" data-end=\"1378\">Domaines d&#039;utilisation :<\/strong><\/p>\n<ul data-start=\"1381\" data-end=\"1509\">\n<li data-start=\"1381\" data-end=\"1414\">\n<p data-start=\"1383\" data-end=\"1414\">maintenance des syst\u00e8mes d&#039;alarme incendie<\/p>\n<\/li>\n<li data-start=\"1415\" data-end=\"1455\">\n<p data-start=\"1417\" data-end=\"1455\">V\u00e9rification fonctionnelle lors d&#039;une nouvelle installation<\/p>\n<\/li>\n<li data-start=\"1456\" data-end=\"1509\">\n<p data-start=\"1458\" data-end=\"1509\">Services dans les propri\u00e9t\u00e9s, les \u00e9coles et les locaux industriels<\/p>\n<\/li>\n<\/ul>\n<p data-start=\"1511\" data-end=\"1542\"><strong data-start=\"1511\" data-end=\"1540\">SP\u00c9CIFICATIONS TECHNIQUES :<\/strong><\/p>\n<ul data-start=\"1543\" data-end=\"1735\">\n<li data-start=\"1543\" data-end=\"1586\">\n<p data-start=\"1545\" data-end=\"1586\">Type de produit\u00a0: Kit de test pour d\u00e9tecteur<\/p>\n<\/li>\n<li data-start=\"1587\" data-end=\"1616\">\n<p data-start=\"1589\" data-end=\"1616\">Types de d\u00e9tecteurs\u00a0: fum\u00e9e, chaleur<\/p>\n<\/li>\n<li data-start=\"1617\" data-end=\"1649\">\n<p data-start=\"1619\" data-end=\"1649\">Hauteur d&#039;essai : environ 6 m\u00e8tres<\/p>\n<\/li>\n<li data-start=\"1650\" data-end=\"1688\">\n<p data-start=\"1652\" data-end=\"1688\">Contenu : Testifire 1001, Solo 100<\/p>\n<\/li>\n<li data-start=\"1689\" data-end=\"1735\">\n<p data-start=\"1691\" data-end=\"1735\">Utilisation : Tests manuels depuis le niveau du sol<\/p>\n<\/li>\n<\/ul>","protected":false},"excerpt":{"rendered":"<p>Le kit de test Testifire XTR2 est un kit complet pour tester en toute s\u00e9curit\u00e9 les d\u00e9tecteurs de fum\u00e9e et de chaleur.<\/p>\n<p>Ce kit est adapt\u00e9 aux tests de hauteur jusqu&#039;\u00e0 environ 6 m\u00e8tres et convient aussi bien aux installateurs qu&#039;aux gestionnaires immobiliers.<\/p>\n<p>Une solution efficace pour le contr\u00f4le r\u00e9gulier des d\u00e9tecteurs d&#039;incendie.<\/p>","protected":false},"featured_media":162172,"template":"","meta":{"_acf_changed":false},"product_brand":[],"product_cat":[2946,3848],"product_tag":[],"class_list":{"0":"post-162173","1":"product","2":"type-product","3":"status-publish","4":"has-post-thumbnail","6":"product_cat-testifire","7":"product_cat-testifire-kit","8":"tm-no-options","10":"first","11":"instock","12":"taxable","13":"shipping-taxable","14":"purchasable","15":"product-type-simple"},"acf":[],"_links":{"self":[{"href":"https:\/\/secureus.se\/fr\/wp-json\/wp\/v2\/product\/162173","targetHints":{"allow":["GET"]}}],"collection":[{"href":"https:\/\/secureus.se\/fr\/wp-json\/wp\/v2\/product"}],"about":[{"href":"https:\/\/secureus.se\/fr\/wp-json\/wp\/v2\/types\/product"}],"wp:featuredmedia":[{"embeddable":true,"href":"https:\/\/secureus.se\/fr\/wp-json\/wp\/v2\/media\/162172"}],"wp:attachment":[{"href":"https:\/\/secureus.se\/fr\/wp-json\/wp\/v2\/media?parent=162173"}],"wp:term":[{"taxonomy":"product_brand","embeddable":true,"href":"https:\/\/secureus.se\/fr\/wp-json\/wp\/v2\/product_brand?post=162173"},{"taxonomy":"product_cat","embeddable":true,"href":"https:\/\/secureus.se\/fr\/wp-json\/wp\/v2\/product_cat?post=162173"},{"taxonomy":"product_tag","embeddable":true,"href":"https:\/\/secureus.se\/fr\/wp-json\/wp\/v2\/product_tag?post=162173"}],"curies":[{"name":"wp","href":"https:\/\/api.w.org\/{rel}","templated":true}]}}