{"id":162179,"date":"2025-11-21T14:39:36","date_gmt":"2025-11-21T13:39:36","guid":{"rendered":"https:\/\/secureus.se\/provkit-testifire-xtr2-provningshojd-73-m-varme-co-rok-vaskor-nedtagare\/"},"modified":"2026-04-08T15:59:25","modified_gmt":"2026-04-08T13:59:25","slug":"provkit-testifire-2001-provningshojd-73-m-varme-co-rok-vaskor-nedtagare","status":"publish","type":"product","link":"https:\/\/secureus.se\/fr\/provkit-testifire-2001-provningshojd-73-m-varme-co-rok-vaskor-nedtagare\/","title":{"rendered":"Kit de test Testifire 2001, hauteur de test 7,3 m (chaleur + CO + fum\u00e9e) \u2013 Sacs et descentes pluviales"},"content":{"rendered":"<h1>Kit de test Testifire 2001, hauteur de test 7,3 m (chaleur + CO + fum\u00e9e) \u2013 Sacs et descentes pluviales<\/h1>\n<h3 data-start=\"315\" data-end=\"369\">Tests de s\u00e9curit\u00e9 des d\u00e9tecteurs de fum\u00e9e, de chaleur et de CO<\/h3>\n<p data-start=\"370\" data-end=\"614\">Le kit de test Testifire 2001 permet de r\u00e9aliser des tests fonctionnels pr\u00e9cis et r\u00e9alistes des d\u00e9tecteurs de fum\u00e9e, de chaleur et de monoxyde de carbone.<\/p>\n<p data-start=\"370\" data-end=\"614\">Ces tests permettent de s&#039;assurer que les d\u00e9tecteurs r\u00e9agissent correctement et r\u00e9pondent aux exigences de s\u00e9curit\u00e9.<\/p>\n<h3 data-start=\"616\" data-end=\"658\">Test efficace jusqu&#039;\u00e0 7,3 m\u00e8tres<\/h3>\n<p data-start=\"659\" data-end=\"874\">Ce kit est con\u00e7u pour tester des hauteurs allant jusqu&#039;\u00e0 environ 7,3 m\u00e8tres.<\/p>\n<p data-start=\"659\" data-end=\"874\">Gr\u00e2ce aux sacs et aux dispositifs de d\u00e9montage, l&#039;\u00e9quipement peut \u00eatre transport\u00e9 et utilis\u00e9 en haute altitude de mani\u00e8re s\u00fbre et pratique, sans avoir besoin d&#039;\u00e9chelles ni de nacelles \u00e9l\u00e9vatrices.<\/p>\n<h3 data-start=\"876\" data-end=\"927\">Kit de test complet pour usage professionnel<\/h3>\n<p data-start=\"928\" data-end=\"1151\">Le kit comprend le Testifire 2001, le Solo 108, trois Solo 101, le TS3, le Solo 200 et le Solo 610.<\/p>\n<p data-start=\"928\" data-end=\"1151\">Cette combinaison offre une solution flexible et fiable pour l&#039;installation, l&#039;entretien et la maintenance r\u00e9guli\u00e8re des d\u00e9tecteurs d&#039;incendie et de monoxyde de carbone.<\/p>\n<p data-start=\"1153\" data-end=\"1168\"><strong data-start=\"1153\" data-end=\"1166\">Avantages :<\/strong><\/p>\n<ul data-start=\"1169\" data-end=\"1394\">\n<li data-start=\"1169\" data-end=\"1210\">\n<p data-start=\"1171\" data-end=\"1210\">Teste les d\u00e9tecteurs de fum\u00e9e, de chaleur et de CO<\/p>\n<\/li>\n<li data-start=\"1211\" data-end=\"1248\">\n<p data-start=\"1213\" data-end=\"1248\">Tests jusqu&#039;\u00e0 une hauteur de 7,3 m\u00e8tres<\/p>\n<\/li>\n<li data-start=\"1249\" data-end=\"1307\">\n<p data-start=\"1251\" data-end=\"1307\">Transport et manutention s\u00e9curis\u00e9s avec sacs et dispositifs de d\u00e9montage<\/p>\n<\/li>\n<li data-start=\"1308\" data-end=\"1340\">\n<p data-start=\"1310\" data-end=\"1340\">tests fonctionnels r\u00e9alistes<\/p>\n<\/li>\n<li data-start=\"1341\" data-end=\"1394\">\n<p data-start=\"1343\" data-end=\"1394\">Adapt\u00e9 aux b\u00e2timents commerciaux et publics<\/p>\n<\/li>\n<\/ul>\n<p data-start=\"1396\" data-end=\"1421\"><strong data-start=\"1396\" data-end=\"1419\">Domaines d&#039;utilisation :<\/strong><\/p>\n<ul data-start=\"1422\" data-end=\"1566\">\n<li data-start=\"1422\" data-end=\"1469\">\n<p data-start=\"1424\" data-end=\"1469\">Service et maintenance des d\u00e9tecteurs d&#039;incendie et de monoxyde de carbone<\/p>\n<\/li>\n<li data-start=\"1470\" data-end=\"1510\">\n<p data-start=\"1472\" data-end=\"1510\">V\u00e9rification fonctionnelle lors d&#039;une nouvelle installation<\/p>\n<\/li>\n<li data-start=\"1511\" data-end=\"1566\">\n<p data-start=\"1513\" data-end=\"1566\">Essais dans des immeubles de grande hauteur et des environnements industriels<\/p>\n<\/li>\n<\/ul>\n<p data-start=\"1568\" data-end=\"1599\"><strong data-start=\"1568\" data-end=\"1597\">SP\u00c9CIFICATIONS TECHNIQUES :<\/strong><\/p>\n<ul data-start=\"1600\" data-end=\"2001\">\n<li data-start=\"1600\" data-end=\"1643\">\n<p data-start=\"1602\" data-end=\"1643\">Type de produit\u00a0: Kit de test pour d\u00e9tecteur<\/p>\n<\/li>\n<li data-start=\"1644\" data-end=\"1708\">\n<p data-start=\"1646\" data-end=\"1708\">Types de d\u00e9tecteurs\u00a0: d\u00e9tecteurs de fum\u00e9e, d\u00e9tecteurs de chaleur, d\u00e9tecteurs de CO<\/p>\n<\/li>\n<li data-start=\"1709\" data-end=\"1743\">\n<p data-start=\"1711\" data-end=\"1743\">Hauteur d&#039;essai : environ 7,3 m\u00e8tres<\/p>\n<\/li>\n<li data-start=\"1744\" data-end=\"1789\">\n<p data-start=\"1746\" data-end=\"1789\">M\u00e9thodes d&#039;essai : Essais de fum\u00e9e, de chaleur et de CO<\/p>\n<\/li>\n<li data-start=\"1790\" data-end=\"1867\">\n<p data-start=\"1792\" data-end=\"1867\">Contenu : Testifire 2001, Solo 108, 3 \u00d7 Solo 101, TS3, Solo 200, Solo 610<\/p>\n<\/li>\n<li data-start=\"1868\" data-end=\"1903\">\n<p data-start=\"1870\" data-end=\"1903\">Accessoires : Sacs et dispositifs de d\u00e9montage<\/p>\n<\/li>\n<li data-start=\"1904\" data-end=\"1953\">\n<p data-start=\"1906\" data-end=\"1953\">Application : Tests manuels \u00e0 moyenne altitude<\/p>\n<\/li>\n<li data-start=\"1954\" data-end=\"2001\">\n<p data-start=\"1956\" data-end=\"2001\">Public cible\u00a0: Installateurs et techniciens de maintenance<\/p>\n<\/li>\n<\/ul>","protected":false},"excerpt":{"rendered":"<p>Le kit de test Testifire 2001 est un kit de test complet pour les d\u00e9tecteurs de fum\u00e9e, de chaleur et de CO jusqu&#039;\u00e0 environ 7,3 m\u00e8tres.<\/p>\n<p>Le kit comprend des sacs et un descendeur et est con\u00e7u pour les installateurs et le personnel de maintenance qui ont besoin de tests s\u00fbrs et efficaces \u00e0 moyenne altitude.<\/p>","protected":false},"featured_media":162178,"template":"","meta":{"_acf_changed":false},"product_brand":[],"product_cat":[3848,2946],"product_tag":[],"class_list":{"0":"post-162179","1":"product","2":"type-product","3":"status-publish","4":"has-post-thumbnail","6":"product_cat-testifire-kit","7":"product_cat-testifire","8":"tm-no-options","10":"first","11":"instock","12":"taxable","13":"shipping-taxable","14":"purchasable","15":"product-type-simple"},"acf":[],"_links":{"self":[{"href":"https:\/\/secureus.se\/fr\/wp-json\/wp\/v2\/product\/162179","targetHints":{"allow":["GET"]}}],"collection":[{"href":"https:\/\/secureus.se\/fr\/wp-json\/wp\/v2\/product"}],"about":[{"href":"https:\/\/secureus.se\/fr\/wp-json\/wp\/v2\/types\/product"}],"wp:featuredmedia":[{"embeddable":true,"href":"https:\/\/secureus.se\/fr\/wp-json\/wp\/v2\/media\/162178"}],"wp:attachment":[{"href":"https:\/\/secureus.se\/fr\/wp-json\/wp\/v2\/media?parent=162179"}],"wp:term":[{"taxonomy":"product_brand","embeddable":true,"href":"https:\/\/secureus.se\/fr\/wp-json\/wp\/v2\/product_brand?post=162179"},{"taxonomy":"product_cat","embeddable":true,"href":"https:\/\/secureus.se\/fr\/wp-json\/wp\/v2\/product_cat?post=162179"},{"taxonomy":"product_tag","embeddable":true,"href":"https:\/\/secureus.se\/fr\/wp-json\/wp\/v2\/product_tag?post=162179"}],"curies":[{"name":"wp","href":"https:\/\/api.w.org\/{rel}","templated":true}]}}