{"id":162183,"date":"2025-11-21T14:39:36","date_gmt":"2025-11-21T13:39:36","guid":{"rendered":"https:\/\/secureus.se\/provkit-testifire-xtr2-provningshojd-93-m-varme-co-rok-vaskor\/"},"modified":"2026-04-23T12:43:55","modified_gmt":"2026-04-23T10:43:55","slug":"provkit-testifire-2001-provningshojd-93-m-varme-co-rok-vaskor","status":"publish","type":"product","link":"https:\/\/secureus.se\/fr\/provkit-testifire-2001-provningshojd-93-m-varme-co-rok-vaskor\/","title":{"rendered":"Kit de test Testifire 2001, hauteur de test 9,3 m (chaleur + CO + fum\u00e9e) \u2013 Sacs"},"content":{"rendered":"<h1>Kit de test Testifire 2001, hauteur de test 9,3 m (chaleur + CO + fum\u00e9e) \u2013 Sacs<\/h1>\n<h3 data-start=\"308\" data-end=\"362\">Tests de s\u00e9curit\u00e9 des d\u00e9tecteurs de fum\u00e9e, de chaleur et de CO<\/h3>\n<p data-start=\"363\" data-end=\"613\">Le kit de test Testifire 2001 permet de tester avec pr\u00e9cision et r\u00e9alisme les d\u00e9tecteurs de fum\u00e9e, de chaleur et de monoxyde de carbone.<\/p>\n<p data-start=\"363\" data-end=\"613\">En simulant des conditions d&#039;alarme r\u00e9elles, on s&#039;assure que les d\u00e9tecteurs fonctionnent correctement et r\u00e9pondent aux exigences de s\u00e9curit\u00e9.<\/p>\n<h3 data-start=\"615\" data-end=\"641\">essais en haute altitude<\/h3>\n<p data-start=\"642\" data-end=\"855\">Le kit est adapt\u00e9 aux essais de hauteur jusqu&#039;\u00e0 environ 9,3 m\u00e8tres.<\/p>\n<p data-start=\"642\" data-end=\"855\">Gr\u00e2ce aux sacs fournis, l&#039;\u00e9quipement peut \u00eatre transport\u00e9 et utilis\u00e9 en haute altitude de mani\u00e8re s\u00fbre et pratique, sans avoir besoin d&#039;\u00e9chelles ni de nacelles \u00e9l\u00e9vatrices.<\/p>\n<h3 data-start=\"857\" data-end=\"904\">Kit complet pour usage professionnel<\/h3>\n<p data-start=\"905\" data-end=\"1123\">Le kit de test contient le Testifire 2001, le Solo 100, trois Solo 101, le TS3 et le Solo 610.<\/p>\n<p data-start=\"905\" data-end=\"1123\">Cette combinaison offre une solution flexible et fiable pour l&#039;installation, l&#039;entretien et la maintenance r\u00e9guli\u00e8re des d\u00e9tecteurs d&#039;incendie et de monoxyde de carbone.<\/p>\n<p data-start=\"1125\" data-end=\"1140\"><strong data-start=\"1125\" data-end=\"1138\">Avantages :<\/strong><\/p>\n<ul data-start=\"1141\" data-end=\"1356\">\n<li data-start=\"1141\" data-end=\"1182\">\n<p data-start=\"1143\" data-end=\"1182\">Teste les d\u00e9tecteurs de fum\u00e9e, de chaleur et de CO<\/p>\n<\/li>\n<li data-start=\"1183\" data-end=\"1220\">\n<p data-start=\"1185\" data-end=\"1220\">Tests jusqu&#039;\u00e0 une hauteur de 9,3 m\u00e8tres<\/p>\n<\/li>\n<li data-start=\"1221\" data-end=\"1265\">\n<p data-start=\"1223\" data-end=\"1265\">Transport et stockage s\u00e9curis\u00e9s avec sacs<\/p>\n<\/li>\n<li data-start=\"1266\" data-end=\"1302\">\n<p data-start=\"1268\" data-end=\"1302\">Tests r\u00e9alistes et fiables<\/p>\n<\/li>\n<li data-start=\"1303\" data-end=\"1356\">\n<p data-start=\"1305\" data-end=\"1356\">Adapt\u00e9 aux b\u00e2timents commerciaux et publics<\/p>\n<\/li>\n<\/ul>\n<p data-start=\"1358\" data-end=\"1383\"><strong data-start=\"1358\" data-end=\"1381\">Domaines d&#039;utilisation :<\/strong><\/p>\n<ul data-start=\"1384\" data-end=\"1528\">\n<li data-start=\"1384\" data-end=\"1431\">\n<p data-start=\"1386\" data-end=\"1431\">Service et maintenance des d\u00e9tecteurs d&#039;incendie et de monoxyde de carbone<\/p>\n<\/li>\n<li data-start=\"1432\" data-end=\"1472\">\n<p data-start=\"1434\" data-end=\"1472\">V\u00e9rification fonctionnelle lors d&#039;une nouvelle installation<\/p>\n<\/li>\n<li data-start=\"1473\" data-end=\"1528\">\n<p data-start=\"1475\" data-end=\"1528\">Essais dans des immeubles de grande hauteur et des environnements industriels<\/p>\n<\/li>\n<\/ul>\n<p data-start=\"1530\" data-end=\"1561\"><strong data-start=\"1530\" data-end=\"1559\">SP\u00c9CIFICATIONS TECHNIQUES :<\/strong><\/p>\n<ul data-start=\"1562\" data-end=\"1934\">\n<li data-start=\"1562\" data-end=\"1605\">\n<p data-start=\"1564\" data-end=\"1605\">Type de produit\u00a0: Kit de test pour d\u00e9tecteur<\/p>\n<\/li>\n<li data-start=\"1606\" data-end=\"1670\">\n<p data-start=\"1608\" data-end=\"1670\">Types de d\u00e9tecteurs\u00a0: d\u00e9tecteurs de fum\u00e9e, d\u00e9tecteurs de chaleur, d\u00e9tecteurs de CO<\/p>\n<\/li>\n<li data-start=\"1671\" data-end=\"1705\">\n<p data-start=\"1673\" data-end=\"1705\">Hauteur d&#039;essai : environ 9,3 m\u00e8tres<\/p>\n<\/li>\n<li data-start=\"1706\" data-end=\"1751\">\n<p data-start=\"1708\" data-end=\"1751\">M\u00e9thodes d&#039;essai : Essais de fum\u00e9e, de chaleur et de CO<\/p>\n<\/li>\n<li data-start=\"1752\" data-end=\"1819\">\n<p data-start=\"1754\" data-end=\"1819\">Contenu : Testifire 2001, Solo 100, 3 \u00d7 Solo 101, TS3, Solo 610<\/p>\n<\/li>\n<li data-start=\"1820\" data-end=\"1841\">\n<p data-start=\"1822\" data-end=\"1841\">Accessoires : Sacs<\/p>\n<\/li>\n<li data-start=\"1842\" data-end=\"1886\">\n<p data-start=\"1844\" data-end=\"1886\">Application : Tests manuels en haute altitude<\/p>\n<\/li>\n<li data-start=\"1887\" data-end=\"1934\">\n<p data-start=\"1889\" data-end=\"1934\">Public cible\u00a0: Installateurs et techniciens de maintenance<\/p>\n<\/li>\n<\/ul>","protected":false},"excerpt":{"rendered":"<p>Le kit de test Testifire 2001 est un kit de test complet pour les d\u00e9tecteurs de fum\u00e9e, de chaleur et de CO jusqu&#039;\u00e0 environ 9,3 m\u00e8tres.<\/p>\n<p>Le kit comprend des sacs et est con\u00e7u pour les installateurs et le personnel de maintenance qui ont besoin d&#039;effectuer des contr\u00f4les de fonctionnement s\u00fbrs et efficaces en haute altitude.<\/p>","protected":false},"featured_media":162182,"template":"","meta":{"_acf_changed":false},"product_brand":[],"product_cat":[3848,2946],"product_tag":[],"class_list":{"0":"post-162183","1":"product","2":"type-product","3":"status-publish","4":"has-post-thumbnail","6":"product_cat-testifire-kit","7":"product_cat-testifire","8":"tm-no-options","10":"first","11":"instock","12":"taxable","13":"shipping-taxable","14":"purchasable","15":"product-type-simple"},"acf":[],"_links":{"self":[{"href":"https:\/\/secureus.se\/fr\/wp-json\/wp\/v2\/product\/162183","targetHints":{"allow":["GET"]}}],"collection":[{"href":"https:\/\/secureus.se\/fr\/wp-json\/wp\/v2\/product"}],"about":[{"href":"https:\/\/secureus.se\/fr\/wp-json\/wp\/v2\/types\/product"}],"wp:featuredmedia":[{"embeddable":true,"href":"https:\/\/secureus.se\/fr\/wp-json\/wp\/v2\/media\/162182"}],"wp:attachment":[{"href":"https:\/\/secureus.se\/fr\/wp-json\/wp\/v2\/media?parent=162183"}],"wp:term":[{"taxonomy":"product_brand","embeddable":true,"href":"https:\/\/secureus.se\/fr\/wp-json\/wp\/v2\/product_brand?post=162183"},{"taxonomy":"product_cat","embeddable":true,"href":"https:\/\/secureus.se\/fr\/wp-json\/wp\/v2\/product_cat?post=162183"},{"taxonomy":"product_tag","embeddable":true,"href":"https:\/\/secureus.se\/fr\/wp-json\/wp\/v2\/product_tag?post=162183"}],"curies":[{"name":"wp","href":"https:\/\/api.w.org\/{rel}","templated":true}]}}