{"id":162187,"date":"2025-11-21T14:39:36","date_gmt":"2025-11-21T13:39:36","guid":{"rendered":"https:\/\/secureus.se\/provkit-testifire-xtr2-provningshojd-73-m-varme-co-rok-vaskor\/"},"modified":"2026-04-08T15:59:29","modified_gmt":"2026-04-08T13:59:29","slug":"provkit-testifire-2001-provningshojd-73-m-varme-co-rok-vaskor","status":"publish","type":"product","link":"https:\/\/secureus.se\/fr\/provkit-testifire-2001-provningshojd-73-m-varme-co-rok-vaskor\/","title":{"rendered":"Kit de test Testifire 2001, hauteur de test 7,3 m (chaleur + CO + fum\u00e9e) \u2013 Sacs"},"content":{"rendered":"<h1>Kit de test Testifire 2001, hauteur de test 7,3 m (chaleur + CO + fum\u00e9e) \u2013 Sacs<\/h1>\n<h3 data-start=\"304\" data-end=\"366\">Tests fiables des d\u00e9tecteurs de fum\u00e9e, de chaleur et de CO<\/h3>\n<p data-start=\"367\" data-end=\"597\">Le kit de test Testifire 2001 permet de v\u00e9rifier les d\u00e9tecteurs de fum\u00e9e, les d\u00e9tecteurs de chaleur et les d\u00e9tecteurs de monoxyde de carbone \u00e0 l&#039;aide de m\u00e9thodes de test r\u00e9alistes.<\/p>\n<p data-start=\"367\" data-end=\"597\">Cela permet de garantir que les d\u00e9tecteurs r\u00e9agissent correctement et r\u00e9pondent aux exigences de s\u00e9curit\u00e9.<\/p>\n<h3 data-start=\"599\" data-end=\"632\">Test\u00e9 jusqu&#039;\u00e0 7,3 m\u00e8tres<\/h3>\n<p data-start=\"633\" data-end=\"834\">Ce kit est con\u00e7u pour tester des hauteurs allant jusqu&#039;\u00e0 environ 7,3 m\u00e8tres.<\/p>\n<p data-start=\"633\" data-end=\"834\">Gr\u00e2ce aux sacs fournis, l&#039;\u00e9quipement peut \u00eatre transport\u00e9 et utilis\u00e9 de mani\u00e8re s\u00fbre et pratique, sans avoir besoin d&#039;\u00e9chelles ni de nacelles \u00e9l\u00e9vatrices.<\/p>\n<h3 data-start=\"836\" data-end=\"887\">Kit de test complet pour usage professionnel<\/h3>\n<p data-start=\"888\" data-end=\"1110\">Le kit de test contient le Testifire 2001, le Solo 108, trois Solo 101, le TS3 et le Solo 610.<\/p>\n<p data-start=\"888\" data-end=\"1110\">Cette combinaison offre une solution flexible et fiable pour l&#039;installation, l&#039;entretien et la maintenance r\u00e9guli\u00e8re des d\u00e9tecteurs d&#039;incendie et de monoxyde de carbone.<\/p>\n<p data-start=\"1112\" data-end=\"1127\"><strong data-start=\"1112\" data-end=\"1125\">Avantages :<\/strong><\/p>\n<ul data-start=\"1128\" data-end=\"1352\">\n<li data-start=\"1128\" data-end=\"1169\">\n<p data-start=\"1130\" data-end=\"1169\">Teste les d\u00e9tecteurs de fum\u00e9e, de chaleur et de CO<\/p>\n<\/li>\n<li data-start=\"1170\" data-end=\"1207\">\n<p data-start=\"1172\" data-end=\"1207\">Tests jusqu&#039;\u00e0 une hauteur de 7,3 m\u00e8tres<\/p>\n<\/li>\n<li data-start=\"1208\" data-end=\"1252\">\n<p data-start=\"1210\" data-end=\"1252\">Transport et stockage s\u00e9curis\u00e9s avec sacs<\/p>\n<\/li>\n<li data-start=\"1253\" data-end=\"1298\">\n<p data-start=\"1255\" data-end=\"1298\">Tests fonctionnels r\u00e9alistes et fiables<\/p>\n<\/li>\n<li data-start=\"1299\" data-end=\"1352\">\n<p data-start=\"1301\" data-end=\"1352\">Adapt\u00e9 aux b\u00e2timents commerciaux et publics<\/p>\n<\/li>\n<\/ul>\n<p data-start=\"1354\" data-end=\"1379\"><strong data-start=\"1354\" data-end=\"1377\">Domaines d&#039;utilisation :<\/strong><\/p>\n<ul data-start=\"1380\" data-end=\"1528\">\n<li data-start=\"1380\" data-end=\"1427\">\n<p data-start=\"1382\" data-end=\"1427\">Service et maintenance des d\u00e9tecteurs d&#039;incendie et de monoxyde de carbone<\/p>\n<\/li>\n<li data-start=\"1428\" data-end=\"1468\">\n<p data-start=\"1430\" data-end=\"1468\">V\u00e9rification fonctionnelle lors d&#039;une nouvelle installation<\/p>\n<\/li>\n<li data-start=\"1469\" data-end=\"1528\">\n<p data-start=\"1471\" data-end=\"1528\">Essais dans des immeubles de moyenne hauteur et des environnements industriels<\/p>\n<\/li>\n<\/ul>\n<p data-start=\"1530\" data-end=\"1561\"><strong data-start=\"1530\" data-end=\"1559\">SP\u00c9CIFICATIONS TECHNIQUES :<\/strong><\/p>\n<ul data-start=\"1562\" data-end=\"1939\">\n<li data-start=\"1562\" data-end=\"1605\">\n<p data-start=\"1564\" data-end=\"1605\">Type de produit\u00a0: Kit de test pour d\u00e9tecteur<\/p>\n<\/li>\n<li data-start=\"1606\" data-end=\"1670\">\n<p data-start=\"1608\" data-end=\"1670\">Types de d\u00e9tecteurs\u00a0: d\u00e9tecteurs de fum\u00e9e, d\u00e9tecteurs de chaleur, d\u00e9tecteurs de CO<\/p>\n<\/li>\n<li data-start=\"1671\" data-end=\"1705\">\n<p data-start=\"1673\" data-end=\"1705\">Hauteur d&#039;essai : environ 7,3 m\u00e8tres<\/p>\n<\/li>\n<li data-start=\"1706\" data-end=\"1751\">\n<p data-start=\"1708\" data-end=\"1751\">M\u00e9thodes d&#039;essai : Essais de fum\u00e9e, de chaleur et de CO<\/p>\n<\/li>\n<li data-start=\"1752\" data-end=\"1819\">\n<p data-start=\"1754\" data-end=\"1819\">Contenu : Testifire 2001, Solo 108, 3 \u00d7 Solo 101, TS3, Solo 610<\/p>\n<\/li>\n<li data-start=\"1820\" data-end=\"1841\">\n<p data-start=\"1822\" data-end=\"1841\">Accessoires : Sacs<\/p>\n<\/li>\n<li data-start=\"1842\" data-end=\"1891\">\n<p data-start=\"1844\" data-end=\"1891\">Application : Tests manuels \u00e0 moyenne altitude<\/p>\n<\/li>\n<li data-start=\"1892\" data-end=\"1939\">\n<p data-start=\"1894\" data-end=\"1939\">\n<\/li>\n<\/ul>","protected":false},"excerpt":{"rendered":"<p>Le kit de test Testifire 2001 est un kit de test complet pour les d\u00e9tecteurs de fum\u00e9e, de chaleur et de CO jusqu&#039;\u00e0 environ 7,3 m\u00e8tres.<\/p>\n<p>Le kit comprend des sacs et convient aux installateurs et au personnel de maintenance qui ont besoin d&#039;un contr\u00f4le de fonctionnement s\u00fbr et efficace \u00e0 moyenne altitude.<\/p>","protected":false},"featured_media":162186,"template":"","meta":{"_acf_changed":false},"product_brand":[],"product_cat":[3848,2946],"product_tag":[],"class_list":{"0":"post-162187","1":"product","2":"type-product","3":"status-publish","4":"has-post-thumbnail","6":"product_cat-testifire-kit","7":"product_cat-testifire","8":"tm-no-options","10":"first","11":"instock","12":"taxable","13":"shipping-taxable","14":"purchasable","15":"product-type-simple"},"acf":[],"_links":{"self":[{"href":"https:\/\/secureus.se\/fr\/wp-json\/wp\/v2\/product\/162187","targetHints":{"allow":["GET"]}}],"collection":[{"href":"https:\/\/secureus.se\/fr\/wp-json\/wp\/v2\/product"}],"about":[{"href":"https:\/\/secureus.se\/fr\/wp-json\/wp\/v2\/types\/product"}],"wp:featuredmedia":[{"embeddable":true,"href":"https:\/\/secureus.se\/fr\/wp-json\/wp\/v2\/media\/162186"}],"wp:attachment":[{"href":"https:\/\/secureus.se\/fr\/wp-json\/wp\/v2\/media?parent=162187"}],"wp:term":[{"taxonomy":"product_brand","embeddable":true,"href":"https:\/\/secureus.se\/fr\/wp-json\/wp\/v2\/product_brand?post=162187"},{"taxonomy":"product_cat","embeddable":true,"href":"https:\/\/secureus.se\/fr\/wp-json\/wp\/v2\/product_cat?post=162187"},{"taxonomy":"product_tag","embeddable":true,"href":"https:\/\/secureus.se\/fr\/wp-json\/wp\/v2\/product_tag?post=162187"}],"curies":[{"name":"wp","href":"https:\/\/api.w.org\/{rel}","templated":true}]}}