{"id":162189,"date":"2025-11-21T14:39:32","date_gmt":"2025-11-21T13:39:32","guid":{"rendered":"https:\/\/secureus.se\/provkit-testifire-xtr2-provningshojd-27-m-varme-co-rok\/"},"modified":"2026-04-23T12:44:12","modified_gmt":"2026-04-23T10:44:12","slug":"provkit-testifire-2001-provningshojd-27-m-varme-co-rok","status":"publish","type":"product","link":"https:\/\/secureus.se\/fr\/provkit-testifire-2001-provningshojd-27-m-varme-co-rok\/","title":{"rendered":"Kit de test Testifire 2001, hauteur de test 2,7 m (chaleur + CO + fum\u00e9e)"},"content":{"rendered":"<h1>Kit de test Testifire 2001, hauteur de test 2,7 m (chaleur + CO + fum\u00e9e)<\/h1>\n<h3 data-start=\"317\" data-end=\"381\">Test simple et s\u00fbr des d\u00e9tecteurs de fum\u00e9e, de chaleur et de CO<\/h3>\n<p data-start=\"382\" data-end=\"644\">Le kit de test Testifire 2001 permet de v\u00e9rifier le bon fonctionnement des d\u00e9tecteurs de fum\u00e9e, de chaleur et de monoxyde de carbone.<\/p>\n<p data-start=\"382\" data-end=\"644\">Des m\u00e9thodes de test r\u00e9alistes permettent de s&#039;assurer que les d\u00e9tecteurs r\u00e9agissent comme pr\u00e9vu en cas d&#039;incendie ou de pr\u00e9sence de gaz.<\/p>\n<h3 data-start=\"646\" data-end=\"672\">essais \u00e0 basse altitude<\/h3>\n<p data-start=\"673\" data-end=\"889\">Le kit est adapt\u00e9 aux tests en hauteur jusqu&#039;\u00e0 environ 2,7 m\u00e8tres, ce qui permet de tester facilement les d\u00e9tecteurs directement depuis le sol sans avoir besoin d&#039;\u00e9chelles.<\/p>\n<p data-start=\"673\" data-end=\"889\">Cela permet de gagner du temps et de minimiser les risques lors des op\u00e9rations d&#039;entretien et de maintenance.<\/p>\n<h3 data-start=\"891\" data-end=\"942\">Kit de test complet pour usage professionnel<\/h3>\n<p data-start=\"943\" data-end=\"1102\">Le kit contient le Testifire 2001 et le Solo 101, offrant une solution fiable pour l&#039;installation, l&#039;entretien et les tests p\u00e9riodiques des d\u00e9tecteurs d&#039;incendie et de CO.<\/p>\n<p data-start=\"1104\" data-end=\"1119\"><strong data-start=\"1104\" data-end=\"1117\">Avantages :<\/strong><\/p>\n<ul data-start=\"1120\" data-end=\"1339\">\n<li data-start=\"1120\" data-end=\"1161\">\n<p data-start=\"1122\" data-end=\"1161\">Teste les d\u00e9tecteurs de fum\u00e9e, de chaleur et de CO<\/p>\n<\/li>\n<li data-start=\"1162\" data-end=\"1199\">\n<p data-start=\"1164\" data-end=\"1199\">Tests jusqu&#039;\u00e0 une hauteur de 2,7 m\u00e8tres<\/p>\n<\/li>\n<li data-start=\"1200\" data-end=\"1244\">\n<p data-start=\"1202\" data-end=\"1244\">Utilisation facile et s\u00fbre depuis le niveau du sol<\/p>\n<\/li>\n<li data-start=\"1245\" data-end=\"1277\">\n<p data-start=\"1247\" data-end=\"1277\">tests fonctionnels r\u00e9alistes<\/p>\n<\/li>\n<li data-start=\"1278\" data-end=\"1339\">\n<p data-start=\"1280\" data-end=\"1339\">Convient aux environnements r\u00e9sidentiels et aux petits environnements commerciaux<\/p>\n<\/li>\n<\/ul>\n<p data-start=\"1341\" data-end=\"1366\"><strong data-start=\"1341\" data-end=\"1364\">Domaines d&#039;utilisation :<\/strong><\/p>\n<ul data-start=\"1367\" data-end=\"1503\">\n<li data-start=\"1367\" data-end=\"1414\">\n<p data-start=\"1369\" data-end=\"1414\">Maintenance et entretien des d\u00e9tecteurs d&#039;incendie et de monoxyde de carbone<\/p>\n<\/li>\n<li data-start=\"1415\" data-end=\"1455\">\n<p data-start=\"1417\" data-end=\"1455\">V\u00e9rification fonctionnelle lors d&#039;une nouvelle installation<\/p>\n<\/li>\n<li data-start=\"1456\" data-end=\"1503\">\n<p data-start=\"1458\" data-end=\"1503\">Tests dans les maisons, les bureaux et les petits b\u00e2timents<\/p>\n<\/li>\n<\/ul>\n<p data-start=\"1505\" data-end=\"1536\"><strong data-start=\"1505\" data-end=\"1534\">SP\u00c9CIFICATIONS TECHNIQUES :<\/strong><\/p>\n<ul data-start=\"1537\" data-end=\"1864\">\n<li data-start=\"1537\" data-end=\"1580\">\n<p data-start=\"1539\" data-end=\"1580\">Type de produit\u00a0: Kit de test pour d\u00e9tecteur<\/p>\n<\/li>\n<li data-start=\"1581\" data-end=\"1645\">\n<p data-start=\"1583\" data-end=\"1645\">Types de d\u00e9tecteurs\u00a0: d\u00e9tecteurs de fum\u00e9e, d\u00e9tecteurs de chaleur, d\u00e9tecteurs de CO<\/p>\n<\/li>\n<li data-start=\"1646\" data-end=\"1680\">\n<p data-start=\"1648\" data-end=\"1680\">Hauteur d&#039;essai : environ 2,7 m\u00e8tres<\/p>\n<\/li>\n<li data-start=\"1681\" data-end=\"1726\">\n<p data-start=\"1683\" data-end=\"1726\">M\u00e9thodes d&#039;essai : Essais de fum\u00e9e, de chaleur et de CO<\/p>\n<\/li>\n<li data-start=\"1727\" data-end=\"1765\">\n<p data-start=\"1729\" data-end=\"1765\">Contenu : Testifire 2001, Solo 101<\/p>\n<\/li>\n<li data-start=\"1766\" data-end=\"1812\">\n<p data-start=\"1768\" data-end=\"1812\">Utilisation : Tests manuels depuis le niveau du sol<\/p>\n<\/li>\n<li data-start=\"1813\" data-end=\"1864\">\n<p data-start=\"1815\" data-end=\"1864\">Public cible\u00a0: Installateurs et gestionnaires immobiliers<\/p>\n<\/li>\n<\/ul>","protected":false},"excerpt":{"rendered":"<p>Le kit de test Testifire 2001 est un kit de test compact pour les d\u00e9tecteurs de fum\u00e9e, de chaleur et de CO jusqu&#039;\u00e0 environ 2,7 m\u00e8tres.<\/p>\n<p>Le kit contient le Testifire 2001 et le Solo 101 et convient aux installateurs et aux gestionnaires immobiliers qui ont besoin d&#039;un contr\u00f4le de fonctionnement s\u00fbr et facile \u00e0 basse altitude.<\/p>","protected":false},"featured_media":162188,"template":"","meta":{"_acf_changed":false},"product_brand":[],"product_cat":[3848,2946],"product_tag":[],"class_list":{"0":"post-162189","1":"product","2":"type-product","3":"status-publish","4":"has-post-thumbnail","6":"product_cat-testifire-kit","7":"product_cat-testifire","8":"tm-no-options","10":"first","11":"instock","12":"taxable","13":"shipping-taxable","14":"purchasable","15":"product-type-simple"},"acf":[],"_links":{"self":[{"href":"https:\/\/secureus.se\/fr\/wp-json\/wp\/v2\/product\/162189","targetHints":{"allow":["GET"]}}],"collection":[{"href":"https:\/\/secureus.se\/fr\/wp-json\/wp\/v2\/product"}],"about":[{"href":"https:\/\/secureus.se\/fr\/wp-json\/wp\/v2\/types\/product"}],"wp:featuredmedia":[{"embeddable":true,"href":"https:\/\/secureus.se\/fr\/wp-json\/wp\/v2\/media\/162188"}],"wp:attachment":[{"href":"https:\/\/secureus.se\/fr\/wp-json\/wp\/v2\/media?parent=162189"}],"wp:term":[{"taxonomy":"product_brand","embeddable":true,"href":"https:\/\/secureus.se\/fr\/wp-json\/wp\/v2\/product_brand?post=162189"},{"taxonomy":"product_cat","embeddable":true,"href":"https:\/\/secureus.se\/fr\/wp-json\/wp\/v2\/product_cat?post=162189"},{"taxonomy":"product_tag","embeddable":true,"href":"https:\/\/secureus.se\/fr\/wp-json\/wp\/v2\/product_tag?post=162189"}],"curies":[{"name":"wp","href":"https:\/\/api.w.org\/{rel}","templated":true}]}}