{"id":162197,"date":"2025-11-21T14:39:28","date_gmt":"2025-11-21T13:39:28","guid":{"rendered":"https:\/\/secureus.se\/provkit-testifire-xtr2-provningshojd-27-m-varme-rok\/"},"modified":"2026-04-08T15:59:42","modified_gmt":"2026-04-08T13:59:42","slug":"provkit-testifire-xtr2-provningshojd-27-m-varme-rok","status":"publish","type":"product","link":"https:\/\/secureus.se\/fr\/provkit-testifire-xtr2-provningshojd-27-m-varme-rok\/","title":{"rendered":"Kit de test Testifire XTR2, hauteur de test 2,7 m (chaleur + fum\u00e9e)"},"content":{"rendered":"<h1>Kit de test Testifire XTR2, hauteur de test 2,7 m (chaleur + fum\u00e9e)<\/h1>\n<h3 data-start=\"453\" data-end=\"502\">Solution compacte pour tester les d\u00e9tecteurs d&#039;incendie<\/h3>\n<p data-start=\"503\" data-end=\"766\">Le kit de test Testifire XTR2 est con\u00e7u pour tester de mani\u00e8re s\u00fbre et fiable les d\u00e9tecteurs de fum\u00e9e et de chaleur dans les environnements \u00e0 faible hauteur sous plafond.<\/p>\n<p data-start=\"503\" data-end=\"766\">Ce kit permet d&#039;effectuer des tests au niveau du sol et \u00e9limine le besoin d&#039;\u00e9chelles, simplifiant ainsi le travail et r\u00e9duisant les risques d&#039;accidents.<\/p>\n<h3 data-start=\"768\" data-end=\"809\">Test de fum\u00e9e et de chaleur dans un outil<\/h3>\n<p data-start=\"810\" data-end=\"1024\">Le Testifire 1001 g\u00e9n\u00e8re de la fum\u00e9e et de la chaleur contr\u00f4l\u00e9es pour v\u00e9rifier que le d\u00e9tecteur r\u00e9agit correctement aux alarmes.<\/p>\n<p data-start=\"810\" data-end=\"1024\">Cela permet de garantir le bon fonctionnement du syst\u00e8me d&#039;alarme incendie conform\u00e9ment aux exigences applicables lors des op\u00e9rations de maintenance et des contr\u00f4les p\u00e9riodiques.<\/p>\n<h3 data-start=\"1026\" data-end=\"1066\">Manipulation facile pour les t\u00e2ches quotidiennes<\/h3>\n<p data-start=\"1067\" data-end=\"1282\">Avec la perche Solo 101, vous pouvez facilement atteindre les d\u00e9tecteurs jusqu&#039;\u00e0 une hauteur d&#039;environ 2,7 m\u00e8tres.<\/p>\n<p data-start=\"1067\" data-end=\"1282\">Ce kit est l\u00e9ger, facile \u00e0 utiliser et particuli\u00e8rement adapt\u00e9 aux bureaux, chambres d&#039;h\u00f4tel, logements et autres espaces avec une hauteur sous plafond standard.<\/p>\n<p data-start=\"1284\" data-end=\"1450\">Ce kit de test est un excellent choix pour les installateurs, le personnel de maintenance et les propri\u00e9taires immobiliers qui ont besoin d&#039;une solution efficace et fiable pour les tests r\u00e9guliers de leurs d\u00e9tecteurs.<\/p>\n<p data-start=\"1457\" data-end=\"1488\"><strong data-start=\"1457\" data-end=\"1486\">SP\u00c9CIFICATIONS TECHNIQUES :<\/strong><\/p>\n<ul data-start=\"1489\" data-end=\"1657\">\n<li data-start=\"1489\" data-end=\"1519\">\n<p data-start=\"1491\" data-end=\"1519\">Hauteur d&#039;essai : environ 2,7 m<\/p>\n<\/li>\n<li data-start=\"1520\" data-end=\"1563\">\n<p data-start=\"1522\" data-end=\"1563\">Types de d\u00e9tecteurs\u00a0: D\u00e9tecteurs de fum\u00e9e et de chaleur<\/p>\n<\/li>\n<li data-start=\"1564\" data-end=\"1598\">\n<p data-start=\"1566\" data-end=\"1598\">\u00c9quipement de test : Testifire 1001<\/p>\n<\/li>\n<li data-start=\"1599\" data-end=\"1618\">\n<p data-start=\"1601\" data-end=\"1618\">Canne : Solo 101<\/p>\n<\/li>\n<li data-start=\"1619\" data-end=\"1657\">\n<p data-start=\"1621\" data-end=\"1657\">Application : Tests au niveau du sol<\/p>\n<\/li>\n<\/ul>","protected":false},"excerpt":{"rendered":"<p>Le kit de test Testifire XTR2 est un kit de test compact permettant de tester les d\u00e9tecteurs de fum\u00e9e et de chaleur jusqu&#039;\u00e0 environ 2,7 m\u00e8tres de hauteur.<\/p>\n<p>Cette solution est id\u00e9ale pour les petits espaces o\u00f9 des tests en toute s\u00e9curit\u00e9 peuvent \u00eatre effectu\u00e9s directement depuis le sol.<\/p>\n<p>Adapt\u00e9 \u00e0 la maintenance professionnelle des syst\u00e8mes d&#039;alarme incendie.<\/p>","protected":false},"featured_media":162196,"template":"","meta":{"_acf_changed":false},"product_brand":[],"product_cat":[3848,2946],"product_tag":[],"class_list":{"0":"post-162197","1":"product","2":"type-product","3":"status-publish","4":"has-post-thumbnail","6":"product_cat-testifire-kit","7":"product_cat-testifire","8":"tm-no-options","10":"first","11":"instock","12":"taxable","13":"shipping-taxable","14":"purchasable","15":"product-type-simple"},"acf":[],"_links":{"self":[{"href":"https:\/\/secureus.se\/fr\/wp-json\/wp\/v2\/product\/162197","targetHints":{"allow":["GET"]}}],"collection":[{"href":"https:\/\/secureus.se\/fr\/wp-json\/wp\/v2\/product"}],"about":[{"href":"https:\/\/secureus.se\/fr\/wp-json\/wp\/v2\/types\/product"}],"wp:featuredmedia":[{"embeddable":true,"href":"https:\/\/secureus.se\/fr\/wp-json\/wp\/v2\/media\/162196"}],"wp:attachment":[{"href":"https:\/\/secureus.se\/fr\/wp-json\/wp\/v2\/media?parent=162197"}],"wp:term":[{"taxonomy":"product_brand","embeddable":true,"href":"https:\/\/secureus.se\/fr\/wp-json\/wp\/v2\/product_brand?post=162197"},{"taxonomy":"product_cat","embeddable":true,"href":"https:\/\/secureus.se\/fr\/wp-json\/wp\/v2\/product_cat?post=162197"},{"taxonomy":"product_tag","embeddable":true,"href":"https:\/\/secureus.se\/fr\/wp-json\/wp\/v2\/product_tag?post=162197"}],"curies":[{"name":"wp","href":"https:\/\/api.w.org\/{rel}","templated":true}]}}