{"id":162201,"date":"2025-11-21T14:04:57","date_gmt":"2025-11-21T13:04:57","guid":{"rendered":"https:\/\/secureus.se\/solo-310-solo-365-kit-provningshojd-73-m-provning-rok-extra-es3-vaskor\/"},"modified":"2026-04-08T16:05:27","modified_gmt":"2026-04-08T14:05:27","slug":"solo-310-solo-365-kit-provningshojd-73-m-provning-rok-extra-es3-vaskor","status":"publish","type":"product","link":"https:\/\/secureus.se\/fr\/solo-310-solo-365-kit-provningshojd-73-m-provning-rok-extra-es3-vaskor\/","title":{"rendered":"Solo 310 - Solo 365 kit hauteur de test 7.3 m - Fum\u00e9e de test - Extra ES3 &amp; Sacs"},"content":{"rendered":"<h1>Solo 310 \u2013 Kit Solo 365 test\u00e9 \u00e0 une hauteur de 7,3 m \u2013 Test de fum\u00e9e \u2013 ES3 et sacs suppl\u00e9mentaires<\/h1>\n<h3 data-start=\"435\" data-end=\"475\">Tests efficaces des d\u00e9tecteurs de fum\u00e9e<\/h3>\n<p data-start=\"476\" data-end=\"718\">Le kit Solo 310 \u2013 Solo 365 est con\u00e7u pour tester de mani\u00e8re s\u00fbre et fiable le fonctionnement des d\u00e9tecteurs de fum\u00e9e dans les b\u00e2timents \u00e0 hauts plafonds.<\/p>\n<p data-start=\"476\" data-end=\"718\">Les tests sont effectu\u00e9s au niveau du sol, ce qui r\u00e9duit le besoin d&#039;\u00e9chelles et d&#039;ascenseurs et am\u00e9liore la s\u00e9curit\u00e9 lors des interventions de maintenance.<\/p>\n<h3 data-start=\"720\" data-end=\"748\">Tests de fum\u00e9e r\u00e9alistes<\/h3>\n<p data-start=\"749\" data-end=\"998\">Le testeur de d\u00e9tecteurs de fum\u00e9e Solo 365, associ\u00e9 \u00e0 la cartouche de fum\u00e9e ES3, g\u00e9n\u00e8re un a\u00e9rosol de test contr\u00f4l\u00e9 qui active les d\u00e9tecteurs de mani\u00e8re r\u00e9aliste.<\/p>\n<p data-start=\"749\" data-end=\"998\">Cela permet de garantir que les d\u00e9tecteurs de fum\u00e9e r\u00e9agissent correctement lors des inspections et des contr\u00f4les r\u00e9guliers.<\/p>\n<h3 data-start=\"1000\" data-end=\"1033\">Port\u00e9e jusqu&#039;\u00e0 7,3 m\u00e8tres<\/h3>\n<p data-start=\"1034\" data-end=\"1222\">La perche t\u00e9lescopique Solo 108 et les trois rallonges de perche de test Solo 101 offrent une hauteur de test maximale d&#039;environ 7,3 m\u00e8tres.<\/p>\n<p data-start=\"1034\" data-end=\"1222\">Le kit est facile \u00e0 manipuler et offre un contr\u00f4le stable lors des tests en haute altitude.<\/p>\n<h3 data-start=\"1224\" data-end=\"1268\">Transport et utilisation professionnels<\/h3>\n<p data-start=\"1269\" data-end=\"1529\">Des \u00e9tuis de transport Solo 610 sont inclus pour un transport et un rangement s\u00fbrs de l&#039;\u00e9quipement.<\/p>\n<p data-start=\"1269\" data-end=\"1529\">La cartouche de fum\u00e9e ES3 suppl\u00e9mentaire prolonge la dur\u00e9e de fonctionnement et r\u00e9duit les temps d&#039;arr\u00eat lors des missions de test de grande envergure. Ce kit convient aux bureaux, \u00e9coles, \u00e9tablissements de sant\u00e9, entrep\u00f4ts et b\u00e2timents publics.<\/p>\n<p data-start=\"1536\" data-end=\"1567\"><strong data-start=\"1536\" data-end=\"1565\">SP\u00c9CIFICATIONS TECHNIQUES :<\/strong><\/p>\n<ul data-start=\"1568\" data-end=\"1758\">\n<li data-start=\"1568\" data-end=\"1598\">\n<p data-start=\"1570\" data-end=\"1598\">Hauteur d&#039;essai : environ 7,3 m<\/p>\n<\/li>\n<li data-start=\"1599\" data-end=\"1629\">\n<p data-start=\"1601\" data-end=\"1629\">Type de d\u00e9tecteur : D\u00e9tecteurs de fum\u00e9e<\/p>\n<\/li>\n<li data-start=\"1630\" data-end=\"1654\">\n<p data-start=\"1632\" data-end=\"1654\">Testeur de fum\u00e9e : Solo 365<\/p>\n<\/li>\n<li data-start=\"1655\" data-end=\"1691\">\n<p data-start=\"1657\" data-end=\"1691\">Cannes : Solo 108 + 3 \u00d7 Solo 101<\/p>\n<\/li>\n<li data-start=\"1692\" data-end=\"1724\">\n<p data-start=\"1694\" data-end=\"1724\">Cartouche de fum\u00e9e : ES3 (suppl\u00e9mentaire incluse)<\/p>\n<\/li>\n<li data-start=\"1725\" data-end=\"1758\">\n<p data-start=\"1727\" data-end=\"1758\">Rangement : \u00c9tuis de transport Solo 610<\/p>\n<\/li>\n<\/ul>","protected":false},"excerpt":{"rendered":"<p>Le kit Solo 310 - Solo 365 est un kit de test complet pour les d\u00e9tecteurs de fum\u00e9e jusqu'\u00e0 une hauteur d'environ 7,3 m\u00e8tres.<\/p>\n<p>Le kit est adapt\u00e9 aux tests professionnels effectu\u00e9s au niveau du sol et est fourni avec des tiges t\u00e9lescopiques, des rallonges de tiges de test, des mallettes de transport et une cartouche de fum\u00e9e ES3 suppl\u00e9mentaire.<\/p>","protected":false},"featured_media":162200,"template":"","meta":{"_acf_changed":false},"product_brand":[],"product_cat":[5072,5073],"product_tag":[],"class_list":{"0":"post-162201","1":"product","2":"type-product","3":"status-publish","4":"has-post-thumbnail","6":"product_cat-solo-365","7":"product_cat-solo-365-kit","8":"tm-no-options","10":"first","11":"instock","12":"taxable","13":"shipping-taxable","14":"purchasable","15":"product-type-simple"},"acf":[],"_links":{"self":[{"href":"https:\/\/secureus.se\/fr\/wp-json\/wp\/v2\/product\/162201","targetHints":{"allow":["GET"]}}],"collection":[{"href":"https:\/\/secureus.se\/fr\/wp-json\/wp\/v2\/product"}],"about":[{"href":"https:\/\/secureus.se\/fr\/wp-json\/wp\/v2\/types\/product"}],"wp:featuredmedia":[{"embeddable":true,"href":"https:\/\/secureus.se\/fr\/wp-json\/wp\/v2\/media\/162200"}],"wp:attachment":[{"href":"https:\/\/secureus.se\/fr\/wp-json\/wp\/v2\/media?parent=162201"}],"wp:term":[{"taxonomy":"product_brand","embeddable":true,"href":"https:\/\/secureus.se\/fr\/wp-json\/wp\/v2\/product_brand?post=162201"},{"taxonomy":"product_cat","embeddable":true,"href":"https:\/\/secureus.se\/fr\/wp-json\/wp\/v2\/product_cat?post=162201"},{"taxonomy":"product_tag","embeddable":true,"href":"https:\/\/secureus.se\/fr\/wp-json\/wp\/v2\/product_tag?post=162201"}],"curies":[{"name":"wp","href":"https:\/\/api.w.org\/{rel}","templated":true}]}}