{"id":162209,"date":"2025-11-21T14:04:58","date_gmt":"2025-11-21T13:04:58","guid":{"rendered":"https:\/\/secureus.se\/solo-311-solo-365-kit-provningshojd-73-m-rok-varme-extra-es3-vaskor\/"},"modified":"2026-03-26T12:23:44","modified_gmt":"2026-03-26T11:23:44","slug":"solo-311-solo-365-kit-provningshojd-73-m-rok-varme-extra-es3-vaskor","status":"publish","type":"product","link":"https:\/\/secureus.se\/fr\/solo-311-solo-365-kit-provningshojd-73-m-rok-varme-extra-es3-vaskor\/","title":{"rendered":"Solo 311 - Solo 365 kit test hauteur 7.3 m - Smoke + Heat - Extra ES3 &amp; Bags"},"content":{"rendered":"<h1>Solo 311 \u2013 Test du kit Solo 365 \u00e0 une hauteur de 7,3 m \u2013 Fum\u00e9e + Chaleur \u2013 ES3 et sacs suppl\u00e9mentaires<\/h1>\n<h3 data-start=\"553\" data-end=\"616\">Solution compl\u00e8te pour le test des d\u00e9tecteurs de fum\u00e9e et de chaleur<\/h3>\n<p data-start=\"617\" data-end=\"906\">Le kit Solo 311 \u2013 Solo 365 est con\u00e7u pour tester de mani\u00e8re s\u00fbre et fiable les d\u00e9tecteurs de fum\u00e9e et de chaleur dans les b\u00e2timents \u00e0 hauts plafonds.<\/p>\n<p data-start=\"617\" data-end=\"906\">En effectuant les tests depuis le niveau du sol, le besoin d&#039;\u00e9chelles et de nacelles \u00e9l\u00e9vatrices est minimis\u00e9, ce qui am\u00e9liore la s\u00e9curit\u00e9 et l&#039;efficacit\u00e9 lors des interventions de maintenance.<\/p>\n<h3 data-start=\"908\" data-end=\"950\">Tests r\u00e9alistes de fum\u00e9e et de chaleur<\/h3>\n<p data-start=\"951\" data-end=\"1240\">Le testeur de d\u00e9tecteur de fum\u00e9e Solo 365 est utilis\u00e9 conjointement avec la cartouche de fum\u00e9e ES3 pour g\u00e9n\u00e9rer un a\u00e9rosol de test contr\u00f4l\u00e9 qui active les d\u00e9tecteurs de fum\u00e9e de mani\u00e8re r\u00e9aliste.<\/p>\n<p data-start=\"951\" data-end=\"1240\">Pour les d\u00e9tecteurs de chaleur, on utilise le testeur de d\u00e9tecteurs de chaleur Solo 461, ce qui permet de tester deux types de d\u00e9tecteurs avec le m\u00eame syst\u00e8me.<\/p>\n<h3 data-start=\"1242\" data-end=\"1275\">Port\u00e9e jusqu&#039;\u00e0 7,3 m\u00e8tres<\/h3>\n<p data-start=\"1276\" data-end=\"1516\">La combinaison de la perche t\u00e9lescopique Solo 108 et de trois rallonges de perche de test Solo 101 offre une hauteur de test maximale d&#039;environ 7,3 m\u00e8tres.<\/p>\n<p data-start=\"1276\" data-end=\"1516\">Cela rend ce kit parfaitement adapt\u00e9 aux grands locaux tels que les entrep\u00f4ts, les b\u00e2timents industriels, les salles de sport et les espaces publics.<\/p>\n<h3 data-start=\"1518\" data-end=\"1561\">Adapt\u00e9 \u00e0 la maintenance professionnelle<\/h3>\n<p data-start=\"1562\" data-end=\"1735\">Des \u00e9tuis de transport Solo 610 sont inclus pour un transport et un rangement s\u00fbrs de l&#039;\u00e9quipement.<\/p>\n<p data-start=\"1562\" data-end=\"1735\">La cartouche de fum\u00e9e ES3 suppl\u00e9mentaire offre une dur\u00e9e de fonctionnement plus longue et r\u00e9duit les interruptions lors des travaux de test approfondis.<\/p>\n<p data-start=\"1742\" data-end=\"1773\"><strong data-start=\"1742\" data-end=\"1771\">SP\u00c9CIFICATIONS TECHNIQUES :<\/strong><\/p>\n<ul data-start=\"1774\" data-end=\"2004\">\n<li data-start=\"1774\" data-end=\"1804\">\n<p data-start=\"1776\" data-end=\"1804\">Hauteur d&#039;essai : environ 7,3 m<\/p>\n<\/li>\n<li data-start=\"1805\" data-end=\"1848\">\n<p data-start=\"1807\" data-end=\"1848\">Types de d\u00e9tecteurs\u00a0: D\u00e9tecteurs de fum\u00e9e et de chaleur<\/p>\n<\/li>\n<li data-start=\"1849\" data-end=\"1873\">\n<p data-start=\"1851\" data-end=\"1873\">Testeur de fum\u00e9e : Solo 365<\/p>\n<\/li>\n<li data-start=\"1874\" data-end=\"1900\">\n<p data-start=\"1876\" data-end=\"1900\">Testeur de chaleur : Solo 461<\/p>\n<\/li>\n<li data-start=\"1901\" data-end=\"1937\">\n<p data-start=\"1903\" data-end=\"1937\">Cannes : Solo 108 + 3 \u00d7 Solo 101<\/p>\n<\/li>\n<li data-start=\"1938\" data-end=\"1970\">\n<p data-start=\"1940\" data-end=\"1970\">Cartouche de fum\u00e9e : ES3 (suppl\u00e9mentaire incluse)<\/p>\n<\/li>\n<li data-start=\"1971\" data-end=\"2004\">\n<p data-start=\"1973\" data-end=\"2004\">Rangement : \u00c9tuis de transport Solo 610<\/p>\n<\/li>\n<\/ul>","protected":false},"excerpt":{"rendered":"<p>Le kit Solo 311 - Solo 365 est un kit de test complet pour tester les d\u00e9tecteurs de fum\u00e9e et de chaleur jusqu'\u00e0 une hauteur d'environ 7,3 m\u00e8tres.<\/p>\n<p>Le kit est destin\u00e9 aux tests professionnels effectu\u00e9s au niveau du sol dans des locaux plus grands et plus \u00e9lev\u00e9s.<\/p>\n<p>Fourni avec des tiges t\u00e9lescopiques, un testeur de chaleur, des \u00e9tuis de transport et une cartouche de fum\u00e9e suppl\u00e9mentaire.<\/p>","protected":false},"featured_media":162208,"template":"","meta":{"_acf_changed":false},"product_brand":[],"product_cat":[5072,5073],"product_tag":[],"class_list":{"0":"post-162209","1":"product","2":"type-product","3":"status-publish","4":"has-post-thumbnail","6":"product_cat-solo-365","7":"product_cat-solo-365-kit","8":"tm-no-options","10":"first","11":"onbackorder","12":"taxable","13":"shipping-taxable","14":"purchasable","15":"product-type-simple"},"acf":[],"_links":{"self":[{"href":"https:\/\/secureus.se\/fr\/wp-json\/wp\/v2\/product\/162209","targetHints":{"allow":["GET"]}}],"collection":[{"href":"https:\/\/secureus.se\/fr\/wp-json\/wp\/v2\/product"}],"about":[{"href":"https:\/\/secureus.se\/fr\/wp-json\/wp\/v2\/types\/product"}],"wp:featuredmedia":[{"embeddable":true,"href":"https:\/\/secureus.se\/fr\/wp-json\/wp\/v2\/media\/162208"}],"wp:attachment":[{"href":"https:\/\/secureus.se\/fr\/wp-json\/wp\/v2\/media?parent=162209"}],"wp:term":[{"taxonomy":"product_brand","embeddable":true,"href":"https:\/\/secureus.se\/fr\/wp-json\/wp\/v2\/product_brand?post=162209"},{"taxonomy":"product_cat","embeddable":true,"href":"https:\/\/secureus.se\/fr\/wp-json\/wp\/v2\/product_cat?post=162209"},{"taxonomy":"product_tag","embeddable":true,"href":"https:\/\/secureus.se\/fr\/wp-json\/wp\/v2\/product_tag?post=162209"}],"curies":[{"name":"wp","href":"https:\/\/api.w.org\/{rel}","templated":true}]}}