{"id":162213,"date":"2025-11-21T14:04:53","date_gmt":"2025-11-21T13:04:53","guid":{"rendered":"https:\/\/secureus.se\/solo-323-provningshojd-93-m-rok-extra-es3-nedtagare-vaskor\/"},"modified":"2026-04-23T12:56:48","modified_gmt":"2026-04-23T10:56:48","slug":"solo-323-provningshojd-93-m-rok-extra-es3-nedtagare-vaskor","status":"publish","type":"product","link":"https:\/\/secureus.se\/fr\/solo-323-provningshojd-93-m-rok-extra-es3-nedtagare-vaskor\/","title":{"rendered":"Hauteur de test Solo 323\u00a0: 9,3\u00a0m \u2013 Fum\u00e9e \u2013 Extra ES3, descentes d\u2019\u00e9chappement et sacs"},"content":{"rendered":"<h1>Hauteur de test Solo 323\u00a0: 9,3\u00a0m \u2013 Fum\u00e9e \u2013 Extra ES3, descentes d\u2019\u00e9chappement et sacs<\/h1>\n<h3 data-start=\"470\" data-end=\"520\">Tests s\u00fbrs et efficaces des d\u00e9tecteurs de fum\u00e9e<\/h3>\n<p data-start=\"521\" data-end=\"794\">Le Solo 323 est con\u00e7u pour des tests fonctionnels fiables des d\u00e9tecteurs de fum\u00e9e dans les b\u00e2timents \u00e0 hauts plafonds, tels que les entrep\u00f4ts, les locaux industriels et les salles de sport.<\/p>\n<p data-start=\"521\" data-end=\"794\">Les tests sont effectu\u00e9s au niveau du sol \u00e0 l&#039;aide de perches t\u00e9lescopiques, ce qui minimise le besoin d&#039;\u00e9chelles et de nacelles \u00e9l\u00e9vatrices et accro\u00eet la s\u00e9curit\u00e9 pendant la maintenance.<\/p>\n<h3 data-start=\"796\" data-end=\"838\">Tests de fum\u00e9e r\u00e9alistes avec ES3 suppl\u00e9mentaire<\/h3>\n<p data-start=\"839\" data-end=\"1078\">Le testeur de d\u00e9tecteurs de fum\u00e9e Solo 365, associ\u00e9 \u00e0 la cartouche de fum\u00e9e ES3, g\u00e9n\u00e8re un a\u00e9rosol de test contr\u00f4l\u00e9 qui active les d\u00e9tecteurs de mani\u00e8re r\u00e9aliste.<\/p>\n<p data-start=\"839\" data-end=\"1078\">La cartouche ES3 suppl\u00e9mentaire offre une autonomie prolong\u00e9e et r\u00e9duit les interruptions lors des tests approfondis.<\/p>\n<h3 data-start=\"1080\" data-end=\"1113\">Port\u00e9e jusqu&#039;\u00e0 9,3 m\u00e8tres<\/h3>\n<p data-start=\"1114\" data-end=\"1353\">La perche t\u00e9lescopique Solo 108, associ\u00e9e \u00e0 trois rallonges de perche de test Solo 101, permet de r\u00e9aliser des tests jusqu&#039;\u00e0 une hauteur d&#039;environ 9,3 m\u00e8tres.<\/p>\n<p data-start=\"1114\" data-end=\"1353\">Le d\u00e9monteur Solo 200 est inclus pour faciliter le d\u00e9montage des d\u00e9tecteurs si n\u00e9cessaire, simplifiant ainsi l&#039;entretien et la maintenance.<\/p>\n<h3 data-start=\"1355\" data-end=\"1399\">Transport et utilisation professionnels<\/h3>\n<p data-start=\"1400\" data-end=\"1611\">Des \u00e9tuis de transport Solo 610 sont inclus pour un transport et un rangement s\u00fbrs de l&#039;\u00e9quipement.<\/p>\n<p data-start=\"1400\" data-end=\"1611\">Ce kit est id\u00e9al pour les installateurs, les ing\u00e9nieurs en protection incendie et les gestionnaires immobiliers qui ont besoin d&#039;une solution compl\u00e8te pour les b\u00e2timents de grande hauteur.<\/p>\n<p data-start=\"1618\" data-end=\"1649\"><strong data-start=\"1618\" data-end=\"1647\">SP\u00c9CIFICATIONS TECHNIQUES :<\/strong><\/p>\n<ul data-start=\"1650\" data-end=\"1864\">\n<li data-start=\"1650\" data-end=\"1680\">\n<p data-start=\"1652\" data-end=\"1680\">Hauteur d&#039;essai : environ 9,3 m<\/p>\n<\/li>\n<li data-start=\"1681\" data-end=\"1711\">\n<p data-start=\"1683\" data-end=\"1711\">Type de d\u00e9tecteur : D\u00e9tecteurs de fum\u00e9e<\/p>\n<\/li>\n<li data-start=\"1712\" data-end=\"1736\">\n<p data-start=\"1714\" data-end=\"1736\">Testeur de fum\u00e9e : Solo 365<\/p>\n<\/li>\n<li data-start=\"1737\" data-end=\"1773\">\n<p data-start=\"1739\" data-end=\"1773\">Cannes : Solo 108 + 3 \u00d7 Solo 101<\/p>\n<\/li>\n<li data-start=\"1774\" data-end=\"1797\">\n<p data-start=\"1776\" data-end=\"1797\">D\u00e9primant : Solo 200<\/p>\n<\/li>\n<li data-start=\"1798\" data-end=\"1830\">\n<p data-start=\"1800\" data-end=\"1830\">Cartouche de fum\u00e9e : ES3 (suppl\u00e9mentaire incluse)<\/p>\n<\/li>\n<li data-start=\"1831\" data-end=\"1864\">\n<p data-start=\"1833\" data-end=\"1864\">Rangement : \u00c9tuis de transport Solo 610<\/p>\n<\/li>\n<\/ul>","protected":false},"excerpt":{"rendered":"<p>Le kit Solo 323 \u2013 Solo 365 est un kit de test complet pour les d\u00e9tecteurs de fum\u00e9e jusqu&#039;\u00e0 environ 9,3 m\u00e8tres de hauteur.<\/p>\n<p>Ce kit est destin\u00e9 aux tests professionnels en haute altitude et comprend des perches t\u00e9lescopiques, des rallonges de perche de test, des downriggers, des \u00e9tuis de transport et une cartouche de fum\u00e9e ES3 suppl\u00e9mentaire.<\/p>","protected":false},"featured_media":162212,"template":"","meta":{"_acf_changed":false},"product_brand":[],"product_cat":[5072,5073],"product_tag":[],"class_list":{"0":"post-162213","1":"product","2":"type-product","3":"status-publish","4":"has-post-thumbnail","6":"product_cat-solo-365","7":"product_cat-solo-365-kit","8":"tm-no-options","10":"first","11":"instock","12":"taxable","13":"shipping-taxable","14":"purchasable","15":"product-type-simple"},"acf":[],"_links":{"self":[{"href":"https:\/\/secureus.se\/fr\/wp-json\/wp\/v2\/product\/162213","targetHints":{"allow":["GET"]}}],"collection":[{"href":"https:\/\/secureus.se\/fr\/wp-json\/wp\/v2\/product"}],"about":[{"href":"https:\/\/secureus.se\/fr\/wp-json\/wp\/v2\/types\/product"}],"wp:featuredmedia":[{"embeddable":true,"href":"https:\/\/secureus.se\/fr\/wp-json\/wp\/v2\/media\/162212"}],"wp:attachment":[{"href":"https:\/\/secureus.se\/fr\/wp-json\/wp\/v2\/media?parent=162213"}],"wp:term":[{"taxonomy":"product_brand","embeddable":true,"href":"https:\/\/secureus.se\/fr\/wp-json\/wp\/v2\/product_brand?post=162213"},{"taxonomy":"product_cat","embeddable":true,"href":"https:\/\/secureus.se\/fr\/wp-json\/wp\/v2\/product_cat?post=162213"},{"taxonomy":"product_tag","embeddable":true,"href":"https:\/\/secureus.se\/fr\/wp-json\/wp\/v2\/product_tag?post=162213"}],"curies":[{"name":"wp","href":"https:\/\/api.w.org\/{rel}","templated":true}]}}