{"id":162217,"date":"2025-11-21T14:04:53","date_gmt":"2025-11-21T13:04:53","guid":{"rendered":"https:\/\/secureus.se\/solo-305-solo-365-kit-provningshojd-6-m-provning-rok\/"},"modified":"2026-04-08T15:59:56","modified_gmt":"2026-04-08T13:59:56","slug":"solo-305-solo-365-kit-provningshojd-6-m-provning-rok","status":"publish","type":"product","link":"https:\/\/secureus.se\/fr\/solo-305-solo-365-kit-provningshojd-6-m-provning-rok\/","title":{"rendered":"Solo 305 \u2013 Kit Solo 365 test\u00e9 \u00e0 une hauteur de 6 m \u2013 Test de fum\u00e9e"},"content":{"rendered":"<h1>Solo 305 \u2013 Kit Solo 365 test\u00e9 \u00e0 une hauteur de 6 m \u2013 Test de fum\u00e9e<\/h1>\n<h3 data-start=\"429\" data-end=\"479\">Tests s\u00fbrs et efficaces des d\u00e9tecteurs de fum\u00e9e<\/h3>\n<p data-start=\"480\" data-end=\"732\">Le kit Solo 305 \u2013 Solo 365 est con\u00e7u pour tester de mani\u00e8re fiable les d\u00e9tecteurs de fum\u00e9e dans les b\u00e2timents avec des hauteurs de plafond moyennes.<\/p>\n<p data-start=\"480\" data-end=\"732\">En effectuant les tests au niveau du sol, on r\u00e9duit le besoin d&#039;\u00e9chelles et de monte-charges, ce qui am\u00e9liore la s\u00e9curit\u00e9 lors des op\u00e9rations d&#039;entretien et de maintenance.<\/p>\n<h3 data-start=\"734\" data-end=\"762\">Tests de fum\u00e9e r\u00e9alistes<\/h3>\n<p data-start=\"763\" data-end=\"980\">Le testeur de d\u00e9tecteurs de fum\u00e9e Solo 365 g\u00e9n\u00e8re un a\u00e9rosol de test contr\u00f4l\u00e9 qui active les d\u00e9tecteurs de mani\u00e8re r\u00e9aliste.<\/p>\n<p data-start=\"763\" data-end=\"980\">Cela permet de garantir le bon fonctionnement des d\u00e9tecteurs de fum\u00e9e lors des tests et inspections r\u00e9guliers.<\/p>\n<h3 data-start=\"982\" data-end=\"1013\">Port\u00e9e jusqu&#039;\u00e0 6 m\u00e8tres<\/h3>\n<p data-start=\"1014\" data-end=\"1229\">L&#039;extension Solo 100 permet de tester les d\u00e9tecteurs de fum\u00e9e jusqu&#039;\u00e0 environ 6 m\u00e8tres de hauteur.<\/p>\n<p data-start=\"1014\" data-end=\"1229\">Ce kit est l\u00e9ger et facile \u00e0 manipuler, ce qui le rend adapt\u00e9 aux bureaux, aux \u00e9coles, aux entrep\u00f4ts et autres b\u00e2timents publics.<\/p>\n<p data-start=\"1236\" data-end=\"1267\"><strong data-start=\"1236\" data-end=\"1265\">SP\u00c9CIFICATIONS TECHNIQUES :<\/strong><\/p>\n<ul data-start=\"1268\" data-end=\"1416\">\n<li data-start=\"1268\" data-end=\"1296\">\n<p data-start=\"1270\" data-end=\"1296\">Hauteur d&#039;essai : environ 6 m<\/p>\n<\/li>\n<li data-start=\"1297\" data-end=\"1327\">\n<p data-start=\"1299\" data-end=\"1327\">Type de d\u00e9tecteur : D\u00e9tecteurs de fum\u00e9e<\/p>\n<\/li>\n<li data-start=\"1328\" data-end=\"1352\">\n<p data-start=\"1330\" data-end=\"1352\">Testeur de fum\u00e9e : Solo 365<\/p>\n<\/li>\n<li data-start=\"1353\" data-end=\"1377\">\n<p data-start=\"1355\" data-end=\"1377\">Extender : Solo 100<\/p>\n<\/li>\n<\/ul>","protected":false},"excerpt":{"rendered":"<p>Le kit Solo 305 \u2013 Solo 365 est un kit de test pour d\u00e9tecteurs de fum\u00e9e jusqu&#039;\u00e0 environ 6 m\u00e8tres de hauteur.<\/p>\n<p>Le kit s&#039;utilise au niveau du sol et comprend le testeur de d\u00e9tecteur de fum\u00e9e Solo 365 et l&#039;extension Solo 100.<\/p>\n<p>Id\u00e9al pour l&#039;entretien des d\u00e9tecteurs de fum\u00e9e dans les espaces de hauteur moyenne.<\/p>","protected":false},"featured_media":162216,"template":"","meta":{"_acf_changed":false},"product_brand":[],"product_cat":[5072,5073],"product_tag":[],"class_list":{"0":"post-162217","1":"product","2":"type-product","3":"status-publish","4":"has-post-thumbnail","6":"product_cat-solo-365","7":"product_cat-solo-365-kit","8":"tm-no-options","10":"first","11":"instock","12":"taxable","13":"shipping-taxable","14":"purchasable","15":"product-type-simple"},"acf":[],"_links":{"self":[{"href":"https:\/\/secureus.se\/fr\/wp-json\/wp\/v2\/product\/162217","targetHints":{"allow":["GET"]}}],"collection":[{"href":"https:\/\/secureus.se\/fr\/wp-json\/wp\/v2\/product"}],"about":[{"href":"https:\/\/secureus.se\/fr\/wp-json\/wp\/v2\/types\/product"}],"wp:featuredmedia":[{"embeddable":true,"href":"https:\/\/secureus.se\/fr\/wp-json\/wp\/v2\/media\/162216"}],"wp:attachment":[{"href":"https:\/\/secureus.se\/fr\/wp-json\/wp\/v2\/media?parent=162217"}],"wp:term":[{"taxonomy":"product_brand","embeddable":true,"href":"https:\/\/secureus.se\/fr\/wp-json\/wp\/v2\/product_brand?post=162217"},{"taxonomy":"product_cat","embeddable":true,"href":"https:\/\/secureus.se\/fr\/wp-json\/wp\/v2\/product_cat?post=162217"},{"taxonomy":"product_tag","embeddable":true,"href":"https:\/\/secureus.se\/fr\/wp-json\/wp\/v2\/product_tag?post=162217"}],"curies":[{"name":"wp","href":"https:\/\/api.w.org\/{rel}","templated":true}]}}