{"id":162219,"date":"2025-11-21T14:03:13","date_gmt":"2025-11-21T13:03:13","guid":{"rendered":"https:\/\/secureus.se\/solo-304-solo-365-kit-provningshojd-4-m-provning-rok-extra-es3\/"},"modified":"2026-04-08T15:59:58","modified_gmt":"2026-04-08T13:59:58","slug":"solo-304-solo-365-kit-provningshojd-4-m-provning-rok-extra-es3","status":"publish","type":"product","link":"https:\/\/secureus.se\/fr\/solo-304-solo-365-kit-provningshojd-4-m-provning-rok-extra-es3\/","title":{"rendered":"Solo 304 \u2013 Test du kit Solo 365 \u00e0 une hauteur de 4 m \u2013 Test de fum\u00e9e \u2013 Extra ES3"},"content":{"rendered":"<h1>Solo 304 \u2013 Test du kit Solo 365 \u00e0 une hauteur de 4 m \u2013 Test de fum\u00e9e \u2013 Extra ES3<\/h1>\n<h3 data-start=\"448\" data-end=\"498\">Tests s\u00fbrs et fiables des d\u00e9tecteurs de fum\u00e9e<\/h3>\n<p data-start=\"499\" data-end=\"737\">Le kit Solo 304 \u2013 Solo 365 est con\u00e7u pour assurer le bon fonctionnement des d\u00e9tecteurs de fum\u00e9e dans les b\u00e2timents dont la hauteur sous plafond est moyenne.<\/p>\n<p data-start=\"499\" data-end=\"737\">Les tests effectu\u00e9s au niveau du sol r\u00e9duisent le besoin d&#039;\u00e9chelles et de monte-charges, ce qui am\u00e9liore la s\u00e9curit\u00e9 lors des op\u00e9rations d&#039;entretien et de maintenance.<\/p>\n<h3 data-start=\"739\" data-end=\"781\">Tests de fum\u00e9e r\u00e9alistes avec ES3 suppl\u00e9mentaire<\/h3>\n<p data-start=\"782\" data-end=\"1046\">Le testeur de d\u00e9tecteurs de fum\u00e9e Solo 365, associ\u00e9 \u00e0 la cartouche de fum\u00e9e ES3, g\u00e9n\u00e8re un a\u00e9rosol de test contr\u00f4l\u00e9 qui active les d\u00e9tecteurs de fum\u00e9e de mani\u00e8re r\u00e9aliste.<\/p>\n<p data-start=\"782\" data-end=\"1046\">La cartouche de fum\u00e9e suppl\u00e9mentaire prolonge la dur\u00e9e de fonctionnement et r\u00e9duit la n\u00e9cessit\u00e9 de changer de cartouche lors de s\u00e9ances de test plus longues.<\/p>\n<h3 data-start=\"1048\" data-end=\"1079\">Port\u00e9e jusqu&#039;\u00e0 4 m\u00e8tres<\/h3>\n<p data-start=\"1080\" data-end=\"1288\">L&#039;extension Solo 108 permet de tester les d\u00e9tecteurs de fum\u00e9e jusqu&#039;\u00e0 environ 4 m\u00e8tres de hauteur.<\/p>\n<p data-start=\"1080\" data-end=\"1288\">Ce kit est l\u00e9ger et facile \u00e0 manipuler, ce qui le rend id\u00e9al pour les bureaux, les \u00e9coles, les h\u00f4tels et autres espaces publics.<\/p>\n<p data-start=\"1295\" data-end=\"1326\"><strong data-start=\"1295\" data-end=\"1324\">SP\u00c9CIFICATIONS TECHNIQUES :<\/strong><\/p>\n<ul data-start=\"1327\" data-end=\"1508\">\n<li data-start=\"1327\" data-end=\"1355\">\n<p data-start=\"1329\" data-end=\"1355\">Hauteur d&#039;essai : environ 4 m<\/p>\n<\/li>\n<li data-start=\"1356\" data-end=\"1386\">\n<p data-start=\"1358\" data-end=\"1386\">Type de d\u00e9tecteur : D\u00e9tecteurs de fum\u00e9e<\/p>\n<\/li>\n<li data-start=\"1387\" data-end=\"1411\">\n<p data-start=\"1389\" data-end=\"1411\">Testeur de fum\u00e9e : Solo 365<\/p>\n<\/li>\n<li data-start=\"1412\" data-end=\"1436\">\n<p data-start=\"1414\" data-end=\"1436\">Extendeur : Solo 108<\/p>\n<\/li>\n<li data-start=\"1437\" data-end=\"1469\">\n<p data-start=\"1439\" data-end=\"1469\">Cartouche de fum\u00e9e : ES3 (suppl\u00e9mentaire incluse)<\/p>\n<\/li>\n<li data-start=\"1470\" data-end=\"1508\">\n<p data-start=\"1472\" data-end=\"1508\">Application : Tests au niveau du sol<\/p>\n<\/li>\n<\/ul>","protected":false},"excerpt":{"rendered":"<p>Le kit Solo 304 \u2013 Solo 365 est un kit de test pour d\u00e9tecteurs de fum\u00e9e jusqu&#039;\u00e0 environ 4 m\u00e8tres de hauteur.<\/p>\n<p>Le kit comprend le testeur de d\u00e9tecteur de fum\u00e9e Solo 365, l&#039;extension Solo 108 et une cartouche de fum\u00e9e ES3 suppl\u00e9mentaire, ce qui permet de tester facilement et en toute s\u00e9curit\u00e9 les d\u00e9tecteurs de fum\u00e9e depuis le niveau du sol.<\/p>","protected":false},"featured_media":162218,"template":"","meta":{"_acf_changed":false},"product_brand":[],"product_cat":[5072,5073],"product_tag":[],"class_list":{"0":"post-162219","1":"product","2":"type-product","3":"status-publish","4":"has-post-thumbnail","6":"product_cat-solo-365","7":"product_cat-solo-365-kit","8":"tm-no-options","10":"first","11":"instock","12":"taxable","13":"shipping-taxable","14":"purchasable","15":"product-type-simple"},"acf":[],"_links":{"self":[{"href":"https:\/\/secureus.se\/fr\/wp-json\/wp\/v2\/product\/162219","targetHints":{"allow":["GET"]}}],"collection":[{"href":"https:\/\/secureus.se\/fr\/wp-json\/wp\/v2\/product"}],"about":[{"href":"https:\/\/secureus.se\/fr\/wp-json\/wp\/v2\/types\/product"}],"wp:featuredmedia":[{"embeddable":true,"href":"https:\/\/secureus.se\/fr\/wp-json\/wp\/v2\/media\/162218"}],"wp:attachment":[{"href":"https:\/\/secureus.se\/fr\/wp-json\/wp\/v2\/media?parent=162219"}],"wp:term":[{"taxonomy":"product_brand","embeddable":true,"href":"https:\/\/secureus.se\/fr\/wp-json\/wp\/v2\/product_brand?post=162219"},{"taxonomy":"product_cat","embeddable":true,"href":"https:\/\/secureus.se\/fr\/wp-json\/wp\/v2\/product_cat?post=162219"},{"taxonomy":"product_tag","embeddable":true,"href":"https:\/\/secureus.se\/fr\/wp-json\/wp\/v2\/product_tag?post=162219"}],"curies":[{"name":"wp","href":"https:\/\/api.w.org\/{rel}","templated":true}]}}