{"id":162222,"date":"2025-11-21T12:45:42","date_gmt":"2025-11-21T11:45:42","guid":{"rendered":"https:\/\/secureus.se\/testifire-cha-laddningsvagga-till-xtr2\/"},"modified":"2026-04-08T16:05:39","modified_gmt":"2026-04-08T14:05:39","slug":"testifire-cha-laddningsvagga-till-xtr2","status":"publish","type":"product","link":"https:\/\/secureus.se\/fr\/testifire-cha-laddningsvagga-till-xtr2\/","title":{"rendered":"Testifire-CHA Support de charge pour XTR2"},"content":{"rendered":"<h1>Testifire-CHA Support de charge pour XTR2<\/h1>\n<h3 data-start=\"342\" data-end=\"381\">Station de charge pour Testifire XTR2<\/h3>\n<p data-start=\"382\" data-end=\"594\">Le socle de chargement Testifire-CHA garantit que le g\u00e9n\u00e9rateur de fum\u00e9e du Testifire XTR2 est toujours charg\u00e9 et pr\u00eat pour les tests.<\/p>\n<p data-start=\"382\" data-end=\"594\">La conception du socle permet de placer facilement le testeur en mode charge sans connexions compliqu\u00e9es.<\/p>\n<h3 data-start=\"596\" data-end=\"630\">Installation facile et rapide<\/h3>\n<p data-start=\"631\" data-end=\"817\">L&#039;installation est aussi simple que de changer la cartouche de fum\u00e9e ou la batterie.<\/p>\n<p data-start=\"631\" data-end=\"817\">Le Testifire-CHA se connecte directement au Testifire XTR2 et assure une charge s\u00fbre et efficace de la batterie du g\u00e9n\u00e9rateur de fum\u00e9e.<\/p>\n<h3 data-start=\"819\" data-end=\"856\">Parfait pour un usage professionnel<\/h3>\n<p data-start=\"857\" data-end=\"1056\">Le socle de chargement est id\u00e9al pour les installateurs et le personnel de maintenance qui effectuent r\u00e9guli\u00e8rement des tests de fum\u00e9e.<\/p>\n<p data-start=\"857\" data-end=\"1056\">Il est particuli\u00e8rement utile pour l&#039;entretien quotidien dans les bureaux, les entrep\u00f4ts, les \u00e9coles ou les b\u00e2timents publics.<\/p>\n<p data-start=\"1063\" data-end=\"1094\"><strong data-start=\"1063\" data-end=\"1092\">SP\u00c9CIFICATIONS TECHNIQUES :<\/strong><\/p>\n<ul data-start=\"1095\" data-end=\"1268\">\n<li data-start=\"1095\" data-end=\"1120\">\n<p data-start=\"1097\" data-end=\"1120\">Mod\u00e8le : Testifire-CHA<\/p>\n<\/li>\n<li data-start=\"1121\" data-end=\"1162\">\n<p data-start=\"1123\" data-end=\"1162\">Utilisation : Testeur de fum\u00e9e Testifire XTR2<\/p>\n<\/li>\n<li data-start=\"1163\" data-end=\"1208\">\n<p data-start=\"1165\" data-end=\"1208\">Fonction : Chargement de la batterie du g\u00e9n\u00e9rateur de fum\u00e9e<\/p>\n<\/li>\n<li data-start=\"1163\" data-end=\"1208\">Installation facile : cartouche de fum\u00e9e ou pile rempla\u00e7ables<\/li>\n<\/ul>","protected":false},"excerpt":{"rendered":"<p>Le Testifire-CHA est un support de charge pour le Testifire XTR2 qui permet de charger facilement le g\u00e9n\u00e9rateur de fum\u00e9e.<\/p>\n<p>Le kit remplace les piles et rend les tests faciles et fiables.<\/p>","protected":false},"featured_media":162220,"template":"","meta":{"_acf_changed":false},"product_brand":[],"product_cat":[2946,4757],"product_tag":[],"class_list":{"0":"post-162222","1":"product","2":"type-product","3":"status-publish","4":"has-post-thumbnail","6":"product_cat-testifire","7":"product_cat-xtr2","8":"tm-no-options","10":"first","11":"instock","12":"taxable","13":"shipping-taxable","14":"purchasable","15":"product-type-simple"},"acf":[],"_links":{"self":[{"href":"https:\/\/secureus.se\/fr\/wp-json\/wp\/v2\/product\/162222","targetHints":{"allow":["GET"]}}],"collection":[{"href":"https:\/\/secureus.se\/fr\/wp-json\/wp\/v2\/product"}],"about":[{"href":"https:\/\/secureus.se\/fr\/wp-json\/wp\/v2\/types\/product"}],"wp:featuredmedia":[{"embeddable":true,"href":"https:\/\/secureus.se\/fr\/wp-json\/wp\/v2\/media\/162220"}],"wp:attachment":[{"href":"https:\/\/secureus.se\/fr\/wp-json\/wp\/v2\/media?parent=162222"}],"wp:term":[{"taxonomy":"product_brand","embeddable":true,"href":"https:\/\/secureus.se\/fr\/wp-json\/wp\/v2\/product_brand?post=162222"},{"taxonomy":"product_cat","embeddable":true,"href":"https:\/\/secureus.se\/fr\/wp-json\/wp\/v2\/product_cat?post=162222"},{"taxonomy":"product_tag","embeddable":true,"href":"https:\/\/secureus.se\/fr\/wp-json\/wp\/v2\/product_tag?post=162222"}],"curies":[{"name":"wp","href":"https:\/\/api.w.org\/{rel}","templated":true}]}}