{"id":162223,"date":"2025-11-21T12:45:45","date_gmt":"2025-11-21T11:45:45","guid":{"rendered":"https:\/\/secureus.se\/testifire-wpsu-natadapter-230-v-till-testifire-xtr2\/"},"modified":"2026-04-08T16:00:07","modified_gmt":"2026-04-08T14:00:07","slug":"testifire-wpsu-natadapter-230-v-till-testifire-xtr2","status":"publish","type":"product","link":"https:\/\/secureus.se\/fr\/testifire-wpsu-natadapter-230-v-till-testifire-xtr2\/","title":{"rendered":"Testifire-WPSU Adaptateur \u00e9lectrique 230 V pour Testifire XTR2"},"content":{"rendered":"<h1>Testifire-WPSU Adaptateur \u00e9lectrique 230 V pour Testifire XTR2<\/h1>\n<h3 data-start=\"360\" data-end=\"404\">Connexion r\u00e9seau simple pour Testifire XTR2<\/h3>\n<p data-start=\"405\" data-end=\"645\">L&#039;adaptateur secteur Testifire-WPSU fournit une alimentation constante au Testifire XTR2, \u00e9liminant ainsi le besoin d&#039;une batterie pendant les tests.<\/p>\n<p data-start=\"405\" data-end=\"645\">L&#039;adaptateur permet de travailler plus longtemps sans interruption et assure un fonctionnement stable du g\u00e9n\u00e9rateur de fum\u00e9e.<\/p>\n<h3 data-start=\"647\" data-end=\"678\">Facile \u00e0 changer et \u00e0 utiliser<\/h3>\n<p data-start=\"679\" data-end=\"872\">L&#039;installation de l&#039;adaptateur secteur est aussi simple que le changement de la cartouche de fum\u00e9e ou de la batterie du Testifire XTR2.<\/p>\n<p data-start=\"679\" data-end=\"872\">L&#039;adaptateur se branche directement sur une prise standard de 230 V et rend les tests simples et fiables.<\/p>\n<h3 data-start=\"874\" data-end=\"903\">Usage professionnel<\/h3>\n<p data-start=\"904\" data-end=\"1091\">Cet adaptateur secteur est id\u00e9al pour les installateurs et le personnel de maintenance qui recherchent une solution simple pour les tests \u00e0 long terme des d\u00e9tecteurs de fum\u00e9e dans les bureaux, les \u00e9coles, les entrep\u00f4ts et les b\u00e2timents publics.<\/p>\n<p data-start=\"1098\" data-end=\"1129\"><strong data-start=\"1098\" data-end=\"1127\">SP\u00c9CIFICATIONS TECHNIQUES :<\/strong><\/p>\n<ul data-start=\"1130\" data-end=\"1336\">\n<li data-start=\"1130\" data-end=\"1156\">\n<p data-start=\"1132\" data-end=\"1156\">Mod\u00e8le : Testifire-WPSU<\/p>\n<\/li>\n<li data-start=\"1157\" data-end=\"1176\">\n<p data-start=\"1159\" data-end=\"1176\">Tension : 230 V<\/p>\n<\/li>\n<li data-start=\"1177\" data-end=\"1218\">\n<p data-start=\"1179\" data-end=\"1218\">Utilisation : Testeur de fum\u00e9e Testifire XTR2<\/p>\n<\/li>\n<li data-start=\"1219\" data-end=\"1276\">\n<p data-start=\"1221\" data-end=\"1276\">Fonction : Alimentation \u00e9lectrique continue, remplace la batterie<\/p>\n<\/li>\n<li data-start=\"1277\" data-end=\"1336\">\n<p data-start=\"1279\" data-end=\"1336\">Installation facile : batterie ou cartouche de fum\u00e9e rempla\u00e7able<\/p>\n<\/li>\n<\/ul>","protected":false},"excerpt":{"rendered":"<p>Le Testifire-WPSU est un bloc d'alimentation 230 V pour le Testifire XTR2, qui remplace la batterie et facilite l'utilisation du g\u00e9n\u00e9rateur de fum\u00e9e.<\/p>\n<p>Convient pour l'entretien et les tests quotidiens des d\u00e9tecteurs de fum\u00e9e.<\/p>","protected":false},"featured_media":162221,"template":"","meta":{"_acf_changed":false},"product_brand":[],"product_cat":[4757,2946],"product_tag":[],"class_list":{"0":"post-162223","1":"product","2":"type-product","3":"status-publish","4":"has-post-thumbnail","6":"product_cat-xtr2","7":"product_cat-testifire","8":"tm-no-options","10":"first","11":"instock","12":"taxable","13":"shipping-taxable","14":"purchasable","15":"product-type-simple"},"acf":[],"_links":{"self":[{"href":"https:\/\/secureus.se\/fr\/wp-json\/wp\/v2\/product\/162223","targetHints":{"allow":["GET"]}}],"collection":[{"href":"https:\/\/secureus.se\/fr\/wp-json\/wp\/v2\/product"}],"about":[{"href":"https:\/\/secureus.se\/fr\/wp-json\/wp\/v2\/types\/product"}],"wp:featuredmedia":[{"embeddable":true,"href":"https:\/\/secureus.se\/fr\/wp-json\/wp\/v2\/media\/162221"}],"wp:attachment":[{"href":"https:\/\/secureus.se\/fr\/wp-json\/wp\/v2\/media?parent=162223"}],"wp:term":[{"taxonomy":"product_brand","embeddable":true,"href":"https:\/\/secureus.se\/fr\/wp-json\/wp\/v2\/product_brand?post=162223"},{"taxonomy":"product_cat","embeddable":true,"href":"https:\/\/secureus.se\/fr\/wp-json\/wp\/v2\/product_cat?post=162223"},{"taxonomy":"product_tag","embeddable":true,"href":"https:\/\/secureus.se\/fr\/wp-json\/wp\/v2\/product_tag?post=162223"}],"curies":[{"name":"wp","href":"https:\/\/api.w.org\/{rel}","templated":true}]}}