{"id":162229,"date":"2025-11-21T12:34:02","date_gmt":"2025-11-21T11:34:02","guid":{"rendered":"https:\/\/secureus.se\/ir-fjarrkontroll-testifire-25-till-testifire-1001-2001\/"},"modified":"2026-03-26T12:25:26","modified_gmt":"2026-03-26T11:25:26","slug":"ir-fjarrkontroll-testifire-25-till-testifire-1001-2001","status":"publish","type":"product","link":"https:\/\/secureus.se\/fr\/ir-fjarrkontroll-testifire-25-till-testifire-1001-2001\/","title":{"rendered":"T\u00e9l\u00e9commande infrarouge Testifire 25 pour Testifire 1001\/2001"},"content":{"rendered":"<h1>T\u00e9l\u00e9commande infrarouge Testifire 25 pour Testifire 1001\/2001<\/h1>\n<h3 data-start=\"291\" data-end=\"340\">T\u00e9l\u00e9commande pratique pour la s\u00e9rie Testifire<\/h3>\n<p data-start=\"341\" data-end=\"650\">La t\u00e9l\u00e9commande infrarouge Testifire 25 est un accessoire d\u00e9velopp\u00e9 pour faciliter les tests fonctionnels avec les testeurs Testifire (tels que les Testifire 1001 et 2001).<\/p>\n<p data-start=\"341\" data-end=\"650\">Lorsqu&#039;un d\u00e9tecteur est situ\u00e9 dans un d\u00f4me o\u00f9 le technicien ne peut pas briser directement la cellule photo\u00e9lectrique avec son objectif, cette t\u00e9l\u00e9commande permet de contr\u00f4ler le test \u00e0 distance.<\/p>\n<h3 data-start=\"652\" data-end=\"689\">Contr\u00f4le ais\u00e9 dans les zones d&#039;acc\u00e8s difficile<\/h3>\n<p data-start=\"690\" data-end=\"991\">Certaines installations comportent des d\u00e9tecteurs mont\u00e9s dans des d\u00f4mes ou \u00e0 de hautes altitudes o\u00f9 le blocage de la vue optique de l&#039;instrument de test ne fonctionne pas efficacement.<\/p>\n<p data-start=\"690\" data-end=\"991\">Avec Testifire 25, vous pouvez utiliser un signal infrarouge pour activer ou d\u00e9sactiver le testeur sans avoir besoin d&#039;une ligne de vis\u00e9e physique, ce qui permet de gagner du temps et de simplifier le flux de travail.<\/p>\n<h3 data-start=\"993\" data-end=\"1024\">Avantages du Testifire 25<\/h3>\n<ul data-start=\"1025\" data-end=\"1255\">\n<li data-start=\"1025\" data-end=\"1084\">\n<p data-start=\"1027\" data-end=\"1084\">T\u00e9l\u00e9commande infrarouge facile \u00e0 utiliser pour les testeurs Testifire<\/p>\n<\/li>\n<li data-start=\"1085\" data-end=\"1137\">\n<p data-start=\"1087\" data-end=\"1137\">Active\/d\u00e9sactive les tests de visibilit\u00e9 limit\u00e9e<\/p>\n<\/li>\n<li data-start=\"1138\" data-end=\"1202\">\n<p data-start=\"1140\" data-end=\"1202\">Am\u00e9liore l&#039;efficacit\u00e9 lors du test de d\u00e9tecteurs difficiles d&#039;acc\u00e8s.<\/p>\n<\/li>\n<li data-start=\"1203\" data-end=\"1255\">\n<p data-start=\"1205\" data-end=\"1255\">Compatible avec Testifire 1001 et Testifire 2001<\/p>\n<\/li>\n<\/ul>\n<p data-start=\"1257\" data-end=\"1284\">SP\u00c9CIFICATIONS TECHNIQUES :<\/p>\n<ul data-start=\"1285\" data-end=\"1508\">\n<li data-start=\"1285\" data-end=\"1314\">\n<p data-start=\"1287\" data-end=\"1314\">Produit : T\u00e9l\u00e9commande infrarouge<\/p>\n<\/li>\n<li data-start=\"1315\" data-end=\"1339\">\n<p data-start=\"1317\" data-end=\"1339\">Mod\u00e8le : Testifire 25<\/p>\n<\/li>\n<li data-start=\"1340\" data-end=\"1397\">\n<p data-start=\"1342\" data-end=\"1397\">Fonction : Activation\/d\u00e9sactivation du testeur Testifire via infrarouge<\/p>\n<\/li>\n<li data-start=\"1398\" data-end=\"1448\">\n<p data-start=\"1400\" data-end=\"1448\">Compatibilit\u00e9 : Testifire 1001, Testifire 2001<\/p>\n<\/li>\n<li data-start=\"1449\" data-end=\"1508\">\n<p data-start=\"1451\" data-end=\"1508\">Utilisation : Pour les tests o\u00f9 la visibilit\u00e9 directe n&#039;est pas possible.<\/p>\n<\/li>\n<\/ul>","protected":false},"excerpt":{"rendered":"<p>La t\u00e9l\u00e9commande infrarouge Testifire 25 est une t\u00e9l\u00e9commande simple permettant d&#039;activer ou de d\u00e9sactiver les testeurs Testifire lorsque la cellule photo\u00e9lectrique est difficile d&#039;acc\u00e8s.<\/p>\n<p>Il simplifie le test des d\u00e9tecteurs lorsque la vis\u00e9e directe est impossible. Convient aux installateurs et au personnel de maintenance.<\/p>","protected":false},"featured_media":162228,"template":"","meta":{"_acf_changed":false},"product_brand":[],"product_cat":[2946],"product_tag":[],"class_list":{"0":"post-162229","1":"product","2":"type-product","3":"status-publish","4":"has-post-thumbnail","6":"product_cat-testifire","7":"tm-no-options","9":"first","10":"instock","11":"taxable","12":"shipping-taxable","13":"purchasable","14":"product-type-simple"},"acf":[],"_links":{"self":[{"href":"https:\/\/secureus.se\/fr\/wp-json\/wp\/v2\/product\/162229","targetHints":{"allow":["GET"]}}],"collection":[{"href":"https:\/\/secureus.se\/fr\/wp-json\/wp\/v2\/product"}],"about":[{"href":"https:\/\/secureus.se\/fr\/wp-json\/wp\/v2\/types\/product"}],"wp:featuredmedia":[{"embeddable":true,"href":"https:\/\/secureus.se\/fr\/wp-json\/wp\/v2\/media\/162228"}],"wp:attachment":[{"href":"https:\/\/secureus.se\/fr\/wp-json\/wp\/v2\/media?parent=162229"}],"wp:term":[{"taxonomy":"product_brand","embeddable":true,"href":"https:\/\/secureus.se\/fr\/wp-json\/wp\/v2\/product_brand?post=162229"},{"taxonomy":"product_cat","embeddable":true,"href":"https:\/\/secureus.se\/fr\/wp-json\/wp\/v2\/product_cat?post=162229"},{"taxonomy":"product_tag","embeddable":true,"href":"https:\/\/secureus.se\/fr\/wp-json\/wp\/v2\/product_tag?post=162229"}],"curies":[{"name":"wp","href":"https:\/\/api.w.org\/{rel}","templated":true}]}}