{"id":162231,"date":"2025-11-21T12:45:41","date_gmt":"2025-11-21T11:45:41","guid":{"rendered":"https:\/\/secureus.se\/rokgenerator-testifire-gen-1pk-till-xtr2\/"},"modified":"2026-04-08T15:59:54","modified_gmt":"2026-04-08T13:59:54","slug":"rokgenerator-testifire-gen-1pk-till-xtr2","status":"publish","type":"product","link":"https:\/\/secureus.se\/fr\/rokgenerator-testifire-gen-1pk-till-xtr2\/","title":{"rendered":"G\u00e9n\u00e9rateur de fum\u00e9e Testifire-Gen-1PK pour XTR2"},"content":{"rendered":"<h1>G\u00e9n\u00e9rateur de fum\u00e9e Testifire-Gen-1PK pour XTR2<\/h1>\n<h3 data-start=\"351\" data-end=\"399\">G\u00e9n\u00e9rateur de fum\u00e9e de rechange pour Testifire XTR2<\/h3>\n<p data-start=\"400\" data-end=\"602\">Le Testifire-Gen-1PK est con\u00e7u pour remplacer le g\u00e9n\u00e9rateur de fum\u00e9e existant du Testifire XTR2.<\/p>\n<p data-start=\"400\" data-end=\"602\">Il assure une production stable et fiable de fum\u00e9e de test, garantissant ainsi le bon fonctionnement des d\u00e9tecteurs de fum\u00e9e.<\/p>\n<h3 data-start=\"604\" data-end=\"628\">Installation simple<\/h3>\n<p data-start=\"629\" data-end=\"838\">Son remplacement est aussi simple que de changer une cartouche de cigarette \u00e9lectronique ou une pile.<\/p>\n<p data-start=\"629\" data-end=\"838\">Le g\u00e9n\u00e9rateur de fum\u00e9e s&#039;installe directement dans le Testifire XTR2 et est pr\u00eat \u00e0 l&#039;emploi en quelques secondes, ce qui rend l&#039;entretien et la maintenance efficaces et s\u00fbrs.<\/p>\n<h3 data-start=\"840\" data-end=\"874\">Usage professionnel<\/h3>\n<p data-start=\"875\" data-end=\"1067\">Le g\u00e9n\u00e9rateur de fum\u00e9e est id\u00e9al pour les installateurs, les techniciens en protection incendie et le personnel de maintenance qui effectuent des tests r\u00e9guliers des d\u00e9tecteurs de fum\u00e9e.<\/p>\n<p data-start=\"875\" data-end=\"1067\">Id\u00e9al pour les bureaux, les entrep\u00f4ts, les \u00e9coles et les b\u00e2timents publics.<\/p>\n<p data-start=\"1074\" data-end=\"1105\"><strong data-start=\"1074\" data-end=\"1103\">SP\u00c9CIFICATIONS TECHNIQUES :<\/strong><\/p>\n<ul data-start=\"1106\" data-end=\"1275\">\n<li data-start=\"1106\" data-end=\"1135\">\n<p data-start=\"1108\" data-end=\"1135\">Mod\u00e8le : Testifire-Gen-1PK<\/p>\n<\/li>\n<li data-start=\"1136\" data-end=\"1177\">\n<p data-start=\"1138\" data-end=\"1177\">Utilisation : Testeur de fum\u00e9e Testifire XTR2<\/p>\n<\/li>\n<li data-start=\"1178\" data-end=\"1215\">\n<p data-start=\"1180\" data-end=\"1215\">Fonction : G\u00e9n\u00e9rateur de fum\u00e9e de rechange<\/p>\n<\/li>\n<li data-start=\"1216\" data-end=\"1275\">\n<p data-start=\"1218\" data-end=\"1275\">Installation facile : batterie ou cartouche de fum\u00e9e rempla\u00e7able<\/p>\n<\/li>\n<\/ul>","protected":false},"excerpt":{"rendered":"<p data-start=\"121\" data-end=\"320\">Le g\u00e9n\u00e9rateur de fum\u00e9e Testifire-Gen-1PK est un g\u00e9n\u00e9rateur de remplacement pour le Testifire XTR2.<\/p>\n<p data-start=\"121\" data-end=\"320\">Il facilite le remplacement du g\u00e9n\u00e9rateur de fum\u00e9e et garantit un test de fum\u00e9e fiable \u00e0 chaque fois.<\/p>","protected":false},"featured_media":162230,"template":"","meta":{"_acf_changed":false},"product_brand":[],"product_cat":[4757,2946],"product_tag":[],"class_list":{"0":"post-162231","1":"product","2":"type-product","3":"status-publish","4":"has-post-thumbnail","6":"product_cat-xtr2","7":"product_cat-testifire","8":"tm-no-options","10":"first","11":"onbackorder","12":"taxable","13":"shipping-taxable","14":"purchasable","15":"product-type-simple"},"acf":[],"_links":{"self":[{"href":"https:\/\/secureus.se\/fr\/wp-json\/wp\/v2\/product\/162231","targetHints":{"allow":["GET"]}}],"collection":[{"href":"https:\/\/secureus.se\/fr\/wp-json\/wp\/v2\/product"}],"about":[{"href":"https:\/\/secureus.se\/fr\/wp-json\/wp\/v2\/types\/product"}],"wp:featuredmedia":[{"embeddable":true,"href":"https:\/\/secureus.se\/fr\/wp-json\/wp\/v2\/media\/162230"}],"wp:attachment":[{"href":"https:\/\/secureus.se\/fr\/wp-json\/wp\/v2\/media?parent=162231"}],"wp:term":[{"taxonomy":"product_brand","embeddable":true,"href":"https:\/\/secureus.se\/fr\/wp-json\/wp\/v2\/product_brand?post=162231"},{"taxonomy":"product_cat","embeddable":true,"href":"https:\/\/secureus.se\/fr\/wp-json\/wp\/v2\/product_cat?post=162231"},{"taxonomy":"product_tag","embeddable":true,"href":"https:\/\/secureus.se\/fr\/wp-json\/wp\/v2\/product_tag?post=162231"}],"curies":[{"name":"wp","href":"https:\/\/api.w.org\/{rel}","templated":true}]}}