{"id":162235,"date":"2025-11-21T12:27:45","date_gmt":"2025-11-21T11:27:45","guid":{"rendered":"https:\/\/secureus.se\/es3-rokkassett-for-solo-365-provare-for-rokdetektorer\/"},"modified":"2026-03-26T12:25:39","modified_gmt":"2026-03-26T11:25:39","slug":"es3-rokkassett-for-solo-365-provare-for-rokdetektorer","status":"publish","type":"product","link":"https:\/\/secureus.se\/fr\/es3-rokkassett-for-solo-365-provare-for-rokdetektorer\/","title":{"rendered":"Cassette de fum\u00e9e ES3 pour le testeur de d\u00e9tecteurs de fum\u00e9e Solo 365"},"content":{"rendered":"<h1>Cassette de fum\u00e9e ES3 pour le testeur de d\u00e9tecteurs de fum\u00e9e Solo 365<\/h1>\n<h3 data-start=\"296\" data-end=\"336\">Tester les d\u00e9tecteurs de fum\u00e9e avec Solo 365<\/h3>\n<p data-start=\"337\" data-end=\"611\">La cassette de fum\u00e9e ES3 est con\u00e7ue pour \u00eatre utilis\u00e9e dans Solo 365 \u2013 un testeur de d\u00e9tecteurs de fum\u00e9e pour les tests fonctionnels des d\u00e9tecteurs d&#039;incendie.<\/p>\n<p data-start=\"337\" data-end=\"611\">En g\u00e9n\u00e9rant une fum\u00e9e de test d\u00e9finie, vous pouvez v\u00e9rifier que les d\u00e9tecteurs de fum\u00e9e r\u00e9agissent comme pr\u00e9vu, ce qui est important pour maintenir la s\u00e9curit\u00e9 incendie dans les b\u00e2timents.<\/p>\n<h3 data-start=\"613\" data-end=\"655\">Production de fum\u00e9e contr\u00f4l\u00e9e et s\u00fbre<\/h3>\n<p data-start=\"656\" data-end=\"926\">Utilis\u00e9e dans le Solo 365, la cartouche ES3 \u00e9met une fum\u00e9e contr\u00f4l\u00e9e qui active efficacement les d\u00e9tecteurs de fum\u00e9e sans cr\u00e9er d&#039;incendie r\u00e9el ni de conditions dangereuses.<\/p>\n<p data-start=\"656\" data-end=\"926\">La fum\u00e9e dispara\u00eet apr\u00e8s le test et ne laisse aucun r\u00e9sidu nocif dans le d\u00e9tecteur, r\u00e9duisant ainsi le besoin d&#039;interventions post-test.<\/p>\n<h3 data-start=\"928\" data-end=\"958\">Tests sur site sans encombre<\/h3>\n<p data-start=\"959\" data-end=\"1211\">Cette cassette de fum\u00e9e permet d&#039;effectuer des tests de fonctionnement rapidement et en toute s\u00e9curit\u00e9, que ce soit lors de l&#039;installation, de l&#039;entretien ou des op\u00e9rations de maintenance r\u00e9currentes.<\/p>\n<p data-start=\"959\" data-end=\"1211\">Avec Solo 365 et la cassette ES3, vous b\u00e9n\u00e9ficiez d&#039;une solution \u00e9conomique et fiable pour tester les d\u00e9tecteurs de fum\u00e9e.<\/p>\n<h3 data-start=\"1213\" data-end=\"1246\">Avantages de la cartouche de fum\u00e9e ES3<\/h3>\n<ul data-start=\"1247\" data-end=\"1489\">\n<li data-start=\"1247\" data-end=\"1291\">\n<p data-start=\"1249\" data-end=\"1291\">Con\u00e7u pour le testeur de d\u00e9tecteur de fum\u00e9e Solo 365<\/p>\n<\/li>\n<li data-start=\"1292\" data-end=\"1342\">\n<p data-start=\"1294\" data-end=\"1342\">G\u00e9n\u00e8re une fum\u00e9e de test contr\u00f4l\u00e9e et r\u00e9aliste<\/p>\n<\/li>\n<li data-start=\"1343\" data-end=\"1379\">\n<p data-start=\"1345\" data-end=\"1379\">Utilisation s\u00fbre sans risque d&#039;incendie<\/p>\n<\/li>\n<li data-start=\"1380\" data-end=\"1434\">\n<p data-start=\"1382\" data-end=\"1434\">Aucun impact ni r\u00e9sidu dans le d\u00e9tecteur apr\u00e8s le test<\/p>\n<\/li>\n<li data-start=\"1435\" data-end=\"1489\">\n<p data-start=\"1437\" data-end=\"1489\">Adapt\u00e9 \u00e0 l&#039;installation, \u00e0 l&#039;entretien et \u00e0 l&#039;autocontr\u00f4le<\/p>\n<\/li>\n<\/ul>\n<p data-start=\"1491\" data-end=\"1518\">SP\u00c9CIFICATIONS TECHNIQUES :<\/p>\n<ul data-start=\"1519\" data-end=\"1745\">\n<li data-start=\"1519\" data-end=\"1554\">\n<p data-start=\"1521\" data-end=\"1554\">Produit : Cartouche \u00e0 fumer \/ cartouche \u00e0 fumer<\/p>\n<\/li>\n<li data-start=\"1555\" data-end=\"1570\">\n<p data-start=\"1557\" data-end=\"1570\">Mod\u00e8le : ES3<\/p>\n<\/li>\n<li data-start=\"1571\" data-end=\"1611\">\n<p data-start=\"1573\" data-end=\"1611\">A utiliser avec : Testeur Solo 365<\/p>\n<\/li>\n<li data-start=\"1612\" data-end=\"1666\">\n<p data-start=\"1614\" data-end=\"1666\">Fonction : G\u00e9n\u00e9ration de fum\u00e9e de test pour les d\u00e9tecteurs de fum\u00e9e<\/p>\n<\/li>\n<li data-start=\"1667\" data-end=\"1694\">\n<p data-start=\"1669\" data-end=\"1694\">R\u00e9sidus apr\u00e8s test\u00a0: Aucun<\/p>\n<\/li>\n<li data-start=\"1695\" data-end=\"1745\">\n<p data-start=\"1697\" data-end=\"1745\">S\u00e9curit\u00e9 : Production de fum\u00e9e contr\u00f4l\u00e9e et s\u00fbre<\/p>\n<\/li>\n<\/ul>","protected":false},"excerpt":{"rendered":"<p>La cartouche de fum\u00e9e ES3 est une cartouche de fum\u00e9e pour les testeurs Solo 365 qui g\u00e9n\u00e8re une fum\u00e9e de test contr\u00f4l\u00e9e pour les tests fonctionnels des d\u00e9tecteurs de fum\u00e9e.<\/p>\n<p>Il permet de s'assurer que le d\u00e9tecteur de fum\u00e9e r\u00e9agit correctement en l'absence d'un v\u00e9ritable incendie.<\/p>\n<p>Convient aux installateurs, au personnel d'entretien et aux propri\u00e9taires.<\/p>","protected":false},"featured_media":162234,"template":"","meta":{"_acf_changed":false},"product_brand":[],"product_cat":[5072,5069,5089],"product_tag":[],"class_list":{"0":"post-162235","1":"product","2":"type-product","3":"status-publish","4":"has-post-thumbnail","6":"product_cat-solo-365","7":"product_cat-kassetter-rok-co","8":"product_cat-solo-365-solo-365","9":"tm-no-options","11":"first","12":"instock","13":"taxable","14":"shipping-taxable","15":"purchasable","16":"product-type-simple"},"acf":[],"_links":{"self":[{"href":"https:\/\/secureus.se\/fr\/wp-json\/wp\/v2\/product\/162235","targetHints":{"allow":["GET"]}}],"collection":[{"href":"https:\/\/secureus.se\/fr\/wp-json\/wp\/v2\/product"}],"about":[{"href":"https:\/\/secureus.se\/fr\/wp-json\/wp\/v2\/types\/product"}],"wp:featuredmedia":[{"embeddable":true,"href":"https:\/\/secureus.se\/fr\/wp-json\/wp\/v2\/media\/162234"}],"wp:attachment":[{"href":"https:\/\/secureus.se\/fr\/wp-json\/wp\/v2\/media?parent=162235"}],"wp:term":[{"taxonomy":"product_brand","embeddable":true,"href":"https:\/\/secureus.se\/fr\/wp-json\/wp\/v2\/product_brand?post=162235"},{"taxonomy":"product_cat","embeddable":true,"href":"https:\/\/secureus.se\/fr\/wp-json\/wp\/v2\/product_cat?post=162235"},{"taxonomy":"product_tag","embeddable":true,"href":"https:\/\/secureus.se\/fr\/wp-json\/wp\/v2\/product_tag?post=162235"}],"curies":[{"name":"wp","href":"https:\/\/api.w.org\/{rel}","templated":true}]}}