{"id":162237,"date":"2025-11-21T12:45:40","date_gmt":"2025-11-21T11:45:40","guid":{"rendered":"https:\/\/secureus.se\/batteri-testifire-bp-till-xtr2\/"},"modified":"2026-03-26T12:25:00","modified_gmt":"2026-03-26T11:25:00","slug":"batteri-testifire-bp-till-xtr2","status":"publish","type":"product","link":"https:\/\/secureus.se\/fr\/batteri-testifire-bp-till-xtr2\/","title":{"rendered":"Batterie Testifire-BP pour XTR2"},"content":{"rendered":"<h1>Batterie Testifire-BP pour XTR2<\/h1>\n<h3 data-start=\"352\" data-end=\"405\">Batterie rechargeable pour Testifire XTR2<\/h3>\n<p data-start=\"406\" data-end=\"653\">La batterie Testifire-BP est un bloc-batterie puissant et compact qui fournit une alimentation fiable au Testifire XTR2.<\/p>\n<p data-start=\"406\" data-end=\"653\">La batterie rechargeable permet des p\u00e9riodes de fonctionnement plus longues sans interruption et assure un fonctionnement stable du g\u00e9n\u00e9rateur de fum\u00e9e.<\/p>\n<h3 data-start=\"655\" data-end=\"685\">Recharge rapide et facile<\/h3>\n<p data-start=\"686\" data-end=\"894\">La batterie se recharge via USB-C en un temps de charge court de 60 \u00e0 90 minutes.<\/p>\n<p data-start=\"686\" data-end=\"894\">Cela permet de recharger rapidement la batterie entre les sessions de test, r\u00e9duisant ainsi les temps d&#039;arr\u00eat et augmentant l&#039;efficacit\u00e9 du service.<\/p>\n<h3 data-start=\"896\" data-end=\"920\">Installation simple<\/h3>\n<p data-start=\"921\" data-end=\"1088\">L&#039;installation est rapide et facile. La batterie se connecte directement au Testifire XTR2 et se remplace ais\u00e9ment si n\u00e9cessaire, de la m\u00eame mani\u00e8re que les cartouches de fum\u00e9e et l&#039;adaptateur secteur.<\/p>\n<h3 data-start=\"1090\" data-end=\"1127\">Parfait pour un usage professionnel<\/h3>\n<p data-start=\"1128\" data-end=\"1312\">Cette pile est id\u00e9ale pour les installateurs, le personnel de maintenance et les gestionnaires immobiliers qui testent r\u00e9guli\u00e8rement les d\u00e9tecteurs de fum\u00e9e dans les bureaux, les \u00e9coles, les entrep\u00f4ts ou les b\u00e2timents publics.<\/p>\n<p data-start=\"1319\" data-end=\"1350\"><strong data-start=\"1319\" data-end=\"1348\">SP\u00c9CIFICATIONS TECHNIQUES :<\/strong><\/p>\n<ul data-start=\"1351\" data-end=\"1573\">\n<li data-start=\"1351\" data-end=\"1375\">\n<p data-start=\"1353\" data-end=\"1375\">Mod\u00e8le : Testifire-BP<\/p>\n<\/li>\n<li data-start=\"1376\" data-end=\"1397\">\n<p data-start=\"1378\" data-end=\"1397\">Connexion : USB-C<\/p>\n<\/li>\n<li data-start=\"1398\" data-end=\"1429\">\n<p data-start=\"1400\" data-end=\"1429\">Temps de charge\u00a0: 60 \u00e0 90 minutes<\/p>\n<\/li>\n<li data-start=\"1430\" data-end=\"1471\">\n<p data-start=\"1432\" data-end=\"1471\">Utilisation : Testeur de fum\u00e9e Testifire XTR2<\/p>\n<\/li>\n<li data-start=\"1472\" data-end=\"1513\">\n<p data-start=\"1474\" data-end=\"1513\">Type : Batterie rechargeable<\/p>\n<\/li>\n<\/ul>","protected":false},"excerpt":{"rendered":"<p>Testifire-BP est une batterie rechargeable USB-C pour Testifire XTR2.<\/p>\n<p>Le chargement rapide en 60-90 minutes garantit que le g\u00e9n\u00e9rateur de fum\u00e9e est toujours pr\u00eat \u00e0 \u00eatre test\u00e9.<\/p>","protected":false},"featured_media":162236,"template":"","meta":{"_acf_changed":false},"product_brand":[],"product_cat":[2946,4757],"product_tag":[],"class_list":{"0":"post-162237","1":"product","2":"type-product","3":"status-publish","4":"has-post-thumbnail","6":"product_cat-testifire","7":"product_cat-xtr2","8":"tm-no-options","10":"first","11":"onbackorder","12":"taxable","13":"shipping-taxable","14":"purchasable","15":"product-type-simple"},"acf":[],"_links":{"self":[{"href":"https:\/\/secureus.se\/fr\/wp-json\/wp\/v2\/product\/162237","targetHints":{"allow":["GET"]}}],"collection":[{"href":"https:\/\/secureus.se\/fr\/wp-json\/wp\/v2\/product"}],"about":[{"href":"https:\/\/secureus.se\/fr\/wp-json\/wp\/v2\/types\/product"}],"wp:featuredmedia":[{"embeddable":true,"href":"https:\/\/secureus.se\/fr\/wp-json\/wp\/v2\/media\/162236"}],"wp:attachment":[{"href":"https:\/\/secureus.se\/fr\/wp-json\/wp\/v2\/media?parent=162237"}],"wp:term":[{"taxonomy":"product_brand","embeddable":true,"href":"https:\/\/secureus.se\/fr\/wp-json\/wp\/v2\/product_brand?post=162237"},{"taxonomy":"product_cat","embeddable":true,"href":"https:\/\/secureus.se\/fr\/wp-json\/wp\/v2\/product_cat?post=162237"},{"taxonomy":"product_tag","embeddable":true,"href":"https:\/\/secureus.se\/fr\/wp-json\/wp\/v2\/product_tag?post=162237"}],"curies":[{"name":"wp","href":"https:\/\/api.w.org\/{rel}","templated":true}]}}