{"id":162241,"date":"2025-11-21T12:34:00","date_gmt":"2025-11-21T11:34:00","guid":{"rendered":"https:\/\/secureus.se\/rokkassett-testifire-ts3\/"},"modified":"2026-04-08T16:05:47","modified_gmt":"2026-04-08T14:05:47","slug":"rokkassett-testifire-ts3","status":"publish","type":"product","link":"https:\/\/secureus.se\/fr\/rokkassett-testifire-ts3\/","title":{"rendered":"Cartouche de fum\u00e9e Testifire TS3"},"content":{"rendered":"<h1>Cartouche de fum\u00e9e Testifire TS3<\/h1>\n<h3 data-start=\"296\" data-end=\"332\">Test fonctionnel des d\u00e9tecteurs de fum\u00e9e<\/h3>\n<p data-start=\"333\" data-end=\"613\">La cassette de fum\u00e9e Testifire TS3 est destin\u00e9e \u00e0 tester les d\u00e9tecteurs de fum\u00e9e avec les outils de test Testifire 1001 et Testifire 2001.<\/p>\n<p data-start=\"333\" data-end=\"613\">En g\u00e9n\u00e9rant une fum\u00e9e de test d\u00e9finie, vous pouvez vous assurer que le d\u00e9tecteur de fum\u00e9e r\u00e9agit correctement, ce qui est crucial pour la s\u00e9curit\u00e9 incendie dans les b\u00e2timents.<\/p>\n<h3 data-start=\"615\" data-end=\"645\">Tests simples et s\u00fbrs<\/h3>\n<p data-start=\"646\" data-end=\"974\">La cartouche TS3 \u00e9met une fum\u00e9e qui active efficacement les d\u00e9tecteurs de fum\u00e9e optiques et autres types de d\u00e9tecteurs lorsqu&#039;elle est utilis\u00e9e dans des testeurs compatibles.<\/p>\n<p data-start=\"646\" data-end=\"974\">Ce produit est con\u00e7u pour \u00eatre sans danger pour l&#039;utilisateur et l&#039;\u00e9quipement, tout en \u00e9vitant tout risque d&#039;incendie r\u00e9el.<\/p>\n<p data-start=\"646\" data-end=\"974\">Apr\u00e8s les tests, la fum\u00e9e est \u00e9vacu\u00e9e sans laisser de r\u00e9sidus nocifs dans le d\u00e9tecteur.<\/p>\n<h3 data-start=\"976\" data-end=\"1008\">Avantages du Testifire TS3<\/h3>\n<ul data-start=\"1009\" data-end=\"1211\">\n<li data-start=\"1009\" data-end=\"1059\">\n<p data-start=\"1011\" data-end=\"1059\">Con\u00e7u pour Testifire 1001 et Testifire 2001<\/p>\n<\/li>\n<li data-start=\"1060\" data-end=\"1122\">\n<p data-start=\"1062\" data-end=\"1122\">Fournit une fum\u00e9e contr\u00f4l\u00e9e et r\u00e9aliste pour des tests fiables<\/p>\n<\/li>\n<li data-start=\"1123\" data-end=\"1164\">\n<p data-start=\"1125\" data-end=\"1164\">Utilisation sans danger et sans risque d&#039;incendie<\/p>\n<\/li>\n<li data-start=\"1165\" data-end=\"1211\">\n<p data-start=\"1167\" data-end=\"1211\">Aucun impact sur le d\u00e9tecteur apr\u00e8s le test<\/p>\n<\/li>\n<\/ul>\n<h3 data-start=\"1213\" data-end=\"1237\">Domaines d&#039;utilisation<\/h3>\n<ul data-start=\"1238\" data-end=\"1400\">\n<li data-start=\"1238\" data-end=\"1293\">\n<p data-start=\"1240\" data-end=\"1293\">Tests fonctionnels lors de l&#039;installation de d\u00e9tecteurs de fum\u00e9e<\/p>\n<\/li>\n<li data-start=\"1294\" data-end=\"1331\">\n<p data-start=\"1296\" data-end=\"1331\">Entretien et maintenance r\u00e9guliers<\/p>\n<\/li>\n<li data-start=\"1332\" data-end=\"1400\">\n<p data-start=\"1334\" data-end=\"1400\">Autosurveillance \u00e0 domicile, au bureau, dans l&#039;industrie et dans les environnements publics<\/p>\n<\/li>\n<\/ul>\n<p data-start=\"1402\" data-end=\"1429\">SP\u00c9CIFICATIONS TECHNIQUES :<\/p>\n<ul data-start=\"1430\" data-end=\"1721\">\n<li data-start=\"1430\" data-end=\"1465\">\n<p data-start=\"1432\" data-end=\"1465\">Produit : Cartouche \u00e0 fumer \/ cartouche \u00e0 fumer<\/p>\n<\/li>\n<li data-start=\"1466\" data-end=\"1485\">\n<p data-start=\"1468\" data-end=\"1485\">Mod\u00e8le : TS3-001<\/p>\n<\/li>\n<li data-start=\"1486\" data-end=\"1533\">\n<p data-start=\"1488\" data-end=\"1533\">Utilis\u00e9 avec : Testifire 1001, Testifire 2001<\/p>\n<\/li>\n<li data-start=\"1534\" data-end=\"1590\">\n<p data-start=\"1536\" data-end=\"1590\">Fonction : G\u00e9n\u00e9ration de fum\u00e9e de test pour les essais de d\u00e9tecteurs de fum\u00e9e<\/p>\n<\/li>\n<li data-start=\"1591\" data-end=\"1642\">\n<p data-start=\"1593\" data-end=\"1642\">Compatibilit\u00e9 : D\u00e9tecteurs de fum\u00e9e optiques et autres<\/p>\n<\/li>\n<li data-start=\"1643\" data-end=\"1670\">\n<p data-start=\"1645\" data-end=\"1670\">R\u00e9sidus apr\u00e8s test\u00a0: Aucun<\/p>\n<\/li>\n<li data-start=\"1671\" data-end=\"1721\">\n<p data-start=\"1673\" data-end=\"1721\">S\u00e9curit\u00e9 : Production de fum\u00e9e contr\u00f4l\u00e9e et s\u00fbre<\/p>\n<\/li>\n<\/ul>","protected":false},"excerpt":{"rendered":"<p>La cartouche de fum\u00e9e Testifire TS3 est une cartouche de fum\u00e9e destin\u00e9e aux tests fonctionnels des d\u00e9tecteurs de fum\u00e9e avec Testifire 1001 et Testifire 2001.<\/p>\n<p>Il \u00e9met une fum\u00e9e de test contr\u00f4l\u00e9e qui active les d\u00e9tecteurs de fum\u00e9e sans incendie r\u00e9el.<\/p>\n<p>Convient aux installateurs, au personnel d'entretien et aux propri\u00e9taires.<\/p>","protected":false},"featured_media":162240,"template":"","meta":{"_acf_changed":false},"product_brand":[],"product_cat":[2946,5069],"product_tag":[],"class_list":{"0":"post-162241","1":"product","2":"type-product","3":"status-publish","4":"has-post-thumbnail","6":"product_cat-testifire","7":"product_cat-kassetter-rok-co","8":"tm-no-options","10":"first","11":"instock","12":"taxable","13":"shipping-taxable","14":"purchasable","15":"product-type-simple"},"acf":[],"_links":{"self":[{"href":"https:\/\/secureus.se\/fr\/wp-json\/wp\/v2\/product\/162241","targetHints":{"allow":["GET"]}}],"collection":[{"href":"https:\/\/secureus.se\/fr\/wp-json\/wp\/v2\/product"}],"about":[{"href":"https:\/\/secureus.se\/fr\/wp-json\/wp\/v2\/types\/product"}],"wp:featuredmedia":[{"embeddable":true,"href":"https:\/\/secureus.se\/fr\/wp-json\/wp\/v2\/media\/162240"}],"wp:attachment":[{"href":"https:\/\/secureus.se\/fr\/wp-json\/wp\/v2\/media?parent=162241"}],"wp:term":[{"taxonomy":"product_brand","embeddable":true,"href":"https:\/\/secureus.se\/fr\/wp-json\/wp\/v2\/product_brand?post=162241"},{"taxonomy":"product_cat","embeddable":true,"href":"https:\/\/secureus.se\/fr\/wp-json\/wp\/v2\/product_cat?post=162241"},{"taxonomy":"product_tag","embeddable":true,"href":"https:\/\/secureus.se\/fr\/wp-json\/wp\/v2\/product_tag?post=162241"}],"curies":[{"name":"wp","href":"https:\/\/api.w.org\/{rel}","templated":true}]}}