{"id":162243,"date":"2025-11-21T12:27:42","date_gmt":"2025-11-21T11:27:42","guid":{"rendered":"https:\/\/secureus.se\/solo-370-batteri-for-solo-365-roka-webbutik\/"},"modified":"2026-04-23T12:58:29","modified_gmt":"2026-04-23T10:58:29","slug":"solo-370-batteri-for-solo-365-roka-webbutik","status":"publish","type":"product","link":"https:\/\/secureus.se\/fr\/solo-370-batteri-for-solo-365-roka-webbutik\/","title":{"rendered":"Batterie Solo 370 pour Solo 365 \u2013 Boutique en ligne ROKA"},"content":{"rendered":"<h1>Batterie Solo 370 pour Solo 365 \u2013 Boutique en ligne ROKA<\/h1>\n<h3 data-start=\"232\" data-end=\"269\">Batterie de remplacement pour Solo 365<\/h3>\n<p data-start=\"270\" data-end=\"500\">La batterie Solo 370 est une source d&#039;alimentation d\u00e9di\u00e9e au testeur de d\u00e9tecteur de fum\u00e9e Solo 365.<\/p>\n<p data-start=\"270\" data-end=\"500\">Une batterie fonctionnelle est indispensable pour que le testeur puisse g\u00e9n\u00e9rer de la fum\u00e9e de test et effectuer des tests fonctionnels fiables des d\u00e9tecteurs de fum\u00e9e dans les syst\u00e8mes d&#039;alarme incendie.<\/p>\n<h3 data-start=\"502\" data-end=\"548\">Longue dur\u00e9e de vie pour les tests continus<\/h3>\n<p data-start=\"549\" data-end=\"827\">Cette batterie est con\u00e7ue pour assurer un fonctionnement stable et durable du Solo 365, r\u00e9duisant ainsi le risque d&#039;interruptions pendant les travaux de test.<\/p>\n<p data-start=\"549\" data-end=\"827\">En changeant r\u00e9guli\u00e8rement la batterie, vous vous assurez que l&#039;outil de test est toujours pr\u00eat \u00e0 l&#039;emploi lors de l&#039;installation, de l&#039;entretien ou de la maintenance.<\/p>\n<h3 data-start=\"829\" data-end=\"853\">Installation simple<\/h3>\n<p data-start=\"854\" data-end=\"991\">Le Solo 370 est facile \u00e0 installer et \u00e0 remplacer dans le Solo 365 sans avoir besoin d&#039;outils sp\u00e9ciaux.<\/p>\n<p data-start=\"854\" data-end=\"991\">Cela facilite le remplacement de la batterie, m\u00eame sur site, dans les locaux du client.<\/p>\n<h3 data-start=\"993\" data-end=\"1020\">Avantages du Solo 370<\/h3>\n<ul data-start=\"1021\" data-end=\"1144\">\n<li data-start=\"1021\" data-end=\"1059\">\n<p data-start=\"1023\" data-end=\"1059\">Batterie de rechange pour testeur Solo 365<\/p>\n<\/li>\n<li data-start=\"1060\" data-end=\"1103\">\n<p data-start=\"1062\" data-end=\"1103\">Garantit des tests fonctionnels fiables<\/p>\n<\/li>\n<li data-start=\"1104\" data-end=\"1125\">\n<p data-start=\"1106\" data-end=\"1125\">Facile \u00e0 remplacer<\/p>\n<\/li>\n<li data-start=\"1126\" data-end=\"1144\">\n<p data-start=\"1128\" data-end=\"1144\">Longue dur\u00e9e de fonctionnement<\/p>\n<\/li>\n<\/ul>\n<p data-start=\"1146\" data-end=\"1173\">SP\u00c9CIFICATIONS TECHNIQUES :<\/p>\n<ul data-start=\"1174\" data-end=\"1337\">\n<li data-start=\"1174\" data-end=\"1194\">\n<p data-start=\"1176\" data-end=\"1194\">Produit : Batterie<\/p>\n<\/li>\n<li data-start=\"1195\" data-end=\"1215\">\n<p data-start=\"1197\" data-end=\"1215\">Mod\u00e8le : Solo 370<\/p>\n<\/li>\n<li data-start=\"1216\" data-end=\"1267\">\n<p data-start=\"1218\" data-end=\"1267\">\u00c0 utiliser avec : Testeur de d\u00e9tecteur de fum\u00e9e Solo 365<\/p>\n<\/li>\n<li data-start=\"1268\" data-end=\"1308\">\n<p data-start=\"1270\" data-end=\"1308\">Fonction : Alimentation pour outils de test<\/p>\n<\/li>\n<li data-start=\"1309\" data-end=\"1337\">\n<p data-start=\"1311\" data-end=\"1337\">Compatibilit\u00e9 : Solo 365<\/p>\n<\/li>\n<\/ul>","protected":false},"excerpt":{"rendered":"<p>La Solo 370 est une batterie de remplacement pour le testeur de d\u00e9tecteur de fum\u00e9e Solo 365.<\/p>\n<p>Cela garantit le fonctionnement du testeur pour des tests fonctionnels fiables.<\/p>\n<p>Convient aux techniciens de service, aux installateurs et au personnel de maintenance.<\/p>","protected":false},"featured_media":162242,"template":"","meta":{"_acf_changed":false},"product_brand":[],"product_cat":[5072,5089,5074],"product_tag":[],"class_list":{"0":"post-162243","1":"product","2":"type-product","3":"status-publish","4":"has-post-thumbnail","6":"product_cat-solo-365","7":"product_cat-solo-365-solo-365","8":"product_cat-stromforsorjning-professionella-verktyg-for-prov-och-underhall","9":"tm-no-options","11":"first","12":"instock","13":"taxable","14":"shipping-taxable","15":"purchasable","16":"product-type-simple"},"acf":[],"_links":{"self":[{"href":"https:\/\/secureus.se\/fr\/wp-json\/wp\/v2\/product\/162243","targetHints":{"allow":["GET"]}}],"collection":[{"href":"https:\/\/secureus.se\/fr\/wp-json\/wp\/v2\/product"}],"about":[{"href":"https:\/\/secureus.se\/fr\/wp-json\/wp\/v2\/types\/product"}],"wp:featuredmedia":[{"embeddable":true,"href":"https:\/\/secureus.se\/fr\/wp-json\/wp\/v2\/media\/162242"}],"wp:attachment":[{"href":"https:\/\/secureus.se\/fr\/wp-json\/wp\/v2\/media?parent=162243"}],"wp:term":[{"taxonomy":"product_brand","embeddable":true,"href":"https:\/\/secureus.se\/fr\/wp-json\/wp\/v2\/product_brand?post=162243"},{"taxonomy":"product_cat","embeddable":true,"href":"https:\/\/secureus.se\/fr\/wp-json\/wp\/v2\/product_cat?post=162243"},{"taxonomy":"product_tag","embeddable":true,"href":"https:\/\/secureus.se\/fr\/wp-json\/wp\/v2\/product_tag?post=162243"}],"curies":[{"name":"wp","href":"https:\/\/api.w.org\/{rel}","templated":true}]}}